{"id":4432,"date":"2021-06-22T17:33:17","date_gmt":"2021-06-22T15:33:17","guid":{"rendered":"http:\/\/agora.xtec.cat\/ceiplescodinetes\/?page_id=4432"},"modified":"2022-07-06T09:32:09","modified_gmt":"2022-07-06T07:32:09","slug":"que-fa-lafa-funcions-i-beneficis","status":"publish","type":"page","link":"https:\/\/agora.xtec.cat\/ceiplescodinetes\/afa\/que-fa-lafa-funcions-i-beneficis\/","title":{"rendered":"Qu\u00e8 fa l&#8217;AFA? Funcions i beneficis"},"content":{"rendered":"<p>La nostra Associaci\u00f3 de Fam\u00edlies d\u2019Alumnes (AFA) de l\u2019Escola Les Codinetes la formem un grup de pares i mares que treballem volunt\u00e0riament i en col\u00b7laboraci\u00f3 amb l\u2019equip de mestres, direcci\u00f3 i institucions per ajudar-los en el proc\u00e9s educatiu i de creixement personal dels nostres fills.<\/p>\n<p>L\u2019AFA enguany la seva activitat ha estat molt limitada per les restriccions COVID, no obstant hem pogut realitzar algunes actuacions:<\/p>\n<p>\uf0b7 Subministrar el material escolar i llibres.<br \/>\n\uf0b7 Venta de l\u2019equipaci\u00f3 de l\u2019escola.<br \/>\n\uf0b7 Col\u00b7laborar amb els reis mags.<br \/>\n\uf0b7 Comprar material musical.<br \/>\n\uf0b7 Promoure i organitzar el programa de socialitzaci\u00f3 del llibre de matem\u00e0tiques de 3r a 6\u00e8.<br \/>\n\uf0b7 Compra del desinfectant bucal per l\u2019alumnat que es queda al menjador.<br \/>\n\uf0b7 Venta de llibres i roses per Sant Jordi.<br \/>\n\uf0b7 Ha recolzat econ\u00f2micament la festa de fi de curs de 6\u00e8.<br \/>\n\uf0b7 Organitzaci\u00f3 i seguiment de les activitats extraescolars.<br \/>\n\uf0b7 Reunions peri\u00f2diques de seguiment del servei d\u2019acollida i menjador.<br \/>\n\uf0b7 Assist\u00e8ncia als consells escolars.<\/p>\n<p>A banda de les activitats, la fam\u00edlia s\u00f2cia de l\u2019AMPA t\u00e9 avantatges econ\u00f2mics i socials:<\/p>\n<p>*Descompte per les fam\u00edlies s\u00f2cies ser\u00e0 del 10% en els llibres de text de P3 fins a 6\u00e8<br \/>\n*Descomptes de 5 euros per pe\u00e7a en l\u2019adquisici\u00f3 del xandall de l\u2019escola.<br \/>\n*Bata de regal pels nens i nenes de P3.<br \/>\n*Descompte en la Socialitzaci\u00f3 dels llibres de matem\u00e0tiques i d\u2019angl\u00e8s.<\/p>\n<p>*Una butlleta gratu\u00efta als sortejos que organitzem.<br \/>\n*Aportaci\u00f3 pel comiat dels alumnes de 6\u00e8, aquelles fam\u00edlies que han estat socies durant la major part de l\u2019etapa escolar.<\/p>\n<p>&nbsp;<\/p>\n<p>A m\u00e9s a m\u00e9s, l&#8217;AFA tamb\u00e9 gestiona la compra de llibres i material (des de infantil fins a 6\u00e8 de prim\u00e0ria) directament a les editorials per obtenir majors descomptes.<\/p>\n","protected":false},"excerpt":{"rendered":"<p>La nostra Associaci\u00f3 de Fam\u00edlies d\u2019Alumnes (AFA) de l\u2019Escola Les Codinetes la formem un grup de pares i mares que treballem volunt\u00e0riament i en col\u00b7laboraci\u00f3 amb l\u2019equip de mestres, direcci\u00f3 i institucions per ajudar-los en el proc\u00e9s educatiu i de creixement personal dels nostres fills. L\u2019AFA enguany la seva activitat ha estat molt limitada per [&hellip;]<\/p>\n","protected":false},"author":1,"featured_media":0,"parent":4382,"menu_order":0,"comment_status":"closed","ping_status":"closed","template":"page-templates\/side-menu.php","meta":{"_bbp_topic_count":0,"_bbp_reply_count":0,"_bbp_total_topic_count":0,"_bbp_total_reply_count":0,"_bbp_voice_count":0,"_bbp_anonymous_reply_count":0,"_bbp_topic_count_hidden":0,"_bbp_reply_count_hidden":0,"_bbp_forum_subforum_count":0,"site-sidebar-layout":"default","site-content-layout":"","ast-site-content-layout":"","site-content-style":"default","site-sidebar-style":"default","ast-global-header-display":"","ast-banner-title-visibility":"","ast-main-header-display":"","ast-hfb-above-header-display":"","ast-hfb-below-header-display":"","ast-hfb-mobile-header-display":"","site-post-title":"","ast-breadcrumbs-content":"","ast-featured-img":"","footer-sml-layout":"","theme-transparent-header-meta":"","adv-header-id-meta":"","stick-header-meta":"","header-above-stick-meta":"","header-main-stick-meta":"","header-below-stick-meta":"","astra-migrate-meta-layouts":"default","ast-page-background-enabled":"default","ast-page-background-meta":{"desktop":{"background-color":"var(--ast-global-color-4)","background-image":"","background-repeat":"repeat","background-position":"center center","background-size":"auto","background-attachment":"scroll","background-type":"","background-media":"","overlay-type":"","overlay-color":"","overlay-opacity":"","overlay-gradient":""},"tablet":{"background-color":"","background-image":"","background-repeat":"repeat","background-position":"center center","background-size":"auto","background-attachment":"scroll","background-type":"","background-media":"","overlay-type":"","overlay-color":"","overlay-opacity":"","overlay-gradient":""},"mobile":{"background-color":"","background-image":"","background-repeat":"repeat","background-position":"center center","background-size":"auto","background-attachment":"scroll","background-type":"","background-media":"","overlay-type":"","overlay-color":"","overlay-opacity":"","overlay-gradient":""}},"ast-content-background-meta":{"desktop":{"background-color":"var(--ast-global-color-5)","background-image":"","background-repeat":"repeat","background-position":"center center","background-size":"auto","background-attachment":"scroll","background-type":"","background-media":"","overlay-type":"","overlay-color":"","overlay-opacity":"","overlay-gradient":""},"tablet":{"background-color":"var(--ast-global-color-5)","background-image":"","background-repeat":"repeat","background-position":"center center","background-size":"auto","background-attachment":"scroll","background-type":"","background-media":"","overlay-type":"","overlay-color":"","overlay-opacity":"","overlay-gradient":""},"mobile":{"background-color":"var(--ast-global-color-5)","background-image":"","background-repeat":"repeat","background-position":"center center","background-size":"auto","background-attachment":"scroll","background-type":"","background-media":"","overlay-type":"","overlay-color":"","overlay-opacity":"","overlay-gradient":""}},"footnotes":""},"class_list":["post-4432","page","type-page","status-publish","hentry"],"post_mailing_queue_ids":[],"_links":{"self":[{"href":"https:\/\/agora.xtec.cat\/ceiplescodinetes\/wp-json\/wp\/v2\/pages\/4432","targetHints":{"allow":["GET"]}}],"collection":[{"href":"https:\/\/agora.xtec.cat\/ceiplescodinetes\/wp-json\/wp\/v2\/pages"}],"about":[{"href":"https:\/\/agora.xtec.cat\/ceiplescodinetes\/wp-json\/wp\/v2\/types\/page"}],"author":[{"embeddable":true,"href":"https:\/\/agora.xtec.cat\/ceiplescodinetes\/wp-json\/wp\/v2\/users\/1"}],"replies":[{"embeddable":true,"href":"https:\/\/agora.xtec.cat\/ceiplescodinetes\/wp-json\/wp\/v2\/comments?post=4432"}],"version-history":[{"count":3,"href":"https:\/\/agora.xtec.cat\/ceiplescodinetes\/wp-json\/wp\/v2\/pages\/4432\/revisions"}],"predecessor-version":[{"id":4443,"href":"https:\/\/agora.xtec.cat\/ceiplescodinetes\/wp-json\/wp\/v2\/pages\/4432\/revisions\/4443"}],"up":[{"embeddable":true,"href":"https:\/\/agora.xtec.cat\/ceiplescodinetes\/wp-json\/wp\/v2\/pages\/4382"}],"wp:attachment":[{"href":"https:\/\/agora.xtec.cat\/ceiplescodinetes\/wp-json\/wp\/v2\/media?parent=4432"}],"curies":[{"name":"wp","href":"https:\/\/api.w.org\/{rel}","templated":true}]}}