{"id":4398,"date":"2021-06-16T13:58:55","date_gmt":"2021-06-16T11:58:55","guid":{"rendered":"http:\/\/agora.xtec.cat\/ceiplescodinetes\/?page_id=4398"},"modified":"2024-07-16T12:30:43","modified_gmt":"2024-07-16T10:30:43","slug":"projecte-socialitzacio-de-llibres","status":"publish","type":"page","link":"https:\/\/agora.xtec.cat\/ceiplescodinetes\/afa\/projecte-socialitzacio-de-llibres\/","title":{"rendered":"Socialitzaci\u00f3 de llibres"},"content":{"rendered":"<h5>A partir de 3r de prim\u00e0ria l&#8217;escola socialitza els llibres de matem\u00e0tiques i d&#8217;angl\u00e8s.<\/h5>\n<ul>\n<li>\n<h5>Podeu descarregar i fer-nos arribar al nostre correu electr\u00f2nic els documents per adherir-vos al programa de socialitzaci\u00f3 de llibres:<\/h5>\n<\/li>\n<\/ul>\n<p><a href=\"https:\/\/agora.xtec.cat\/ceiplescodinetes\/wp-content\/uploads\/usu1661\/2024\/07\/MATES-Socialitzacio-24-25-.docx.pdf\" target=\"_blank\" rel=\"noopener noreferrer\">Socialitzaci\u00f3 llibre de matem\u00e0tiques<\/a><\/p>\n<p><a href=\"https:\/\/agora.xtec.cat\/ceiplescodinetes\/wp-content\/uploads\/usu1661\/2024\/07\/ANGLES-Socialitzacio-24-25.docx.pdf\" target=\"_blank\" rel=\"noopener noreferrer\">Socialitzaci\u00f3 llibre d&#8217;angl\u00e8s<\/a><\/p>\n<p>&nbsp;<\/p>\n<p>&nbsp;<\/p>\n<p>&nbsp;<\/p>\n<p>&nbsp;<\/p>\n","protected":false},"excerpt":{"rendered":"<p>A partir de 3r de prim\u00e0ria l&#8217;escola socialitza els llibres de matem\u00e0tiques i d&#8217;angl\u00e8s. Podeu descarregar i fer-nos arribar al nostre correu electr\u00f2nic els documents per adherir-vos al programa de socialitzaci\u00f3 de llibres: Socialitzaci\u00f3 llibre de matem\u00e0tiques Socialitzaci\u00f3 llibre d&#8217;angl\u00e8s &nbsp; &nbsp; &nbsp; &nbsp;<\/p>\n","protected":false},"author":1,"featured_media":0,"parent":4382,"menu_order":2,"comment_status":"closed","ping_status":"closed","template":"page-templates\/side-menu.php","meta":{"_bbp_topic_count":0,"_bbp_reply_count":0,"_bbp_total_topic_count":0,"_bbp_total_reply_count":0,"_bbp_voice_count":0,"_bbp_anonymous_reply_count":0,"_bbp_topic_count_hidden":0,"_bbp_reply_count_hidden":0,"_bbp_forum_subforum_count":0,"site-sidebar-layout":"default","site-content-layout":"","ast-site-content-layout":"","site-content-style":"default","site-sidebar-style":"default","ast-global-header-display":"","ast-banner-title-visibility":"","ast-main-header-display":"","ast-hfb-above-header-display":"","ast-hfb-below-header-display":"","ast-hfb-mobile-header-display":"","site-post-title":"","ast-breadcrumbs-content":"","ast-featured-img":"","footer-sml-layout":"","theme-transparent-header-meta":"","adv-header-id-meta":"","stick-header-meta":"","header-above-stick-meta":"","header-main-stick-meta":"","header-below-stick-meta":"","astra-migrate-meta-layouts":"default","ast-page-background-enabled":"default","ast-page-background-meta":{"desktop":{"background-color":"var(--ast-global-color-4)","background-image":"","background-repeat":"repeat","background-position":"center center","background-size":"auto","background-attachment":"scroll","background-type":"","background-media":"","overlay-type":"","overlay-color":"","overlay-opacity":"","overlay-gradient":""},"tablet":{"background-color":"","background-image":"","background-repeat":"repeat","background-position":"center center","background-size":"auto","background-attachment":"scroll","background-type":"","background-media":"","overlay-type":"","overlay-color":"","overlay-opacity":"","overlay-gradient":""},"mobile":{"background-color":"","background-image":"","background-repeat":"repeat","background-position":"center center","background-size":"auto","background-attachment":"scroll","background-type":"","background-media":"","overlay-type":"","overlay-color":"","overlay-opacity":"","overlay-gradient":""}},"ast-content-background-meta":{"desktop":{"background-color":"var(--ast-global-color-5)","background-image":"","background-repeat":"repeat","background-position":"center center","background-size":"auto","background-attachment":"scroll","background-type":"","background-media":"","overlay-type":"","overlay-color":"","overlay-opacity":"","overlay-gradient":""},"tablet":{"background-color":"var(--ast-global-color-5)","background-image":"","background-repeat":"repeat","background-position":"center center","background-size":"auto","background-attachment":"scroll","background-type":"","background-media":"","overlay-type":"","overlay-color":"","overlay-opacity":"","overlay-gradient":""},"mobile":{"background-color":"var(--ast-global-color-5)","background-image":"","background-repeat":"repeat","background-position":"center center","background-size":"auto","background-attachment":"scroll","background-type":"","background-media":"","overlay-type":"","overlay-color":"","overlay-opacity":"","overlay-gradient":""}},"footnotes":""},"class_list":["post-4398","page","type-page","status-publish","hentry"],"post_mailing_queue_ids":[],"_links":{"self":[{"href":"https:\/\/agora.xtec.cat\/ceiplescodinetes\/wp-json\/wp\/v2\/pages\/4398","targetHints":{"allow":["GET"]}}],"collection":[{"href":"https:\/\/agora.xtec.cat\/ceiplescodinetes\/wp-json\/wp\/v2\/pages"}],"about":[{"href":"https:\/\/agora.xtec.cat\/ceiplescodinetes\/wp-json\/wp\/v2\/types\/page"}],"author":[{"embeddable":true,"href":"https:\/\/agora.xtec.cat\/ceiplescodinetes\/wp-json\/wp\/v2\/users\/1"}],"replies":[{"embeddable":true,"href":"https:\/\/agora.xtec.cat\/ceiplescodinetes\/wp-json\/wp\/v2\/comments?post=4398"}],"version-history":[{"count":4,"href":"https:\/\/agora.xtec.cat\/ceiplescodinetes\/wp-json\/wp\/v2\/pages\/4398\/revisions"}],"predecessor-version":[{"id":6203,"href":"https:\/\/agora.xtec.cat\/ceiplescodinetes\/wp-json\/wp\/v2\/pages\/4398\/revisions\/6203"}],"up":[{"embeddable":true,"href":"https:\/\/agora.xtec.cat\/ceiplescodinetes\/wp-json\/wp\/v2\/pages\/4382"}],"wp:attachment":[{"href":"https:\/\/agora.xtec.cat\/ceiplescodinetes\/wp-json\/wp\/v2\/media?parent=4398"}],"curies":[{"name":"wp","href":"https:\/\/api.w.org\/{rel}","templated":true}]}}