{"id":4382,"date":"2021-06-16T12:52:49","date_gmt":"2021-06-16T10:52:49","guid":{"rendered":"http:\/\/agora.xtec.cat\/ceiplescodinetes\/?page_id=4382"},"modified":"2021-06-16T12:52:49","modified_gmt":"2021-06-16T10:52:49","slug":"afa","status":"publish","type":"page","link":"https:\/\/agora.xtec.cat\/ceiplescodinetes\/afa\/","title":{"rendered":"AFA"},"content":{"rendered":"<p>En aquesta p\u00e0gina podeu trobar tota la informaci\u00f3 referent a l&#8217;Associaci\u00f3 de Fam\u00edlies d&#8217;Alumnes de l&#8217;escola.<\/p>\n<p>Per contactar amb l&#8217;AFA:<\/p>\n<p><strong>Correu electr\u00f2nic:<\/strong><br \/>\nampalescodinetes@gmail.com<\/p>\n<p>Si voleu veure una mostra de les nostres col\u00b7laboracions amb l&#8217;escola, feu clic en l&#8217;enlla\u00e7 de sota:<\/p>\n<p><a href=\"https:\/\/agora.xtec.cat\/ceiplescodinetes\/categoria\/afa\/\" target=\"_blank\" rel=\"noopener noreferrer\">https:\/\/agora.xtec.cat\/ceiplescodinetes\/categoria\/afa\/<\/a><\/p>\n<p style=\"text-align: center;\"><a href=\"https:\/\/agora.xtec.cat\/ceiplescodinetes\/wp-content\/uploads\/usu1661\/2021\/06\/logo-afa.jpg\"><img loading=\"lazy\" decoding=\"async\" class=\"alignnone  wp-image-4383\" src=\"https:\/\/agora.xtec.cat\/ceiplescodinetes\/wp-content\/uploads\/usu1661\/2021\/06\/logo-afa.jpg\" alt=\"\" width=\"319\" height=\"277\" \/><\/a><\/p>\n","protected":false},"excerpt":{"rendered":"<p>En aquesta p\u00e0gina podeu trobar tota la informaci\u00f3 referent a l&#8217;Associaci\u00f3 de Fam\u00edlies d&#8217;Alumnes de l&#8217;escola. Per contactar amb l&#8217;AFA: Correu electr\u00f2nic: ampalescodinetes@gmail.com Si voleu veure una mostra de les nostres col\u00b7laboracions amb l&#8217;escola, feu clic en l&#8217;enlla\u00e7 de sota: https:\/\/agora.xtec.cat\/ceiplescodinetes\/categoria\/afa\/<\/p>\n","protected":false},"author":1,"featured_media":0,"parent":0,"menu_order":0,"comment_status":"closed","ping_status":"closed","template":"page-templates\/side-menu.php","meta":{"_bbp_topic_count":0,"_bbp_reply_count":0,"_bbp_total_topic_count":0,"_bbp_total_reply_count":0,"_bbp_voice_count":0,"_bbp_anonymous_reply_count":0,"_bbp_topic_count_hidden":0,"_bbp_reply_count_hidden":0,"_bbp_forum_subforum_count":0,"site-sidebar-layout":"default","site-content-layout":"","ast-site-content-layout":"","site-content-style":"default","site-sidebar-style":"default","ast-global-header-display":"","ast-banner-title-visibility":"","ast-main-header-display":"","ast-hfb-above-header-display":"","ast-hfb-below-header-display":"","ast-hfb-mobile-header-display":"","site-post-title":"","ast-breadcrumbs-content":"","ast-featured-img":"","footer-sml-layout":"","theme-transparent-header-meta":"","adv-header-id-meta":"","stick-header-meta":"","header-above-stick-meta":"","header-main-stick-meta":"","header-below-stick-meta":"","astra-migrate-meta-layouts":"default","ast-page-background-enabled":"default","ast-page-background-meta":{"desktop":{"background-color":"var(--ast-global-color-4)","background-image":"","background-repeat":"repeat","background-position":"center center","background-size":"auto","background-attachment":"scroll","background-type":"","background-media":"","overlay-type":"","overlay-color":"","overlay-opacity":"","overlay-gradient":""},"tablet":{"background-color":"","background-image":"","background-repeat":"repeat","background-position":"center center","background-size":"auto","background-attachment":"scroll","background-type":"","background-media":"","overlay-type":"","overlay-color":"","overlay-opacity":"","overlay-gradient":""},"mobile":{"background-color":"","background-image":"","background-repeat":"repeat","background-position":"center center","background-size":"auto","background-attachment":"scroll","background-type":"","background-media":"","overlay-type":"","overlay-color":"","overlay-opacity":"","overlay-gradient":""}},"ast-content-background-meta":{"desktop":{"background-color":"var(--ast-global-color-5)","background-image":"","background-repeat":"repeat","background-position":"center center","background-size":"auto","background-attachment":"scroll","background-type":"","background-media":"","overlay-type":"","overlay-color":"","overlay-opacity":"","overlay-gradient":""},"tablet":{"background-color":"var(--ast-global-color-5)","background-image":"","background-repeat":"repeat","background-position":"center center","background-size":"auto","background-attachment":"scroll","background-type":"","background-media":"","overlay-type":"","overlay-color":"","overlay-opacity":"","overlay-gradient":""},"mobile":{"background-color":"var(--ast-global-color-5)","background-image":"","background-repeat":"repeat","background-position":"center center","background-size":"auto","background-attachment":"scroll","background-type":"","background-media":"","overlay-type":"","overlay-color":"","overlay-opacity":"","overlay-gradient":""}},"footnotes":""},"class_list":["post-4382","page","type-page","status-publish","hentry"],"post_mailing_queue_ids":[],"_links":{"self":[{"href":"https:\/\/agora.xtec.cat\/ceiplescodinetes\/wp-json\/wp\/v2\/pages\/4382","targetHints":{"allow":["GET"]}}],"collection":[{"href":"https:\/\/agora.xtec.cat\/ceiplescodinetes\/wp-json\/wp\/v2\/pages"}],"about":[{"href":"https:\/\/agora.xtec.cat\/ceiplescodinetes\/wp-json\/wp\/v2\/types\/page"}],"author":[{"embeddable":true,"href":"https:\/\/agora.xtec.cat\/ceiplescodinetes\/wp-json\/wp\/v2\/users\/1"}],"replies":[{"embeddable":true,"href":"https:\/\/agora.xtec.cat\/ceiplescodinetes\/wp-json\/wp\/v2\/comments?post=4382"}],"version-history":[{"count":1,"href":"https:\/\/agora.xtec.cat\/ceiplescodinetes\/wp-json\/wp\/v2\/pages\/4382\/revisions"}],"predecessor-version":[{"id":4384,"href":"https:\/\/agora.xtec.cat\/ceiplescodinetes\/wp-json\/wp\/v2\/pages\/4382\/revisions\/4384"}],"wp:attachment":[{"href":"https:\/\/agora.xtec.cat\/ceiplescodinetes\/wp-json\/wp\/v2\/media?parent=4382"}],"curies":[{"name":"wp","href":"https:\/\/api.w.org\/{rel}","templated":true}]}}