{"id":4147,"date":"2021-04-19T13:27:37","date_gmt":"2021-04-19T11:27:37","guid":{"rendered":"http:\/\/agora.xtec.cat\/ceiplescodinetes\/?page_id=4147"},"modified":"2025-09-23T21:09:00","modified_gmt":"2025-09-23T19:09:00","slug":"capses-daprenentatge","status":"publish","type":"page","link":"https:\/\/agora.xtec.cat\/ceiplescodinetes\/projecte-educatiu\/capses-daprenentatge\/","title":{"rendered":"Les nostres capses d&#8217;aprenentatge"},"content":{"rendered":"<h4><span style=\"color: #000000;\"><strong>Qu\u00e8 s\u00f3n?<\/strong><\/span><\/h4>\n<p>S\u00f3n una metodologia basada en propostes de treball guiat i globalitzat. Les capses d\u2019aprenentatge promouen la investigaci\u00f3, l\u2019experimentaci\u00f3, la construcci\u00f3 del coneixement i l\u2019adquisici\u00f3 de diferents compet\u00e8ncies, a trav\u00e9s de reptes, activitats seq\u00fcenciades i transversals, l\u2019alumnat en grups cooperatius resol les capses de manera engrescadora i manipulativa aprenent a treballar en equip i a gestionant-se de manera aut\u00f2noma.<\/p>\n<h4><span style=\"color: #000000;\"><strong>Per qu\u00e8 fem capses?<\/strong><\/span><\/h4>\n<p>Per fomentar les compet\u00e8ncies que necessitaran els infants quan acabin l\u2019escolaritzaci\u00f3, fomentar els aprenentatges \u201cfent\u201d i en comunitat (en equip). I a m\u00e9s, fer que el proc\u00e9s d\u2019aprenentatge dels\/les alumnes sigui m\u00e9s atractiu i significatiu.<\/p>\n<h4><span style=\"color: #000000;\"><strong>Quan es fan i qui hi participa?<\/strong><\/span><\/h4>\n<p>Es duen a terme durant 1\u20195h de la franja hor\u00e0ria dels dijous a la tarda a<strong> cicle mitj\u00e0<\/strong> i <strong>cicle superior<\/strong> durant 1&#8217;5h al mat\u00ed dels divendres. Cada capsa t\u00e9 un mestre de refer\u00e8ncia.<\/p>\n<h4><span style=\"color: #000000;\"><strong>Quins \u00e0mbits es treballen?<\/strong><\/span><\/h4>\n<p>Indirectament trobem activitats en que es fomenten i treballen tots els \u00e0mbits que fem a l\u2019escola, com: el matem\u00e0tic, ling\u00fc\u00edstic, valors, noves tecnologies, medi, iniciativa i emprenedoria, etc.<\/p>\n<p style=\"text-align: center;\"><iframe loading=\"lazy\" title=\"Capses d'aprenentatge de cicle mitj\u00e0\" src=\"https:\/\/www.youtube.com\/embed\/M1ttbU4Bgsc\" width=\"1173\" height=\"664\" frameborder=\"0\" allowfullscreen=\"allowfullscreen\"><\/iframe><\/p>\n<p style=\"text-align: center;\"><iframe loading=\"lazy\" title=\"Capses d'aprenentatge de cicle superior\" src=\"https:\/\/www.youtube.com\/embed\/iwWkuVLskLM\" width=\"1173\" height=\"664\" frameborder=\"0\" allowfullscreen=\"allowfullscreen\"><\/iframe><\/p>\n<p><a href=\"https:\/\/agora.xtec.cat\/ceiplescodinetes\/wp-content\/uploads\/usu1661\/2025\/09\/1705059898612.jpg\"><img loading=\"lazy\" decoding=\"async\" class=\"size-large wp-image-6815 aligncenter\" src=\"https:\/\/agora.xtec.cat\/ceiplescodinetes\/wp-content\/uploads\/usu1661\/2025\/09\/1705059898612.jpg\" alt=\"\" width=\"820\" height=\"461\" srcset=\"https:\/\/agora.xtec.cat\/ceiplescodinetes\/wp-content\/uploads\/usu1661\/2025\/09\/1705059898612.jpg 820w, https:\/\/agora.xtec.cat\/ceiplescodinetes\/wp-content\/uploads\/usu1661\/2025\/09\/1705059898612-300x169.jpg 300w, https:\/\/agora.xtec.cat\/ceiplescodinetes\/wp-content\/uploads\/usu1661\/2025\/09\/1705059898612-768x432.jpg 768w\" sizes=\"auto, (max-width: 820px) 100vw, 820px\" \/><\/a><a href=\"https:\/\/agora.xtec.cat\/ceiplescodinetes\/wp-content\/uploads\/usu1661\/2025\/09\/1705059923871.jpg\"><img loading=\"lazy\" decoding=\"async\" class=\"size-full wp-image-6814 aligncenter\" src=\"https:\/\/agora.xtec.cat\/ceiplescodinetes\/wp-content\/uploads\/usu1661\/2025\/09\/1705059923871.jpg\" alt=\"\" width=\"820\" height=\"461\" srcset=\"https:\/\/agora.xtec.cat\/ceiplescodinetes\/wp-content\/uploads\/usu1661\/2025\/09\/1705059923871.jpg 820w, https:\/\/agora.xtec.cat\/ceiplescodinetes\/wp-content\/uploads\/usu1661\/2025\/09\/1705059923871-300x169.jpg 300w, https:\/\/agora.xtec.cat\/ceiplescodinetes\/wp-content\/uploads\/usu1661\/2025\/09\/1705059923871-768x432.jpg 768w\" sizes=\"auto, (max-width: 820px) 100vw, 820px\" \/><\/a><\/p>\n","protected":false},"excerpt":{"rendered":"<p>Qu\u00e8 s\u00f3n? S\u00f3n una metodologia basada en propostes de treball guiat i globalitzat. Les capses d\u2019aprenentatge promouen la investigaci\u00f3, l\u2019experimentaci\u00f3, la construcci\u00f3 del coneixement i l\u2019adquisici\u00f3 de diferents compet\u00e8ncies, a trav\u00e9s de reptes, activitats seq\u00fcenciades i transversals, l\u2019alumnat en grups cooperatius resol les capses de manera engrescadora i manipulativa aprenent a treballar en equip i [&hellip;]<\/p>\n","protected":false},"author":1,"featured_media":0,"parent":64,"menu_order":0,"comment_status":"closed","ping_status":"closed","template":"page-templates\/side-menu.php","meta":{"_bbp_topic_count":0,"_bbp_reply_count":0,"_bbp_total_topic_count":0,"_bbp_total_reply_count":0,"_bbp_voice_count":0,"_bbp_anonymous_reply_count":0,"_bbp_topic_count_hidden":0,"_bbp_reply_count_hidden":0,"_bbp_forum_subforum_count":0,"site-sidebar-layout":"default","site-content-layout":"","ast-site-content-layout":"","site-content-style":"default","site-sidebar-style":"default","ast-global-header-display":"","ast-banner-title-visibility":"","ast-main-header-display":"","ast-hfb-above-header-display":"","ast-hfb-below-header-display":"","ast-hfb-mobile-header-display":"","site-post-title":"","ast-breadcrumbs-content":"","ast-featured-img":"","footer-sml-layout":"","theme-transparent-header-meta":"","adv-header-id-meta":"","stick-header-meta":"","header-above-stick-meta":"","header-main-stick-meta":"","header-below-stick-meta":"","astra-migrate-meta-layouts":"default","ast-page-background-enabled":"default","ast-page-background-meta":{"desktop":{"background-color":"var(--ast-global-color-4)","background-image":"","background-repeat":"repeat","background-position":"center center","background-size":"auto","background-attachment":"scroll","background-type":"","background-media":"","overlay-type":"","overlay-color":"","overlay-opacity":"","overlay-gradient":""},"tablet":{"background-color":"","background-image":"","background-repeat":"repeat","background-position":"center center","background-size":"auto","background-attachment":"scroll","background-type":"","background-media":"","overlay-type":"","overlay-color":"","overlay-opacity":"","overlay-gradient":""},"mobile":{"background-color":"","background-image":"","background-repeat":"repeat","background-position":"center center","background-size":"auto","background-attachment":"scroll","background-type":"","background-media":"","overlay-type":"","overlay-color":"","overlay-opacity":"","overlay-gradient":""}},"ast-content-background-meta":{"desktop":{"background-color":"var(--ast-global-color-5)","background-image":"","background-repeat":"repeat","background-position":"center center","background-size":"auto","background-attachment":"scroll","background-type":"","background-media":"","overlay-type":"","overlay-color":"","overlay-opacity":"","overlay-gradient":""},"tablet":{"background-color":"var(--ast-global-color-5)","background-image":"","background-repeat":"repeat","background-position":"center center","background-size":"auto","background-attachment":"scroll","background-type":"","background-media":"","overlay-type":"","overlay-color":"","overlay-opacity":"","overlay-gradient":""},"mobile":{"background-color":"var(--ast-global-color-5)","background-image":"","background-repeat":"repeat","background-position":"center center","background-size":"auto","background-attachment":"scroll","background-type":"","background-media":"","overlay-type":"","overlay-color":"","overlay-opacity":"","overlay-gradient":""}},"footnotes":""},"class_list":["post-4147","page","type-page","status-publish","hentry"],"post_mailing_queue_ids":[],"_links":{"self":[{"href":"https:\/\/agora.xtec.cat\/ceiplescodinetes\/wp-json\/wp\/v2\/pages\/4147","targetHints":{"allow":["GET"]}}],"collection":[{"href":"https:\/\/agora.xtec.cat\/ceiplescodinetes\/wp-json\/wp\/v2\/pages"}],"about":[{"href":"https:\/\/agora.xtec.cat\/ceiplescodinetes\/wp-json\/wp\/v2\/types\/page"}],"author":[{"embeddable":true,"href":"https:\/\/agora.xtec.cat\/ceiplescodinetes\/wp-json\/wp\/v2\/users\/1"}],"replies":[{"embeddable":true,"href":"https:\/\/agora.xtec.cat\/ceiplescodinetes\/wp-json\/wp\/v2\/comments?post=4147"}],"version-history":[{"count":6,"href":"https:\/\/agora.xtec.cat\/ceiplescodinetes\/wp-json\/wp\/v2\/pages\/4147\/revisions"}],"predecessor-version":[{"id":6817,"href":"https:\/\/agora.xtec.cat\/ceiplescodinetes\/wp-json\/wp\/v2\/pages\/4147\/revisions\/6817"}],"up":[{"embeddable":true,"href":"https:\/\/agora.xtec.cat\/ceiplescodinetes\/wp-json\/wp\/v2\/pages\/64"}],"wp:attachment":[{"href":"https:\/\/agora.xtec.cat\/ceiplescodinetes\/wp-json\/wp\/v2\/media?parent=4147"}],"curies":[{"name":"wp","href":"https:\/\/api.w.org\/{rel}","templated":true}]}}