{"id":4145,"date":"2021-04-19T13:27:04","date_gmt":"2021-04-19T11:27:04","guid":{"rendered":"http:\/\/agora.xtec.cat\/ceiplescodinetes\/?page_id=4145"},"modified":"2022-10-17T10:28:18","modified_gmt":"2022-10-17T08:28:18","slug":"ambients-de-treball","status":"publish","type":"page","link":"https:\/\/agora.xtec.cat\/ceiplescodinetes\/projecte-educatiu\/ambients-de-treball\/","title":{"rendered":"Ambients a educaci\u00f3 infantil i a cicle inicial"},"content":{"rendered":"<h1 style=\"text-align: justify; line-height: 150%; margin: 0cm 0cm 10.0pt 0cm;\"><span style=\"color: #ffcc99;\"><strong><span style=\"font-family: Calibri, sans-serif;\">JUGAR PER APRENDRE: AMBIENTS D\u2019APRENENTATGE<\/span><\/strong><\/span><\/h1>\n<h1 style=\"text-align: justify; line-height: 150%; margin: 0cm 0cm 10.0pt 0cm;\"><span style=\"color: #ff99cc;\"><strong><span style=\"font-family: Calibri, sans-serif;\">A EDUCACI\u00d3 INFANTIL:<\/span><\/strong><\/span><\/h1>\n<h4>El treball per ambients es planteja des de la necessitat de donar als infants una altre oportunitat d\u2019aprenentatge lliure, on ells siguin els protagonistes i els creadors.<\/h4>\n<h4>\u00c9s potencia l\u2019autonomia en el treball, la relaci\u00f3 entre els altres i la conscienciaci\u00f3 del que est\u00e0 fent i aprenent a fer.<\/h4>\n<h4><em>La interacci\u00f3 dels infants <\/em>\u00e9s una font inesgotable d<strong>\u2019<em>aprenentatge col\u00b7laboratiu i significatiu <\/em><\/strong>esdevingut del joc.<\/h4>\n<p>&nbsp;<\/p>\n<h3><span style=\"color: #33cccc;\"><strong>Com funciona? Fases de la sessi\u00f3<\/strong>:<\/span><\/h3>\n<ol>\n<li>\n<h4><em><strong>Introducci\u00f3:<\/strong><\/em>\u00a0<strong>assemblea inicial, on es fa el recordatori de normes i objectius d\u2019aquell ambient.<\/strong><\/h4>\n<\/li>\n<li>\n<h4><em><strong>Moment de joc<\/strong>:<\/em> els nens i les nenes treballen jugant i explorant els diferents materials.<\/h4>\n<\/li>\n<li>\n<h4><em><strong>Cloenda<\/strong>:<\/em> assemblea final o els infants fan l\u2019explicaci\u00f3 del que han descobert, resoluci\u00f3 de problemes que hagin pogut sorgir&#8230;<\/h4>\n<\/li>\n<\/ol>\n<h3><\/h3>\n<h3><span style=\"color: #33cccc;\"><strong>Quins ambients tenim a la nostra escola<\/strong>?<\/span><\/h3>\n<ul>\n<li>\n<h4>Ambient de <strong>joc simb\u00f2lic<\/strong> (<strong>CAP<\/strong> i <strong>cl\u00ednica veterin\u00e0ria<\/strong>): \u00e9s un espai de joc que ofereix als alumnes la possibilitat de reproduir i inventar situacions de la vida quotidiana que es donen en un centre ambulatori a partir d\u2019assumir diferents rols.<\/h4>\n<\/li>\n<li>\n<h4>Ambient de <strong>joc simb\u00f2lic<\/strong> (<strong>supermercat<\/strong>)<\/h4>\n<\/li>\n<li>\n<h4>Ambient de <strong>peces soltes<\/strong><\/h4>\n<\/li>\n<li>\n<h4>Ambient de <strong>construcci\u00f3<\/strong>: els nens i nenes construeixen, creen, realitzen estructures amb materials i elements diversos. Es treballen continguts matem\u00e0tics, motricitat fina i gruixuda, i d&#8217;expressi\u00f3 art\u00edstica.<\/h4>\n<\/li>\n<li>\n<h4>Ambient <strong>art\u00edstic<\/strong><\/h4>\n<\/li>\n<li>\n<h4>Ambient <strong>natural<\/strong>: es desenvolupen conceptes i actituds cient\u00edfiques i tamb\u00e9 matem\u00e0tics, ja que mitjan\u00e7ant la interacci\u00f3 amb determinats materials naturals es fa la creaci\u00f3 d\u2019hip\u00f2tesis en l\u2019experimentaci\u00f3 i exploraci\u00f3 lliure dels objectes.<\/h4>\n<\/li>\n<li>\n<h4>Ambient de <strong>psicomotricitat<\/strong><\/h4>\n<\/li>\n<\/ul>\n<h3><strong>\u00a0<\/strong><strong>\u00a0<\/strong><\/h3>\n<h3><span style=\"color: #33cccc;\"><strong>Quin \u00e9s el paper del\/la mestre\/a?<\/strong><\/span><\/h3>\n<ul>\n<li>\n<h4>La funci\u00f3 dels\/ les mestres \u00e9s fer d\u2019acompanyants dels processos i jocs dels\/les alumnes, fent noves propostes que continu\u00efn enriquint l\u2019aprenentatge, el gaudi i l\u2019inter\u00e8s de l\u2019infant.<\/h4>\n<\/li>\n<\/ul>\n<p>&nbsp;<\/p>\n<p><a href=\"https:\/\/agora.xtec.cat\/ceiplescodinetes\/wp-content\/uploads\/usu1661\/2021\/05\/Diapositiva2.jpg\"><img loading=\"lazy\" decoding=\"async\" class=\"wp-image-4313 aligncenter\" src=\"https:\/\/agora.xtec.cat\/ceiplescodinetes\/wp-content\/uploads\/usu1661\/2021\/05\/Diapositiva2.jpg\" alt=\"\" width=\"1179\" height=\"884\" srcset=\"https:\/\/agora.xtec.cat\/ceiplescodinetes\/wp-content\/uploads\/usu1661\/2021\/05\/Diapositiva2.jpg 960w, https:\/\/agora.xtec.cat\/ceiplescodinetes\/wp-content\/uploads\/usu1661\/2021\/05\/Diapositiva2-300x225.jpg 300w, https:\/\/agora.xtec.cat\/ceiplescodinetes\/wp-content\/uploads\/usu1661\/2021\/05\/Diapositiva2-768x576.jpg 768w, https:\/\/agora.xtec.cat\/ceiplescodinetes\/wp-content\/uploads\/usu1661\/2021\/05\/Diapositiva2-200x150.jpg 200w\" sizes=\"auto, (max-width: 1179px) 100vw, 1179px\" \/><\/a><a href=\"https:\/\/agora.xtec.cat\/ceiplescodinetes\/wp-content\/uploads\/usu1661\/2021\/05\/Diapositiva1.jpg\"><img loading=\"lazy\" decoding=\"async\" class=\"wp-image-4312 aligncenter\" src=\"https:\/\/agora.xtec.cat\/ceiplescodinetes\/wp-content\/uploads\/usu1661\/2021\/05\/Diapositiva1.jpg\" alt=\"\" width=\"1195\" height=\"896\" srcset=\"https:\/\/agora.xtec.cat\/ceiplescodinetes\/wp-content\/uploads\/usu1661\/2021\/05\/Diapositiva1.jpg 960w, https:\/\/agora.xtec.cat\/ceiplescodinetes\/wp-content\/uploads\/usu1661\/2021\/05\/Diapositiva1-300x225.jpg 300w, https:\/\/agora.xtec.cat\/ceiplescodinetes\/wp-content\/uploads\/usu1661\/2021\/05\/Diapositiva1-768x576.jpg 768w, https:\/\/agora.xtec.cat\/ceiplescodinetes\/wp-content\/uploads\/usu1661\/2021\/05\/Diapositiva1-200x150.jpg 200w\" sizes=\"auto, (max-width: 1195px) 100vw, 1195px\" \/><\/a><\/p>\n<h1 style=\"text-align: justify; line-height: 150%; margin: 0cm 0cm 10.0pt 0cm;\"><span style=\"color: #ff99cc;\"><strong><span style=\"font-family: Calibri, sans-serif;\">A CICLE INICIAL:<\/span><\/strong><\/span><\/h1>\n<h4>Els ambients d&#8217;aprenentatge proposats per als infants de 1r i 2n s\u00f3n: la botiga, l&#8217;atelier, minimons i llums i ombres.<\/h4>\n<p style=\"text-align: center;\"><a href=\"https:\/\/agora.xtec.cat\/ceiplescodinetes\/wp-content\/uploads\/usu1661\/2022\/10\/aMBIENTS-ci.jpg\"><img loading=\"lazy\" decoding=\"async\" class=\"alignnone size-full wp-image-5335\" src=\"https:\/\/agora.xtec.cat\/ceiplescodinetes\/wp-content\/uploads\/usu1661\/2022\/10\/aMBIENTS-ci.jpg\" alt=\"\" width=\"1024\" height=\"512\" srcset=\"https:\/\/agora.xtec.cat\/ceiplescodinetes\/wp-content\/uploads\/usu1661\/2022\/10\/aMBIENTS-ci.jpg 1024w, https:\/\/agora.xtec.cat\/ceiplescodinetes\/wp-content\/uploads\/usu1661\/2022\/10\/aMBIENTS-ci-300x150.jpg 300w, https:\/\/agora.xtec.cat\/ceiplescodinetes\/wp-content\/uploads\/usu1661\/2022\/10\/aMBIENTS-ci-768x384.jpg 768w\" sizes=\"auto, (max-width: 1024px) 100vw, 1024px\" \/><\/a><\/p>\n","protected":false},"excerpt":{"rendered":"<p>JUGAR PER APRENDRE: AMBIENTS D\u2019APRENENTATGE A EDUCACI\u00d3 INFANTIL: El treball per ambients es planteja des de la necessitat de donar als infants una altre oportunitat d\u2019aprenentatge lliure, on ells siguin els protagonistes i els creadors. \u00c9s potencia l\u2019autonomia en el treball, la relaci\u00f3 entre els altres i la conscienciaci\u00f3 del que est\u00e0 fent i aprenent [&hellip;]<\/p>\n","protected":false},"author":1,"featured_media":0,"parent":64,"menu_order":0,"comment_status":"closed","ping_status":"closed","template":"page-templates\/side-menu.php","meta":{"_bbp_topic_count":0,"_bbp_reply_count":0,"_bbp_total_topic_count":0,"_bbp_total_reply_count":0,"_bbp_voice_count":0,"_bbp_anonymous_reply_count":0,"_bbp_topic_count_hidden":0,"_bbp_reply_count_hidden":0,"_bbp_forum_subforum_count":0,"site-sidebar-layout":"default","site-content-layout":"","ast-site-content-layout":"","site-content-style":"default","site-sidebar-style":"default","ast-global-header-display":"","ast-banner-title-visibility":"","ast-main-header-display":"","ast-hfb-above-header-display":"","ast-hfb-below-header-display":"","ast-hfb-mobile-header-display":"","site-post-title":"","ast-breadcrumbs-content":"","ast-featured-img":"","footer-sml-layout":"","theme-transparent-header-meta":"","adv-header-id-meta":"","stick-header-meta":"","header-above-stick-meta":"","header-main-stick-meta":"","header-below-stick-meta":"","astra-migrate-meta-layouts":"default","ast-page-background-enabled":"default","ast-page-background-meta":{"desktop":{"background-color":"var(--ast-global-color-4)","background-image":"","background-repeat":"repeat","background-position":"center center","background-size":"auto","background-attachment":"scroll","background-type":"","background-media":"","overlay-type":"","overlay-color":"","overlay-opacity":"","overlay-gradient":""},"tablet":{"background-color":"","background-image":"","background-repeat":"repeat","background-position":"center center","background-size":"auto","background-attachment":"scroll","background-type":"","background-media":"","overlay-type":"","overlay-color":"","overlay-opacity":"","overlay-gradient":""},"mobile":{"background-color":"","background-image":"","background-repeat":"repeat","background-position":"center center","background-size":"auto","background-attachment":"scroll","background-type":"","background-media":"","overlay-type":"","overlay-color":"","overlay-opacity":"","overlay-gradient":""}},"ast-content-background-meta":{"desktop":{"background-color":"var(--ast-global-color-5)","background-image":"","background-repeat":"repeat","background-position":"center center","background-size":"auto","background-attachment":"scroll","background-type":"","background-media":"","overlay-type":"","overlay-color":"","overlay-opacity":"","overlay-gradient":""},"tablet":{"background-color":"var(--ast-global-color-5)","background-image":"","background-repeat":"repeat","background-position":"center center","background-size":"auto","background-attachment":"scroll","background-type":"","background-media":"","overlay-type":"","overlay-color":"","overlay-opacity":"","overlay-gradient":""},"mobile":{"background-color":"var(--ast-global-color-5)","background-image":"","background-repeat":"repeat","background-position":"center center","background-size":"auto","background-attachment":"scroll","background-type":"","background-media":"","overlay-type":"","overlay-color":"","overlay-opacity":"","overlay-gradient":""}},"footnotes":""},"class_list":["post-4145","page","type-page","status-publish","hentry"],"post_mailing_queue_ids":[],"_links":{"self":[{"href":"https:\/\/agora.xtec.cat\/ceiplescodinetes\/wp-json\/wp\/v2\/pages\/4145","targetHints":{"allow":["GET"]}}],"collection":[{"href":"https:\/\/agora.xtec.cat\/ceiplescodinetes\/wp-json\/wp\/v2\/pages"}],"about":[{"href":"https:\/\/agora.xtec.cat\/ceiplescodinetes\/wp-json\/wp\/v2\/types\/page"}],"author":[{"embeddable":true,"href":"https:\/\/agora.xtec.cat\/ceiplescodinetes\/wp-json\/wp\/v2\/users\/1"}],"replies":[{"embeddable":true,"href":"https:\/\/agora.xtec.cat\/ceiplescodinetes\/wp-json\/wp\/v2\/comments?post=4145"}],"version-history":[{"count":4,"href":"https:\/\/agora.xtec.cat\/ceiplescodinetes\/wp-json\/wp\/v2\/pages\/4145\/revisions"}],"predecessor-version":[{"id":5337,"href":"https:\/\/agora.xtec.cat\/ceiplescodinetes\/wp-json\/wp\/v2\/pages\/4145\/revisions\/5337"}],"up":[{"embeddable":true,"href":"https:\/\/agora.xtec.cat\/ceiplescodinetes\/wp-json\/wp\/v2\/pages\/64"}],"wp:attachment":[{"href":"https:\/\/agora.xtec.cat\/ceiplescodinetes\/wp-json\/wp\/v2\/media?parent=4145"}],"curies":[{"name":"wp","href":"https:\/\/api.w.org\/{rel}","templated":true}]}}