{"id":38,"date":"2014-09-18T12:34:08","date_gmt":"2014-09-18T11:34:08","guid":{"rendered":"http:\/\/agora.xtec.cat\/ceiplescodinetes\/?page_id=38"},"modified":"2026-01-27T10:36:03","modified_gmt":"2026-01-27T09:36:03","slug":"salut","status":"publish","type":"page","link":"https:\/\/agora.xtec.cat\/ceiplescodinetes\/lescola\/salut\/","title":{"rendered":"Salut"},"content":{"rendered":"<p><strong>SEGURETAT, HIGIENE I SALUT<\/strong><\/p>\n<p><strong>Alumnes malalts<\/strong><\/p>\n<p>L\u2019 alumne\/a que pateixi una malaltia susceptible d\u2019encomanar-se, no pot assistir a l\u2019escola fins a la seva total recuperaci\u00f3.<\/p>\n<p>Si a l\u2019escola es detecta que un\/a nen\/a no es troba b\u00e9 o pateix alguna malaltia infecciosa s\u2019avisar\u00e0 a la fam\u00edlia per a que el vinguin a buscar.<\/p>\n<p>\u00c9s obligaci\u00f3 dels pares informar a l\u2019escola de les malalties (cr\u00f2niques o no) que tinguin els nens.<\/p>\n<p><a href=\"https:\/\/agora.xtec.cat\/ceiplescodinetes\/wp-content\/uploads\/usu1661\/2026\/01\/No-assistencia-de-lalumnat-a-lescola-o-a-lescola-bressolant-durant-un-periode-de-temps.pdf\" target=\"_blank\" rel=\"noopener\">Criteris de NO ASSIST\u00c8NCIA a causa de malalties transmissibles (document de SALUT)<\/a><\/p>\n<p><strong>Administraci\u00f3 de medicaments als alumnes<\/strong><\/p>\n<p>Els mestres no poden administrar medicaments als alumnes. Nom\u00e9s ho faran si es compleixen aquestes tres condicions: &#8211; que sigui imprescindible fer-ho en horari lectiu &#8211; que els pares hagin aportat un informe m\u00e8dic on consti el nom de l\u2019alumne, el nom del medicament que ha de prendre i la seva pauta d\u2019administraci\u00f3, i &#8211; que els pares aportin un escrit on demanin i autoritzin dita administraci\u00f3.<\/p>\n<p><a href=\"https:\/\/agora.xtec.cat\/ceiplescodinetes\/wp-content\/uploads\/usu1661\/2023\/09\/model-autoritzacio-administracio-medicament.pdf\" target=\"_blank\" rel=\"noopener\">model-autoritzaci\u00f3-administraci\u00f3-medicament<\/a><\/p>\n<p>&nbsp;<\/p>\n<p><strong>Situacions d\u2019emerg\u00e8ncia Davant de lesions o indisposici\u00f3 d\u2019un alumne<\/strong>.<\/p>\n<ul>\n<li>No deixar sol l\u2019alumne.<\/li>\n<li>Avisar per tel\u00e8fon a la fam\u00edlia per demanar-los que vinguin a fer-se c\u00e0rrec del seu fill\/a.<\/li>\n<li>Portar-lo al metge del poble i\/o avisar a l\u2019ambul\u00e0ncia.<\/li>\n<li>En qualsevol cas, davant l\u2019abs\u00e8ncia dels pares o tutors legals, si un alumne ha de ser traslladat en ambul\u00e0ncia a un centre sanitari, el tutor, o en la seva abs\u00e8ncia, un altre mestre, l\u2019acompanyar\u00e0 i esperar\u00e0 all\u00e0 fins que arribin els pares<\/li>\n<\/ul>\n<p>&nbsp;<\/p>\n<p><strong>Farmaciola<\/strong><\/p>\n<p>Al centre hi ha un dues farmacioles que estan a l\u2019abast del personal docent, tancades, per\u00f2 no amb clau, i no accessibles als alumnes. La persona responsable de supervisar peri\u00f2dicament el seu contingut, reposar el material i controlar les dates de caducitat \u00e9s el\/ la coordinador\/a de riscos laborals. Es revisar\u00e0 un cop al trimestre.<\/p>\n<p>&nbsp;<\/p>\n<p><strong>Manipulaci\u00f3 d\u2019aliments<\/strong><\/p>\n<p>L\u2019elaboraci\u00f3 d\u2019aliments en el centre per part dels alumnes, les fam\u00edlies o els mestres, com a activitat de programaci\u00f3 anual aprovada pel consell escolar, s\u2019ha de fer tenint en compte les normes b\u00e0siques d\u2019higiene aliment\u00e0ria establertes per l\u2019Ag\u00e8ncia Catalana de Seguretat Aliment\u00e0ria a \u201cQuatre normes per preparar aliments segurs\u201d En tot cas cal evitar les elaboracions amb ou cru o amb nata, i en cas d\u2019alumnes amb al\u00b7l\u00e8rgies, nom\u00e9s es poden usar materials i aliments que no continguin els al\u00b7lerg\u00f2gens que cal evitar.<\/p>\n<p>&nbsp;<\/p>\n<p>&nbsp;<\/p>\n<p>&nbsp;<\/p>\n<p>&nbsp;<\/p>\n<p>&nbsp;<\/p>\n","protected":false},"excerpt":{"rendered":"<p>SEGURETAT, HIGIENE I SALUT Alumnes malalts L\u2019 alumne\/a que pateixi una malaltia susceptible d\u2019encomanar-se, no pot assistir a l\u2019escola fins a la seva total recuperaci\u00f3. Si a l\u2019escola es detecta que un\/a nen\/a no es troba b\u00e9 o pateix alguna malaltia infecciosa s\u2019avisar\u00e0 a la fam\u00edlia per a que el vinguin a buscar. \u00c9s obligaci\u00f3 [&hellip;]<\/p>\n","protected":false},"author":1,"featured_media":0,"parent":22,"menu_order":80,"comment_status":"closed","ping_status":"closed","template":"","meta":{"_bbp_topic_count":0,"_bbp_reply_count":0,"_bbp_total_topic_count":0,"_bbp_total_reply_count":0,"_bbp_voice_count":0,"_bbp_anonymous_reply_count":0,"_bbp_topic_count_hidden":0,"_bbp_reply_count_hidden":0,"_bbp_forum_subforum_count":0,"site-sidebar-layout":"default","site-content-layout":"","ast-site-content-layout":"default","site-content-style":"default","site-sidebar-style":"default","ast-global-header-display":"","ast-banner-title-visibility":"","ast-main-header-display":"","ast-hfb-above-header-display":"","ast-hfb-below-header-display":"","ast-hfb-mobile-header-display":"","site-post-title":"","ast-breadcrumbs-content":"","ast-featured-img":"","footer-sml-layout":"","theme-transparent-header-meta":"default","adv-header-id-meta":"","stick-header-meta":"","header-above-stick-meta":"","header-main-stick-meta":"","header-below-stick-meta":"","astra-migrate-meta-layouts":"set","ast-page-background-enabled":"default","ast-page-background-meta":{"desktop":{"background-color":"var(--ast-global-color-4)","background-image":"","background-repeat":"repeat","background-position":"center center","background-size":"auto","background-attachment":"scroll","background-type":"","background-media":"","overlay-type":"","overlay-color":"","overlay-opacity":"","overlay-gradient":""},"tablet":{"background-color":"","background-image":"","background-repeat":"repeat","background-position":"center center","background-size":"auto","background-attachment":"scroll","background-type":"","background-media":"","overlay-type":"","overlay-color":"","overlay-opacity":"","overlay-gradient":""},"mobile":{"background-color":"","background-image":"","background-repeat":"repeat","background-position":"center center","background-size":"auto","background-attachment":"scroll","background-type":"","background-media":"","overlay-type":"","overlay-color":"","overlay-opacity":"","overlay-gradient":""}},"ast-content-background-meta":{"desktop":{"background-color":"var(--ast-global-color-5)","background-image":"","background-repeat":"repeat","background-position":"center center","background-size":"auto","background-attachment":"scroll","background-type":"","background-media":"","overlay-type":"","overlay-color":"","overlay-opacity":"","overlay-gradient":""},"tablet":{"background-color":"var(--ast-global-color-5)","background-image":"","background-repeat":"repeat","background-position":"center center","background-size":"auto","background-attachment":"scroll","background-type":"","background-media":"","overlay-type":"","overlay-color":"","overlay-opacity":"","overlay-gradient":""},"mobile":{"background-color":"var(--ast-global-color-5)","background-image":"","background-repeat":"repeat","background-position":"center center","background-size":"auto","background-attachment":"scroll","background-type":"","background-media":"","overlay-type":"","overlay-color":"","overlay-opacity":"","overlay-gradient":""}},"footnotes":""},"class_list":["post-38","page","type-page","status-publish","hentry"],"post_mailing_queue_ids":[],"_links":{"self":[{"href":"https:\/\/agora.xtec.cat\/ceiplescodinetes\/wp-json\/wp\/v2\/pages\/38","targetHints":{"allow":["GET"]}}],"collection":[{"href":"https:\/\/agora.xtec.cat\/ceiplescodinetes\/wp-json\/wp\/v2\/pages"}],"about":[{"href":"https:\/\/agora.xtec.cat\/ceiplescodinetes\/wp-json\/wp\/v2\/types\/page"}],"author":[{"embeddable":true,"href":"https:\/\/agora.xtec.cat\/ceiplescodinetes\/wp-json\/wp\/v2\/users\/1"}],"replies":[{"embeddable":true,"href":"https:\/\/agora.xtec.cat\/ceiplescodinetes\/wp-json\/wp\/v2\/comments?post=38"}],"version-history":[{"count":4,"href":"https:\/\/agora.xtec.cat\/ceiplescodinetes\/wp-json\/wp\/v2\/pages\/38\/revisions"}],"predecessor-version":[{"id":7036,"href":"https:\/\/agora.xtec.cat\/ceiplescodinetes\/wp-json\/wp\/v2\/pages\/38\/revisions\/7036"}],"up":[{"embeddable":true,"href":"https:\/\/agora.xtec.cat\/ceiplescodinetes\/wp-json\/wp\/v2\/pages\/22"}],"wp:attachment":[{"href":"https:\/\/agora.xtec.cat\/ceiplescodinetes\/wp-json\/wp\/v2\/media?parent=38"}],"curies":[{"name":"wp","href":"https:\/\/api.w.org\/{rel}","templated":true}]}}