{"id":3695,"date":"2020-11-23T13:00:44","date_gmt":"2020-11-23T12:00:44","guid":{"rendered":"http:\/\/agora.xtec.cat\/ceiplescodinetes\/?page_id=3695"},"modified":"2022-02-09T15:21:29","modified_gmt":"2022-02-09T14:21:29","slug":"el-consell-dinfants","status":"publish","type":"page","link":"https:\/\/agora.xtec.cat\/ceiplescodinetes\/projecte-educatiu\/el-consell-dinfants\/","title":{"rendered":"El consell d&#8217;infants"},"content":{"rendered":"<p><a href=\"https:\/\/agora.xtec.cat\/ceiplescodinetes\/wp-content\/uploads\/usu1661\/2022\/02\/MANS-PETITES.jpg\"><img loading=\"lazy\" decoding=\"async\" class=\"size-full wp-image-4958 aligncenter\" src=\"https:\/\/agora.xtec.cat\/ceiplescodinetes\/wp-content\/uploads\/usu1661\/2022\/02\/MANS-PETITES.jpg\" alt=\"\" width=\"622\" height=\"252\" srcset=\"https:\/\/agora.xtec.cat\/ceiplescodinetes\/wp-content\/uploads\/usu1661\/2022\/02\/MANS-PETITES.jpg 622w, https:\/\/agora.xtec.cat\/ceiplescodinetes\/wp-content\/uploads\/usu1661\/2022\/02\/MANS-PETITES-300x122.jpg 300w\" sizes=\"auto, (max-width: 622px) 100vw, 622px\" \/><\/a><\/p>\n<p>&nbsp;<\/p>\n<h3><span style=\"color: #00ccff;\"><strong>Qu\u00e8 \u00e9s?<\/strong><\/span><\/h3>\n<h4>El Consell d\u2019Infants \u00e9s un \u00f2rgan de participaci\u00f3 de i per als nens i nenes de l\u2019escola, on poden intervenir, <strong>dir la seva<\/strong> i decidir els temes que estan relacionats directament amb ells\/es.<\/h4>\n<p>&nbsp;<\/p>\n<h4><span style=\"color: #00ccff;\"><strong>Qui en forma part?<\/strong><\/span><\/h4>\n<h4>Un delegat\/da de cada classe (de 1r a 6\u00e8), direcci\u00f3 i diferents membres de la comunitat educativa que es puguin convidar.<\/h4>\n<p>&nbsp;<\/p>\n<h4><span style=\"color: #00ccff;\"><strong>Funcions<\/strong><\/span><\/h4>\n<h4>Les funcions del Consell d\u2019Infants s\u00f3n con\u00e8ixer, observar, valorar, opinar, reivindicar, proposar, dissenyar\u2026.. en tots aquells temes relacionats amb l\u2019escola i amb els infants.<\/h4>\n<h4>El treball del Consell d\u2019Infants s\u2019organitza en unes reunions peri\u00f2diques. Es tracta de fer propostes, ajudar a dissenyar un projecte d\u2019escola des de la seva mirada d\u2019infants. Aquests nens i nenes representen als seus companys i companyes , i \u00e9s per aix\u00f2 que han de recollir les idees dels altres infants i fer les aportacions.<\/h4>\n<p>&nbsp;<\/p>\n<p><a href=\"https:\/\/agora.xtec.cat\/ceiplescodinetes\/wp-content\/uploads\/usu1661\/2022\/02\/CONS-INF.jpg\"><img loading=\"lazy\" decoding=\"async\" class=\"wp-image-4956 aligncenter\" src=\"https:\/\/agora.xtec.cat\/ceiplescodinetes\/wp-content\/uploads\/usu1661\/2022\/02\/CONS-INF-1024x565.jpg\" alt=\"\" width=\"826\" height=\"455\" srcset=\"https:\/\/agora.xtec.cat\/ceiplescodinetes\/wp-content\/uploads\/usu1661\/2022\/02\/CONS-INF-1024x565.jpg 1024w, https:\/\/agora.xtec.cat\/ceiplescodinetes\/wp-content\/uploads\/usu1661\/2022\/02\/CONS-INF-300x165.jpg 300w, https:\/\/agora.xtec.cat\/ceiplescodinetes\/wp-content\/uploads\/usu1661\/2022\/02\/CONS-INF-768x423.jpg 768w, https:\/\/agora.xtec.cat\/ceiplescodinetes\/wp-content\/uploads\/usu1661\/2022\/02\/CONS-INF.jpg 1440w\" sizes=\"auto, (max-width: 826px) 100vw, 826px\" \/><\/a><\/p>\n<p>&nbsp;<\/p>\n<p>&nbsp;<\/p>\n<p>&nbsp;<\/p>\n<p>&nbsp;<\/p>\n<p>&nbsp;<\/p>\n<p>&nbsp;<\/p>\n","protected":false},"excerpt":{"rendered":"<p>&nbsp; Qu\u00e8 \u00e9s? El Consell d\u2019Infants \u00e9s un \u00f2rgan de participaci\u00f3 de i per als nens i nenes de l\u2019escola, on poden intervenir, dir la seva i decidir els temes que estan relacionats directament amb ells\/es. &nbsp; Qui en forma part? Un delegat\/da de cada classe (de 1r a 6\u00e8), direcci\u00f3 i diferents membres de [&hellip;]<\/p>\n","protected":false},"author":1,"featured_media":0,"parent":64,"menu_order":0,"comment_status":"closed","ping_status":"closed","template":"page-templates\/side-menu.php","meta":{"_bbp_topic_count":0,"_bbp_reply_count":0,"_bbp_total_topic_count":0,"_bbp_total_reply_count":0,"_bbp_voice_count":0,"_bbp_anonymous_reply_count":0,"_bbp_topic_count_hidden":0,"_bbp_reply_count_hidden":0,"_bbp_forum_subforum_count":0,"site-sidebar-layout":"default","site-content-layout":"","ast-site-content-layout":"","site-content-style":"default","site-sidebar-style":"default","ast-global-header-display":"","ast-banner-title-visibility":"","ast-main-header-display":"","ast-hfb-above-header-display":"","ast-hfb-below-header-display":"","ast-hfb-mobile-header-display":"","site-post-title":"","ast-breadcrumbs-content":"","ast-featured-img":"","footer-sml-layout":"","theme-transparent-header-meta":"","adv-header-id-meta":"","stick-header-meta":"","header-above-stick-meta":"","header-main-stick-meta":"","header-below-stick-meta":"","astra-migrate-meta-layouts":"default","ast-page-background-enabled":"default","ast-page-background-meta":{"desktop":{"background-color":"var(--ast-global-color-4)","background-image":"","background-repeat":"repeat","background-position":"center center","background-size":"auto","background-attachment":"scroll","background-type":"","background-media":"","overlay-type":"","overlay-color":"","overlay-opacity":"","overlay-gradient":""},"tablet":{"background-color":"","background-image":"","background-repeat":"repeat","background-position":"center center","background-size":"auto","background-attachment":"scroll","background-type":"","background-media":"","overlay-type":"","overlay-color":"","overlay-opacity":"","overlay-gradient":""},"mobile":{"background-color":"","background-image":"","background-repeat":"repeat","background-position":"center center","background-size":"auto","background-attachment":"scroll","background-type":"","background-media":"","overlay-type":"","overlay-color":"","overlay-opacity":"","overlay-gradient":""}},"ast-content-background-meta":{"desktop":{"background-color":"var(--ast-global-color-5)","background-image":"","background-repeat":"repeat","background-position":"center center","background-size":"auto","background-attachment":"scroll","background-type":"","background-media":"","overlay-type":"","overlay-color":"","overlay-opacity":"","overlay-gradient":""},"tablet":{"background-color":"var(--ast-global-color-5)","background-image":"","background-repeat":"repeat","background-position":"center center","background-size":"auto","background-attachment":"scroll","background-type":"","background-media":"","overlay-type":"","overlay-color":"","overlay-opacity":"","overlay-gradient":""},"mobile":{"background-color":"var(--ast-global-color-5)","background-image":"","background-repeat":"repeat","background-position":"center center","background-size":"auto","background-attachment":"scroll","background-type":"","background-media":"","overlay-type":"","overlay-color":"","overlay-opacity":"","overlay-gradient":""}},"footnotes":""},"class_list":["post-3695","page","type-page","status-publish","hentry"],"post_mailing_queue_ids":[],"_links":{"self":[{"href":"https:\/\/agora.xtec.cat\/ceiplescodinetes\/wp-json\/wp\/v2\/pages\/3695","targetHints":{"allow":["GET"]}}],"collection":[{"href":"https:\/\/agora.xtec.cat\/ceiplescodinetes\/wp-json\/wp\/v2\/pages"}],"about":[{"href":"https:\/\/agora.xtec.cat\/ceiplescodinetes\/wp-json\/wp\/v2\/types\/page"}],"author":[{"embeddable":true,"href":"https:\/\/agora.xtec.cat\/ceiplescodinetes\/wp-json\/wp\/v2\/users\/1"}],"replies":[{"embeddable":true,"href":"https:\/\/agora.xtec.cat\/ceiplescodinetes\/wp-json\/wp\/v2\/comments?post=3695"}],"version-history":[{"count":3,"href":"https:\/\/agora.xtec.cat\/ceiplescodinetes\/wp-json\/wp\/v2\/pages\/3695\/revisions"}],"predecessor-version":[{"id":4961,"href":"https:\/\/agora.xtec.cat\/ceiplescodinetes\/wp-json\/wp\/v2\/pages\/3695\/revisions\/4961"}],"up":[{"embeddable":true,"href":"https:\/\/agora.xtec.cat\/ceiplescodinetes\/wp-json\/wp\/v2\/pages\/64"}],"wp:attachment":[{"href":"https:\/\/agora.xtec.cat\/ceiplescodinetes\/wp-json\/wp\/v2\/media?parent=3695"}],"curies":[{"name":"wp","href":"https:\/\/api.w.org\/{rel}","templated":true}]}}