{"id":2177,"date":"2019-11-10T20:55:42","date_gmt":"2019-11-10T19:55:42","guid":{"rendered":"http:\/\/agora.xtec.cat\/ceiplescodinetes\/?page_id=2177"},"modified":"2023-11-02T10:45:14","modified_gmt":"2023-11-02T09:45:14","slug":"enllacos-dinteres","status":"publish","type":"page","link":"https:\/\/agora.xtec.cat\/ceiplescodinetes\/enllacos-dinteres\/","title":{"rendered":"Enlla\u00e7os d&#8217;inter\u00e8s"},"content":{"rendered":"<p><a href=\"http:\/\/xtec.gencat.cat\/ca\/\" target=\"_blank\" rel=\"noopener noreferrer\">Portal web del Departament d\u2019Educaci\u00f3<\/a><\/p>\n<p><a href=\"http:\/\/www.noudegaia.altanet.org\/\" target=\"_blank\" rel=\"noopener noreferrer\">Ajuntament de La Nou de Gai\u00e0<\/a><\/p>\n<p><a href=\"http:\/\/www.vespella.altanet.org\/\" target=\"_blank\" rel=\"noopener noreferrer\">Ajuntament de Vespella de Gai\u00e0<\/a><\/p>\n<p><a href=\"https:\/\/ampalescodinetes.wordpress.com\/\" target=\"_blank\" rel=\"noopener noreferrer\">AFA (Associaci\u00f3 de Fam\u00edlies d&#8217;Alumnes) Les Codinetes<\/a><\/p>\n<p><a href=\"http:\/\/www.edu365.cat\/\" target=\"_blank\" rel=\"noopener noreferrer\">Edu365 Portal del Departament d\u2019Educaci\u00f3 per a pares i alumnes, amb not\u00edcies, agenda, novetats, canals, xats i apartats per nivells educatius<\/a><\/p>\n<p><a href=\"https:\/\/blocs.xtec.cat\/coeducacioiigualtat\/?_ga=2.265122696.685125624.1677507968-2109889762.1675775401\" target=\"_blank\" rel=\"noopener\">Coeducaci\u00f3 i perspectiva de g\u00e8nere<\/a><\/p>\n<p><a href=\"https:\/\/www.repteexperimenta.cat\/\" target=\"_blank\" rel=\"noopener\">eXPERIMENTS a casa amb la URV!<\/a><\/p>\n<p><a href=\"https:\/\/www.paresinens.cat\/\" target=\"_blank\" rel=\"noopener noreferrer\">Revista familiar en catal\u00e0<\/a><\/p>\n<p><a href=\"https:\/\/sites.google.com\/a\/xtec.cat\/rdzereral\/cm-i-cs-matematiques\" target=\"_blank\" rel=\"noopener noreferrer\">Recursos digitals per ensenyar, aprendre i treballar<\/a><\/p>\n<p><a href=\"https:\/\/www.vallegim.cat\/\" target=\"_blank\" rel=\"noopener\">Suport a la lectura<\/a><\/p>\n<p><a href=\"http:\/\/natibergada.cat\/20-webs-de-recursos-educatius-que-no-et-pots-perdre\" target=\"_blank\" rel=\"noopener noreferrer\">Web amb diferents recursos educatius<\/a><\/p>\n<p><a href=\"http:\/\/www.edibadigital.com\/index.php?option=com_inicio&amp;format=raw&amp;lang=es#ni%C3%B1os-de-hasta-5-a%C3%B1os\" target=\"_blank\" rel=\"noopener noreferrer\">Web amb recursos educatius adre\u00e7ats a educaci\u00f3 infantil<\/a><\/p>\n<p><a href=\"http:\/\/blocs.xtec.cat\/recursosee\/lectura-eficac\/\" target=\"_blank\" rel=\"noopener noreferrer\">Web amb un recull de recursos per treballar la lectura efica\u00e7<\/a><\/p>\n<p><a href=\"https:\/\/sites.google.com\/a\/xtec.cat\/rdzereral\/cm-i-cs-catala\/eficacia-lectora\" target=\"_blank\" rel=\"noopener noreferrer\">Web amb un recull de recursos per treballar la lectura efica\u00e7 a cicle mitj\u00e0 i cicle superior<\/a><\/p>\n<p><a href=\"http:\/\/www.symbaloo.com\/mix\/activitatsllengua?searched=true\" target=\"_blank\" rel=\"noopener noreferrer\">Recull d\u2019activitats de llengua<\/a><\/p>\n<p><a href=\"https:\/\/sites.google.com\/a\/xtec.cat\/llengua-ae\/avaluacio-cb-primaria\" target=\"_blank\" rel=\"noopener noreferrer\">Recull de les proves de compet\u00e8ncies b\u00e0siques de 6\u00e8 i activitats de llengua<\/a><\/p>\n<p><a href=\"http:\/\/www.maestrosdeaudicionylenguaje.com\/\" target=\"_blank\" rel=\"noopener noreferrer\">Activitats per treballar l\u2019audici\u00f3 i el llenguatge<\/a><\/p>\n<p><a href=\"http:\/\/pedagogoterapeuta.blogspot.com.es\/2011\/03\/recull-materials-catala-de-na-marina.html\" target=\"_blank\" rel=\"noopener noreferrer\">Recull de materials en catal\u00e0<\/a><\/p>\n<p><a href=\"https:\/\/www.mundoprimaria.com\/\" target=\"_blank\" rel=\"noopener noreferrer\">Portal educatiu amb exercicis interactius en castell\u00e0<\/a><\/p>\n<p><a href=\"https:\/\/www.educaplay.com\/es\/recursoseducativos\/\" target=\"_blank\" rel=\"noopener noreferrer\">Cercador de recursos interactius<\/a><\/p>\n<p><a href=\"http:\/\/clic.xtec.cat\/db\/listact_ca.jsp\" target=\"_blank\" rel=\"noopener noreferrer\">Activitats JClic<\/a><\/p>\n<p><a href=\"http:\/\/www.xtec.cat\/~jdomen15\/\" target=\"_blank\" rel=\"noopener noreferrer\">El cab\u00e0s de les fitxes (cicle inicial)<\/a><\/p>\n<p><a href=\"https:\/\/sites.google.com\/a\/xtec.cat\/rdzereral\/cm-i-cs-matematiques\/jocs-matematics-i-enigmes\" target=\"_blank\" rel=\"noopener noreferrer\">Enigmes i diversos<\/a><\/p>\n<p><a href=\"http:\/\/paraprofesypadres.blogspot.com.es\/p\/generadores-tic-para-profes.html\" target=\"_blank\" rel=\"noopener noreferrer\">Generadors de mapes, de r\u00fabriques d\u2019operacions\u2026<\/a><\/p>\n<p><a href=\"https:\/\/agora.xtec.cat\/cesire\/projectes\/stem-steam\/medi_steam-per-un-futur-possible\/\" target=\"_blank\" rel=\"noopener noreferrer\">Web del CESIRE<\/a><\/p>\n<p><a href=\"https:\/\/projectes.xtec.cat\/consescat\/\" target=\"_blank\" rel=\"noopener noreferrer\">Consell Escolar de Catalunya<\/a><\/p>\n","protected":false},"excerpt":{"rendered":"<p>Portal web del Departament d\u2019Educaci\u00f3 Ajuntament de La Nou de Gai\u00e0 Ajuntament de Vespella de Gai\u00e0 AFA (Associaci\u00f3 de Fam\u00edlies d&#8217;Alumnes) Les Codinetes Edu365 Portal del Departament d\u2019Educaci\u00f3 per a pares i alumnes, amb not\u00edcies, agenda, novetats, canals, xats i apartats per nivells educatius Coeducaci\u00f3 i perspectiva de g\u00e8nere eXPERIMENTS a casa amb la URV! [&hellip;]<\/p>\n","protected":false},"author":1,"featured_media":0,"parent":0,"menu_order":0,"comment_status":"closed","ping_status":"closed","template":"page-templates\/side-menu.php","meta":{"_bbp_topic_count":0,"_bbp_reply_count":0,"_bbp_total_topic_count":0,"_bbp_total_reply_count":0,"_bbp_voice_count":0,"_bbp_anonymous_reply_count":0,"_bbp_topic_count_hidden":0,"_bbp_reply_count_hidden":0,"_bbp_forum_subforum_count":0,"site-sidebar-layout":"default","site-content-layout":"","ast-site-content-layout":"","site-content-style":"default","site-sidebar-style":"default","ast-global-header-display":"","ast-banner-title-visibility":"","ast-main-header-display":"","ast-hfb-above-header-display":"","ast-hfb-below-header-display":"","ast-hfb-mobile-header-display":"","site-post-title":"","ast-breadcrumbs-content":"","ast-featured-img":"","footer-sml-layout":"","theme-transparent-header-meta":"","adv-header-id-meta":"","stick-header-meta":"","header-above-stick-meta":"","header-main-stick-meta":"","header-below-stick-meta":"","astra-migrate-meta-layouts":"default","ast-page-background-enabled":"default","ast-page-background-meta":{"desktop":{"background-color":"var(--ast-global-color-4)","background-image":"","background-repeat":"repeat","background-position":"center center","background-size":"auto","background-attachment":"scroll","background-type":"","background-media":"","overlay-type":"","overlay-color":"","overlay-opacity":"","overlay-gradient":""},"tablet":{"background-color":"","background-image":"","background-repeat":"repeat","background-position":"center center","background-size":"auto","background-attachment":"scroll","background-type":"","background-media":"","overlay-type":"","overlay-color":"","overlay-opacity":"","overlay-gradient":""},"mobile":{"background-color":"","background-image":"","background-repeat":"repeat","background-position":"center center","background-size":"auto","background-attachment":"scroll","background-type":"","background-media":"","overlay-type":"","overlay-color":"","overlay-opacity":"","overlay-gradient":""}},"ast-content-background-meta":{"desktop":{"background-color":"var(--ast-global-color-5)","background-image":"","background-repeat":"repeat","background-position":"center center","background-size":"auto","background-attachment":"scroll","background-type":"","background-media":"","overlay-type":"","overlay-color":"","overlay-opacity":"","overlay-gradient":""},"tablet":{"background-color":"var(--ast-global-color-5)","background-image":"","background-repeat":"repeat","background-position":"center center","background-size":"auto","background-attachment":"scroll","background-type":"","background-media":"","overlay-type":"","overlay-color":"","overlay-opacity":"","overlay-gradient":""},"mobile":{"background-color":"var(--ast-global-color-5)","background-image":"","background-repeat":"repeat","background-position":"center center","background-size":"auto","background-attachment":"scroll","background-type":"","background-media":"","overlay-type":"","overlay-color":"","overlay-opacity":"","overlay-gradient":""}},"footnotes":""},"class_list":["post-2177","page","type-page","status-publish","hentry"],"post_mailing_queue_ids":[],"_links":{"self":[{"href":"https:\/\/agora.xtec.cat\/ceiplescodinetes\/wp-json\/wp\/v2\/pages\/2177","targetHints":{"allow":["GET"]}}],"collection":[{"href":"https:\/\/agora.xtec.cat\/ceiplescodinetes\/wp-json\/wp\/v2\/pages"}],"about":[{"href":"https:\/\/agora.xtec.cat\/ceiplescodinetes\/wp-json\/wp\/v2\/types\/page"}],"author":[{"embeddable":true,"href":"https:\/\/agora.xtec.cat\/ceiplescodinetes\/wp-json\/wp\/v2\/users\/1"}],"replies":[{"embeddable":true,"href":"https:\/\/agora.xtec.cat\/ceiplescodinetes\/wp-json\/wp\/v2\/comments?post=2177"}],"version-history":[{"count":4,"href":"https:\/\/agora.xtec.cat\/ceiplescodinetes\/wp-json\/wp\/v2\/pages\/2177\/revisions"}],"predecessor-version":[{"id":5839,"href":"https:\/\/agora.xtec.cat\/ceiplescodinetes\/wp-json\/wp\/v2\/pages\/2177\/revisions\/5839"}],"wp:attachment":[{"href":"https:\/\/agora.xtec.cat\/ceiplescodinetes\/wp-json\/wp\/v2\/media?parent=2177"}],"curies":[{"name":"wp","href":"https:\/\/api.w.org\/{rel}","templated":true}]}}