{"id":1588,"date":"2018-06-22T09:11:49","date_gmt":"2018-06-22T07:11:49","guid":{"rendered":"http:\/\/agora.xtec.cat\/ceiplescodinetes\/?page_id=1588"},"modified":"2021-04-19T14:39:04","modified_gmt":"2021-04-19T12:39:04","slug":"documentacio-faristol-a-lescola","status":"publish","type":"page","link":"https:\/\/agora.xtec.cat\/ceiplescodinetes\/projecte-educatiu\/documentacio-faristol-a-lescola\/","title":{"rendered":"Projecte &#8220;Faristol a l&#8217;escola&#8221;"},"content":{"rendered":"<p>A l\u2019escola Les Codinetes s\u2019ha valorat molt positivament el fet d\u2019utilitzar el faristol com a eina educativa per facilitar als alumnes en l\u2019expressi\u00f3 oral. En les reunions de coordinaci\u00f3 que es fan amb l\u2019Institut d\u2019Altafulla que \u00e9s el que tenen adscrit els nostres alumnes es va comentar que calia fer una millora de l\u2019expressi\u00f3 oral i sobretot que calia fer-los perdre la por des de ben petits a parlar en p\u00fablic.<\/p>\n<p>A l\u2019escola Les Codinetes es va valorar la possibilitat d\u2019introduir el teatre com a recurs . I cada curs es fan representacions teatrals que arriben a les fam\u00edlies al finalitzar el trimestre. I l\u2018eina del faristol en el moment de presentar-se els ajuda a tenir m\u00e9s confian\u00e7a quan cal fer algun acte davant d\u2019un p\u00fablic ;ja sigui l \u2019aula, l \u2019escola o fins i tot la comunitat educativa i del municipi.<\/p>\n<p>&nbsp;<\/p>\n<p><em><a href=\"https:\/\/drive.google.com\/file\/d\/1IGjpSQNd4jAv3tDK3pAucak7yp-J69TX\/view?usp=sharing\"><strong>Documentaci\u00f3 Projecte Faristol<\/strong> <\/a><\/em><\/p>\n<p>&nbsp;<\/p>\n<p>V\u00eddeos amb l&#8217;aplicaci\u00f3 did\u00e0ctica del faristol a les diferents classes.<\/p>\n<p>&amp;nbsp;<\/p>\n<div class=\"ast-oembed-container \" style=\"height: 100%;\"><iframe loading=\"lazy\" title=\"Faristol p4 p5\" width=\"500\" height=\"281\" src=\"https:\/\/www.youtube.com\/embed\/TT0oat1hWe8?feature=oembed\" frameborder=\"0\" allow=\"accelerometer; autoplay; clipboard-write; encrypted-media; gyroscope; picture-in-picture; web-share\" referrerpolicy=\"strict-origin-when-cross-origin\" allowfullscreen><\/iframe><\/div>\n<p>&amp;nbsp;<\/p>\n<div class=\"ast-oembed-container \" style=\"height: 100%;\"><iframe loading=\"lazy\" title=\"faristol 1r\" width=\"500\" height=\"281\" src=\"https:\/\/www.youtube.com\/embed\/ZBjLZ78n7v4?feature=oembed\" frameborder=\"0\" allow=\"accelerometer; autoplay; clipboard-write; encrypted-media; gyroscope; picture-in-picture; web-share\" referrerpolicy=\"strict-origin-when-cross-origin\" allowfullscreen><\/iframe><\/div>\n<div class=\"ast-oembed-container \" style=\"height: 100%;\"><iframe loading=\"lazy\" title=\"Faristol 2n\" width=\"500\" height=\"281\" src=\"https:\/\/www.youtube.com\/embed\/nEQHJIuKeb4?feature=oembed\" frameborder=\"0\" allow=\"accelerometer; autoplay; clipboard-write; encrypted-media; gyroscope; picture-in-picture; web-share\" referrerpolicy=\"strict-origin-when-cross-origin\" allowfullscreen><\/iframe><\/div>\n<div class=\"ast-oembed-container \" style=\"height: 100%;\"><iframe loading=\"lazy\" title=\"faristol 3r\" width=\"500\" height=\"281\" src=\"https:\/\/www.youtube.com\/embed\/GZq4B1bZqhE?feature=oembed\" frameborder=\"0\" allow=\"accelerometer; autoplay; clipboard-write; encrypted-media; gyroscope; picture-in-picture; web-share\" referrerpolicy=\"strict-origin-when-cross-origin\" allowfullscreen><\/iframe><\/div>\n<div class=\"ast-oembed-container \" style=\"height: 100%;\"><iframe loading=\"lazy\" title=\"faristol 4t\" width=\"500\" height=\"281\" src=\"https:\/\/www.youtube.com\/embed\/rkSNYmAseuU?feature=oembed\" frameborder=\"0\" allow=\"accelerometer; autoplay; clipboard-write; encrypted-media; gyroscope; picture-in-picture; web-share\" referrerpolicy=\"strict-origin-when-cross-origin\" allowfullscreen><\/iframe><\/div>\n<div class=\"ast-oembed-container \" style=\"height: 100%;\"><iframe loading=\"lazy\" title=\"faristol cicle superior\" width=\"500\" height=\"281\" src=\"https:\/\/www.youtube.com\/embed\/YfRB8uvvFys?feature=oembed\" frameborder=\"0\" allow=\"accelerometer; autoplay; clipboard-write; encrypted-media; gyroscope; picture-in-picture; web-share\" referrerpolicy=\"strict-origin-when-cross-origin\" allowfullscreen><\/iframe><\/div>\n<p>&nbsp;<\/p>\n","protected":false},"excerpt":{"rendered":"<p>A l\u2019escola Les Codinetes s\u2019ha valorat molt positivament el fet d\u2019utilitzar el faristol com a eina educativa per facilitar als alumnes en l\u2019expressi\u00f3 oral. En les reunions de coordinaci\u00f3 que es fan amb l\u2019Institut d\u2019Altafulla que \u00e9s el que tenen adscrit els nostres alumnes es va comentar que calia fer una millora de l\u2019expressi\u00f3 oral [&hellip;]<\/p>\n","protected":false},"author":1,"featured_media":0,"parent":64,"menu_order":0,"comment_status":"closed","ping_status":"closed","template":"page-templates\/side-menu.php","meta":{"_bbp_topic_count":0,"_bbp_reply_count":0,"_bbp_total_topic_count":0,"_bbp_total_reply_count":0,"_bbp_voice_count":0,"_bbp_anonymous_reply_count":0,"_bbp_topic_count_hidden":0,"_bbp_reply_count_hidden":0,"_bbp_forum_subforum_count":0,"site-sidebar-layout":"default","site-content-layout":"","ast-site-content-layout":"","site-content-style":"default","site-sidebar-style":"default","ast-global-header-display":"","ast-banner-title-visibility":"","ast-main-header-display":"","ast-hfb-above-header-display":"","ast-hfb-below-header-display":"","ast-hfb-mobile-header-display":"","site-post-title":"","ast-breadcrumbs-content":"","ast-featured-img":"","footer-sml-layout":"","theme-transparent-header-meta":"","adv-header-id-meta":"","stick-header-meta":"","header-above-stick-meta":"","header-main-stick-meta":"","header-below-stick-meta":"","astra-migrate-meta-layouts":"default","ast-page-background-enabled":"default","ast-page-background-meta":{"desktop":{"background-color":"var(--ast-global-color-4)","background-image":"","background-repeat":"repeat","background-position":"center center","background-size":"auto","background-attachment":"scroll","background-type":"","background-media":"","overlay-type":"","overlay-color":"","overlay-opacity":"","overlay-gradient":""},"tablet":{"background-color":"","background-image":"","background-repeat":"repeat","background-position":"center center","background-size":"auto","background-attachment":"scroll","background-type":"","background-media":"","overlay-type":"","overlay-color":"","overlay-opacity":"","overlay-gradient":""},"mobile":{"background-color":"","background-image":"","background-repeat":"repeat","background-position":"center center","background-size":"auto","background-attachment":"scroll","background-type":"","background-media":"","overlay-type":"","overlay-color":"","overlay-opacity":"","overlay-gradient":""}},"ast-content-background-meta":{"desktop":{"background-color":"var(--ast-global-color-5)","background-image":"","background-repeat":"repeat","background-position":"center center","background-size":"auto","background-attachment":"scroll","background-type":"","background-media":"","overlay-type":"","overlay-color":"","overlay-opacity":"","overlay-gradient":""},"tablet":{"background-color":"var(--ast-global-color-5)","background-image":"","background-repeat":"repeat","background-position":"center center","background-size":"auto","background-attachment":"scroll","background-type":"","background-media":"","overlay-type":"","overlay-color":"","overlay-opacity":"","overlay-gradient":""},"mobile":{"background-color":"var(--ast-global-color-5)","background-image":"","background-repeat":"repeat","background-position":"center center","background-size":"auto","background-attachment":"scroll","background-type":"","background-media":"","overlay-type":"","overlay-color":"","overlay-opacity":"","overlay-gradient":""}},"footnotes":""},"class_list":["post-1588","page","type-page","status-publish","hentry"],"post_mailing_queue_ids":[],"_links":{"self":[{"href":"https:\/\/agora.xtec.cat\/ceiplescodinetes\/wp-json\/wp\/v2\/pages\/1588","targetHints":{"allow":["GET"]}}],"collection":[{"href":"https:\/\/agora.xtec.cat\/ceiplescodinetes\/wp-json\/wp\/v2\/pages"}],"about":[{"href":"https:\/\/agora.xtec.cat\/ceiplescodinetes\/wp-json\/wp\/v2\/types\/page"}],"author":[{"embeddable":true,"href":"https:\/\/agora.xtec.cat\/ceiplescodinetes\/wp-json\/wp\/v2\/users\/1"}],"replies":[{"embeddable":true,"href":"https:\/\/agora.xtec.cat\/ceiplescodinetes\/wp-json\/wp\/v2\/comments?post=1588"}],"version-history":[{"count":3,"href":"https:\/\/agora.xtec.cat\/ceiplescodinetes\/wp-json\/wp\/v2\/pages\/1588\/revisions"}],"predecessor-version":[{"id":4155,"href":"https:\/\/agora.xtec.cat\/ceiplescodinetes\/wp-json\/wp\/v2\/pages\/1588\/revisions\/4155"}],"up":[{"embeddable":true,"href":"https:\/\/agora.xtec.cat\/ceiplescodinetes\/wp-json\/wp\/v2\/pages\/64"}],"wp:attachment":[{"href":"https:\/\/agora.xtec.cat\/ceiplescodinetes\/wp-json\/wp\/v2\/media?parent=1588"}],"curies":[{"name":"wp","href":"https:\/\/api.w.org\/{rel}","templated":true}]}}