{"id":71,"date":"2014-09-18T12:44:56","date_gmt":"2014-09-18T10:44:56","guid":{"rendered":"http:\/\/agora.xtec.cat\/ceiplesbasseroles-seva\/\/?page_id=71"},"modified":"2018-11-05T21:47:18","modified_gmt":"2018-11-05T20:47:18","slug":"serveis-digitals","status":"publish","type":"page","link":"https:\/\/agora.xtec.cat\/ceiplesbasseroles-seva\/serveis-digitals\/","title":{"rendered":"Fases de Creaci\u00f3 de la Comunitat"},"content":{"rendered":"<p>1. FASE DE SENSIBILITZACI\u00d3<\/p>\n<p>\u009bEns posem amb contacte amb el Departament d\u2019Educaci\u00f3 (primer trimestre del curs 2010-11).<\/p>\n<p>\u009bEl Departament ens organitza un seminari de formaci\u00f3 a la nostra escola sobre Comunitats d\u2019Aprenentatge. S\u00f3n 10 sessions de dues hores cadascuna. Hi participa el claustre de mestres i est\u00e0 obert a familiars. Segon i tercer trimestre curs 2010-11.<\/p>\n<p>\u009bEns d\u00f3na la formaci\u00f3 el CREA (centre d\u2019 investigaci\u00f3 social i educativa de la Universitat de Barcelona).<\/p>\n<p>\u009b<\/p>\n<p>\u009bL\u2019equip de mestres assisteix a diferents jornades de Comunitats d\u2019Aprenentatge.<\/p>\n<p>2. FASE PRESA DE DECISSI\u00d3<\/p>\n<p>\u009b\u00c9s el moment de decidir iniciar el projecte de transformaci\u00f3 del centre en Comunitat d\u2019Aprenentatge.<\/p>\n<p>\u009bEls requisits per poder tirar endavant el projecte:<\/p>\n<p>\u009b<b>El 90% del claustre ha d\u2019estar a favor.<\/b><\/p>\n<p>\u009b<b>El 80% de les fam\u00edlies.<\/b><\/p>\n<p>\u009bA la nostra escola &#8230;<\/p>\n<p style=\"text-align: center;\">\u009bVotaci\u00f3 del claustre \u00e0 100% a favor.<\/p>\n<p style=\"text-align: center;\">\u009bVotaci\u00f3 fam\u00edlies \u00e0 83% a favor.<\/p>\n<p>Adjudicaci\u00f3 de la persona formadora que ens ajudar\u00e0 durant el proc\u00e9s de transformaci\u00f3, Ricard Lasheras (director de l\u2019escola El Lledoner de Granollers).<\/p>\n<p>3. FASE DEL SOMNI<br \/>\n(transformaci\u00f3. Tercer trimestre 2010-11)<\/p>\n<p>\u009bTothom somia com vol l\u2019escola (nens, nenes, mestres, familiars, entitats, gent del poble, casal d\u2019avis,&#8230;).<\/p>\n<p>\u009b\u009bTots els somnis s\u00f3n v\u00e0lids i no hi ha limitacions.<\/p>\n<p>\u009bMestres i voluntaris van\u00a0 organitzar els somnis de tota la comunitat.<\/p>\n<p>\u009bVan sorgir 13 projectes.<\/p>\n<p>\u009bAssemblea en la que es van presentar tots els somnis englobats en aquests 13 projectes<\/p>\n<p>.<a href=\"http:\/\/agora.xtec.cat\/ceiplesbasseroles-seva\/wp-content\/uploads\/usu97\/2014\/09\/P1030517.jpg\"><img loading=\"lazy\" decoding=\"async\" class=\"alignnone wp-image-281\" src=\"http:\/\/agora.xtec.cat\/ceiplesbasseroles-seva\/wp-content\/uploads\/usu97\/2014\/09\/P1030517-225x300.jpg\" alt=\"P1030517\" width=\"154\" height=\"205\" srcset=\"https:\/\/agora.xtec.cat\/ceiplesbasseroles-seva\/wp-content\/uploads\/usu97\/2014\/09\/P1030517-225x300.jpg 225w, https:\/\/agora.xtec.cat\/ceiplesbasseroles-seva\/wp-content\/uploads\/usu97\/2014\/09\/P1030517-768x1024.jpg 768w\" sizes=\"auto, (max-width: 154px) 100vw, 154px\" \/><\/a>\u00a0 \u00a0 \u00a0 \u00a0 \u00a0 \u00a0<a href=\"http:\/\/agora.xtec.cat\/ceiplesbasseroles-seva\/wp-content\/uploads\/usu97\/2014\/09\/P1030583.jpg\"><img loading=\"lazy\" decoding=\"async\" class=\"alignnone wp-image-280\" src=\"http:\/\/agora.xtec.cat\/ceiplesbasseroles-seva\/wp-content\/uploads\/usu97\/2014\/09\/P1030583-300x225.jpg\" alt=\"P1030583\" width=\"227\" height=\"170\" srcset=\"https:\/\/agora.xtec.cat\/ceiplesbasseroles-seva\/wp-content\/uploads\/usu97\/2014\/09\/P1030583-300x225.jpg 300w, https:\/\/agora.xtec.cat\/ceiplesbasseroles-seva\/wp-content\/uploads\/usu97\/2014\/09\/P1030583-1024x768.jpg 1024w, https:\/\/agora.xtec.cat\/ceiplesbasseroles-seva\/wp-content\/uploads\/usu97\/2014\/09\/P1030583-200x150.jpg 200w\" sizes=\"auto, (max-width: 227px) 100vw, 227px\" \/><\/a><\/p>\n<p>\u009bS\u2019escullen els projectes.\u00a0\u009bEls nens i nenes tamb\u00e9 escullen els projectes.\u00a0<b>El <\/b><b>m\u00e9s<\/b> <b>votat<\/b> <b>pels<\/b> <b>nens<\/b><b> va ser\u00a0<\/b><b>el <\/b><b>Projecte<\/b> <b>esportiu<\/b><b>.<\/b><\/p>\n<p>Els projecte escolllits per les mares i pares van ser:\u00a0<strong>Valors,\u00a0Pedag\u00f2gic,\u00a0Biblioteca i TIC,\u00a0Art\u00edstic,\u00a0Esportiu i\u00a0Lleng\u00fces<\/strong><\/p>\n<p style=\"text-align: center;\">\u00a0<a href=\"http:\/\/agora.xtec.cat\/ceiplesbasseroles-seva\/wp-content\/uploads\/usu97\/2014\/09\/fases-comunitat.jpg\"><img loading=\"lazy\" decoding=\"async\" class=\"alignnone size-medium wp-image-289\" src=\"http:\/\/agora.xtec.cat\/ceiplesbasseroles-seva\/wp-content\/uploads\/usu97\/2014\/09\/fases-comunitat-300x225.jpg\" alt=\"fases comunitat\" width=\"300\" height=\"225\" srcset=\"https:\/\/agora.xtec.cat\/ceiplesbasseroles-seva\/wp-content\/uploads\/usu97\/2014\/09\/fases-comunitat-300x225.jpg 300w, https:\/\/agora.xtec.cat\/ceiplesbasseroles-seva\/wp-content\/uploads\/usu97\/2014\/09\/fases-comunitat-200x150.jpg 200w, https:\/\/agora.xtec.cat\/ceiplesbasseroles-seva\/wp-content\/uploads\/usu97\/2014\/09\/fases-comunitat.jpg 585w\" sizes=\"auto, (max-width: 300px) 100vw, 300px\" \/><\/a><\/p>\n<p style=\"text-align: center;\">Durant el curs 2014 2015 fem un berenar de voluntaris on podem valorar totes les tasques dutes a terme en el voluntariat a l&#8217;escola:<\/p>\n<p><a href=\"http:\/\/agora.xtec.cat\/ceiplesbasseroles-seva\/wp-content\/uploads\/usu97\/2014\/09\/BUIDAT-BERENAR-VOLUNTARIS.docx\">BUIDAT BERENAR VOLUNTARIS<\/a><\/p>\n<p><a href=\"http:\/\/agora.xtec.cat\/ceiplesbasseroles-seva\/wp-content\/uploads\/usu97\/2014\/09\/DSC05809.jpg\"><img loading=\"lazy\" decoding=\"async\" class=\"size-medium wp-image-326 aligncenter\" src=\"http:\/\/agora.xtec.cat\/ceiplesbasseroles-seva\/wp-content\/uploads\/usu97\/2014\/09\/DSC05809-300x225.jpg\" alt=\"DSC05809\" width=\"300\" height=\"225\" srcset=\"https:\/\/agora.xtec.cat\/ceiplesbasseroles-seva\/wp-content\/uploads\/usu97\/2014\/09\/DSC05809-300x225.jpg 300w, https:\/\/agora.xtec.cat\/ceiplesbasseroles-seva\/wp-content\/uploads\/usu97\/2014\/09\/DSC05809-1024x768.jpg 1024w, https:\/\/agora.xtec.cat\/ceiplesbasseroles-seva\/wp-content\/uploads\/usu97\/2014\/09\/DSC05809-200x150.jpg 200w\" sizes=\"auto, (max-width: 300px) 100vw, 300px\" \/><\/a><\/p>\n","protected":false},"excerpt":{"rendered":"<p>1. FASE DE SENSIBILITZACI\u00d3<br \/>\n\u009bEns posem amb contacte amb el Departament d\u2019Educaci\u00f3 (primer trimestre del curs 2010-11).<br \/>\n\u009bEl Departament ens organitza un seminari de formaci\u00f3 a la nostra escola sobre Comunitats d\u2019Aprenentatge. S\u00f3n 10 sessions de dues hores cadascuna. Hi participa el claustre de mestres i est\u00e0&hellip;  <a href=\"https:\/\/agora.xtec.cat\/ceiplesbasseroles-seva\/serveis-digitals\/\" title=\"Read Fases de Creaci\u00f3 de la Comunitat\">Llegeix m\u00e9s\u00bb<\/a><\/p>\n","protected":false},"author":2,"featured_media":0,"parent":0,"menu_order":10,"comment_status":"closed","ping_status":"closed","template":"page-templates\/side-menu.php","meta":{"_bbp_topic_count":0,"_bbp_reply_count":0,"_bbp_total_topic_count":0,"_bbp_total_reply_count":0,"_bbp_voice_count":0,"_bbp_anonymous_reply_count":0,"_bbp_topic_count_hidden":0,"_bbp_reply_count_hidden":0,"_bbp_forum_subforum_count":0,"footnotes":""},"class_list":["post-71","page","type-page","status-publish","hentry"],"post_mailing_queue_ids":[],"_links":{"self":[{"href":"https:\/\/agora.xtec.cat\/ceiplesbasseroles-seva\/wp-json\/wp\/v2\/pages\/71","targetHints":{"allow":["GET"]}}],"collection":[{"href":"https:\/\/agora.xtec.cat\/ceiplesbasseroles-seva\/wp-json\/wp\/v2\/pages"}],"about":[{"href":"https:\/\/agora.xtec.cat\/ceiplesbasseroles-seva\/wp-json\/wp\/v2\/types\/page"}],"author":[{"embeddable":true,"href":"https:\/\/agora.xtec.cat\/ceiplesbasseroles-seva\/wp-json\/wp\/v2\/users\/2"}],"replies":[{"embeddable":true,"href":"https:\/\/agora.xtec.cat\/ceiplesbasseroles-seva\/wp-json\/wp\/v2\/comments?post=71"}],"version-history":[{"count":4,"href":"https:\/\/agora.xtec.cat\/ceiplesbasseroles-seva\/wp-json\/wp\/v2\/pages\/71\/revisions"}],"predecessor-version":[{"id":2052,"href":"https:\/\/agora.xtec.cat\/ceiplesbasseroles-seva\/wp-json\/wp\/v2\/pages\/71\/revisions\/2052"}],"wp:attachment":[{"href":"https:\/\/agora.xtec.cat\/ceiplesbasseroles-seva\/wp-json\/wp\/v2\/media?parent=71"}],"curies":[{"name":"wp","href":"https:\/\/api.w.org\/{rel}","templated":true}]}}