{"id":425,"date":"2025-09-01T00:00:08","date_gmt":"2025-08-31T22:00:08","guid":{"rendered":"http:\/\/agora.xtec.cat\/ceiplesbasseroles-seva\/?page_id=425"},"modified":"2026-01-19T16:15:00","modified_gmt":"2026-01-19T15:15:00","slug":"carta-inici-de-curs-2017-2018","status":"publish","type":"page","link":"https:\/\/agora.xtec.cat\/ceiplesbasseroles-seva\/lescola\/carta-inici-de-curs-2017-2018\/","title":{"rendered":"Carta Inici de Curs"},"content":{"rendered":"<p>Benvolgudes fam\u00edlies, a continuaci\u00f3 us detallarem la informaci\u00f3 m\u00e9s rellevant per l\u2019inici de curs. Podreu llegir-la al seg\u00fcent enlla\u00e7:<\/p>\n<p style=\"text-align: center;\"><a href=\"https:\/\/agora.xtec.cat\/ceiplesbasseroles-seva\/wp-content\/uploads\/usu97\/2026\/01\/Carta-inici-de-curs-25-26-INFANTIL-1.pdf\">Carta inici de curs 25-26 <\/a><\/p>\n<p><a style=\"color: #2795b6;\" href=\"https:\/\/agora.xtec.cat\/ceiplesbasseroles-seva\/wp-content\/uploads\/usu97\/2017\/03\/LOGOS_LES_BASSEROLES_color.jpg\"><img loading=\"lazy\" decoding=\"async\" class=\"wp-image-632 alignright\" src=\"https:\/\/agora.xtec.cat\/ceiplesbasseroles-seva\/wp-content\/uploads\/usu97\/2017\/03\/LOGOS_LES_BASSEROLES_color-1024x779.jpg\" alt=\"\" width=\"264\" height=\"201\" srcset=\"https:\/\/agora.xtec.cat\/ceiplesbasseroles-seva\/wp-content\/uploads\/usu97\/2017\/03\/LOGOS_LES_BASSEROLES_color-1024x779.jpg 1024w, https:\/\/agora.xtec.cat\/ceiplesbasseroles-seva\/wp-content\/uploads\/usu97\/2017\/03\/LOGOS_LES_BASSEROLES_color-300x228.jpg 300w, https:\/\/agora.xtec.cat\/ceiplesbasseroles-seva\/wp-content\/uploads\/usu97\/2017\/03\/LOGOS_LES_BASSEROLES_color-768x584.jpg 768w, https:\/\/agora.xtec.cat\/ceiplesbasseroles-seva\/wp-content\/uploads\/usu97\/2017\/03\/LOGOS_LES_BASSEROLES_color.jpg 1786w\" sizes=\"auto, (max-width: 264px) 100vw, 264px\" \/><\/a><\/p>\n<p><a href=\"https:\/\/agora.xtec.cat\/ceiplesbasseroles-seva\/wp-content\/uploads\/usu97\/2017\/03\/LOGOS_LES_BASSEROLES_color.jpg\">\u00a0<\/a><\/p>\n<p style=\"text-align: right;\">\n","protected":false},"excerpt":{"rendered":"<p>Benvolgudes fam\u00edlies, a continuaci\u00f3 us detallarem la informaci\u00f3 m\u00e9s rellevant per l\u2019inici de curs. Podreu llegir-la al seg\u00fcent enlla\u00e7:<br \/>\n<a href=\"https:\/\/agora.xtec.cat\/ceiplesbasseroles-seva\/wp-content\/uploads\/usu97\/2026\/01\/Carta-inici-de-curs-25-26-INFANTIL-1.pdf\">Carta inici de curs 25-26 <\/a><br \/>\n<a style=\"color: #2795b6;\" href=\"https:\/\/agora.xtec.cat\/ceiplesbasseroles-seva\/wp-content\/uploads\/usu97\/2017\/03\/LOGOS_LES_BASSEROLES_color.jpg\"><\/a><br \/>\n<a href=\"https:\/\/agora.xtec.cat\/ceiplesbasseroles-seva\/wp-content\/uploads\/usu97\/2017\/03\/LOGOS_LES_BASSEROLES_color.jpg\">\u00a0<\/a><\/p>\n","protected":false},"author":3,"featured_media":0,"parent":22,"menu_order":0,"comment_status":"closed","ping_status":"closed","template":"page-templates\/side-menu.php","meta":{"_bbp_topic_count":0,"_bbp_reply_count":0,"_bbp_total_topic_count":0,"_bbp_total_reply_count":0,"_bbp_voice_count":0,"_bbp_anonymous_reply_count":0,"_bbp_topic_count_hidden":0,"_bbp_reply_count_hidden":0,"_bbp_forum_subforum_count":0,"footnotes":""},"class_list":["post-425","page","type-page","status-publish","hentry"],"post_mailing_queue_ids":[],"_links":{"self":[{"href":"https:\/\/agora.xtec.cat\/ceiplesbasseroles-seva\/wp-json\/wp\/v2\/pages\/425","targetHints":{"allow":["GET"]}}],"collection":[{"href":"https:\/\/agora.xtec.cat\/ceiplesbasseroles-seva\/wp-json\/wp\/v2\/pages"}],"about":[{"href":"https:\/\/agora.xtec.cat\/ceiplesbasseroles-seva\/wp-json\/wp\/v2\/types\/page"}],"author":[{"embeddable":true,"href":"https:\/\/agora.xtec.cat\/ceiplesbasseroles-seva\/wp-json\/wp\/v2\/users\/3"}],"replies":[{"embeddable":true,"href":"https:\/\/agora.xtec.cat\/ceiplesbasseroles-seva\/wp-json\/wp\/v2\/comments?post=425"}],"version-history":[{"count":5,"href":"https:\/\/agora.xtec.cat\/ceiplesbasseroles-seva\/wp-json\/wp\/v2\/pages\/425\/revisions"}],"predecessor-version":[{"id":19172,"href":"https:\/\/agora.xtec.cat\/ceiplesbasseroles-seva\/wp-json\/wp\/v2\/pages\/425\/revisions\/19172"}],"up":[{"embeddable":true,"href":"https:\/\/agora.xtec.cat\/ceiplesbasseroles-seva\/wp-json\/wp\/v2\/pages\/22"}],"wp:attachment":[{"href":"https:\/\/agora.xtec.cat\/ceiplesbasseroles-seva\/wp-json\/wp\/v2\/media?parent=425"}],"curies":[{"name":"wp","href":"https:\/\/api.w.org\/{rel}","templated":true}]}}