{"id":73,"date":"2014-09-18T14:01:51","date_gmt":"2014-09-18T13:01:51","guid":{"rendered":"http:\/\/agora.xtec.cat\/ceiplavinyala\/?page_id=73"},"modified":"2025-02-25T09:40:13","modified_gmt":"2025-02-25T08:40:13","slug":"menjador-escolar","status":"publish","type":"page","link":"https:\/\/agora.xtec.cat\/ceiplavinyala\/serveis\/menjador-escolar\/","title":{"rendered":"Menjador escolar"},"content":{"rendered":"<p>&nbsp;<\/p>\n<p><img decoding=\"async\" src=\"https:\/\/mail.google.com\/mail\/u\/0?ui=2&amp;ik=5739d7cf3e&amp;attid=0.0.1&amp;permmsgid=msg-f:1769327568377448482&amp;th=188dea0c94718822&amp;view=fimg&amp;fur=ip&amp;sz=s0-l75-ft&amp;attbid=ANGjdJ-CLHsm3jEWkIQTwkIuRo9HZHAgy1PPspY0CN2BQVMhv_tQHOqUvqnkR_7aThr4sMZxUShTuoKACzEHcruI6i47KpdIA72kNZu_6Nn3aQtefHMgmJrxIawvBXI&amp;disp=emb\" \/><\/p>\n<p>&nbsp;<\/p>\n<p>La nova empresa de serveis de menjadors escolars comen\u00e7a amb moltes ganes i il\u00b7lusi\u00f3\u00a0 a l\u2019escola La Vinyala.<br \/>\nCom a Casa Menjadors Escolars neix del desig d\u2019oferir una alimentaci\u00f3 saludable i de qualitat, a la mateixa vegada que desenvolupar un projecte pedag\u00f2gic que permeti abra\u00e7ar<br \/>\ntotes les dimensions de l\u2019infant i realitzar activitats educatives des d\u2019una vessant l\u00fadica. En poques paraules, Com a Casa Menjadors Escolars es basa en una \u00e0mplia experi\u00e8ncia en el sector, la m\u00e0 i el talent culinari de la cuina casolana dels seus professionals, i la il\u00b7lusi\u00f3 i els somriures de tot el personal de monitoratge. Tot plegat i juntament amb molta const\u00e0ncia i dedicaci\u00f3, \u00e9s la seva recepta m\u00e0gica.<\/p>\n<p>M\u00d2BIL COORDINADORA: 604241051<\/p>\n<p><strong>PREUS DEL SERVEI<\/strong><\/p>\n<ul>\n<li>Preu per dia fixes: 6,87 \u20ac\/dia (IVA incl\u00f2s)\u00a0\u00a0\u00a0\u00a0\u00a0\u00a0\u00a0 <a href=\"http:\/\/agora.xtec.cat\/ceiplavinyala\/wp-content\/uploads\/usu1504\/2014\/09\/fruita.jpg\"><img loading=\"lazy\" decoding=\"async\" class=\"wp-image-485 alignright\" src=\"http:\/\/agora.xtec.cat\/ceiplavinyala\/wp-content\/uploads\/usu1504\/2014\/09\/fruita.jpg\" alt=\"fruita\" width=\"258\" height=\"193\" srcset=\"https:\/\/agora.xtec.cat\/ceiplavinyala\/wp-content\/uploads\/usu1504\/2014\/09\/fruita.jpg 800w, https:\/\/agora.xtec.cat\/ceiplavinyala\/wp-content\/uploads\/usu1504\/2014\/09\/fruita-300x225.jpg 300w, https:\/\/agora.xtec.cat\/ceiplavinyala\/wp-content\/uploads\/usu1504\/2014\/09\/fruita-768x576.jpg 768w, https:\/\/agora.xtec.cat\/ceiplavinyala\/wp-content\/uploads\/usu1504\/2014\/09\/fruita-200x150.jpg 200w\" sizes=\"auto, (max-width: 258px) 100vw, 258px\" \/><\/a><\/li>\n<li>Preu per dia eventual: 7&#8217;56 \u20ac\/dia (IVA incl\u00f2s)<\/li>\n<li>En cas que un dia el vostre fill o filla no assisteixi al servei, haureu de notificar-ho a la<br \/>\ncoordinadora abans de les 9,30h. En aquest cas, i amb previs av\u00eds, no es cobrar\u00e0 cap import del<br \/>\nmen\u00fa diari.<\/li>\n<\/ul>\n<p>&nbsp;<\/p>\n<p>&nbsp;<\/p>\n","protected":false},"excerpt":{"rendered":"<p>&nbsp;<\/p>\n<p>&nbsp;<br \/>\nLa nova empresa de serveis de menjadors escolars comen\u00e7a amb moltes ganes i il\u00b7lusi\u00f3\u00a0 a l\u2019escola La Vinyala.<br \/>\nCom a Casa Menjadors Escolars neix del desig d\u2019oferir una alimentaci\u00f3 saludable i de qualitat, a la mateixa vegada que desenvolupar un projecte pedag\u00f2gic que permeti abra\u00e7ar<br \/>\ntotes les&hellip;  <a href=\"https:\/\/agora.xtec.cat\/ceiplavinyala\/serveis\/menjador-escolar\/\" title=\"Read Menjador escolar\">Llegeix m\u00e9s\u00bb<\/a><\/p>\n","protected":false},"author":1,"featured_media":0,"parent":66,"menu_order":30,"comment_status":"closed","ping_status":"closed","template":"page-templates\/side-menu.php","meta":{"_bbp_topic_count":0,"_bbp_reply_count":0,"_bbp_total_topic_count":0,"_bbp_total_reply_count":0,"_bbp_voice_count":0,"_bbp_anonymous_reply_count":0,"_bbp_topic_count_hidden":0,"_bbp_reply_count_hidden":0,"_bbp_forum_subforum_count":0,"footnotes":""},"class_list":["post-73","page","type-page","status-publish","hentry"],"post_mailing_queue_ids":[],"_links":{"self":[{"href":"https:\/\/agora.xtec.cat\/ceiplavinyala\/wp-json\/wp\/v2\/pages\/73","targetHints":{"allow":["GET"]}}],"collection":[{"href":"https:\/\/agora.xtec.cat\/ceiplavinyala\/wp-json\/wp\/v2\/pages"}],"about":[{"href":"https:\/\/agora.xtec.cat\/ceiplavinyala\/wp-json\/wp\/v2\/types\/page"}],"author":[{"embeddable":true,"href":"https:\/\/agora.xtec.cat\/ceiplavinyala\/wp-json\/wp\/v2\/users\/1"}],"replies":[{"embeddable":true,"href":"https:\/\/agora.xtec.cat\/ceiplavinyala\/wp-json\/wp\/v2\/comments?post=73"}],"version-history":[{"count":5,"href":"https:\/\/agora.xtec.cat\/ceiplavinyala\/wp-json\/wp\/v2\/pages\/73\/revisions"}],"predecessor-version":[{"id":3564,"href":"https:\/\/agora.xtec.cat\/ceiplavinyala\/wp-json\/wp\/v2\/pages\/73\/revisions\/3564"}],"up":[{"embeddable":true,"href":"https:\/\/agora.xtec.cat\/ceiplavinyala\/wp-json\/wp\/v2\/pages\/66"}],"wp:attachment":[{"href":"https:\/\/agora.xtec.cat\/ceiplavinyala\/wp-json\/wp\/v2\/media?parent=73"}],"curies":[{"name":"wp","href":"https:\/\/api.w.org\/{rel}","templated":true}]}}