{"id":28,"date":"2014-09-18T12:29:35","date_gmt":"2014-09-18T11:29:35","guid":{"rendered":"http:\/\/agora.xtec.cat\/ceiplavinyala\/?page_id=28"},"modified":"2024-04-24T16:39:21","modified_gmt":"2024-04-24T14:39:21","slug":"consell-escolar","status":"publish","type":"page","link":"https:\/\/agora.xtec.cat\/ceiplavinyala\/lescola\/consell-escolar\/","title":{"rendered":"Consell escolar"},"content":{"rendered":"<div>El Consell Escolar \u00e9s l&#8217;\u00f2rgan de participaci\u00f3 de la comunitat escolar en el govern de les escoles d&#8217;educaci\u00f3 infantil i prim\u00e0ria, i l&#8217;\u00f2rgan de programaci\u00f3, seguiment i avaluaci\u00f3 general de les activitats.<\/div>\n<div><\/div>\n<div>\u00a0<a href=\"http:\/\/agora.xtec.cat\/ceiplavinyala\/wp-content\/uploads\/usu1504\/2014\/09\/ELECCIONS-CONSELL-ESCOLAR.jpg\"><img loading=\"lazy\" decoding=\"async\" class=\"wp-image-493 alignleft\" src=\"http:\/\/agora.xtec.cat\/ceiplavinyala\/wp-content\/uploads\/usu1504\/2014\/09\/ELECCIONS-CONSELL-ESCOLAR.jpg\" alt=\"ELECCIONS CONSELL ESCOLAR\" width=\"135\" height=\"139\" srcset=\"https:\/\/agora.xtec.cat\/ceiplavinyala\/wp-content\/uploads\/usu1504\/2014\/09\/ELECCIONS-CONSELL-ESCOLAR.jpg 318w, https:\/\/agora.xtec.cat\/ceiplavinyala\/wp-content\/uploads\/usu1504\/2014\/09\/ELECCIONS-CONSELL-ESCOLAR-292x300.jpg 292w\" sizes=\"auto, (max-width: 135px) 100vw, 135px\" \/><\/a><\/div>\n<div>El Consell Escolar \u00e9s compost per:<\/div>\n<div><\/div>\n<div>\n<table style=\"width: 673px;\">\n<tbody>\n<tr>\n<td style=\"width: 234px;\">DIRECTORA I PRESIDENTA<\/td>\n<td style=\"width: 430px;\">MARTA AGUSTINOY<\/td>\n<\/tr>\n<tr>\n<td style=\"width: 234px;\">CAP D&#8217;ESTUDIS<\/td>\n<td style=\"width: 430px;\">ANNA BACH<\/td>\n<\/tr>\n<tr>\n<td style=\"width: 234px;\">SECRET\u00c0RIA<\/td>\n<td style=\"width: 430px;\">\u00c0NGELS GONZ\u00c1LEZ<\/td>\n<\/tr>\n<tr>\n<td style=\"width: 234px;\">AJUNTAMENT<\/td>\n<td style=\"width: 430px;\">PATR\u00cdCIA HIGUERAS\u00a0 \u00a0 \u00a0 \u00a0(Regidora d&#8217;Educaci\u00f3)<\/td>\n<\/tr>\n<tr>\n<td style=\"width: 234px;\">MESTRES CLAUSTRE<\/td>\n<td style=\"width: 430px;\">INMA RIVAS<\/p>\n<p>GEORGINA MAAS<\/p>\n<p>S\u00d2NIA RUANO<\/p>\n<p>ALBA\u00a0 M\u00c8LICH<\/p>\n<p>VANESSA MART\u00cdNEZ<\/td>\n<\/tr>\n<tr>\n<td style=\"width: 234px;\">PARES I MARES<\/td>\n<td style=\"width: 430px;\">S\u00d2NIA GRANADOS (Representant de l&#8217;AFA)<\/p>\n<p>T\u00c0NIA PADR\u00d3N (4t)<\/p>\n<p>DAV\u00cdNIA PRIETO (2n)<\/p>\n<p>S\u00cdLVIA GORD\u00d3N (2n)<\/p>\n<p>GEMMA COSTA (4t)<\/td>\n<\/tr>\n<tr>\n<td style=\"width: 234px;\">PERSONAL D&#8217;ADMINISTRACI\u00d3 I SERVEIS<\/td>\n<td style=\"width: 430px;\">SANDRA S\u00c1NCHEZ<\/td>\n<\/tr>\n<\/tbody>\n<\/table>\n<\/div>\n<div><\/div>\n<p>&nbsp;<\/p>\n<div><\/div>\n<div><\/div>\n<p>&nbsp;<\/p>\n<div><\/div>\n<div><\/div>\n<p>&nbsp;<\/p>\n<p>&nbsp;<\/p>\n","protected":false},"excerpt":{"rendered":"<p>El Consell Escolar \u00e9s l&#8217;\u00f2rgan de participaci\u00f3 de la comunitat escolar en el govern de les escoles d&#8217;educaci\u00f3 infantil i prim\u00e0ria, i l&#8217;\u00f2rgan de programaci\u00f3, seguiment i avaluaci\u00f3 general de les activitats.<\/p>\n<p>\u00a0<a href=\"http:\/\/agora.xtec.cat\/ceiplavinyala\/wp-content\/uploads\/usu1504\/2014\/09\/ELECCIONS-CONSELL-ESCOLAR.jpg\"><\/a><br \/>\nEl Consell Escolar \u00e9s compost per:<\/p>\n<p>DIRECTORA I PRESIDENTA<br \/>\nMARTA AGUSTINOY<\/p>\n<p>CAP D&#8217;ESTUDIS<br \/>\nANNA BACH<\/p>\n<p>SECRET\u00c0RIA<br \/>\n\u00c0NGELS GONZ\u00c1LEZ<\/p>\n<p>AJUNTAMENT<br \/>\nPATR\u00cdCIA HIGUERAS\u00a0&hellip;  <a href=\"https:\/\/agora.xtec.cat\/ceiplavinyala\/lescola\/consell-escolar\/\" title=\"Read Consell escolar\">Llegeix m\u00e9s\u00bb<\/a><\/p>\n","protected":false},"author":1,"featured_media":0,"parent":22,"menu_order":30,"comment_status":"closed","ping_status":"closed","template":"page-templates\/side-menu.php","meta":{"_bbp_topic_count":0,"_bbp_reply_count":0,"_bbp_total_topic_count":0,"_bbp_total_reply_count":0,"_bbp_voice_count":0,"_bbp_anonymous_reply_count":0,"_bbp_topic_count_hidden":0,"_bbp_reply_count_hidden":0,"_bbp_forum_subforum_count":0,"footnotes":""},"class_list":["post-28","page","type-page","status-publish","hentry"],"post_mailing_queue_ids":[],"_links":{"self":[{"href":"https:\/\/agora.xtec.cat\/ceiplavinyala\/wp-json\/wp\/v2\/pages\/28","targetHints":{"allow":["GET"]}}],"collection":[{"href":"https:\/\/agora.xtec.cat\/ceiplavinyala\/wp-json\/wp\/v2\/pages"}],"about":[{"href":"https:\/\/agora.xtec.cat\/ceiplavinyala\/wp-json\/wp\/v2\/types\/page"}],"author":[{"embeddable":true,"href":"https:\/\/agora.xtec.cat\/ceiplavinyala\/wp-json\/wp\/v2\/users\/1"}],"replies":[{"embeddable":true,"href":"https:\/\/agora.xtec.cat\/ceiplavinyala\/wp-json\/wp\/v2\/comments?post=28"}],"version-history":[{"count":4,"href":"https:\/\/agora.xtec.cat\/ceiplavinyala\/wp-json\/wp\/v2\/pages\/28\/revisions"}],"predecessor-version":[{"id":3403,"href":"https:\/\/agora.xtec.cat\/ceiplavinyala\/wp-json\/wp\/v2\/pages\/28\/revisions\/3403"}],"up":[{"embeddable":true,"href":"https:\/\/agora.xtec.cat\/ceiplavinyala\/wp-json\/wp\/v2\/pages\/22"}],"wp:attachment":[{"href":"https:\/\/agora.xtec.cat\/ceiplavinyala\/wp-json\/wp\/v2\/media?parent=28"}],"curies":[{"name":"wp","href":"https:\/\/api.w.org\/{rel}","templated":true}]}}