{"id":26,"date":"2014-09-18T12:24:32","date_gmt":"2014-09-18T11:24:32","guid":{"rendered":"http:\/\/agora.xtec.cat\/ceiplavinyala\/?page_id=26"},"modified":"2017-05-15T15:07:44","modified_gmt":"2017-05-15T13:07:44","slug":"historia","status":"publish","type":"page","link":"https:\/\/agora.xtec.cat\/ceiplavinyala\/lescola\/historia\/","title":{"rendered":"Hist\u00f2ria"},"content":{"rendered":"<p>Cap els anys 50 i 60 Sant Vicen\u00e7 dels Horts creixia. Molta gent arribada de llocs diferents feia arrels sense oblidar les seves en un lloc nou, un barri crescut atenent la demanda urgent de vivendes, i on una escola apareixia en un espai on abans tot eren camps.<\/p>\n<p>L&#8217;any 1971 es creava, ja de manera aut\u00f2noma el\u00a0<strong>&#8220;Grupo Escolar La Vinyala&#8221;<\/strong>, que prenia el nom del barri del qual formava part: La Vinyala-Poble Nou. Anys dif\u00edcils per molta gent, amb mancances que amb l&#8217;esfor\u00e7 i l&#8217;ajut de tothom a poc a poc es van anar completant.<\/p>\n<p>Situada al costat mateix d&#8217;una foneria que donava feina a bona part de la gent del barri, l&#8217;escola compartia gaireb\u00e9 el pati amb les ferralles, les esc\u00f2ries i tamb\u00e9 amb els sorolls i la contaminaci\u00f3 que l&#8217;empresa produ\u00efa. Va ser aix\u00ed fins a finals dels anys 90.<\/p>\n<p>Una escola crescuda al costat d&#8217;una gent, i vinculada des d&#8217;aleshores a un barri, a un poble i a una realitat que ens envolta. Durant molts anys, l&#8217;escola\u00a0<strong>La Vinyala<\/strong>\u00a0va optar per un sistema propi de funcionament: la gesti\u00f3 col\u00b7lectiva del centre, i a un ideari, el recollit en el nostre Projecte Pedag\u00f2gic. Tots els membres de la comunitat educativa participaven en la gesti\u00f3 i en el funcionament del centre, establint uns importants vincles entre els seus membres, aix\u00ed com amb el barri i amb les diverses institucions ve\u00efnals i locals que encara avui continuen, adaptat tot als nous temps i moments.<\/p>\n<p>Inicialment l&#8217;escola va ser pensada per a albergar 2 l\u00ednies escolars, i excepcionalment en alguns casos fins a 3. Es van arribar a atendre m\u00e9s de 500 alumnes en els moments de m\u00e0xima matriculaci\u00f3. La necessitat d&#8217;espais va fer construir un edifici annex que va servir de Parvulari, amb 6 aules i un pati que posteriorment es va delimitar.<\/p>\n<p>La davallada demogr\u00e0fica dels anys posteriors va fer que el nombre d&#8217;alumnes disminu\u00eds, fins a deixar l&#8217;escola en un sol grup per curs, llevat d&#8217;alguns nivells m\u00e9s nombrosos dels quals en ten\u00edem 2 grups.<\/p>\n<p>Actualment l&#8217;escola torna a cr\u00e9ixer. Es van incorporar fa uns anys els alumnes de 3 anys i actualment la demografia i la voluntat de pares i mares fa que l&#8217;escola torni a tenir els cursos doblats de manera progressiva. Avui atenem prop de 300 nens i nenes entre 3 i 12 anys. S&#8217;han anat millorant les infrastructures tant exteriors ( nova entrada molt m\u00e9s ample i acollidora pel carrer Claverol, pati separat pel parvulari amb jocs infantils, guarderia-servei d&#8217;acollida ) com interiors ( sala d&#8217;inform\u00e0tica, sala d&#8217;audiovisuals, aules de m\u00fasica i de llengua estrangera, aix\u00ed com nova calefacci\u00f3, nou gimn\u00e0s-teatre, menjador escolar, etc ).<\/p>\n<p>L&#8217;escola\u00a0<strong>La Vinyala<\/strong>\u00a0t\u00e9 el seu m\u00e0xim \u00f2rgan de govern en el Consell Escolar del Centre, format per l&#8217;equip directiu, l&#8217;AMPA amb els seus representants, els representats del professorat, de l&#8217;Ajuntament i de pares i mares elegits democr\u00e0ticament, aix\u00ed com tamb\u00e9 amb el treball de tot el seu Claustre de professors i professores, i de tots els pares i mares que ajuden a fer l&#8217;escola que tots i totes volem.<\/p>\n<p>&nbsp;<\/p>\n","protected":false},"excerpt":{"rendered":"<p>Cap els anys 50 i 60 Sant Vicen\u00e7 dels Horts creixia. Molta gent arribada de llocs diferents feia arrels sense oblidar les seves en un lloc nou, un barri crescut atenent la demanda urgent de vivendes, i on una escola apareixia en un espai on&hellip;  <a href=\"https:\/\/agora.xtec.cat\/ceiplavinyala\/lescola\/historia\/\" title=\"Read Hist\u00f2ria\">Llegeix m\u00e9s\u00bb<\/a><\/p>\n","protected":false},"author":1,"featured_media":0,"parent":22,"menu_order":20,"comment_status":"closed","ping_status":"closed","template":"page-templates\/side-menu.php","meta":{"_bbp_topic_count":0,"_bbp_reply_count":0,"_bbp_total_topic_count":0,"_bbp_total_reply_count":0,"_bbp_voice_count":0,"_bbp_anonymous_reply_count":0,"_bbp_topic_count_hidden":0,"_bbp_reply_count_hidden":0,"_bbp_forum_subforum_count":0,"footnotes":""},"class_list":["post-26","page","type-page","status-publish","hentry"],"post_mailing_queue_ids":[],"_links":{"self":[{"href":"https:\/\/agora.xtec.cat\/ceiplavinyala\/wp-json\/wp\/v2\/pages\/26","targetHints":{"allow":["GET"]}}],"collection":[{"href":"https:\/\/agora.xtec.cat\/ceiplavinyala\/wp-json\/wp\/v2\/pages"}],"about":[{"href":"https:\/\/agora.xtec.cat\/ceiplavinyala\/wp-json\/wp\/v2\/types\/page"}],"author":[{"embeddable":true,"href":"https:\/\/agora.xtec.cat\/ceiplavinyala\/wp-json\/wp\/v2\/users\/1"}],"replies":[{"embeddable":true,"href":"https:\/\/agora.xtec.cat\/ceiplavinyala\/wp-json\/wp\/v2\/comments?post=26"}],"version-history":[{"count":3,"href":"https:\/\/agora.xtec.cat\/ceiplavinyala\/wp-json\/wp\/v2\/pages\/26\/revisions"}],"predecessor-version":[{"id":1624,"href":"https:\/\/agora.xtec.cat\/ceiplavinyala\/wp-json\/wp\/v2\/pages\/26\/revisions\/1624"}],"up":[{"embeddable":true,"href":"https:\/\/agora.xtec.cat\/ceiplavinyala\/wp-json\/wp\/v2\/pages\/22"}],"wp:attachment":[{"href":"https:\/\/agora.xtec.cat\/ceiplavinyala\/wp-json\/wp\/v2\/media?parent=26"}],"curies":[{"name":"wp","href":"https:\/\/api.w.org\/{rel}","templated":true}]}}