{"id":611,"date":"2019-11-24T11:50:36","date_gmt":"2019-11-24T10:50:36","guid":{"rendered":"https:\/\/agora.xtec.cat\/ceiplavinia\/?page_id=611"},"modified":"2025-09-09T12:08:51","modified_gmt":"2025-09-09T10:08:51","slug":"equip","status":"publish","type":"page","link":"https:\/\/agora.xtec.cat\/ceiplavinia\/equip\/","title":{"rendered":"Equip"},"content":{"rendered":"<h2><strong>Equip de Mestres<\/strong><\/h2>\n<p>L&#8217;<strong>equip educatiu<\/strong> est\u00e0 format pels mestres generalistes i pels especialistes. \u00c9s l&#8217;\u00f2rgan de debat i de presa de decisions sobre els temes pedag\u00f2gics. Els\/les mestres es reuneixen peri\u00f2dicament, per aprofundir en les q\u00fcestions que afecten a la metodologia de les diferents mat\u00e8ries, l&#8217;an\u00e0lisi de la din\u00e0mica de grups, el rendiment escolar i, en general, per fer una revisi\u00f3 avaluadora del treball realitzat.<\/p>\n<table style=\"border-collapse: collapse; width: 30.8325%; height: 89px;\">\n<tbody>\n<tr>\n<td style=\"width: 35.7958%;\">Direcci\u00f3<\/td>\n<td style=\"width: 76.049%;\">David Massoni<\/td>\n<\/tr>\n<tr>\n<td style=\"width: 35.7958%;\">Cap d&#8217;Estudis<\/td>\n<td style=\"width: 76.049%;\">Tere Garcia<\/td>\n<\/tr>\n<tr>\n<td style=\"width: 35.7958%;\">Secret\u00e0ria<\/td>\n<td style=\"width: 76.049%;\">Bel\u00e9n Domenench<\/td>\n<\/tr>\n<\/tbody>\n<\/table>\n<table style=\"border-collapse: collapse; width: 30.8538%;\">\n<tbody>\n<tr>\n<td style=\"width: 100%;\">Infantil A: Lydia Villena<\/td>\n<\/tr>\n<tr>\n<td style=\"width: 100%;\">Infantil B: Roser Gasa<\/td>\n<\/tr>\n<tr>\n<td style=\"width: 100%;\">Infantil C: Miriam Juan<\/td>\n<\/tr>\n<tr>\n<td style=\"width: 100%;\">Suport: Tere Garcia<\/td>\n<\/tr>\n<tr>\n<td style=\"width: 100%;\">TEI: M\u00f2nica Vert<\/td>\n<\/tr>\n<tr>\n<td style=\"width: 100%;\">C. Inicial A : Montse Bosch<\/td>\n<\/tr>\n<tr>\n<td style=\"width: 100%;\">C. Inicial B : Teresa Rasc\u00f3n<\/td>\n<\/tr>\n<tr>\n<td style=\"width: 100%;\">CM A: Marisa Foix<\/td>\n<\/tr>\n<tr>\n<td style=\"width: 100%;\">CM B: Maria Rosa Mu\u00f1oz<\/td>\n<\/tr>\n<\/tbody>\n<\/table>\n<table style=\"border-collapse: collapse; width: 31.2653%;\">\n<tbody>\n<tr>\n<td style=\"width: 100%;\">CS A: S\u00f2nia Buj<\/td>\n<\/tr>\n<tr>\n<td style=\"width: 100%;\">CS B : Imane Aboutarik<\/td>\n<\/tr>\n<\/tbody>\n<\/table>\n<h4><a href=\"https:\/\/agora.xtec.cat\/ceiplavinia\/wp-content\/uploads\/usu649\/2025\/09\/claustre-25-26.jpg\"><img loading=\"lazy\" decoding=\"async\" class=\"aligncenter size-full wp-image-3006\" src=\"https:\/\/agora.xtec.cat\/ceiplavinia\/wp-content\/uploads\/usu649\/2025\/09\/claustre-25-26.jpg\" alt=\"\" width=\"1600\" height=\"1200\" srcset=\"https:\/\/agora.xtec.cat\/ceiplavinia\/wp-content\/uploads\/usu649\/2025\/09\/claustre-25-26.jpg 1600w, https:\/\/agora.xtec.cat\/ceiplavinia\/wp-content\/uploads\/usu649\/2025\/09\/claustre-25-26-300x225.jpg 300w, https:\/\/agora.xtec.cat\/ceiplavinia\/wp-content\/uploads\/usu649\/2025\/09\/claustre-25-26-1024x768.jpg 1024w, https:\/\/agora.xtec.cat\/ceiplavinia\/wp-content\/uploads\/usu649\/2025\/09\/claustre-25-26-768x576.jpg 768w, https:\/\/agora.xtec.cat\/ceiplavinia\/wp-content\/uploads\/usu649\/2025\/09\/claustre-25-26-1536x1152.jpg 1536w, https:\/\/agora.xtec.cat\/ceiplavinia\/wp-content\/uploads\/usu649\/2025\/09\/claustre-25-26-200x150.jpg 200w\" sizes=\"auto, (max-width: 1600px) 100vw, 1600px\" \/><\/a><\/h4>\n<h4><strong>ESPECIALISTES<\/strong><\/h4>\n<table style=\"width: 38.0728%; height: 207px;\" width=\"432\">\n<tbody>\n<tr style=\"height: 49px;\">\n<td style=\"width: 46.1358%; height: 49px;\" width=\"168\"><strong>Llengua anglesa<\/strong><\/td>\n<td style=\"width: 76.1041%; height: 49px;\" width=\"265\">Noem\u00ed Dalmau \/ Maria Jos\u00e9 S\u00e1nchez<\/td>\n<\/tr>\n<tr style=\"height: 33px;\">\n<td style=\"width: 46.1358%; height: 33px;\" width=\"168\"><strong>Suport Educaci\u00f3 Infantil<\/strong><\/td>\n<td style=\"width: 76.1041%; height: 33px;\" width=\"265\">Tere Garcia<\/td>\n<\/tr>\n<tr style=\"height: 49px;\">\n<td style=\"width: 46.1358%; height: 49px;\" width=\"168\"><strong>T\u00e8cnica Educaci\u00f3 Infantil (TEEI)<\/strong><\/td>\n<td style=\"width: 76.1041%; height: 49px;\" width=\"265\">M\u00f2nica Vert<\/td>\n<\/tr>\n<tr style=\"height: 33px;\">\n<td style=\"width: 46.1358%; height: 33px;\" width=\"168\"><strong>Educaci\u00f3 Especial<\/strong><\/td>\n<td style=\"width: 76.1041%; height: 33px;\" width=\"265\">Teresa Ferr\u00e9\/N\u00faria Prats<\/td>\n<\/tr>\n<tr style=\"height: 10px;\">\n<td style=\"width: 46.1358%; height: 10px;\" width=\"168\"><strong>Educaci\u00f3 F\u00edsica<\/strong><\/td>\n<td style=\"width: 76.1041%; height: 10px;\" width=\"265\">Silvia Alegre\/Maria Jos\u00e9 S\u00e1nchez<\/td>\n<\/tr>\n<tr style=\"height: 33px;\">\n<td style=\"width: 46.1358%; height: 33px;\" width=\"168\"><\/td>\n<td style=\"width: 76.1041%; height: 33px;\" width=\"265\"><\/td>\n<\/tr>\n<\/tbody>\n<\/table>\n<p><strong>\u00a0<\/strong><\/p>\n<h4><strong>COORDINACIONS<\/strong><\/h4>\n<table width=\"432\">\n<tbody>\n<tr>\n<td width=\"253\"><strong>Educaci\u00f3 Infantil i Cicle Inicial<\/strong><\/td>\n<td width=\"180\">Tere Garcia<\/td>\n<\/tr>\n<tr>\n<td width=\"253\"><strong>Cicle Mitj\u00e0 i Cicle Superior<\/strong><\/td>\n<td width=\"180\">Bel\u00e9n Domenech<\/td>\n<\/tr>\n<tr>\n<td width=\"253\"><strong>Digital<\/strong><\/td>\n<td width=\"180\">N\u00faria Prats<\/td>\n<\/tr>\n<tr>\n<td width=\"253\"><strong>Biblioteca<\/strong><\/td>\n<td width=\"180\">Teresa Rasc\u00f3n<\/td>\n<\/tr>\n<tr>\n<td width=\"253\"><strong>Suport pl\u00e0stica<\/strong><\/td>\n<td width=\"180\">Marta Espinach<\/td>\n<\/tr>\n<\/tbody>\n<\/table>\n<p><strong>\u00a0<\/strong><\/p>\n<h4><strong>Personal d&#8217;administraci\u00f3, serveis i programes educatius<\/strong><\/h4>\n<p>&nbsp;<\/p>\n<table width=\"451\">\n<tbody>\n<tr>\n<td width=\"206\"><strong>Bidell<\/strong><\/td>\n<td width=\"246\">Maria Jos\u00e9 L\u00f3pez<\/td>\n<\/tr>\n<tr>\n<td width=\"206\"><strong>Auxiliar administrativa<\/strong><\/td>\n<td width=\"246\">Ruth Rodr\u00edguez<\/td>\n<\/tr>\n<tr>\n<td width=\"206\"><strong>Administratiu AFA<\/strong><\/td>\n<td width=\"246\">Gerard Puig<\/td>\n<\/tr>\n<\/tbody>\n<\/table>\n<p><strong>\u00a0<\/strong><\/p>\n<table width=\"451\">\n<tbody>\n<tr>\n<td width=\"206\"><strong>Empresa menjador<\/strong><\/td>\n<td width=\"246\">Som Valors<\/td>\n<\/tr>\n<tr>\n<td width=\"206\"><strong>Cuinera<\/strong><\/td>\n<td width=\"246\">Paqui Rodr\u00edguez<\/td>\n<\/tr>\n<tr>\n<td width=\"206\"><strong>Ajudants de cuina<\/strong><\/td>\n<td width=\"246\">Rosa Antequera i Olga Hern\u00e1ndez<\/td>\n<\/tr>\n<\/tbody>\n<\/table>\n<p><strong>\u00a0<\/strong><\/p>\n<table width=\"451\">\n<tbody>\n<tr>\n<td width=\"206\"><strong>Empresa monitors<\/strong><\/td>\n<td width=\"246\">Som Valors<\/td>\n<\/tr>\n<tr>\n<td width=\"206\"><strong>Coordinador<\/strong><\/td>\n<td width=\"246\">Gerard Puig<\/td>\n<\/tr>\n<tr>\n<td colspan=\"2\" width=\"451\"><strong>Monitores i monitors<\/strong><\/td>\n<\/tr>\n<tr>\n<td width=\"206\"><strong>INFANTIL 3<\/strong><\/td>\n<td width=\"246\">Noa Ruiz i Nora Gimeno<\/td>\n<\/tr>\n<tr>\n<td width=\"206\"><strong>INFANTIL A<\/strong><\/td>\n<td width=\"246\">Roger Cort\u00e9s<\/td>\n<\/tr>\n<tr>\n<td width=\"206\"><strong>INFANTIL B<\/strong><\/td>\n<td width=\"246\">Nora Garcia<\/td>\n<\/tr>\n<tr>\n<td width=\"206\"><strong>INFANTIL C<\/strong><\/td>\n<td width=\"246\">Ona Rosas<\/td>\n<\/tr>\n<tr>\n<td width=\"206\"><strong>CICLE INICIAL A<\/strong><\/td>\n<td width=\"246\">Mart\u00ed Jerez<\/td>\n<\/tr>\n<tr>\n<td width=\"206\"><strong>CICLE INICIAL B<\/strong><\/td>\n<td width=\"246\">Mabel Quintanilla<\/td>\n<\/tr>\n<tr>\n<td width=\"206\"><strong>CICLE MITJ\u00c0 A<\/strong><\/td>\n<td width=\"246\">Jaume Galia<\/td>\n<\/tr>\n<tr>\n<td width=\"206\"><strong>CICLE MITJ\u00c0 B<\/strong><\/td>\n<td width=\"246\">Iker P\u00e9rez<\/td>\n<\/tr>\n<tr>\n<td width=\"206\"><strong>CICLE SUPERIOR A<\/strong><\/td>\n<td width=\"246\">Nil Sisquella<\/td>\n<\/tr>\n<tr>\n<td width=\"206\"><strong>CICLE SUPERIOR B<\/strong><\/td>\n<td width=\"246\">Pau Sabart\u00e9s<\/td>\n<\/tr>\n<tr>\n<td width=\"206\"><strong>Acollida\u00a0<\/strong><\/td>\n<td width=\"246\">Nil Sisquella<\/td>\n<\/tr>\n<\/tbody>\n<\/table>\n<h3><\/h3>\n","protected":false},"excerpt":{"rendered":"<p>Equip de Mestres L&#8217;equip educatiu est\u00e0 format pels mestres generalistes i pels especialistes. \u00c9s l&#8217;\u00f2rgan de debat i de presa de decisions sobre els temes pedag\u00f2gics. Els\/les mestres es reuneixen peri\u00f2dicament, per aprofundir en les q\u00fcestions que afecten a la metodologia de les diferents mat\u00e8ries, l&#8217;an\u00e0lisi de la din\u00e0mica de grups, el rendiment escolar i, [&hellip;]<\/p>\n","protected":false},"author":1,"featured_media":0,"parent":0,"menu_order":0,"comment_status":"closed","ping_status":"closed","template":"page-templates\/side-menu.php","meta":{"_bbp_topic_count":0,"_bbp_reply_count":0,"_bbp_total_topic_count":0,"_bbp_total_reply_count":0,"_bbp_voice_count":0,"_bbp_anonymous_reply_count":0,"_bbp_topic_count_hidden":0,"_bbp_reply_count_hidden":0,"_bbp_forum_subforum_count":0,"site-sidebar-layout":"default","site-content-layout":"","ast-site-content-layout":"","site-content-style":"default","site-sidebar-style":"default","ast-global-header-display":"","ast-banner-title-visibility":"","ast-main-header-display":"","ast-hfb-above-header-display":"","ast-hfb-below-header-display":"","ast-hfb-mobile-header-display":"","site-post-title":"","ast-breadcrumbs-content":"","ast-featured-img":"","footer-sml-layout":"","theme-transparent-header-meta":"","adv-header-id-meta":"","stick-header-meta":"","header-above-stick-meta":"","header-main-stick-meta":"","header-below-stick-meta":"","astra-migrate-meta-layouts":"default","ast-page-background-enabled":"default","ast-page-background-meta":{"desktop":{"background-color":"var(--ast-global-color-4)","background-image":"","background-repeat":"repeat","background-position":"center center","background-size":"auto","background-attachment":"scroll","background-type":"","background-media":"","overlay-type":"","overlay-color":"","overlay-opacity":"","overlay-gradient":""},"tablet":{"background-color":"","background-image":"","background-repeat":"repeat","background-position":"center center","background-size":"auto","background-attachment":"scroll","background-type":"","background-media":"","overlay-type":"","overlay-color":"","overlay-opacity":"","overlay-gradient":""},"mobile":{"background-color":"","background-image":"","background-repeat":"repeat","background-position":"center center","background-size":"auto","background-attachment":"scroll","background-type":"","background-media":"","overlay-type":"","overlay-color":"","overlay-opacity":"","overlay-gradient":""}},"ast-content-background-meta":{"desktop":{"background-color":"var(--ast-global-color-5)","background-image":"","background-repeat":"repeat","background-position":"center center","background-size":"auto","background-attachment":"scroll","background-type":"","background-media":"","overlay-type":"","overlay-color":"","overlay-opacity":"","overlay-gradient":""},"tablet":{"background-color":"var(--ast-global-color-5)","background-image":"","background-repeat":"repeat","background-position":"center center","background-size":"auto","background-attachment":"scroll","background-type":"","background-media":"","overlay-type":"","overlay-color":"","overlay-opacity":"","overlay-gradient":""},"mobile":{"background-color":"var(--ast-global-color-5)","background-image":"","background-repeat":"repeat","background-position":"center center","background-size":"auto","background-attachment":"scroll","background-type":"","background-media":"","overlay-type":"","overlay-color":"","overlay-opacity":"","overlay-gradient":""}},"footnotes":""},"class_list":["post-611","page","type-page","status-publish","hentry"],"post_mailing_queue_ids":[],"_links":{"self":[{"href":"https:\/\/agora.xtec.cat\/ceiplavinia\/wp-json\/wp\/v2\/pages\/611","targetHints":{"allow":["GET"]}}],"collection":[{"href":"https:\/\/agora.xtec.cat\/ceiplavinia\/wp-json\/wp\/v2\/pages"}],"about":[{"href":"https:\/\/agora.xtec.cat\/ceiplavinia\/wp-json\/wp\/v2\/types\/page"}],"author":[{"embeddable":true,"href":"https:\/\/agora.xtec.cat\/ceiplavinia\/wp-json\/wp\/v2\/users\/1"}],"replies":[{"embeddable":true,"href":"https:\/\/agora.xtec.cat\/ceiplavinia\/wp-json\/wp\/v2\/comments?post=611"}],"version-history":[{"count":6,"href":"https:\/\/agora.xtec.cat\/ceiplavinia\/wp-json\/wp\/v2\/pages\/611\/revisions"}],"predecessor-version":[{"id":3007,"href":"https:\/\/agora.xtec.cat\/ceiplavinia\/wp-json\/wp\/v2\/pages\/611\/revisions\/3007"}],"wp:attachment":[{"href":"https:\/\/agora.xtec.cat\/ceiplavinia\/wp-json\/wp\/v2\/media?parent=611"}],"curies":[{"name":"wp","href":"https:\/\/api.w.org\/{rel}","templated":true}]}}