{"id":36,"date":"2014-09-18T12:33:11","date_gmt":"2014-09-18T11:33:11","guid":{"rendered":"http:\/\/agora.xtec.cat\/ceiplavinia\/?page_id=36"},"modified":"2024-09-17T10:00:51","modified_gmt":"2024-09-17T08:00:51","slug":"material-escolar","status":"publish","type":"page","link":"https:\/\/agora.xtec.cat\/ceiplavinia\/lescola\/material-escolar\/","title":{"rendered":"Material escolar"},"content":{"rendered":"<p>Curs 2024-25<\/p>\n<p>La quota anual de <strong>material i sortides escolars \u00e9s de 216\u20ac. <\/strong>El preu de les col\u00f2nies no est\u00e0 incl\u00f2s (dep\u00e8n de cada curs).<\/p>\n<table style=\"border-collapse: collapse; width: 64.9237%;\">\n<tbody>\n<tr>\n<td style=\"width: 19.2572%;\"><strong>Educaci\u00f3 Infantil<\/strong><\/td>\n<td style=\"width: 45.6671%;\">Llic\u00e8ncia digital matem\u00e0tiques Innovamat<\/td>\n<\/tr>\n<tr>\n<td style=\"width: 19.2572%;\"><strong>Cicle Inicial<\/strong><\/td>\n<td style=\"width: 45.6671%;\">Quaderns de llengua catalana. Editorial Nadal. (quota AFA).<\/p>\n<p>Llic\u00e8ncia digital i quaderns matem\u00e0tiques Innovamat.<\/td>\n<\/tr>\n<tr>\n<td style=\"width: 19.2572%;\"><strong>Cicle Mitj\u00e0 i Superior<\/strong><\/td>\n<td style=\"width: 45.6671%;\">Quaderns castell\u00e0 C.Mitj\u00e0 (quota AFA).<\/p>\n<p>Llic\u00e8ncia digital Dictapp (catal\u00e0 i castell\u00e0) C. Superior (quota AFA).<\/p>\n<p>Quaderns llengua anglesa. Editorial Oxford (quota AFA).<\/p>\n<p>Llic\u00e8ncia digital i quaderns matem\u00e0tiques Innovamat<\/td>\n<\/tr>\n<\/tbody>\n<\/table>\n<p>&nbsp;<\/p>\n<h4><strong>Educaci\u00f3 infantil<\/strong><strong>\u00a0<\/strong><\/h4>\n<h5><strong>Material<\/strong><\/h5>\n<ul>\n<li>Carmanyola amb l\u2019esmorzar i carmanyola amb el berenar.<\/li>\n<li>Ampolla d&#8217;aigua reutilitzable.<\/li>\n<li>Bossa de roba per dur l\u2019ampolla i la carmanyola.<\/li>\n<li>Una capsa de mocadors de paper.<\/li>\n<li>Bata sense botons i amb goma al coll per dur a terme activitats pl\u00e0stiques.<\/li>\n<li>Recomanem que la roba sempre sigui c\u00f2mode i f\u00e0cil de posar i treure de manera aut\u00f2noma. Eviteu els cinturons i el cal\u00e7at amb cordons.<\/li>\n<li>Els dies de psicomotricitat han de dur roba tipus xandall i vambes amb &#8220;velcro&#8221;.<\/li>\n<\/ul>\n<p><strong style=\"font-family: inherit; font-size: 1em;\">Recordeu de marcar tot amb nom i cognoms.<\/strong><\/p>\n<h5><strong>Material espec\u00edfic de cada curs<\/strong><\/h5>\n<h4><strong>Infantil3<\/strong><\/h4>\n<ul>\n<li>Un paquet de tovalloletes higi\u00e8niques.<\/li>\n<li>Bossa de roba amb un recanvi complert (roba interior, pantalons, samarreta i bambes) i bosses de pl\u00e0stic per posar la roba bruta.<\/li>\n<li>Pitet per l\u2019estona del dinar.<\/li>\n<li>Matal\u00e0s personalitzat (el facilita l&#8217;AFA). Cada divendres es portar\u00e0 a casa.<\/li>\n<\/ul>\n<p>&nbsp;<\/p>\n<h4><strong>Cicle Inicial<\/strong><\/h4>\n<ul>\n<li>Una carpeta amb gomes i solapa.<\/li>\n<li>Una capsa de mocadors de paper.<\/li>\n<li>Auriculars protegits amb bossa o estoig (si no estan a l\u2019escola els del curs passat).<\/li>\n<li>Ampolla d&#8217;aigua reutilitzable.<\/li>\n<li>Bata o samarreta . La porten a classe de pl\u00e0stica. Es dona per rentar, si cal, nom\u00e9s els divendres.<\/li>\n<li>Roba esportiva, samarreta de recanvi i tovallola petita, els dies d\u2019educaci\u00f3 f\u00edsica.<\/li>\n<li>Bossa o motxilla petita, amb el nom ben visible.<\/li>\n<li>Dins del Pla mediambiental que es porta a terme a l\u2019escola, es recomana portar l\u2019esmorzar i el berenar dins d\u2019una carmanyola.<\/li>\n<\/ul>\n<p>&nbsp;<\/p>\n<h4><strong>Cicle Mitj\u00e0<\/strong><\/h4>\n<ul>\n<li>Bol\u00edgraf blau, verd i negre.<\/li>\n<li>Estris d\u2019escriure: llapis, colors, retoladors, goma i maquineta.<\/li>\n<li>Carpeta classificadora DIN A-4.<\/li>\n<li>Auriculars protegits amb bossa o estoig (si no estan a l\u2019escola els del curs passat).<\/li>\n<li>Ampolla d&#8217;aigua reutilitzable.<\/li>\n<li>Una capsa de mocadors de paper.<\/li>\n<li>Bata o samarreta . La porten a classe de pl\u00e0stica. Es dona per rentar, si cal, nom\u00e9s els divendres.<\/li>\n<li>Roba esportiva, samarreta de recanvi i tovallola petita, els dies d\u2019educaci\u00f3 f\u00edsica.<\/li>\n<\/ul>\n<p>&nbsp;<\/p>\n<h4><strong>Cicle Superior<\/strong><\/h4>\n<ul>\n<li>Punta fina blau, vermell i negre.<\/li>\n<li>Estris d\u2019escriure: llapis, colors, retoladors, goma i maquineta.<\/li>\n<li>Carpeta classificadora DIN A-4.<\/li>\n<li>Auriculars protegits amb bossa o estoig (si no estan a l\u2019escola els del curs passat).<\/li>\n<li>Ampolla d&#8217;aigua reutilitzable.<\/li>\n<li>Una capsa de mocadors de paper.<\/li>\n<li>Bata o samarreta . La porten a classe de pl\u00e0stica. Es dona per rentar, si cal, nom\u00e9s els divendres.<\/li>\n<li>Roba esportiva, samarreta de recanvi i tovallola petita, els dies d\u2019educaci\u00f3 f\u00edsica.<\/li>\n<\/ul>\n","protected":false},"excerpt":{"rendered":"<p>Curs 2024-25 La quota anual de material i sortides escolars \u00e9s de 216\u20ac. El preu de les col\u00f2nies no est\u00e0 incl\u00f2s (dep\u00e8n de cada curs). Educaci\u00f3 Infantil Llic\u00e8ncia digital matem\u00e0tiques Innovamat Cicle Inicial Quaderns de llengua catalana. Editorial Nadal. (quota AFA). Llic\u00e8ncia digital i quaderns matem\u00e0tiques Innovamat. Cicle Mitj\u00e0 i Superior Quaderns castell\u00e0 C.Mitj\u00e0 (quota [&hellip;]<\/p>\n","protected":false},"author":1,"featured_media":0,"parent":22,"menu_order":70,"comment_status":"closed","ping_status":"closed","template":"page-templates\/side-menu.php","meta":{"_bbp_topic_count":0,"_bbp_reply_count":0,"_bbp_total_topic_count":0,"_bbp_total_reply_count":0,"_bbp_voice_count":0,"_bbp_anonymous_reply_count":0,"_bbp_topic_count_hidden":0,"_bbp_reply_count_hidden":0,"_bbp_forum_subforum_count":0,"site-sidebar-layout":"default","site-content-layout":"","ast-site-content-layout":"","site-content-style":"default","site-sidebar-style":"default","ast-global-header-display":"","ast-banner-title-visibility":"","ast-main-header-display":"","ast-hfb-above-header-display":"","ast-hfb-below-header-display":"","ast-hfb-mobile-header-display":"","site-post-title":"","ast-breadcrumbs-content":"","ast-featured-img":"","footer-sml-layout":"","theme-transparent-header-meta":"","adv-header-id-meta":"","stick-header-meta":"","header-above-stick-meta":"","header-main-stick-meta":"","header-below-stick-meta":"","astra-migrate-meta-layouts":"default","ast-page-background-enabled":"default","ast-page-background-meta":{"desktop":{"background-color":"var(--ast-global-color-4)","background-image":"","background-repeat":"repeat","background-position":"center center","background-size":"auto","background-attachment":"scroll","background-type":"","background-media":"","overlay-type":"","overlay-color":"","overlay-opacity":"","overlay-gradient":""},"tablet":{"background-color":"","background-image":"","background-repeat":"repeat","background-position":"center center","background-size":"auto","background-attachment":"scroll","background-type":"","background-media":"","overlay-type":"","overlay-color":"","overlay-opacity":"","overlay-gradient":""},"mobile":{"background-color":"","background-image":"","background-repeat":"repeat","background-position":"center center","background-size":"auto","background-attachment":"scroll","background-type":"","background-media":"","overlay-type":"","overlay-color":"","overlay-opacity":"","overlay-gradient":""}},"ast-content-background-meta":{"desktop":{"background-color":"var(--ast-global-color-5)","background-image":"","background-repeat":"repeat","background-position":"center center","background-size":"auto","background-attachment":"scroll","background-type":"","background-media":"","overlay-type":"","overlay-color":"","overlay-opacity":"","overlay-gradient":""},"tablet":{"background-color":"var(--ast-global-color-5)","background-image":"","background-repeat":"repeat","background-position":"center center","background-size":"auto","background-attachment":"scroll","background-type":"","background-media":"","overlay-type":"","overlay-color":"","overlay-opacity":"","overlay-gradient":""},"mobile":{"background-color":"var(--ast-global-color-5)","background-image":"","background-repeat":"repeat","background-position":"center center","background-size":"auto","background-attachment":"scroll","background-type":"","background-media":"","overlay-type":"","overlay-color":"","overlay-opacity":"","overlay-gradient":""}},"footnotes":""},"class_list":["post-36","page","type-page","status-publish","hentry"],"post_mailing_queue_ids":[],"_links":{"self":[{"href":"https:\/\/agora.xtec.cat\/ceiplavinia\/wp-json\/wp\/v2\/pages\/36","targetHints":{"allow":["GET"]}}],"collection":[{"href":"https:\/\/agora.xtec.cat\/ceiplavinia\/wp-json\/wp\/v2\/pages"}],"about":[{"href":"https:\/\/agora.xtec.cat\/ceiplavinia\/wp-json\/wp\/v2\/types\/page"}],"author":[{"embeddable":true,"href":"https:\/\/agora.xtec.cat\/ceiplavinia\/wp-json\/wp\/v2\/users\/1"}],"replies":[{"embeddable":true,"href":"https:\/\/agora.xtec.cat\/ceiplavinia\/wp-json\/wp\/v2\/comments?post=36"}],"version-history":[{"count":6,"href":"https:\/\/agora.xtec.cat\/ceiplavinia\/wp-json\/wp\/v2\/pages\/36\/revisions"}],"predecessor-version":[{"id":2831,"href":"https:\/\/agora.xtec.cat\/ceiplavinia\/wp-json\/wp\/v2\/pages\/36\/revisions\/2831"}],"up":[{"embeddable":true,"href":"https:\/\/agora.xtec.cat\/ceiplavinia\/wp-json\/wp\/v2\/pages\/22"}],"wp:attachment":[{"href":"https:\/\/agora.xtec.cat\/ceiplavinia\/wp-json\/wp\/v2\/media?parent=36"}],"curies":[{"name":"wp","href":"https:\/\/api.w.org\/{rel}","templated":true}]}}