{"id":2815,"date":"2024-07-05T11:20:31","date_gmt":"2024-07-05T09:20:31","guid":{"rendered":"https:\/\/agora.xtec.cat\/ceiplavinia\/?page_id=2815"},"modified":"2024-07-05T11:22:00","modified_gmt":"2024-07-05T09:22:00","slug":"us-dispositius-mobils","status":"publish","type":"page","link":"https:\/\/agora.xtec.cat\/ceiplavinia\/us-dispositius-mobils\/","title":{"rendered":"\u00das dispositius m\u00f2bils"},"content":{"rendered":"<p>Actualitzaci\u00f3 NOFC, curs 2023-24<\/p>\n<p><strong>\u00daS DELS TEL\u00c8FONS M\u00d2BILS AL CENTRE<\/strong><\/p>\n<p>A l&#8217;etapa d&#8217;educaci\u00f3 infantil i prim\u00e0ria <strong>no est\u00e0 perm\u00e8s l&#8217;\u00fas de tel\u00e8fons m\u00f2bils<\/strong> ni <strong>rellotges amb connexi\u00f3 a internet<\/strong> a l&#8217;alumnat al centre educatiu. L&#8217;escola ha de vetllar per posar a disposici\u00f3 de l&#8217;alumnat els dispositius tecnol\u00f2gics que siguin necessaris per assolir la compet\u00e8ncia digital en l&#8217;aplicaci\u00f3 de les situacions d&#8217;aprenentatge que aix\u00ed ho requereixin.<\/p>\n<p>Aquesta indicaci\u00f3 es fa extensiva tant a l&#8217;horari lectiu com a l&#8217;horari no lectiu i afecta, per tant:<\/p>\n<ul>\n<li>les estones de benvinguda al mat\u00ed, abans d&#8217;iniciar-se les classes,<\/li>\n<li>les estones de la pausa al migdia als espais de menjador i altres espais que ell centre tingui, i les activitats extraescolars i complement\u00e0ries en qu\u00e8 participin alumnes d&#8217;educaci\u00f3 infantil i prim\u00e0ria.<\/li>\n<\/ul>\n<p>Si un alumne porta un dispositiu m\u00f2bil personal, aquest ha d&#8217;estar apagat al llarg de la jornada escolar i desat en un lloc segur, al despatx de l\u2019equip directiu en horari lectiu i en acabar al despatx del coordinador\/a d\u2019activitats extraescolars i\/o complement\u00e0ries.<\/p>\n<p>Aquesta normativa ha estat aprovada en <strong>Consell Escolar el dia 19-06-2024<\/strong><\/p>\n<p>&nbsp;<\/p>\n","protected":false},"excerpt":{"rendered":"<p>Actualitzaci\u00f3 NOFC, curs 2023-24 \u00daS DELS TEL\u00c8FONS M\u00d2BILS AL CENTRE A l&#8217;etapa d&#8217;educaci\u00f3 infantil i prim\u00e0ria no est\u00e0 perm\u00e8s l&#8217;\u00fas de tel\u00e8fons m\u00f2bils ni rellotges amb connexi\u00f3 a internet a l&#8217;alumnat al centre educatiu. L&#8217;escola ha de vetllar per posar a disposici\u00f3 de l&#8217;alumnat els dispositius tecnol\u00f2gics que siguin necessaris per assolir la compet\u00e8ncia digital [&hellip;]<\/p>\n","protected":false},"author":1,"featured_media":0,"parent":0,"menu_order":0,"comment_status":"closed","ping_status":"closed","template":"","meta":{"_bbp_topic_count":0,"_bbp_reply_count":0,"_bbp_total_topic_count":0,"_bbp_total_reply_count":0,"_bbp_voice_count":0,"_bbp_anonymous_reply_count":0,"_bbp_topic_count_hidden":0,"_bbp_reply_count_hidden":0,"_bbp_forum_subforum_count":0,"site-sidebar-layout":"default","site-content-layout":"","ast-site-content-layout":"","site-content-style":"default","site-sidebar-style":"default","ast-global-header-display":"","ast-banner-title-visibility":"","ast-main-header-display":"","ast-hfb-above-header-display":"","ast-hfb-below-header-display":"","ast-hfb-mobile-header-display":"","site-post-title":"","ast-breadcrumbs-content":"","ast-featured-img":"","footer-sml-layout":"","theme-transparent-header-meta":"","adv-header-id-meta":"","stick-header-meta":"","header-above-stick-meta":"","header-main-stick-meta":"","header-below-stick-meta":"","astra-migrate-meta-layouts":"default","ast-page-background-enabled":"default","ast-page-background-meta":{"desktop":{"background-color":"var(--ast-global-color-4)","background-image":"","background-repeat":"repeat","background-position":"center center","background-size":"auto","background-attachment":"scroll","background-type":"","background-media":"","overlay-type":"","overlay-color":"","overlay-opacity":"","overlay-gradient":""},"tablet":{"background-color":"","background-image":"","background-repeat":"repeat","background-position":"center center","background-size":"auto","background-attachment":"scroll","background-type":"","background-media":"","overlay-type":"","overlay-color":"","overlay-opacity":"","overlay-gradient":""},"mobile":{"background-color":"","background-image":"","background-repeat":"repeat","background-position":"center center","background-size":"auto","background-attachment":"scroll","background-type":"","background-media":"","overlay-type":"","overlay-color":"","overlay-opacity":"","overlay-gradient":""}},"ast-content-background-meta":{"desktop":{"background-color":"var(--ast-global-color-5)","background-image":"","background-repeat":"repeat","background-position":"center center","background-size":"auto","background-attachment":"scroll","background-type":"","background-media":"","overlay-type":"","overlay-color":"","overlay-opacity":"","overlay-gradient":""},"tablet":{"background-color":"var(--ast-global-color-5)","background-image":"","background-repeat":"repeat","background-position":"center center","background-size":"auto","background-attachment":"scroll","background-type":"","background-media":"","overlay-type":"","overlay-color":"","overlay-opacity":"","overlay-gradient":""},"mobile":{"background-color":"var(--ast-global-color-5)","background-image":"","background-repeat":"repeat","background-position":"center center","background-size":"auto","background-attachment":"scroll","background-type":"","background-media":"","overlay-type":"","overlay-color":"","overlay-opacity":"","overlay-gradient":""}},"footnotes":""},"class_list":["post-2815","page","type-page","status-publish","hentry"],"post_mailing_queue_ids":[],"_links":{"self":[{"href":"https:\/\/agora.xtec.cat\/ceiplavinia\/wp-json\/wp\/v2\/pages\/2815","targetHints":{"allow":["GET"]}}],"collection":[{"href":"https:\/\/agora.xtec.cat\/ceiplavinia\/wp-json\/wp\/v2\/pages"}],"about":[{"href":"https:\/\/agora.xtec.cat\/ceiplavinia\/wp-json\/wp\/v2\/types\/page"}],"author":[{"embeddable":true,"href":"https:\/\/agora.xtec.cat\/ceiplavinia\/wp-json\/wp\/v2\/users\/1"}],"replies":[{"embeddable":true,"href":"https:\/\/agora.xtec.cat\/ceiplavinia\/wp-json\/wp\/v2\/comments?post=2815"}],"version-history":[{"count":2,"href":"https:\/\/agora.xtec.cat\/ceiplavinia\/wp-json\/wp\/v2\/pages\/2815\/revisions"}],"predecessor-version":[{"id":2819,"href":"https:\/\/agora.xtec.cat\/ceiplavinia\/wp-json\/wp\/v2\/pages\/2815\/revisions\/2819"}],"wp:attachment":[{"href":"https:\/\/agora.xtec.cat\/ceiplavinia\/wp-json\/wp\/v2\/media?parent=2815"}],"curies":[{"name":"wp","href":"https:\/\/api.w.org\/{rel}","templated":true}]}}