{"id":28,"date":"2019-11-24T12:29:35","date_gmt":"2019-11-24T11:29:35","guid":{"rendered":"http:\/\/agora.xtec.cat\/ceiplavinia\/?page_id=28"},"modified":"2025-09-05T09:23:01","modified_gmt":"2025-09-05T07:23:01","slug":"consell-escolar","status":"publish","type":"page","link":"https:\/\/agora.xtec.cat\/ceiplavinia\/comunitat-educativa\/consell-escolar\/","title":{"rendered":"Consell escolar"},"content":{"rendered":"<p>El <strong>Consell Escolar<\/strong> \u00e9s l\u2019\u00f2rgan de gesti\u00f3 on els representants de cada sector educatiu consensuen la presa de decisions. Est\u00e0 integrat per mestres i per representants de pares i mares, del personal no docent, i de l&#8217;Ajuntament.<\/p>\n<table>\n<tbody>\n<tr>\n<td width=\"319\"><strong>President<\/strong><\/td>\n<td width=\"257\">David Massoni<\/td>\n<\/tr>\n<tr>\n<td width=\"319\"><strong>Representants de mestres<\/strong><\/td>\n<td width=\"257\">Bel\u00e9n Dom\u00e9nech (Secret\u00e0ria)<\/p>\n<p>Tere Garcia<\/p>\n<p>Lydia Villena<\/p>\n<p>Teresa Rasc\u00f3n<\/p>\n<p>Montserrat Bosch<\/td>\n<\/tr>\n<tr>\n<td width=\"319\"><strong>Representants de mares i pares<\/strong><\/td>\n<td width=\"257\">Carla Sarto<\/p>\n<p>&nbsp;<\/p>\n<p>Marta Casas<\/p>\n<p>Josep Pons<\/td>\n<\/tr>\n<tr>\n<td width=\"319\"><strong>Representant de l\u2019AFA<\/strong><\/td>\n<td width=\"257\">Jordina Romeu<\/td>\n<\/tr>\n<tr>\n<td width=\"319\"><strong>Representant del personal d&#8217;administraci\u00f3 i serveis<\/strong><\/td>\n<td width=\"257\">Ruth Rodr\u00edguez<\/td>\n<\/tr>\n<tr>\n<td width=\"319\"><strong>Representant municipal<\/strong><\/td>\n<td width=\"257\">N\u00faria Girona<\/td>\n<\/tr>\n<\/tbody>\n<\/table>\n<p>&nbsp;<\/p>\n<p>&nbsp;<\/p>\n<p>&nbsp;<\/p>\n<p>&nbsp;<\/p>\n<p>&nbsp;<\/p>\n","protected":false},"excerpt":{"rendered":"<p>El Consell Escolar \u00e9s l\u2019\u00f2rgan de gesti\u00f3 on els representants de cada sector educatiu consensuen la presa de decisions. Est\u00e0 integrat per mestres i per representants de pares i mares, del personal no docent, i de l&#8217;Ajuntament. President David Massoni Representants de mestres Bel\u00e9n Dom\u00e9nech (Secret\u00e0ria) Tere Garcia Lydia Villena Teresa Rasc\u00f3n Montserrat Bosch Representants [&hellip;]<\/p>\n","protected":false},"author":1,"featured_media":0,"parent":747,"menu_order":30,"comment_status":"closed","ping_status":"closed","template":"page-templates\/side-menu.php","meta":{"_bbp_topic_count":0,"_bbp_reply_count":0,"_bbp_total_topic_count":0,"_bbp_total_reply_count":0,"_bbp_voice_count":0,"_bbp_anonymous_reply_count":0,"_bbp_topic_count_hidden":0,"_bbp_reply_count_hidden":0,"_bbp_forum_subforum_count":0,"site-sidebar-layout":"default","site-content-layout":"","ast-site-content-layout":"","site-content-style":"default","site-sidebar-style":"default","ast-global-header-display":"","ast-banner-title-visibility":"","ast-main-header-display":"","ast-hfb-above-header-display":"","ast-hfb-below-header-display":"","ast-hfb-mobile-header-display":"","site-post-title":"","ast-breadcrumbs-content":"","ast-featured-img":"","footer-sml-layout":"","theme-transparent-header-meta":"","adv-header-id-meta":"","stick-header-meta":"","header-above-stick-meta":"","header-main-stick-meta":"","header-below-stick-meta":"","astra-migrate-meta-layouts":"default","ast-page-background-enabled":"default","ast-page-background-meta":{"desktop":{"background-color":"var(--ast-global-color-4)","background-image":"","background-repeat":"repeat","background-position":"center center","background-size":"auto","background-attachment":"scroll","background-type":"","background-media":"","overlay-type":"","overlay-color":"","overlay-opacity":"","overlay-gradient":""},"tablet":{"background-color":"","background-image":"","background-repeat":"repeat","background-position":"center center","background-size":"auto","background-attachment":"scroll","background-type":"","background-media":"","overlay-type":"","overlay-color":"","overlay-opacity":"","overlay-gradient":""},"mobile":{"background-color":"","background-image":"","background-repeat":"repeat","background-position":"center center","background-size":"auto","background-attachment":"scroll","background-type":"","background-media":"","overlay-type":"","overlay-color":"","overlay-opacity":"","overlay-gradient":""}},"ast-content-background-meta":{"desktop":{"background-color":"var(--ast-global-color-5)","background-image":"","background-repeat":"repeat","background-position":"center center","background-size":"auto","background-attachment":"scroll","background-type":"","background-media":"","overlay-type":"","overlay-color":"","overlay-opacity":"","overlay-gradient":""},"tablet":{"background-color":"var(--ast-global-color-5)","background-image":"","background-repeat":"repeat","background-position":"center center","background-size":"auto","background-attachment":"scroll","background-type":"","background-media":"","overlay-type":"","overlay-color":"","overlay-opacity":"","overlay-gradient":""},"mobile":{"background-color":"var(--ast-global-color-5)","background-image":"","background-repeat":"repeat","background-position":"center center","background-size":"auto","background-attachment":"scroll","background-type":"","background-media":"","overlay-type":"","overlay-color":"","overlay-opacity":"","overlay-gradient":""}},"footnotes":""},"class_list":["post-28","page","type-page","status-publish","hentry"],"post_mailing_queue_ids":[],"_links":{"self":[{"href":"https:\/\/agora.xtec.cat\/ceiplavinia\/wp-json\/wp\/v2\/pages\/28","targetHints":{"allow":["GET"]}}],"collection":[{"href":"https:\/\/agora.xtec.cat\/ceiplavinia\/wp-json\/wp\/v2\/pages"}],"about":[{"href":"https:\/\/agora.xtec.cat\/ceiplavinia\/wp-json\/wp\/v2\/types\/page"}],"author":[{"embeddable":true,"href":"https:\/\/agora.xtec.cat\/ceiplavinia\/wp-json\/wp\/v2\/users\/1"}],"replies":[{"embeddable":true,"href":"https:\/\/agora.xtec.cat\/ceiplavinia\/wp-json\/wp\/v2\/comments?post=28"}],"version-history":[{"count":6,"href":"https:\/\/agora.xtec.cat\/ceiplavinia\/wp-json\/wp\/v2\/pages\/28\/revisions"}],"predecessor-version":[{"id":2990,"href":"https:\/\/agora.xtec.cat\/ceiplavinia\/wp-json\/wp\/v2\/pages\/28\/revisions\/2990"}],"up":[{"embeddable":true,"href":"https:\/\/agora.xtec.cat\/ceiplavinia\/wp-json\/wp\/v2\/pages\/747"}],"wp:attachment":[{"href":"https:\/\/agora.xtec.cat\/ceiplavinia\/wp-json\/wp\/v2\/media?parent=28"}],"curies":[{"name":"wp","href":"https:\/\/api.w.org\/{rel}","templated":true}]}}