{"id":2150,"date":"2022-01-31T15:35:58","date_gmt":"2022-01-31T14:35:58","guid":{"rendered":"https:\/\/agora.xtec.cat\/ceiplavinia\/?page_id=2150"},"modified":"2022-02-17T11:41:04","modified_gmt":"2022-02-17T10:41:04","slug":"que-fem-ambits","status":"publish","type":"page","link":"https:\/\/agora.xtec.cat\/ceiplavinia\/que-fem-ambits\/","title":{"rendered":"Qu\u00e8 fem (\u00c0mbits)"},"content":{"rendered":"<p>Cliqueu damunt dels diferents \u00e0mbits per veure algunes de les tasques i projectes que proposem al nostre alumnat:<\/p>\n<p><a href=\"https:\/\/agora.xtec.cat\/ceiplavinia\/lescola\/que-fem\/projectes\/\" target=\"_blank\" rel=\"noopener\">\u00c0mbit Matem\u00e0tic<\/a><\/p>\n<p><a href=\"https:\/\/agora.xtec.cat\/ceiplavinia\/lescola\/que-fem\/activitats\/\" target=\"_blank\" rel=\"noopener\">\u00c0mbit Ling\u00fc\u00edstic<\/a><\/p>\n<p><a href=\"https:\/\/agora.xtec.cat\/ceiplavinia\/lescola\/que-fem\/ambit-medi-natural-i-social\/\" target=\"_blank\" rel=\"noopener\">\u00c0mbit del Medi Natural i Social<\/a><\/p>\n<p><a href=\"https:\/\/agora.xtec.cat\/ceiplavinia\/lescola\/que-fem\/ambit-artistic\/\" target=\"_blank\" rel=\"noopener\">\u00c0mbit Art\u00edstic<\/a><\/p>\n<p><a href=\"https:\/\/agora.xtec.cat\/ceiplavinia\/lescola\/que-fem\/ambit-deducacio-fisica\/\" target=\"_blank\" rel=\"noopener\">\u00c0mbit d&#8217;Educaci\u00f3 F\u00edsica<\/a><\/p>\n<p><a href=\"https:\/\/agora.xtec.cat\/ceiplavinia\/lescola\/que-fem\/ambit-educacio-en-valors\/\" target=\"_blank\" rel=\"noopener\">\u00c0mbit Educaci\u00f3 en valors<\/a><\/p>\n<p><a href=\"https:\/\/agora.xtec.cat\/ceiplavinia\/lescola\/que-fem\/ambit-digital\/\" target=\"_blank\" rel=\"noopener\">\u00c0mbit Digital<\/a><\/p>\n<p><a href=\"https:\/\/agora.xtec.cat\/ceiplavinia\/lescola\/que-fem\/ambit-aprendre-a-aprendre\/\" target=\"_blank\" rel=\"noopener\">\u00c0mbit Aprendre a aprendre<\/a><\/p>\n","protected":false},"excerpt":{"rendered":"<p>Cliqueu damunt dels diferents \u00e0mbits per veure algunes de les tasques i projectes que proposem al nostre alumnat: \u00c0mbit Matem\u00e0tic \u00c0mbit Ling\u00fc\u00edstic \u00c0mbit del Medi Natural i Social \u00c0mbit Art\u00edstic \u00c0mbit d&#8217;Educaci\u00f3 F\u00edsica \u00c0mbit Educaci\u00f3 en valors \u00c0mbit Digital \u00c0mbit Aprendre a aprendre<\/p>\n","protected":false},"author":1,"featured_media":0,"parent":0,"menu_order":0,"comment_status":"closed","ping_status":"closed","template":"","meta":{"_bbp_topic_count":0,"_bbp_reply_count":0,"_bbp_total_topic_count":0,"_bbp_total_reply_count":0,"_bbp_voice_count":0,"_bbp_anonymous_reply_count":0,"_bbp_topic_count_hidden":0,"_bbp_reply_count_hidden":0,"_bbp_forum_subforum_count":0,"site-sidebar-layout":"default","site-content-layout":"","ast-site-content-layout":"","site-content-style":"default","site-sidebar-style":"default","ast-global-header-display":"","ast-banner-title-visibility":"","ast-main-header-display":"","ast-hfb-above-header-display":"","ast-hfb-below-header-display":"","ast-hfb-mobile-header-display":"","site-post-title":"","ast-breadcrumbs-content":"","ast-featured-img":"","footer-sml-layout":"","theme-transparent-header-meta":"","adv-header-id-meta":"","stick-header-meta":"","header-above-stick-meta":"","header-main-stick-meta":"","header-below-stick-meta":"","astra-migrate-meta-layouts":"default","ast-page-background-enabled":"default","ast-page-background-meta":{"desktop":{"background-color":"var(--ast-global-color-4)","background-image":"","background-repeat":"repeat","background-position":"center center","background-size":"auto","background-attachment":"scroll","background-type":"","background-media":"","overlay-type":"","overlay-color":"","overlay-opacity":"","overlay-gradient":""},"tablet":{"background-color":"","background-image":"","background-repeat":"repeat","background-position":"center center","background-size":"auto","background-attachment":"scroll","background-type":"","background-media":"","overlay-type":"","overlay-color":"","overlay-opacity":"","overlay-gradient":""},"mobile":{"background-color":"","background-image":"","background-repeat":"repeat","background-position":"center center","background-size":"auto","background-attachment":"scroll","background-type":"","background-media":"","overlay-type":"","overlay-color":"","overlay-opacity":"","overlay-gradient":""}},"ast-content-background-meta":{"desktop":{"background-color":"var(--ast-global-color-5)","background-image":"","background-repeat":"repeat","background-position":"center center","background-size":"auto","background-attachment":"scroll","background-type":"","background-media":"","overlay-type":"","overlay-color":"","overlay-opacity":"","overlay-gradient":""},"tablet":{"background-color":"var(--ast-global-color-5)","background-image":"","background-repeat":"repeat","background-position":"center center","background-size":"auto","background-attachment":"scroll","background-type":"","background-media":"","overlay-type":"","overlay-color":"","overlay-opacity":"","overlay-gradient":""},"mobile":{"background-color":"var(--ast-global-color-5)","background-image":"","background-repeat":"repeat","background-position":"center center","background-size":"auto","background-attachment":"scroll","background-type":"","background-media":"","overlay-type":"","overlay-color":"","overlay-opacity":"","overlay-gradient":""}},"footnotes":""},"class_list":["post-2150","page","type-page","status-publish","hentry"],"post_mailing_queue_ids":[],"_links":{"self":[{"href":"https:\/\/agora.xtec.cat\/ceiplavinia\/wp-json\/wp\/v2\/pages\/2150","targetHints":{"allow":["GET"]}}],"collection":[{"href":"https:\/\/agora.xtec.cat\/ceiplavinia\/wp-json\/wp\/v2\/pages"}],"about":[{"href":"https:\/\/agora.xtec.cat\/ceiplavinia\/wp-json\/wp\/v2\/types\/page"}],"author":[{"embeddable":true,"href":"https:\/\/agora.xtec.cat\/ceiplavinia\/wp-json\/wp\/v2\/users\/1"}],"replies":[{"embeddable":true,"href":"https:\/\/agora.xtec.cat\/ceiplavinia\/wp-json\/wp\/v2\/comments?post=2150"}],"version-history":[{"count":2,"href":"https:\/\/agora.xtec.cat\/ceiplavinia\/wp-json\/wp\/v2\/pages\/2150\/revisions"}],"predecessor-version":[{"id":2223,"href":"https:\/\/agora.xtec.cat\/ceiplavinia\/wp-json\/wp\/v2\/pages\/2150\/revisions\/2223"}],"wp:attachment":[{"href":"https:\/\/agora.xtec.cat\/ceiplavinia\/wp-json\/wp\/v2\/media?parent=2150"}],"curies":[{"name":"wp","href":"https:\/\/api.w.org\/{rel}","templated":true}]}}