{"id":666,"date":"2020-09-25T16:34:57","date_gmt":"2020-09-25T14:34:57","guid":{"rendered":"https:\/\/agora.xtec.cat\/ceiplaulet\/?page_id=666"},"modified":"2020-10-26T21:12:55","modified_gmt":"2020-10-26T20:12:55","slug":"assemblees","status":"publish","type":"page","link":"https:\/\/agora.xtec.cat\/ceiplaulet\/assemblees\/","title":{"rendered":"Assemblees"},"content":{"rendered":"<blockquote><p><b>ASSEMBLEES:<\/b><\/p>\n<p><span style=\"font-weight: 400;\">Un dels pilars del projecte educatiu de la nostra escola \u00e9s la participaci\u00f3 de l\u2019alumnat tan en la presa de decisions com en l\u2019aportaci\u00f3 de propostes. Aix\u00f2 es fa a partir de les <\/span><b>assemblees i les reunions de delegats\/es<\/b><span style=\"font-weight: 400;\">. Es duen a terme tres tipus d\u2019assemblees. <\/span><\/p>\n<p><span style=\"font-weight: 400;\"><iframe loading=\"lazy\" src=\"\/\/giphy.com\/embed\/3o7buirYcmV5nSwIRW\" width=\"480\" height=\"268\" frameborder=\"0\"><\/iframe><\/span><\/p>\n<ul>\n<li style=\"font-weight: 400;\"><span style=\"font-weight: 400;\">Assemblees<\/span><b> generals<\/b><span style=\"font-weight: 400;\"> (participatives). Se\u2019n fa una a inici de curs i una a final de cada trimestre.<\/span><\/li>\n<li style=\"font-weight: 400;\"><span style=\"font-weight: 400;\">Assemblees de <\/span><b>cicle <\/b><span style=\"font-weight: 400;\">(quan es considera necessari).<\/span><\/li>\n<li style=\"font-weight: 400;\"><span style=\"font-weight: 400;\">Assemblees de <\/span><b>classe<\/b><span style=\"font-weight: 400;\"> (setmanals). La mestra juga un paper d\u2019acompanyament de menor a major intervenci\u00f3 segons l\u2019edat.\u00a0<\/span><\/li>\n<\/ul>\n<p><span style=\"font-weight: 400;\">T\u00e9 una ordre del dia. ESPAI\/TEMPS on tractar alguns conflictes grupals i els alumnes poden fer les seves aportacions per millorar la situaci\u00f3, reflexionar i prendre els seus compromisos individuals o grupals per tal de <\/span><b>GENERAR UN CANVI.<\/b><\/p>\n<p><span style=\"font-weight: 400;\">A C.S. s\u2019organitza una campanya electoral i els candidats elaboren els seus cartells, expliquen perqu\u00e8 s\u2019hi presenten. Sovint ja es presenten per parelles: delegat i secretari.<\/span><\/p>\n<p><span style=\"font-weight: 400;\">Tothom, mestres i alumnes se senten vinculats pels acords presos. \u270d<\/span><\/p>\n<ul>\n<li style=\"font-weight: 400;\"><span style=\"font-weight: 400;\">No \u00e9s cap descr\u00e8dit quedar-se en minoria defensant una posici\u00f3.\u00a0<\/span><\/li>\n<li style=\"font-weight: 400;\"><span style=\"font-weight: 400;\">Totes les opinions tenen valor. \ud83d\udc4c<\/span><\/li>\n<li style=\"font-weight: 400;\"><span style=\"font-weight: 400;\">Els acords presos s\u00f3n vinculants per a tots i totes.<\/span><\/li>\n<li style=\"font-weight: 400;\"><span style=\"font-weight: 400;\">Els mestres s\u00f3n part integrant de les assemblees, no jutges i impositors de\u00a0 disciplines.<\/span><\/li>\n<li style=\"font-weight: 400;\"><span style=\"font-weight: 400;\">Els m\u00e9s grans tenen una responsabilitat cap als m\u00e9s petits.\ud83d\udc6a<\/span><\/li>\n<li style=\"font-weight: 400;\"><span style=\"font-weight: 400;\">Els petits n\u2019aprenen, copien, esdevindran grans un dia.<\/span><\/li>\n<\/ul>\n<p>&nbsp;<\/p>\n<ul>\n<li style=\"font-weight: 400;\"><span style=\"font-weight: 400;\"><iframe loading=\"lazy\" src=\"\/\/giphy.com\/embed\/j01sl1K7r645q\" width=\"480\" height=\"480\" frameborder=\"0\"><\/iframe><\/span><\/li>\n<\/ul>\n<p><span style=\"font-weight: 400;\">\u00a0 \u00a0 \u00a0 \u00a0 \u00a0 \u00a0 \u00a0 \u00a0\u00a0<\/span><span style=\"font-weight: 400;\">\u00a0\u00a0\u00a0\u00a0\u00a0\u00a0\u00a0\u00a0\u00a0\u00a0\u00a0<\/span><b>\u00a0\u00a0\u00a0<\/b><\/p>\n<p><b>\u00a0REUNIONS de delegats\/des.<\/b><\/p>\n<p><span style=\"font-weight: 400;\">Un cop al mes es fa una reuni\u00f3 entre la directora i els delegats i les delegades de cada curs de Prim\u00e0ria. Aporten els temes de discussi\u00f3 o les propostes elaborades a l\u2019assemblea de classe. La directora tamb\u00e9 t\u00e9 el seu torn i informa dels canvis, les novetats o de les propostes del claustre. Preparen les assemblees generals<\/span><\/p>\n<p><b>COMISSIONS<\/b><\/p>\n<p><b>\u00a0\u00a0\u00a0\u00a0\u00a0\u00a0\u00a0\u00a0\u00a0\u00a0<\/b><span style=\"font-weight: 400;\">L\u2019alumnat que en t\u00e9 ganes participa a les comissions d<\/span><b>\u2019Escola Verda \ud83c\udf32\ud83c\udf40 , de Festes \ud83c\udf62\ud83c\udf65, Hort i jard\u00ed \ud83c\udf48\ud83c\udf46\ud83c\udf36 i Biblioteca.\ud83d\udcd5<\/b><\/p>\n<ul>\n<li style=\"font-weight: 400;\"><span style=\"font-weight: 400;\">Cada 15 dies, els dimecres de 12:30h a 13:30h es queden a treballar amb la comissi\u00f3 que han triat.<\/span><\/li>\n<li style=\"font-weight: 400;\"><span style=\"font-weight: 400;\">Es fan dos torns, un primer torn d\u2019octubre a gener i un segon torn de febrer a maig.<\/span><\/li>\n<\/ul>\n<p>&nbsp;<\/p><\/blockquote>\n","protected":false},"excerpt":{"rendered":"<p>ASSEMBLEES: Un dels pilars del projecte educatiu de la nostra escola \u00e9s la participaci\u00f3 de l\u2019alumnat tan en la presa de decisions com en l\u2019aportaci\u00f3 de propostes. Aix\u00f2 es fa a partir de les assemblees i les reunions de delegats\/es. Es duen a terme tres tipus d\u2019assemblees. Assemblees generals (participatives). Se\u2019n fa una a inici [&hellip;]<\/p>\n","protected":false},"author":3,"featured_media":0,"parent":0,"menu_order":0,"comment_status":"closed","ping_status":"closed","template":"","meta":{"_bbp_topic_count":0,"_bbp_reply_count":0,"_bbp_total_topic_count":0,"_bbp_total_reply_count":0,"_bbp_voice_count":0,"_bbp_anonymous_reply_count":0,"_bbp_topic_count_hidden":0,"_bbp_reply_count_hidden":0,"_bbp_forum_subforum_count":0,"site-sidebar-layout":"default","site-content-layout":"","ast-site-content-layout":"","site-content-style":"default","site-sidebar-style":"default","ast-global-header-display":"","ast-banner-title-visibility":"","ast-main-header-display":"","ast-hfb-above-header-display":"","ast-hfb-below-header-display":"","ast-hfb-mobile-header-display":"","site-post-title":"","ast-breadcrumbs-content":"","ast-featured-img":"","footer-sml-layout":"","theme-transparent-header-meta":"","adv-header-id-meta":"","stick-header-meta":"","header-above-stick-meta":"","header-main-stick-meta":"","header-below-stick-meta":"","astra-migrate-meta-layouts":"default","ast-page-background-enabled":"default","ast-page-background-meta":{"desktop":{"background-color":"var(--ast-global-color-4)","background-image":"","background-repeat":"repeat","background-position":"center center","background-size":"auto","background-attachment":"scroll","background-type":"","background-media":"","overlay-type":"","overlay-color":"","overlay-opacity":"","overlay-gradient":""},"tablet":{"background-color":"","background-image":"","background-repeat":"repeat","background-position":"center center","background-size":"auto","background-attachment":"scroll","background-type":"","background-media":"","overlay-type":"","overlay-color":"","overlay-opacity":"","overlay-gradient":""},"mobile":{"background-color":"","background-image":"","background-repeat":"repeat","background-position":"center center","background-size":"auto","background-attachment":"scroll","background-type":"","background-media":"","overlay-type":"","overlay-color":"","overlay-opacity":"","overlay-gradient":""}},"ast-content-background-meta":{"desktop":{"background-color":"var(--ast-global-color-5)","background-image":"","background-repeat":"repeat","background-position":"center center","background-size":"auto","background-attachment":"scroll","background-type":"","background-media":"","overlay-type":"","overlay-color":"","overlay-opacity":"","overlay-gradient":""},"tablet":{"background-color":"var(--ast-global-color-5)","background-image":"","background-repeat":"repeat","background-position":"center center","background-size":"auto","background-attachment":"scroll","background-type":"","background-media":"","overlay-type":"","overlay-color":"","overlay-opacity":"","overlay-gradient":""},"mobile":{"background-color":"var(--ast-global-color-5)","background-image":"","background-repeat":"repeat","background-position":"center center","background-size":"auto","background-attachment":"scroll","background-type":"","background-media":"","overlay-type":"","overlay-color":"","overlay-opacity":"","overlay-gradient":""}},"footnotes":""},"class_list":["post-666","page","type-page","status-publish","hentry"],"post_mailing_queue_ids":[],"_links":{"self":[{"href":"https:\/\/agora.xtec.cat\/ceiplaulet\/wp-json\/wp\/v2\/pages\/666","targetHints":{"allow":["GET"]}}],"collection":[{"href":"https:\/\/agora.xtec.cat\/ceiplaulet\/wp-json\/wp\/v2\/pages"}],"about":[{"href":"https:\/\/agora.xtec.cat\/ceiplaulet\/wp-json\/wp\/v2\/types\/page"}],"author":[{"embeddable":true,"href":"https:\/\/agora.xtec.cat\/ceiplaulet\/wp-json\/wp\/v2\/users\/3"}],"replies":[{"embeddable":true,"href":"https:\/\/agora.xtec.cat\/ceiplaulet\/wp-json\/wp\/v2\/comments?post=666"}],"version-history":[{"count":2,"href":"https:\/\/agora.xtec.cat\/ceiplaulet\/wp-json\/wp\/v2\/pages\/666\/revisions"}],"predecessor-version":[{"id":876,"href":"https:\/\/agora.xtec.cat\/ceiplaulet\/wp-json\/wp\/v2\/pages\/666\/revisions\/876"}],"wp:attachment":[{"href":"https:\/\/agora.xtec.cat\/ceiplaulet\/wp-json\/wp\/v2\/media?parent=666"}],"curies":[{"name":"wp","href":"https:\/\/api.w.org\/{rel}","templated":true}]}}