{"id":658,"date":"2020-09-25T16:30:38","date_gmt":"2020-09-25T14:30:38","guid":{"rendered":"https:\/\/agora.xtec.cat\/ceiplaulet\/?page_id=658"},"modified":"2020-11-04T12:44:21","modified_gmt":"2020-11-04T11:44:21","slug":"teatre","status":"publish","type":"page","link":"https:\/\/agora.xtec.cat\/ceiplaulet\/teatre\/","title":{"rendered":"Teatre"},"content":{"rendered":"<div><strong>EL TEATRE A LA NOSTRA ESCOLA<\/strong><\/div>\n<div><\/div>\n<div>La nostra escola porta uns 30 anys fent teatre. Tot el claustre s&#8217;hi sent implicat, pensem que \u00e9s una activitat educativa, que cohesiona al grup, que desenvolupa aspectes de la personalitat de l&#8217;alumne que no es treballen en l&#8217;\u00e0mbit de l&#8217;aula.<\/div>\n<div><\/div>\n<div>\u00c9s una activitat interdisciplinari, on s&#8217;hi impliquen diferents mat\u00e8ries, com les \u00e0rees de llengua: expressi\u00f3 oral i escrita, \u00e0rea de pl\u00e0stica:decorats,disfresses,\u2026\u00e0rea d&#8217;educaci\u00f3 f\u00edsica: dansa,expressi\u00f3 corporal,\u2026<\/div>\n<div>Els nens i les nenes intervenen i s&#8217;impliquen molt intensament en aquesta activitat i per aquest motiu estem contents i satisfets de mantenir-la.<\/div>\n<div><\/div>\n<div>Tamb\u00e9 us volem comentar que si us animeu i voleu fer teatre a la vostra escola o al vostre curs estem oberts a mostrar-vos la nostra experi\u00e8ncia.<\/div>\n<div><\/div>\n<div>Endavant amb el teatre!!<\/div>\n<p>&nbsp;<\/p>\n<p>&nbsp;<\/p>\n<p><iframe loading=\"lazy\" width=\"560\" height=\"315\" src=\"https:\/\/www.youtube.com\/embed\/FkRPKREG44A\" frameborder=\"0\" allow=\"accelerometer; autoplay; clipboard-write; encrypted-media; gyroscope; picture-in-picture\" allowfullscreen><\/iframe><\/p>\n<p><a href=\"https:\/\/agora.xtec.cat\/ceiplaulet\/wp-content\/uploads\/usu344\/2020\/10\/article-teatre.doc\">article teatre<\/a><\/p>\n","protected":false},"excerpt":{"rendered":"<p>EL TEATRE A LA NOSTRA ESCOLA La nostra escola porta uns 30 anys fent teatre. Tot el claustre s&#8217;hi sent implicat, pensem que \u00e9s una activitat educativa, que cohesiona al grup, que desenvolupa aspectes de la personalitat de l&#8217;alumne que no es treballen en l&#8217;\u00e0mbit de l&#8217;aula. \u00c9s una activitat interdisciplinari, on s&#8217;hi impliquen diferents [&hellip;]<\/p>\n","protected":false},"author":3,"featured_media":0,"parent":0,"menu_order":0,"comment_status":"closed","ping_status":"closed","template":"","meta":{"_bbp_topic_count":0,"_bbp_reply_count":0,"_bbp_total_topic_count":0,"_bbp_total_reply_count":0,"_bbp_voice_count":0,"_bbp_anonymous_reply_count":0,"_bbp_topic_count_hidden":0,"_bbp_reply_count_hidden":0,"_bbp_forum_subforum_count":0,"site-sidebar-layout":"default","site-content-layout":"","ast-site-content-layout":"","site-content-style":"default","site-sidebar-style":"default","ast-global-header-display":"","ast-banner-title-visibility":"","ast-main-header-display":"","ast-hfb-above-header-display":"","ast-hfb-below-header-display":"","ast-hfb-mobile-header-display":"","site-post-title":"","ast-breadcrumbs-content":"","ast-featured-img":"","footer-sml-layout":"","theme-transparent-header-meta":"","adv-header-id-meta":"","stick-header-meta":"","header-above-stick-meta":"","header-main-stick-meta":"","header-below-stick-meta":"","astra-migrate-meta-layouts":"default","ast-page-background-enabled":"default","ast-page-background-meta":{"desktop":{"background-color":"var(--ast-global-color-4)","background-image":"","background-repeat":"repeat","background-position":"center center","background-size":"auto","background-attachment":"scroll","background-type":"","background-media":"","overlay-type":"","overlay-color":"","overlay-opacity":"","overlay-gradient":""},"tablet":{"background-color":"","background-image":"","background-repeat":"repeat","background-position":"center center","background-size":"auto","background-attachment":"scroll","background-type":"","background-media":"","overlay-type":"","overlay-color":"","overlay-opacity":"","overlay-gradient":""},"mobile":{"background-color":"","background-image":"","background-repeat":"repeat","background-position":"center center","background-size":"auto","background-attachment":"scroll","background-type":"","background-media":"","overlay-type":"","overlay-color":"","overlay-opacity":"","overlay-gradient":""}},"ast-content-background-meta":{"desktop":{"background-color":"var(--ast-global-color-5)","background-image":"","background-repeat":"repeat","background-position":"center center","background-size":"auto","background-attachment":"scroll","background-type":"","background-media":"","overlay-type":"","overlay-color":"","overlay-opacity":"","overlay-gradient":""},"tablet":{"background-color":"var(--ast-global-color-5)","background-image":"","background-repeat":"repeat","background-position":"center center","background-size":"auto","background-attachment":"scroll","background-type":"","background-media":"","overlay-type":"","overlay-color":"","overlay-opacity":"","overlay-gradient":""},"mobile":{"background-color":"var(--ast-global-color-5)","background-image":"","background-repeat":"repeat","background-position":"center center","background-size":"auto","background-attachment":"scroll","background-type":"","background-media":"","overlay-type":"","overlay-color":"","overlay-opacity":"","overlay-gradient":""}},"footnotes":""},"class_list":["post-658","page","type-page","status-publish","hentry"],"post_mailing_queue_ids":[],"_links":{"self":[{"href":"https:\/\/agora.xtec.cat\/ceiplaulet\/wp-json\/wp\/v2\/pages\/658","targetHints":{"allow":["GET"]}}],"collection":[{"href":"https:\/\/agora.xtec.cat\/ceiplaulet\/wp-json\/wp\/v2\/pages"}],"about":[{"href":"https:\/\/agora.xtec.cat\/ceiplaulet\/wp-json\/wp\/v2\/types\/page"}],"author":[{"embeddable":true,"href":"https:\/\/agora.xtec.cat\/ceiplaulet\/wp-json\/wp\/v2\/users\/3"}],"replies":[{"embeddable":true,"href":"https:\/\/agora.xtec.cat\/ceiplaulet\/wp-json\/wp\/v2\/comments?post=658"}],"version-history":[{"count":3,"href":"https:\/\/agora.xtec.cat\/ceiplaulet\/wp-json\/wp\/v2\/pages\/658\/revisions"}],"predecessor-version":[{"id":945,"href":"https:\/\/agora.xtec.cat\/ceiplaulet\/wp-json\/wp\/v2\/pages\/658\/revisions\/945"}],"wp:attachment":[{"href":"https:\/\/agora.xtec.cat\/ceiplaulet\/wp-json\/wp\/v2\/media?parent=658"}],"curies":[{"name":"wp","href":"https:\/\/api.w.org\/{rel}","templated":true}]}}