{"id":592,"date":"2020-07-16T13:45:27","date_gmt":"2020-07-16T11:45:27","guid":{"rendered":"https:\/\/agora.xtec.cat\/ceiplaulet\/?page_id=592"},"modified":"2024-09-05T10:34:08","modified_gmt":"2024-09-05T08:34:08","slug":"projecte-artistic","status":"publish","type":"page","link":"https:\/\/agora.xtec.cat\/ceiplaulet\/projecte-artistic\/","title":{"rendered":"Projecte Art\u00edstic"},"content":{"rendered":"\n<p><sub>LA GALERIA&nbsp;<\/sub><\/p>\n\n\n\n<p><sub>L&#8217;art \u00e9s el proc\u00e9s o el producte deliberat de l&#8217;organitzaci\u00f3 dels elements en una forma que apel\u00b7la els sentits i les emocions.<\/sub><\/p>\n\n\n\n<p><sub>En un sentit general, l&#8217;art \u00e9s el conjunt de les<\/sub><a href=\"https:\/\/ca.wikipedia.org\/wiki\/Belles_arts\"><sub> belles arts<\/sub><\/a><sub> o cadascuna d&#8217;elles: l&#8217;<\/sub><a href=\"https:\/\/ca.wikipedia.org\/wiki\/Arquitectura\"><sub>arquitectura<\/sub><\/a><sub>, l&#8217;<\/sub><a href=\"https:\/\/ca.wikipedia.org\/wiki\/Escultura\"><sub>escultura<\/sub><\/a><sub>, la<\/sub><a href=\"https:\/\/ca.wikipedia.org\/wiki\/Pintura\"><sub> pintura<\/sub><\/a><sub>, la<\/sub><a href=\"https:\/\/ca.wikipedia.org\/wiki\/M%C3%BAsica\"><sub> m\u00fasica<\/sub><\/a><sub>, la<\/sub><a href=\"https:\/\/ca.wikipedia.org\/wiki\/Dansa\"><sub> dansa<\/sub><\/a><sub> i la<\/sub><a href=\"https:\/\/ca.wikipedia.org\/wiki\/Poesia\"><sub> poesia<\/sub><\/a><sub>. Del conjunt, l&#8217;arquitectura, l&#8217;escultura i la pintura constitueixen el grup de les<\/sub><a href=\"https:\/\/ca.wikipedia.org\/wiki\/Arts_pl%C3%A0stiques\"><sub> arts pl\u00e0stiques<\/sub><\/a><sub>.<\/sub><\/p>\n\n\n\n<p><sub>Aquesta llista s&#8217;ha anat ampliant i s&#8217;han acceptat, tamb\u00e9, les seg\u00fcents: El set\u00e8 art, el<\/sub><a href=\"https:\/\/ca.wikipedia.org\/wiki\/Cinema\"><sub> cinema<\/sub><\/a><sub>. El vuit\u00e8, la<\/sub><a href=\"https:\/\/ca.wikipedia.org\/wiki\/Fotografia\"><sub> fotografia<\/sub><\/a><sub>. I el nov\u00e8, el<\/sub><a href=\"https:\/\/ca.wikipedia.org\/wiki\/C%C3%B2mic\"><sub> c\u00f2mic<\/sub><\/a><sub>. Alguns cr\u00edtics i historiadors afegeixen altres arts a la llista, com s\u00f3n la<\/sub><a href=\"https:\/\/ca.wikipedia.org\/wiki\/Televisi%C3%B3\"><sub> televisi\u00f3<\/sub><\/a><sub>, el<\/sub><a href=\"https:\/\/ca.wikipedia.org\/wiki\/Teatre\"><sub> teatre<\/sub><\/a><sub>, la<\/sub><a href=\"https:\/\/ca.wikipedia.org\/wiki\/Moda\"><sub> moda<\/sub><\/a><sub>, la<\/sub><a href=\"https:\/\/ca.wikipedia.org\/wiki\/Publicitat\"><sub> publicitat<\/sub><\/a><sub>, l&#8217;<\/sub><a href=\"https:\/\/ca.wikipedia.org\/wiki\/Animaci%C3%B3\"><sub>animaci\u00f3<\/sub><\/a><sub> i els<\/sub><a href=\"https:\/\/ca.wikipedia.org\/wiki\/Videojocs\"><sub> videojocs<\/sub><\/a><sub>.<\/sub><\/p>\n\n\n\n<p><sub>D\u2019I3 a 6\u00e8 farem servir l\u2019art com a eina per fomentar la creativitat, la diversi\u00f3, l\u2019esfor\u00e7, la const\u00e0ncia, la concentraci\u00f3, la polidesa el gust per la feina ben feta. Alguns dels projectes seran exposats a LA GALERIA, per compartir les sensacions que es generen a partir de l\u2019observaci\u00f3 d\u2019una obra d\u2019art. Aquest curs, farem dibuix, pintura i diferents t\u00e8cniques al quadern. A m\u00e9s, treballarem l\u2019escultura i l\u2019arquitectura, amb formats i materials que ampliaran les habilitats espec\u00edfiques i els aprenentatges dels nens i les nenes. Tamb\u00e9 restaurarem els gegants, en Pitu i la Pita. Prepararem les escenografies dels teatres. Observarem l\u2019obra de diferents artistes i disciplines per fomentar l\u2019esperit cr\u00edtic i l\u2019amor per l\u2019art, i veurem la feina d\u2019artistes en directe.&nbsp;<\/sub><\/p>\n\n\n\n<p><sub>La Roser Romero desenvolupar\u00e0 el projecte de Visual i Pl\u00e0stica de l\u2019escola a infantil i prim\u00e0ria.<\/sub><\/p>\n\n\n\n<figure class=\"wp-block-embed is-type-video is-provider-youtube wp-block-embed-youtube wp-embed-aspect-16-9 wp-has-aspect-ratio\"><div class=\"wp-block-embed__wrapper\">\n<div class=\"ast-oembed-container \" style=\"height: 100%;\"><iframe loading=\"lazy\" title=\"LA GALERIA\" width=\"500\" height=\"281\" src=\"https:\/\/www.youtube.com\/embed\/fiM5PMtqpR4?feature=oembed\" frameborder=\"0\" allow=\"accelerometer; autoplay; clipboard-write; encrypted-media; gyroscope; picture-in-picture; web-share\" referrerpolicy=\"strict-origin-when-cross-origin\" allowfullscreen><\/iframe><\/div>\n<\/div><\/figure>\n","protected":false},"excerpt":{"rendered":"<p>LA GALERIA&nbsp; L&#8217;art \u00e9s el proc\u00e9s o el producte deliberat de l&#8217;organitzaci\u00f3 dels elements en una forma que apel\u00b7la els sentits i les emocions. En un sentit general, l&#8217;art \u00e9s el conjunt de les belles arts o cadascuna d&#8217;elles: l&#8217;arquitectura, l&#8217;escultura, la pintura, la m\u00fasica, la dansa i la poesia. Del conjunt, l&#8217;arquitectura, l&#8217;escultura i [&hellip;]<\/p>\n","protected":false},"author":1,"featured_media":0,"parent":0,"menu_order":0,"comment_status":"closed","ping_status":"closed","template":"","meta":{"_bbp_topic_count":0,"_bbp_reply_count":0,"_bbp_total_topic_count":0,"_bbp_total_reply_count":0,"_bbp_voice_count":0,"_bbp_anonymous_reply_count":0,"_bbp_topic_count_hidden":0,"_bbp_reply_count_hidden":0,"_bbp_forum_subforum_count":0,"site-sidebar-layout":"default","site-content-layout":"","ast-site-content-layout":"","site-content-style":"default","site-sidebar-style":"default","ast-global-header-display":"","ast-banner-title-visibility":"","ast-main-header-display":"","ast-hfb-above-header-display":"","ast-hfb-below-header-display":"","ast-hfb-mobile-header-display":"","site-post-title":"","ast-breadcrumbs-content":"","ast-featured-img":"","footer-sml-layout":"","theme-transparent-header-meta":"","adv-header-id-meta":"","stick-header-meta":"","header-above-stick-meta":"","header-main-stick-meta":"","header-below-stick-meta":"","astra-migrate-meta-layouts":"default","ast-page-background-enabled":"default","ast-page-background-meta":{"desktop":{"background-color":"var(--ast-global-color-4)","background-image":"","background-repeat":"repeat","background-position":"center center","background-size":"auto","background-attachment":"scroll","background-type":"","background-media":"","overlay-type":"","overlay-color":"","overlay-opacity":"","overlay-gradient":""},"tablet":{"background-color":"","background-image":"","background-repeat":"repeat","background-position":"center center","background-size":"auto","background-attachment":"scroll","background-type":"","background-media":"","overlay-type":"","overlay-color":"","overlay-opacity":"","overlay-gradient":""},"mobile":{"background-color":"","background-image":"","background-repeat":"repeat","background-position":"center center","background-size":"auto","background-attachment":"scroll","background-type":"","background-media":"","overlay-type":"","overlay-color":"","overlay-opacity":"","overlay-gradient":""}},"ast-content-background-meta":{"desktop":{"background-color":"var(--ast-global-color-5)","background-image":"","background-repeat":"repeat","background-position":"center center","background-size":"auto","background-attachment":"scroll","background-type":"","background-media":"","overlay-type":"","overlay-color":"","overlay-opacity":"","overlay-gradient":""},"tablet":{"background-color":"var(--ast-global-color-5)","background-image":"","background-repeat":"repeat","background-position":"center center","background-size":"auto","background-attachment":"scroll","background-type":"","background-media":"","overlay-type":"","overlay-color":"","overlay-opacity":"","overlay-gradient":""},"mobile":{"background-color":"var(--ast-global-color-5)","background-image":"","background-repeat":"repeat","background-position":"center center","background-size":"auto","background-attachment":"scroll","background-type":"","background-media":"","overlay-type":"","overlay-color":"","overlay-opacity":"","overlay-gradient":""}},"footnotes":""},"class_list":["post-592","page","type-page","status-publish","hentry"],"post_mailing_queue_ids":[],"_links":{"self":[{"href":"https:\/\/agora.xtec.cat\/ceiplaulet\/wp-json\/wp\/v2\/pages\/592","targetHints":{"allow":["GET"]}}],"collection":[{"href":"https:\/\/agora.xtec.cat\/ceiplaulet\/wp-json\/wp\/v2\/pages"}],"about":[{"href":"https:\/\/agora.xtec.cat\/ceiplaulet\/wp-json\/wp\/v2\/types\/page"}],"author":[{"embeddable":true,"href":"https:\/\/agora.xtec.cat\/ceiplaulet\/wp-json\/wp\/v2\/users\/1"}],"replies":[{"embeddable":true,"href":"https:\/\/agora.xtec.cat\/ceiplaulet\/wp-json\/wp\/v2\/comments?post=592"}],"version-history":[{"count":6,"href":"https:\/\/agora.xtec.cat\/ceiplaulet\/wp-json\/wp\/v2\/pages\/592\/revisions"}],"predecessor-version":[{"id":7725,"href":"https:\/\/agora.xtec.cat\/ceiplaulet\/wp-json\/wp\/v2\/pages\/592\/revisions\/7725"}],"wp:attachment":[{"href":"https:\/\/agora.xtec.cat\/ceiplaulet\/wp-json\/wp\/v2\/media?parent=592"}],"curies":[{"name":"wp","href":"https:\/\/api.w.org\/{rel}","templated":true}]}}