{"id":34,"date":"2014-09-18T12:32:18","date_gmt":"2014-09-18T11:32:18","guid":{"rendered":"http:\/\/agora.xtec.cat\/ceiplaulet\/?page_id=34"},"modified":"2025-09-05T21:53:32","modified_gmt":"2025-09-05T19:53:32","slug":"oferta-educativa","status":"publish","type":"page","link":"https:\/\/agora.xtec.cat\/ceiplaulet\/lescola\/oferta-educativa\/","title":{"rendered":"Qui Som?"},"content":{"rendered":"\n<figure class=\"wp-block-table aligncenter\"><table><tbody><tr><td><strong>Personal docent, administratiu i de serveis<\/strong><\/td><td><strong>Correu<\/strong><\/td><\/tr><tr><td><strong>I3 <\/strong>: <strong>Silvia Al\u00e9<\/strong>\/<strong>Judit Coll<\/strong><br><strong>TEI:\u00a0 Olga Martin<\/strong><\/td><td><a href=\"mailto:silviaale@escolalaulet.cat\">silviaale@escolalaulet.cat<\/a> <br>juditcoll@escolalaulet.cat<br><a href=\"mailto:olgamartin@escolalaulet.cat\">olgamartin@escolalaulet.cat<\/a><\/td><\/tr><tr><td><strong>I4: <strong>Gemma Fajula<\/strong> <\/strong><\/td><td><a href=\"mailto:gemmafajula@escolalaulet.cat\">gemmafajula@escolalaulet.cat<\/a><\/td><\/tr><tr><td><strong>I5 :Carme Fontacaba<\/strong><\/td><td><a href=\"mailto:carmefontacaba@escolalaulet.cat\">carmefontacaba@escolalaulet.cat<\/a><\/td><\/tr><tr><td><strong>1r : <strong>Ester Reverter<\/strong><\/strong> <\/td><td><a href=\"mailto:esterreverter@escolalaulet.cat\">esterreverter@escolalaulet.cat<\/a><\/td><\/tr><tr><td><strong>2n A:&nbsp; Anna Salas<\/strong><\/td><td><a href=\"mailto:annasalas@escolalaulet.cat\">annasalas@escolalaulet.cat<\/a><\/td><\/tr><tr><td><strong>2n B: Merc\u00e8 Cano<\/strong><\/td><td><a href=\"mailto:mercecano@escolalaulet.cat\">mercecano@escolalaulet.cat<\/a><\/td><\/tr><tr><td><strong>3r : <strong>Assun Ball\u00f3<\/strong><\/strong> <\/td><td><a href=\"mailto:assunballo@escolalaulet.cat\">assunballo@escolalaulet.cat<\/a><\/td><\/tr><tr><td><strong>4t : Carmina Artacho<\/strong><\/td><td><a href=\"mailto:carminaartacho@escolalaulet.cat\">carminaartacho@escolalaulet.cat<\/a><\/td><\/tr><tr><td><strong><strong>5\u00e8 A:<\/strong><\/strong> <strong>Salut Ametller<\/strong><\/td><td><a href=\"mailto:roserromero@escolalaulet.cat\">salutametller@escolalaulet.cat<\/a><\/td><\/tr><tr><td><strong>5\u00e8 B:  Joan Vila<\/strong><\/td><td><a href=\"mailto:ariadnaferrer@escolalaulet.cat\">joanvila@escolalaulet.cat<\/a><\/td><\/tr><tr><td><strong><strong>6\u00e8 A: <\/strong>Agnes Casadevall<\/strong><\/td><td><a href=\"mailto:agnescasadevall@escolalaulet.cat\">agnescasadevall@escolalaulet.cat<\/a><\/td><\/tr><tr><td><strong>6\u00e8 B : Anna Massanas i Roser Romero<\/strong><\/td><td><a href=\"mailto:annamassanas@escolalaulet.cat\">annamassanas@escolalaulet.cat<\/a><br><a href=\"mailto:roserromero@escolalaulet.cat\">roserromero@escolalaulet.cat<\/a><\/td><\/tr><tr><td><\/td><td><\/td><\/tr><tr><td><strong>ANGL\u00c8S:<\/strong> <br><strong>Roser Planas<\/strong> <br><strong>Merc\u00e8 Cano<\/strong> <br><strong>Agnes Casadevall<\/strong><\/td><td>&nbsp; <a href=\"mailto:roserplanas@escolalaulet.cat\">roserplanas@escolalaulet.cat<\/a> <br><a href=\"mailto:mercecano@escolalaulet.cat\">mercecano@escolalaulet.cat<\/a> <br><a href=\"mailto:ariadnaferrer@escolalaulet.cat\">agnescasadevall@escolalaulet.cat<\/a><\/td><\/tr><tr><td><strong>EDUCACI\u00d3 FISICA:&nbsp;<\/strong> <strong>Josep M. Santiago<\/strong><\/td><td>&nbsp; <a href=\"mailto:jmsanti@escolalaulet.cat\">jmsanti@escolalaulet.cat<\/a><\/td><\/tr><tr><td><strong>M\u00daSICA:<\/strong> <strong>Mei Daunis<\/strong> <\/td><td>&nbsp; <a href=\"mailto:meidaunis@escolalaulet.cat\">meidaunis@escolalaulet.cat<\/a> <\/td><\/tr><tr><td><strong>SUPORT D\u2019EDUCACI\u00d3 INFANTIL I PRIM\u00c0RIA:<\/strong> <br><strong>Anna Barcel\u00f3<\/strong> <br><strong>Alicia Garc\u00eda<\/strong> <br><strong>Judit Coll<\/strong><br><\/td><td>&nbsp; &nbsp; <a href=\"mailto:annabarcelo@escolalaulet.cat\">annabarcelo@escolalaulet.cat<\/a><br> <a href=\"mailto:aliciagarcia@escolalaulet.cat\">aliciagarcia@escolalaulet.cat<\/a> <\/td><\/tr><tr><td><strong>EDUCACI\u00d3 ESPECIAL<\/strong> <strong>Carme Sabater<\/strong><\/td><td>&nbsp; <a href=\"mailto:carmesabater@escolalaulet.cat\">carmesabater@escolalaulet.cat<\/a><\/td><\/tr><tr><td><strong>PROJECTE ART\u00cdSTIC:<\/strong> <br><strong>David Estany<\/strong> <br><strong>Roser Romero<\/strong><\/td><td>&nbsp; <a href=\"mailto:davidestany@escolalaulet.cat\">davidestany@escolalaulet.cat<\/a> <br><a href=\"mailto:roserromero@escolalaulet.cat\">roserromero@escolalaulet.cat<\/a><\/td><\/tr><tr><td><strong>EQUIP DIRECTIU:<\/strong> <strong>&nbsp;<\/strong> <br><strong>Elisabet Gubern<\/strong> <br><strong>Anna Massanas<\/strong> <br><strong>Mei Daunis<\/strong><\/td><td>&nbsp; &nbsp; <a href=\"mailto:elisabetgubern@escolalaulet.cat\">elisabetgubern@escolalaulet.cat<\/a> <br><br><a href=\"mailto:annamassanas@escolalaulet.cat\">annamassanas@escolalaulet.cat<\/a> <br><br><a href=\"mailto:meidaunis@escolalaulet.cat\">meidaunis@escolalaulet.cat<\/a><\/td><\/tr><tr><td><strong>VETLLADORA:&nbsp;Encarni Su\u00e1rez<\/strong><\/td><td>&nbsp;<\/td><\/tr><tr><td><strong>CONSERGE:&nbsp;Dolors Prat<\/strong><\/td><td>&nbsp;<\/td><\/tr><tr><td><strong>AUXILIAR ADMINISTRATIVA:&nbsp;<\/strong> <strong>Anna Flores<\/strong><\/td><td>&nbsp;<\/td><\/tr><tr><td><strong>CUINERES:<\/strong>  <strong>Marta<br>                             Yolanda<\/strong><br><\/td><td>&nbsp;<\/td><\/tr><\/tbody><\/table><\/figure>\n","protected":false},"excerpt":{"rendered":"<p>Personal docent, administratiu i de serveis Correu I3 : Silvia Al\u00e9\/Judit CollTEI:\u00a0 Olga Martin silviaale@escolalaulet.cat juditcoll@escolalaulet.catolgamartin@escolalaulet.cat I4: Gemma Fajula gemmafajula@escolalaulet.cat I5 :Carme Fontacaba carmefontacaba@escolalaulet.cat 1r : Ester Reverter esterreverter@escolalaulet.cat 2n A:&nbsp; Anna Salas annasalas@escolalaulet.cat 2n B: Merc\u00e8 Cano mercecano@escolalaulet.cat 3r : Assun Ball\u00f3 assunballo@escolalaulet.cat 4t : Carmina Artacho carminaartacho@escolalaulet.cat 5\u00e8 A: Salut Ametller salutametller@escolalaulet.cat 5\u00e8 [&hellip;]<\/p>\n","protected":false},"author":1,"featured_media":0,"parent":22,"menu_order":60,"comment_status":"closed","ping_status":"closed","template":"","meta":{"_bbp_topic_count":0,"_bbp_reply_count":0,"_bbp_total_topic_count":0,"_bbp_total_reply_count":0,"_bbp_voice_count":0,"_bbp_anonymous_reply_count":0,"_bbp_topic_count_hidden":0,"_bbp_reply_count_hidden":0,"_bbp_forum_subforum_count":0,"site-sidebar-layout":"default","site-content-layout":"","ast-site-content-layout":"default","site-content-style":"default","site-sidebar-style":"default","ast-global-header-display":"","ast-banner-title-visibility":"","ast-main-header-display":"","ast-hfb-above-header-display":"","ast-hfb-below-header-display":"","ast-hfb-mobile-header-display":"","site-post-title":"","ast-breadcrumbs-content":"","ast-featured-img":"","footer-sml-layout":"","theme-transparent-header-meta":"","adv-header-id-meta":"","stick-header-meta":"","header-above-stick-meta":"","header-main-stick-meta":"","header-below-stick-meta":"","astra-migrate-meta-layouts":"set","ast-page-background-enabled":"default","ast-page-background-meta":{"desktop":{"background-color":"var(--ast-global-color-4)","background-image":"","background-repeat":"repeat","background-position":"center center","background-size":"auto","background-attachment":"scroll","background-type":"","background-media":"","overlay-type":"","overlay-color":"","overlay-opacity":"","overlay-gradient":""},"tablet":{"background-color":"","background-image":"","background-repeat":"repeat","background-position":"center center","background-size":"auto","background-attachment":"scroll","background-type":"","background-media":"","overlay-type":"","overlay-color":"","overlay-opacity":"","overlay-gradient":""},"mobile":{"background-color":"","background-image":"","background-repeat":"repeat","background-position":"center center","background-size":"auto","background-attachment":"scroll","background-type":"","background-media":"","overlay-type":"","overlay-color":"","overlay-opacity":"","overlay-gradient":""}},"ast-content-background-meta":{"desktop":{"background-color":"var(--ast-global-color-5)","background-image":"","background-repeat":"repeat","background-position":"center center","background-size":"auto","background-attachment":"scroll","background-type":"","background-media":"","overlay-type":"","overlay-color":"","overlay-opacity":"","overlay-gradient":""},"tablet":{"background-color":"var(--ast-global-color-5)","background-image":"","background-repeat":"repeat","background-position":"center center","background-size":"auto","background-attachment":"scroll","background-type":"","background-media":"","overlay-type":"","overlay-color":"","overlay-opacity":"","overlay-gradient":""},"mobile":{"background-color":"var(--ast-global-color-5)","background-image":"","background-repeat":"repeat","background-position":"center center","background-size":"auto","background-attachment":"scroll","background-type":"","background-media":"","overlay-type":"","overlay-color":"","overlay-opacity":"","overlay-gradient":""}},"footnotes":""},"class_list":["post-34","page","type-page","status-publish","hentry"],"post_mailing_queue_ids":[],"_links":{"self":[{"href":"https:\/\/agora.xtec.cat\/ceiplaulet\/wp-json\/wp\/v2\/pages\/34","targetHints":{"allow":["GET"]}}],"collection":[{"href":"https:\/\/agora.xtec.cat\/ceiplaulet\/wp-json\/wp\/v2\/pages"}],"about":[{"href":"https:\/\/agora.xtec.cat\/ceiplaulet\/wp-json\/wp\/v2\/types\/page"}],"author":[{"embeddable":true,"href":"https:\/\/agora.xtec.cat\/ceiplaulet\/wp-json\/wp\/v2\/users\/1"}],"replies":[{"embeddable":true,"href":"https:\/\/agora.xtec.cat\/ceiplaulet\/wp-json\/wp\/v2\/comments?post=34"}],"version-history":[{"count":6,"href":"https:\/\/agora.xtec.cat\/ceiplaulet\/wp-json\/wp\/v2\/pages\/34\/revisions"}],"predecessor-version":[{"id":8604,"href":"https:\/\/agora.xtec.cat\/ceiplaulet\/wp-json\/wp\/v2\/pages\/34\/revisions\/8604"}],"up":[{"embeddable":true,"href":"https:\/\/agora.xtec.cat\/ceiplaulet\/wp-json\/wp\/v2\/pages\/22"}],"wp:attachment":[{"href":"https:\/\/agora.xtec.cat\/ceiplaulet\/wp-json\/wp\/v2\/media?parent=34"}],"curies":[{"name":"wp","href":"https:\/\/api.w.org\/{rel}","templated":true}]}}