{"id":3380,"date":"2021-09-09T09:55:33","date_gmt":"2021-09-09T07:55:33","guid":{"rendered":"https:\/\/agora.xtec.cat\/ceiplaulet\/?page_id=3380"},"modified":"2024-09-03T11:25:45","modified_gmt":"2024-09-03T09:25:45","slug":"seccio-esportiva-escolar-laulet","status":"publish","type":"page","link":"https:\/\/agora.xtec.cat\/ceiplaulet\/seccio-esportiva-escolar-laulet\/","title":{"rendered":"Secci\u00f3 Esportiva Escolar L&#8217;Aulet"},"content":{"rendered":"<p>La Secci\u00f3 Esportiva Escolar de l&#8217;AFA de l&#8217;Aulet s&#8217;encarrega de l&#8217;organitzaci\u00f3 de les activitats fisico esportives extraescolars i de l&#8217;aplicaci\u00f3 del Pla Catal\u00e0 de l&#8217;Esport a l&#8217;Escola.<\/p>\n<p>L\u2019\u00f2rgan directiu de la secci\u00f3 esportiva escolar est\u00e0 format per:<\/p>\n<ul>\n<li>1 representant de l\u2019AMPA : <strong>SILVIA MARTINEZ<\/strong><\/li>\n<li>1 representant del consell escolar del centre educatiu: <strong>MERCE CANO<\/strong><\/li>\n<li>1 alumne o exalumne del centre educatiu : <strong>IKER ALMEIDA<\/strong><\/li>\n<li>Coordinador del PCEE: <strong>JOSEP MARIA SANTIAGO<\/strong><\/li>\n<\/ul>\n<p>Podeu contactar amb la SEE via mail seeaulet@escolalaulet.cat<\/p>\n<p><em><strong>Pel curs 2024-25 s&#8217;ofereixen les seg\u00fcents activitats:<\/strong><\/em><\/p>\n<ul>\n<li>Multiesport (1 dia a la setmana, 1 hora).<\/li>\n<\/ul>\n","protected":false},"excerpt":{"rendered":"<p>La Secci\u00f3 Esportiva Escolar de l&#8217;AFA de l&#8217;Aulet s&#8217;encarrega de l&#8217;organitzaci\u00f3 de les activitats fisico esportives extraescolars i de l&#8217;aplicaci\u00f3 del Pla Catal\u00e0 de l&#8217;Esport a l&#8217;Escola. L\u2019\u00f2rgan directiu de la secci\u00f3 esportiva escolar est\u00e0 format per: 1 representant de l\u2019AMPA : SILVIA MARTINEZ 1 representant del consell escolar del centre educatiu: MERCE CANO 1 [&hellip;]<\/p>\n","protected":false},"author":3,"featured_media":0,"parent":0,"menu_order":0,"comment_status":"closed","ping_status":"closed","template":"","meta":{"_bbp_topic_count":0,"_bbp_reply_count":0,"_bbp_total_topic_count":0,"_bbp_total_reply_count":0,"_bbp_voice_count":0,"_bbp_anonymous_reply_count":0,"_bbp_topic_count_hidden":0,"_bbp_reply_count_hidden":0,"_bbp_forum_subforum_count":0,"site-sidebar-layout":"default","site-content-layout":"","ast-site-content-layout":"","site-content-style":"default","site-sidebar-style":"default","ast-global-header-display":"","ast-banner-title-visibility":"","ast-main-header-display":"","ast-hfb-above-header-display":"","ast-hfb-below-header-display":"","ast-hfb-mobile-header-display":"","site-post-title":"","ast-breadcrumbs-content":"","ast-featured-img":"","footer-sml-layout":"","theme-transparent-header-meta":"","adv-header-id-meta":"","stick-header-meta":"","header-above-stick-meta":"","header-main-stick-meta":"","header-below-stick-meta":"","astra-migrate-meta-layouts":"default","ast-page-background-enabled":"default","ast-page-background-meta":{"desktop":{"background-color":"var(--ast-global-color-4)","background-image":"","background-repeat":"repeat","background-position":"center center","background-size":"auto","background-attachment":"scroll","background-type":"","background-media":"","overlay-type":"","overlay-color":"","overlay-opacity":"","overlay-gradient":""},"tablet":{"background-color":"","background-image":"","background-repeat":"repeat","background-position":"center center","background-size":"auto","background-attachment":"scroll","background-type":"","background-media":"","overlay-type":"","overlay-color":"","overlay-opacity":"","overlay-gradient":""},"mobile":{"background-color":"","background-image":"","background-repeat":"repeat","background-position":"center center","background-size":"auto","background-attachment":"scroll","background-type":"","background-media":"","overlay-type":"","overlay-color":"","overlay-opacity":"","overlay-gradient":""}},"ast-content-background-meta":{"desktop":{"background-color":"var(--ast-global-color-5)","background-image":"","background-repeat":"repeat","background-position":"center center","background-size":"auto","background-attachment":"scroll","background-type":"","background-media":"","overlay-type":"","overlay-color":"","overlay-opacity":"","overlay-gradient":""},"tablet":{"background-color":"var(--ast-global-color-5)","background-image":"","background-repeat":"repeat","background-position":"center center","background-size":"auto","background-attachment":"scroll","background-type":"","background-media":"","overlay-type":"","overlay-color":"","overlay-opacity":"","overlay-gradient":""},"mobile":{"background-color":"var(--ast-global-color-5)","background-image":"","background-repeat":"repeat","background-position":"center center","background-size":"auto","background-attachment":"scroll","background-type":"","background-media":"","overlay-type":"","overlay-color":"","overlay-opacity":"","overlay-gradient":""}},"footnotes":""},"class_list":["post-3380","page","type-page","status-publish","hentry"],"post_mailing_queue_ids":[],"_links":{"self":[{"href":"https:\/\/agora.xtec.cat\/ceiplaulet\/wp-json\/wp\/v2\/pages\/3380","targetHints":{"allow":["GET"]}}],"collection":[{"href":"https:\/\/agora.xtec.cat\/ceiplaulet\/wp-json\/wp\/v2\/pages"}],"about":[{"href":"https:\/\/agora.xtec.cat\/ceiplaulet\/wp-json\/wp\/v2\/types\/page"}],"author":[{"embeddable":true,"href":"https:\/\/agora.xtec.cat\/ceiplaulet\/wp-json\/wp\/v2\/users\/3"}],"replies":[{"embeddable":true,"href":"https:\/\/agora.xtec.cat\/ceiplaulet\/wp-json\/wp\/v2\/comments?post=3380"}],"version-history":[{"count":5,"href":"https:\/\/agora.xtec.cat\/ceiplaulet\/wp-json\/wp\/v2\/pages\/3380\/revisions"}],"predecessor-version":[{"id":7714,"href":"https:\/\/agora.xtec.cat\/ceiplaulet\/wp-json\/wp\/v2\/pages\/3380\/revisions\/7714"}],"wp:attachment":[{"href":"https:\/\/agora.xtec.cat\/ceiplaulet\/wp-json\/wp\/v2\/media?parent=3380"}],"curies":[{"name":"wp","href":"https:\/\/api.w.org\/{rel}","templated":true}]}}