{"id":28,"date":"2014-09-18T12:29:35","date_gmt":"2014-09-18T11:29:35","guid":{"rendered":"http:\/\/agora.xtec.cat\/ceiplaulet\/?page_id=28"},"modified":"2026-01-29T16:28:24","modified_gmt":"2026-01-29T15:28:24","slug":"consell-escolar","status":"publish","type":"page","link":"https:\/\/agora.xtec.cat\/ceiplaulet\/lescola\/consell-escolar\/","title":{"rendered":"Consell escolar"},"content":{"rendered":"<p>El consell escolar actual est\u00e0 format per:<\/p>\n<table style=\"width: 100%; height: 297px;\">\n<tbody>\n<tr style=\"height: 23px;\">\n<td style=\"height: 23px;\">Directora<\/td>\n<td style=\"height: 23px;\">Elisabet Gubern Juventeny<\/td>\n<\/tr>\n<tr style=\"height: 23px;\">\n<td style=\"height: 23px;\">Cap d&#8217;estudis<\/td>\n<td style=\"height: 23px;\">Anna Massanas Regalat<\/td>\n<\/tr>\n<tr style=\"height: 23px;\">\n<td style=\"height: 23px;\">Secret\u00e0ria<\/td>\n<td style=\"height: 23px;\">Mei Daunis Panosa<\/td>\n<\/tr>\n<tr style=\"height: 46px;\">\n<td style=\"height: 46px;\">Representant de l&#8217;ajuntament<\/td>\n<td style=\"height: 46px;\">Iria Mas\u00f3 Planas<\/td>\n<\/tr>\n<tr style=\"height: 67px;\">\n<td style=\"height: 67px;\">Representant del professorat<\/td>\n<td style=\"height: 67px;\">Salut Ametller Bernaveu, Gemma Fajula Ridao, Carme Fontacaba Sais, Ester Reverter Mart\u00ed i Josep M. Santiago Gonz\u00e1lez<\/td>\n<\/tr>\n<tr style=\"height: 46px;\">\n<td style=\"height: 46px;\">Representants dels mares i pares<\/td>\n<td style=\"height: 46px;\">Raquel Aguilera Gamisans, T\u00e0nia Llin\u00e0s Carol, Gemma Pont Besal\u00fa i Clara Clavijo<\/td>\n<\/tr>\n<tr style=\"height: 46px;\">\n<td style=\"height: 46px;\">Representant de l&#8217;AMPA<\/td>\n<td style=\"height: 46px;\">Joana Mart\u00ednez Fortes<\/td>\n<\/tr>\n<tr style=\"height: 23px;\">\n<td style=\"height: 23px;\">Representant del PAS<\/td>\n<td style=\"height: 23px;\">Anna M. Flores Salda\u00f1a<\/td>\n<\/tr>\n<\/tbody>\n<\/table>\n<p>CURS 2025-26<\/p>\n<p><a href=\"https:\/\/agora.xtec.cat\/ceiplaulet\/wp-content\/uploads\/usu344\/2025\/10\/2526_Cert.-acords-Consell-Escolar_1.pdf\">Cert. acords Consell Escolar 1<\/a><\/p>\n<p><a href=\"https:\/\/agora.xtec.cat\/ceiplaulet\/wp-content\/uploads\/usu344\/2025\/12\/2526_Cert.-acords-Consell-Escolar_2.pdf\">Cert. acords Consell Escolar 2<\/a><\/p>\n<p><a href=\"https:\/\/agora.xtec.cat\/ceiplaulet\/wp-content\/uploads\/usu344\/2026\/01\/2526_Cert.-acords-Consell-Escolar_3-1.pdf\">Cert. acords Consell Escolar 3<\/a><\/p>\n<hr \/>\n<p>CURS 2024-25<\/p>\n<p><a href=\"https:\/\/agora.xtec.cat\/ceiplaulet\/wp-content\/uploads\/usu344\/2024\/11\/2425_Cert.-acords-Consell-Escolar_F.pdf\">Cert. acords Consell Escolar 1<\/a><\/p>\n<p><a href=\"https:\/\/agora.xtec.cat\/ceiplaulet\/wp-content\/uploads\/usu344\/2025\/02\/2425_Cert.-acords-Consell-Escolar_2.pdf\">Cert. acords Consell Escolar 2<\/a><\/p>\n<p><a href=\"https:\/\/agora.xtec.cat\/ceiplaulet\/wp-content\/uploads\/usu344\/2025\/07\/2425_Cert.-acords-Consell-Escolar_3.pdf\">Cert. acords Consell Escolar 3<\/a><\/p>\n<hr \/>\n<p>CURS 2023-24<\/p>\n<p><a href=\"https:\/\/agora.xtec.cat\/ceiplaulet\/wp-content\/uploads\/usu344\/2024\/05\/2324_Cert.-acords-Consell-Escolar_1F.pdf\">Cert. acords Consell Escolar 1<\/a><\/p>\n<p><a href=\"https:\/\/agora.xtec.cat\/ceiplaulet\/wp-content\/uploads\/usu344\/2024\/05\/2324_Cert.-acords-Consell-Escolar_2_F.pdf\">Cert. acords Consell Escolar 2<\/a><\/p>\n<p><a href=\"https:\/\/agora.xtec.cat\/ceiplaulet\/wp-content\/uploads\/usu344\/2024\/05\/2324_Cert.-acords-Consell-Escolar3_29_01_24_F.pdf\">Cert. acords Consell Escolar 3<\/a><\/p>\n<p><a href=\"https:\/\/drive.google.com\/file\/d\/1_iSj8uXKDtXZi8ZC3IREcrr-j_7FhBdp\/view?usp=sharing\">Cert. acords Consell Escolar 4<\/a><\/p>\n<hr \/>\n<p>CURS 2022-23<\/p>\n<p><a href=\"https:\/\/agora.xtec.cat\/ceiplaulet\/wp-content\/uploads\/usu344\/2022\/10\/2223_Cert.-acords-Consell-Escolar_1.docx.pdf\">Cert. acords Consell Escolar 1<\/a><\/p>\n<p><a href=\"https:\/\/agora.xtec.cat\/ceiplaulet\/wp-content\/uploads\/usu344\/2023\/01\/2223_Cert.-acords-Consell-Escolar_2.docx-1.pdf\">Cert. acords Consell Escolar 2<\/a><\/p>\n<p><a href=\"https:\/\/agora.xtec.cat\/ceiplaulet\/wp-content\/uploads\/usu344\/2023\/06\/2223_Cert.-acords-Consell-Escolar_3-1.pdf\">Cert. acords Consell Escolar 3<\/a><\/p>\n<hr \/>\n<p>CURS 2021-2022<\/p>\n<p><a href=\"https:\/\/agora.xtec.cat\/ceiplaulet\/wp-content\/uploads\/usu344\/2021\/09\/Cert.-acords-Consell-Escolar1.pdf\">Cert. acords Consell Escolar 1<\/a><\/p>\n<p><a href=\"https:\/\/agora.xtec.cat\/ceiplaulet\/wp-content\/uploads\/usu344\/2021\/10\/Cert.acords-Consell-Escolar2-2.pdf\">Cert. acords Consell Escolar 2<\/a><\/p>\n<p><a href=\"https:\/\/agora.xtec.cat\/ceiplaulet\/wp-content\/uploads\/usu344\/2021\/12\/Cert.acords-Consell-Escolar3.pdf\">Cert. acords Consell Escolar 3<\/a><\/p>\n<p><a href=\"https:\/\/agora.xtec.cat\/ceiplaulet\/wp-content\/uploads\/usu344\/2022\/02\/Cert.acords-Consell-Escolar4.pdf\">Cert. acords Consell Escolar 4<\/a><\/p>\n<p><a href=\"https:\/\/agora.xtec.cat\/ceiplaulet\/wp-content\/uploads\/usu344\/2022\/06\/Cert.acords-Consell-Escolar5.pdf\">Cert. acords Consell Escolar 5\u00a0<\/a><\/p>\n<p><a href=\"https:\/\/agora.xtec.cat\/ceiplaulet\/wp-content\/uploads\/usu344\/2022\/02\/2022-DESPESES-PRESSUPOST.pdf\">2022 DESPESES PRESSUPOST<\/a><\/p>\n<p><a href=\"https:\/\/agora.xtec.cat\/ceiplaulet\/wp-content\/uploads\/usu344\/2022\/02\/2022-INGRESSOS-PRESSUPOST.pdf\">2022 INGRESSOS PRESSUPOST<\/a><\/p>\n<hr \/>\n<p>CURS 2020-2021<\/p>\n<p><a href=\"https:\/\/agora.xtec.cat\/ceiplaulet\/wp-content\/uploads\/usu344\/2021\/06\/Cert.-Acords-Consell5-1.pdf\">Cert. Acords Consell 5 <\/a><\/p>\n<p><a href=\"https:\/\/agora.xtec.cat\/ceiplaulet\/wp-content\/uploads\/usu344\/2021\/01\/Pressupost-ingressos-2021.pdf\">Pressupost ingressos 2021<\/a><\/p>\n<p><a href=\"https:\/\/agora.xtec.cat\/ceiplaulet\/wp-content\/uploads\/usu344\/2021\/01\/Pressupost-despeses-2021.pdf\">Pressupost despeses 2021<\/a><\/p>\n","protected":false},"excerpt":{"rendered":"<p>El consell escolar actual est\u00e0 format per: Directora Elisabet Gubern Juventeny Cap d&#8217;estudis Anna Massanas Regalat Secret\u00e0ria Mei Daunis Panosa Representant de l&#8217;ajuntament Iria Mas\u00f3 Planas Representant del professorat Salut Ametller Bernaveu, Gemma Fajula Ridao, Carme Fontacaba Sais, Ester Reverter Mart\u00ed i Josep M. Santiago Gonz\u00e1lez Representants dels mares i pares Raquel Aguilera Gamisans, T\u00e0nia [&hellip;]<\/p>\n","protected":false},"author":1,"featured_media":0,"parent":22,"menu_order":30,"comment_status":"closed","ping_status":"closed","template":"","meta":{"_bbp_topic_count":0,"_bbp_reply_count":0,"_bbp_total_topic_count":0,"_bbp_total_reply_count":0,"_bbp_voice_count":0,"_bbp_anonymous_reply_count":0,"_bbp_topic_count_hidden":0,"_bbp_reply_count_hidden":0,"_bbp_forum_subforum_count":0,"site-sidebar-layout":"default","site-content-layout":"","ast-site-content-layout":"default","site-content-style":"default","site-sidebar-style":"default","ast-global-header-display":"","ast-banner-title-visibility":"","ast-main-header-display":"","ast-hfb-above-header-display":"","ast-hfb-below-header-display":"","ast-hfb-mobile-header-display":"","site-post-title":"","ast-breadcrumbs-content":"","ast-featured-img":"","footer-sml-layout":"","theme-transparent-header-meta":"","adv-header-id-meta":"","stick-header-meta":"","header-above-stick-meta":"","header-main-stick-meta":"","header-below-stick-meta":"","astra-migrate-meta-layouts":"set","ast-page-background-enabled":"default","ast-page-background-meta":{"desktop":{"background-color":"var(--ast-global-color-4)","background-image":"","background-repeat":"repeat","background-position":"center center","background-size":"auto","background-attachment":"scroll","background-type":"","background-media":"","overlay-type":"","overlay-color":"","overlay-opacity":"","overlay-gradient":""},"tablet":{"background-color":"","background-image":"","background-repeat":"repeat","background-position":"center center","background-size":"auto","background-attachment":"scroll","background-type":"","background-media":"","overlay-type":"","overlay-color":"","overlay-opacity":"","overlay-gradient":""},"mobile":{"background-color":"","background-image":"","background-repeat":"repeat","background-position":"center center","background-size":"auto","background-attachment":"scroll","background-type":"","background-media":"","overlay-type":"","overlay-color":"","overlay-opacity":"","overlay-gradient":""}},"ast-content-background-meta":{"desktop":{"background-color":"var(--ast-global-color-5)","background-image":"","background-repeat":"repeat","background-position":"center center","background-size":"auto","background-attachment":"scroll","background-type":"","background-media":"","overlay-type":"","overlay-color":"","overlay-opacity":"","overlay-gradient":""},"tablet":{"background-color":"var(--ast-global-color-5)","background-image":"","background-repeat":"repeat","background-position":"center center","background-size":"auto","background-attachment":"scroll","background-type":"","background-media":"","overlay-type":"","overlay-color":"","overlay-opacity":"","overlay-gradient":""},"mobile":{"background-color":"var(--ast-global-color-5)","background-image":"","background-repeat":"repeat","background-position":"center center","background-size":"auto","background-attachment":"scroll","background-type":"","background-media":"","overlay-type":"","overlay-color":"","overlay-opacity":"","overlay-gradient":""}},"footnotes":""},"class_list":["post-28","page","type-page","status-publish","hentry"],"post_mailing_queue_ids":[],"_links":{"self":[{"href":"https:\/\/agora.xtec.cat\/ceiplaulet\/wp-json\/wp\/v2\/pages\/28","targetHints":{"allow":["GET"]}}],"collection":[{"href":"https:\/\/agora.xtec.cat\/ceiplaulet\/wp-json\/wp\/v2\/pages"}],"about":[{"href":"https:\/\/agora.xtec.cat\/ceiplaulet\/wp-json\/wp\/v2\/types\/page"}],"author":[{"embeddable":true,"href":"https:\/\/agora.xtec.cat\/ceiplaulet\/wp-json\/wp\/v2\/users\/1"}],"replies":[{"embeddable":true,"href":"https:\/\/agora.xtec.cat\/ceiplaulet\/wp-json\/wp\/v2\/comments?post=28"}],"version-history":[{"count":6,"href":"https:\/\/agora.xtec.cat\/ceiplaulet\/wp-json\/wp\/v2\/pages\/28\/revisions"}],"predecessor-version":[{"id":8806,"href":"https:\/\/agora.xtec.cat\/ceiplaulet\/wp-json\/wp\/v2\/pages\/28\/revisions\/8806"}],"up":[{"embeddable":true,"href":"https:\/\/agora.xtec.cat\/ceiplaulet\/wp-json\/wp\/v2\/pages\/22"}],"wp:attachment":[{"href":"https:\/\/agora.xtec.cat\/ceiplaulet\/wp-json\/wp\/v2\/media?parent=28"}],"curies":[{"name":"wp","href":"https:\/\/api.w.org\/{rel}","templated":true}]}}