{"id":26,"date":"2014-09-18T12:24:32","date_gmt":"2014-09-18T11:24:32","guid":{"rendered":"http:\/\/agora.xtec.cat\/ceiplaulet\/?page_id=26"},"modified":"2020-10-21T13:45:00","modified_gmt":"2020-10-21T11:45:00","slug":"historia","status":"publish","type":"page","link":"https:\/\/agora.xtec.cat\/ceiplaulet\/lescola\/historia\/","title":{"rendered":"Hist\u00f2ria"},"content":{"rendered":"<p><b>HIST\u00d2RIA<\/b><\/p>\n<p><span style=\"font-weight: 400;\">L\u2019escola l\u2019Aulet va n\u00e9ixer l\u2019any 1976, \u00e9s hereva de la dels anys 70-80. Aquells primers anys immersos en el final d\u2019una dictadura marxant cap a la democr\u00e0cia, han marcat l\u2019escola que som avui.<\/span><\/p>\n<p><span style=\"font-weight: 400;\">Va ser l\u2019Antoni Dom\u00e8nech, conjuntament amb uns mestres emprenedors i amb mires de futur, qui van\u00a0 iniciar el projecte de la nostra escola.<\/span><\/p>\n<p><span style=\"font-weight: 400;\">El primer que va inspirar aquells mestres de l\u2019any 1976 va ser l\u2019<\/span><b>edifici\u00a0<\/b><b>singular<\/b><span style=\"font-weight: 400;\"> que arquitectes de l\u2019\u00e8poca franquista, van construir. Al centre de l\u2019edifici hi van fer <\/span><b>un amfiteatre<\/b><span style=\"font-weight: 400;\">, <\/span><b>un \u201cf\u00f2rum<\/b><span style=\"font-weight: 400;\">\u201d, que permet reunir tota l\u2019escola, amb una presid\u00e8ncia, on tothom es podia veure les cares sense esfor\u00e7. Aquells <\/span><b>mestres preocupats per la formaci\u00f3 integral<\/b><span style=\"font-weight: 400;\"> d\u2019uns nois i noies que havien crescut sense la democr\u00e0cia i sense h\u00e0bits i valors democr\u00e0tics, van pensar que all\u00e0 s\u2019hi podrien reunir i discutir, fer propostes, parlar, debatre i&#8230; fins i tot, votar per tal d\u2019assajar el que els seus alumnes haurien de fer despr\u00e9s. En van fer un lloc on la \u201clliure expressi\u00f3\u201d era possible.\u00a0 Un dels pilars de Projecte educatiu del centre \u00e9s l\u2019assemblea. L\u2019altre seria el projecte art\u00edstic, del qual en formen part el teatre i la pl\u00e0stica. Aquests projectes s\u2019han mantingut al llarg dels anys, tot i que han anat evolucionant i adaptant-se any a any.<\/span><\/p>\n<p><span style=\"font-weight: 400;\">La paraula aulet prov\u00e9 del llat\u00ed i significa:\u00a0 bosc petit d\u2019alzines.<\/span><\/p>\n","protected":false},"excerpt":{"rendered":"<p>HIST\u00d2RIA L\u2019escola l\u2019Aulet va n\u00e9ixer l\u2019any 1976, \u00e9s hereva de la dels anys 70-80. Aquells primers anys immersos en el final d\u2019una dictadura marxant cap a la democr\u00e0cia, han marcat l\u2019escola que som avui. Va ser l\u2019Antoni Dom\u00e8nech, conjuntament amb uns mestres emprenedors i amb mires de futur, qui van\u00a0 iniciar el projecte de la [&hellip;]<\/p>\n","protected":false},"author":1,"featured_media":0,"parent":22,"menu_order":20,"comment_status":"closed","ping_status":"closed","template":"page-templates\/side-menu.php","meta":{"_bbp_topic_count":0,"_bbp_reply_count":0,"_bbp_total_topic_count":0,"_bbp_total_reply_count":0,"_bbp_voice_count":0,"_bbp_anonymous_reply_count":0,"_bbp_topic_count_hidden":0,"_bbp_reply_count_hidden":0,"_bbp_forum_subforum_count":0,"site-sidebar-layout":"default","site-content-layout":"","ast-site-content-layout":"","site-content-style":"default","site-sidebar-style":"default","ast-global-header-display":"","ast-banner-title-visibility":"","ast-main-header-display":"","ast-hfb-above-header-display":"","ast-hfb-below-header-display":"","ast-hfb-mobile-header-display":"","site-post-title":"","ast-breadcrumbs-content":"","ast-featured-img":"","footer-sml-layout":"","theme-transparent-header-meta":"","adv-header-id-meta":"","stick-header-meta":"","header-above-stick-meta":"","header-main-stick-meta":"","header-below-stick-meta":"","astra-migrate-meta-layouts":"default","ast-page-background-enabled":"default","ast-page-background-meta":{"desktop":{"background-color":"var(--ast-global-color-4)","background-image":"","background-repeat":"repeat","background-position":"center center","background-size":"auto","background-attachment":"scroll","background-type":"","background-media":"","overlay-type":"","overlay-color":"","overlay-opacity":"","overlay-gradient":""},"tablet":{"background-color":"","background-image":"","background-repeat":"repeat","background-position":"center center","background-size":"auto","background-attachment":"scroll","background-type":"","background-media":"","overlay-type":"","overlay-color":"","overlay-opacity":"","overlay-gradient":""},"mobile":{"background-color":"","background-image":"","background-repeat":"repeat","background-position":"center center","background-size":"auto","background-attachment":"scroll","background-type":"","background-media":"","overlay-type":"","overlay-color":"","overlay-opacity":"","overlay-gradient":""}},"ast-content-background-meta":{"desktop":{"background-color":"var(--ast-global-color-5)","background-image":"","background-repeat":"repeat","background-position":"center center","background-size":"auto","background-attachment":"scroll","background-type":"","background-media":"","overlay-type":"","overlay-color":"","overlay-opacity":"","overlay-gradient":""},"tablet":{"background-color":"var(--ast-global-color-5)","background-image":"","background-repeat":"repeat","background-position":"center center","background-size":"auto","background-attachment":"scroll","background-type":"","background-media":"","overlay-type":"","overlay-color":"","overlay-opacity":"","overlay-gradient":""},"mobile":{"background-color":"var(--ast-global-color-5)","background-image":"","background-repeat":"repeat","background-position":"center center","background-size":"auto","background-attachment":"scroll","background-type":"","background-media":"","overlay-type":"","overlay-color":"","overlay-opacity":"","overlay-gradient":""}},"footnotes":""},"class_list":["post-26","page","type-page","status-publish","hentry"],"post_mailing_queue_ids":[],"_links":{"self":[{"href":"https:\/\/agora.xtec.cat\/ceiplaulet\/wp-json\/wp\/v2\/pages\/26","targetHints":{"allow":["GET"]}}],"collection":[{"href":"https:\/\/agora.xtec.cat\/ceiplaulet\/wp-json\/wp\/v2\/pages"}],"about":[{"href":"https:\/\/agora.xtec.cat\/ceiplaulet\/wp-json\/wp\/v2\/types\/page"}],"author":[{"embeddable":true,"href":"https:\/\/agora.xtec.cat\/ceiplaulet\/wp-json\/wp\/v2\/users\/1"}],"replies":[{"embeddable":true,"href":"https:\/\/agora.xtec.cat\/ceiplaulet\/wp-json\/wp\/v2\/comments?post=26"}],"version-history":[{"count":1,"href":"https:\/\/agora.xtec.cat\/ceiplaulet\/wp-json\/wp\/v2\/pages\/26\/revisions"}],"predecessor-version":[{"id":842,"href":"https:\/\/agora.xtec.cat\/ceiplaulet\/wp-json\/wp\/v2\/pages\/26\/revisions\/842"}],"up":[{"embeddable":true,"href":"https:\/\/agora.xtec.cat\/ceiplaulet\/wp-json\/wp\/v2\/pages\/22"}],"wp:attachment":[{"href":"https:\/\/agora.xtec.cat\/ceiplaulet\/wp-json\/wp\/v2\/media?parent=26"}],"curies":[{"name":"wp","href":"https:\/\/api.w.org\/{rel}","templated":true}]}}