{"id":24,"date":"2014-09-18T12:23:15","date_gmt":"2014-09-18T11:23:15","guid":{"rendered":"http:\/\/agora.xtec.cat\/ceiplaulet\/?page_id=24"},"modified":"2020-09-08T17:02:12","modified_gmt":"2020-09-08T15:02:12","slug":"on-som","status":"publish","type":"page","link":"https:\/\/agora.xtec.cat\/ceiplaulet\/lescola\/on-som\/","title":{"rendered":"On som"},"content":{"rendered":"<p style=\"color: #666666;\"><strong>Escola l&#8217;Aulet<\/strong><br \/>\nCarretera de Jui\u00e0, 106<br \/>\n17460 Celr\u00e0 (Girona)<\/p>\n<p>Tel. 972 49 23 05<br \/>\nceiplaulet@xtec.cat<\/p>\n<p>&nbsp;<\/p>\n<p><iframe loading=\"lazy\" src=\"https:\/\/www.google.com\/maps\/embed?pb=!1m18!1m12!1m3!1d28195.10973676089!2d2.867564073898427!3d42.029329461872976!2m3!1f0!2f0!3f0!3m2!1i1024!2i768!4f13.1!3m3!1m2!1s0x12bae59421791ea7%3A0x19f91d8f25e162d7!2sEscola%20L'Aulet!5e0!3m2!1sca!2ses!4v1594828178094!5m2!1sca!2ses\" width=\"600\" height=\"450\" frameborder=\"0\" aria-hidden=\"false\"><\/iframe><\/p>\n<p><strong>Com arribar-hi:<\/strong><\/p>\n<p><strong>Tren:<\/strong> Estaci\u00f3 Celr\u00e0<br \/>\n<b>Cotxe:\u00a0<\/b>Carretera C-66<\/p>\n<p>A l\u2019Univers hi ha una gal\u00e0xia que es diu\u00a0 Via L\u00e0ctia, que \u00e9s la gal\u00e0xia on vivim .A dins d\u2019aquesta gal\u00e0xia hi ha el Sistema Solar, a dins del Sistema Solar hi ha la Terra, que es el nostre planeta. En aquest planeta hi ha el Continent Europeu, al sud del Continent Europeu hi ha la Pen\u00ednsula Ib\u00e8rica i al nord-est de la Pen\u00ednsula Ib\u00e8rica hi ha\u00a0 Catalunya que forma part de l\u2019Estat Espanyol .<\/p>\n<p>Catalunya \u00e9s una Comunitat Aut\u00f2noma que t\u00e9 costa i muntanya.<\/p>\n<p>A Catalunya hi governa la Generalitat de Catalunya que \u00e9s un govern propi, nostre.<\/p>\n<p>La sardana es un ball t\u00edpic de Catalunya que es balla per les festes i els aplecs . Els castellers s\u00f3n una tradici\u00f3 on la gent\u00a0 s\u2019enfila a les espatlles dels altres per aconseguir fer un castell hum\u00e0 molt alt . Els nens nenes m\u00e9s petits i que pesen menys s\u00f3n els enxanetes \u00a0que van a dalt i tot. Un castell s\u2019acaba quan l\u2019enxaneta aixeca la m\u00e0.<\/p>\n<p>Els gegants s\u00f3n una tradici\u00f3 catalana en qu\u00e8 uns gegants de mentida ballen al so dels tambors i gralles. A Celr\u00e0 fa poc hem estrenat els nostres que es diuen en Sixt i la Lola.<\/p>\n<p>El pa amb tom\u00e0quet \u00e9s un menjar que es\u00a0 fa amb una llesca de pa\u00a0 de pag\u00e8s sucada amb tomata i oli i sal. \u00c9s bon\u00edssim!<\/p>\n<p>El catal\u00e0 \u00e9s la\u00a0 llengua pr\u00f2pia de Catalunya .<\/p>\n<p>Per totes aquestes coses i moltes m\u00e9s, ens estimem Catalunya.<\/p>\n","protected":false},"excerpt":{"rendered":"<p>Escola l&#8217;Aulet Carretera de Jui\u00e0, 106 17460 Celr\u00e0 (Girona) Tel. 972 49 23 05 ceiplaulet@xtec.cat &nbsp; Com arribar-hi: Tren: Estaci\u00f3 Celr\u00e0 Cotxe:\u00a0Carretera C-66 A l\u2019Univers hi ha una gal\u00e0xia que es diu\u00a0 Via L\u00e0ctia, que \u00e9s la gal\u00e0xia on vivim .A dins d\u2019aquesta gal\u00e0xia hi ha el Sistema Solar, a dins del Sistema Solar hi [&hellip;]<\/p>\n","protected":false},"author":1,"featured_media":0,"parent":22,"menu_order":10,"comment_status":"closed","ping_status":"closed","template":"page-templates\/side-menu.php","meta":{"_bbp_topic_count":0,"_bbp_reply_count":0,"_bbp_total_topic_count":0,"_bbp_total_reply_count":0,"_bbp_voice_count":0,"_bbp_anonymous_reply_count":0,"_bbp_topic_count_hidden":0,"_bbp_reply_count_hidden":0,"_bbp_forum_subforum_count":0,"site-sidebar-layout":"default","site-content-layout":"","ast-site-content-layout":"","site-content-style":"default","site-sidebar-style":"default","ast-global-header-display":"","ast-banner-title-visibility":"","ast-main-header-display":"","ast-hfb-above-header-display":"","ast-hfb-below-header-display":"","ast-hfb-mobile-header-display":"","site-post-title":"","ast-breadcrumbs-content":"","ast-featured-img":"","footer-sml-layout":"","theme-transparent-header-meta":"","adv-header-id-meta":"","stick-header-meta":"","header-above-stick-meta":"","header-main-stick-meta":"","header-below-stick-meta":"","astra-migrate-meta-layouts":"default","ast-page-background-enabled":"default","ast-page-background-meta":{"desktop":{"background-color":"var(--ast-global-color-4)","background-image":"","background-repeat":"repeat","background-position":"center center","background-size":"auto","background-attachment":"scroll","background-type":"","background-media":"","overlay-type":"","overlay-color":"","overlay-opacity":"","overlay-gradient":""},"tablet":{"background-color":"","background-image":"","background-repeat":"repeat","background-position":"center center","background-size":"auto","background-attachment":"scroll","background-type":"","background-media":"","overlay-type":"","overlay-color":"","overlay-opacity":"","overlay-gradient":""},"mobile":{"background-color":"","background-image":"","background-repeat":"repeat","background-position":"center center","background-size":"auto","background-attachment":"scroll","background-type":"","background-media":"","overlay-type":"","overlay-color":"","overlay-opacity":"","overlay-gradient":""}},"ast-content-background-meta":{"desktop":{"background-color":"var(--ast-global-color-5)","background-image":"","background-repeat":"repeat","background-position":"center center","background-size":"auto","background-attachment":"scroll","background-type":"","background-media":"","overlay-type":"","overlay-color":"","overlay-opacity":"","overlay-gradient":""},"tablet":{"background-color":"var(--ast-global-color-5)","background-image":"","background-repeat":"repeat","background-position":"center center","background-size":"auto","background-attachment":"scroll","background-type":"","background-media":"","overlay-type":"","overlay-color":"","overlay-opacity":"","overlay-gradient":""},"mobile":{"background-color":"var(--ast-global-color-5)","background-image":"","background-repeat":"repeat","background-position":"center center","background-size":"auto","background-attachment":"scroll","background-type":"","background-media":"","overlay-type":"","overlay-color":"","overlay-opacity":"","overlay-gradient":""}},"footnotes":""},"class_list":["post-24","page","type-page","status-publish","hentry"],"post_mailing_queue_ids":[],"_links":{"self":[{"href":"https:\/\/agora.xtec.cat\/ceiplaulet\/wp-json\/wp\/v2\/pages\/24","targetHints":{"allow":["GET"]}}],"collection":[{"href":"https:\/\/agora.xtec.cat\/ceiplaulet\/wp-json\/wp\/v2\/pages"}],"about":[{"href":"https:\/\/agora.xtec.cat\/ceiplaulet\/wp-json\/wp\/v2\/types\/page"}],"author":[{"embeddable":true,"href":"https:\/\/agora.xtec.cat\/ceiplaulet\/wp-json\/wp\/v2\/users\/1"}],"replies":[{"embeddable":true,"href":"https:\/\/agora.xtec.cat\/ceiplaulet\/wp-json\/wp\/v2\/comments?post=24"}],"version-history":[{"count":3,"href":"https:\/\/agora.xtec.cat\/ceiplaulet\/wp-json\/wp\/v2\/pages\/24\/revisions"}],"predecessor-version":[{"id":635,"href":"https:\/\/agora.xtec.cat\/ceiplaulet\/wp-json\/wp\/v2\/pages\/24\/revisions\/635"}],"up":[{"embeddable":true,"href":"https:\/\/agora.xtec.cat\/ceiplaulet\/wp-json\/wp\/v2\/pages\/22"}],"wp:attachment":[{"href":"https:\/\/agora.xtec.cat\/ceiplaulet\/wp-json\/wp\/v2\/media?parent=24"}],"curies":[{"name":"wp","href":"https:\/\/api.w.org\/{rel}","templated":true}]}}