{"id":9573,"date":"2023-04-27T10:29:34","date_gmt":"2023-04-27T08:29:34","guid":{"rendered":"https:\/\/agora.xtec.cat\/ceiplatorreta\/?page_id=9573"},"modified":"2024-02-05T19:46:04","modified_gmt":"2024-02-05T18:46:04","slug":"cultura-digital","status":"publish","type":"page","link":"https:\/\/agora.xtec.cat\/ceiplatorreta\/cultura-digital\/","title":{"rendered":"Cultura Digital"},"content":{"rendered":"<p>La Cultura Digital \u00e9s la segona part de l&#8217;Estrat\u00e8gia Digital de Centre (EDC) segons el document de refer\u00e8ncia publicat per <a href=\"https:\/\/educacio.gencat.cat\/ca\/departament\/publicacions\/colleccions\/pla-educacio-digital\/estrategia-digital-centre\/index.html\">Departament D&#8217;Educaci\u00f3<\/a>.<\/p>\n<p>En aquest apartat es recullen <a href=\"https:\/\/sites.google.com\/alumnestorreta.cat\/edclatorreta\/cultura-digital\"><strong> totes les accions<\/strong><\/a> del centre en l&#8217;\u00e0mbit digital.<\/p>\n","protected":false},"excerpt":{"rendered":"<p>La Cultura Digital \u00e9s la segona part de l&#8217;Estrat\u00e8gia Digital de Centre (EDC) segons el document de refer\u00e8ncia publicat per <a href=\"https:\/\/educacio.gencat.cat\/ca\/departament\/publicacions\/colleccions\/pla-educacio-digital\/estrategia-digital-centre\/index.html\">Departament D&#8217;Educaci\u00f3<\/a>.<br \/>\nEn aquest apartat es recullen <a href=\"https:\/\/sites.google.com\/alumnestorreta.cat\/edclatorreta\/cultura-digital\"> totes les accions<\/a> del centre en l&#8217;\u00e0mbit digital.<\/p>\n","protected":false},"author":1,"featured_media":0,"parent":0,"menu_order":0,"comment_status":"closed","ping_status":"closed","template":"","meta":{"_bbp_topic_count":0,"_bbp_reply_count":0,"_bbp_total_topic_count":0,"_bbp_total_reply_count":0,"_bbp_voice_count":0,"_bbp_anonymous_reply_count":0,"_bbp_topic_count_hidden":0,"_bbp_reply_count_hidden":0,"_bbp_forum_subforum_count":0,"footnotes":""},"class_list":["post-9573","page","type-page","status-publish","hentry"],"post_mailing_queue_ids":[],"_links":{"self":[{"href":"https:\/\/agora.xtec.cat\/ceiplatorreta\/wp-json\/wp\/v2\/pages\/9573","targetHints":{"allow":["GET"]}}],"collection":[{"href":"https:\/\/agora.xtec.cat\/ceiplatorreta\/wp-json\/wp\/v2\/pages"}],"about":[{"href":"https:\/\/agora.xtec.cat\/ceiplatorreta\/wp-json\/wp\/v2\/types\/page"}],"author":[{"embeddable":true,"href":"https:\/\/agora.xtec.cat\/ceiplatorreta\/wp-json\/wp\/v2\/users\/1"}],"replies":[{"embeddable":true,"href":"https:\/\/agora.xtec.cat\/ceiplatorreta\/wp-json\/wp\/v2\/comments?post=9573"}],"version-history":[{"count":4,"href":"https:\/\/agora.xtec.cat\/ceiplatorreta\/wp-json\/wp\/v2\/pages\/9573\/revisions"}],"predecessor-version":[{"id":11031,"href":"https:\/\/agora.xtec.cat\/ceiplatorreta\/wp-json\/wp\/v2\/pages\/9573\/revisions\/11031"}],"wp:attachment":[{"href":"https:\/\/agora.xtec.cat\/ceiplatorreta\/wp-json\/wp\/v2\/media?parent=9573"}],"curies":[{"name":"wp","href":"https:\/\/api.w.org\/{rel}","templated":true}]}}