{"id":73,"date":"2014-09-18T14:01:51","date_gmt":"2014-09-18T13:01:51","guid":{"rendered":"http:\/\/agora.xtec.cat\/ceiplatorreta\/?page_id=73"},"modified":"2025-09-29T10:27:45","modified_gmt":"2025-09-29T08:27:45","slug":"menjador-escolar","status":"publish","type":"page","link":"https:\/\/agora.xtec.cat\/ceiplatorreta\/serveis\/menjador-escolar\/","title":{"rendered":"Menjador escolar"},"content":{"rendered":"<p>Disposem de cuina pr\u00f2pia amb men\u00fa ecol\u00f2gic i de proximitat. L&#8217;empresa que s&#8217;encarrega del menjador \u00e9s <a href=\"http:\/\/www.tresmes.com\/MMok.html\">Tresmes Ecoactiva<\/a>. A la seva web podeu consultar els men\u00fas actualitzats de cada mes.<\/p>\n<p><span style=\"font-family: inherit; font-size: 1em;\">Clicant en els seg\u00fcents <\/span>enlla\u00e7os<span style=\"font-family: inherit; font-size: 1em;\">\u00a0podeu accedir al butllet\u00ed informatiu del servei de menjador escolar.<\/span><\/p>\n<p><a href=\"https:\/\/agora.xtec.cat\/ceiplatorreta\/wp-content\/uploads\/usu967\/2025\/09\/4.LT-BUTLLETA-CURS-25-26.pdf\">4.LT- BUTLLETA CURS 25-26<\/a><\/p>\n<p><a href=\"https:\/\/agora.xtec.cat\/ceiplatorreta\/wp-content\/uploads\/usu967\/2025\/09\/4-lt-CIRCULAR-INFORMATIVA-I3-.pdf\">4-lt CIRCULAR INFORMATIVA I3<\/a><\/p>\n<p><a href=\"https:\/\/agora.xtec.cat\/ceiplatorreta\/wp-content\/uploads\/usu967\/2025\/09\/4-LT-COM-FER-INSCRIPCIO.docx.pdf\">4-LT COM FER INSCRIPCI\u00d3<\/a><\/p>\n<p>&nbsp;<\/p>\n<div style=\"width: 1280px;\" class=\"wp-video\"><!--[if lt IE 9]><script>document.createElement('video');<\/script><![endif]-->\n<video class=\"wp-video-shortcode\" id=\"video-73-1\" width=\"1280\" height=\"720\" preload=\"metadata\" controls=\"controls\"><source type=\"video\/mp4\" src=\"https:\/\/agora.xtec.cat\/ceiplatorreta\/wp-content\/uploads\/usu967\/2024\/10\/VIDEO-CENTRE-DINTERES-TRESMES-24-25.mp4?_=1\" \/><a href=\"https:\/\/agora.xtec.cat\/ceiplatorreta\/wp-content\/uploads\/usu967\/2024\/10\/VIDEO-CENTRE-DINTERES-TRESMES-24-25.mp4\">https:\/\/agora.xtec.cat\/ceiplatorreta\/wp-content\/uploads\/usu967\/2024\/10\/VIDEO-CENTRE-DINTERES-TRESMES-24-25.mp4<\/a><\/video><\/div>\n<p><img loading=\"lazy\" decoding=\"async\" class=\"aligncenter size-large\" src=\"https:\/\/tresmes.com\/wp-content\/uploads\/2018\/05\/3mes_logo_140.jpg\" width=\"175\" height=\"90\" \/><\/p>\n<p>Podeu contactar amb Tresmes a trav\u00e9s de:<\/p>\n<div id=\"1E510\" style=\"width: 100%; max-width: 600px; height: 400px; display: none;\"><img decoding=\"async\" src=\"https:\/\/lh3.googleusercontent.com\/nsGSVixXfD_OBkNpEMh0hZzUbRR2tIc8Cj3jLUwi7kVfyjcwnXJUGebA_zFUkzZ7fKqh-eMp33TR58UPZrdnmjPkzwJkT8T4iYeJK3U_g0nMqelEPhmJzJwnvMmVLDzAG0ttAJSz8uk4u2r5S5puJinhY7hiY2GWdzczkZreg618Y3DumqIAqR5G86FDyWQWDp4AZcuSaIjke9BBMchyzPChyRdlgx7qKfoDDVn0Is8U_zHcbpcNcpxQsaCP5r5SLnygxqt_770QVOpjnKxFM4ZqHqpTJwEWIq3inbtcZ9nbbeWjRmMwJeYMC6h1V1uKZdom83l0094BYI0zrHrOk_r7KSzbYFiUH9hGAh_J-j7zqbIdy9kR4moYfutn0NkuJ2zQnmLNGoMPRXScknXpSuvNc9xBHgZXtWZt2EJ9oFkb2zg6IHzANXPdUIN3BDICVqkpj8nRDOQmAZlnRzMFpN4wFFEgVgRIDqWl4ZfkrdZmM7UoELdpR-TKv1j7qngyMPRVyPT5F0tI7G0rBV476dJ4Kq-XmBgn6qH490l14WfyWYTaW43F1NY5sKv7ovRUIZYZniPaKRZUvGkgJ1Sp_2I4qNNyVyjFV_SxC-tvGUWfRNspbJ7FwTZYgk2nN4e1v3VfJWMsveYWtMYcc90y6rqJXZbsx5WeD4TIH6gRHjySRn0OpLwwmoZ8m6lF6Z2y7iRQYdcdS4Z8u7we7UHMKELslAqieMDGCsIgM1_JQzf4mYQu5dZawWxl_NgKli4EYxMyCkrT5A7I4i_SPA=w447-h339-no?authuser=0\" data-link=\"https:\/\/photos.google.com\/share\/AF1QipPEgYs8_aLw38AgGQoe7OORf5Q-XAMf_4n_E21F1mLtEGMnDF0mMBiWpLxhgA1wmw\/photo\/AF1QipPGIrBS00KvDh5Ugp18xdZ_lCsydrl2NDr61i5q?key=WGZxWDRES3JBVWFoZnlxLTFtS1hsaDJMUEtFSVl3\" \/><br \/>\n<img decoding=\"async\" src=\"https:\/\/lh3.googleusercontent.com\/uLI6Q_kGpHjX7Jxj0_9tFSWXASAArQvojiV8jOCMr1LV4qUO3SszDqsbv1bLfSEAnNw3i5FcJ7lzwKdKRTQ2W8DHQ9GugrzBmFGRzn2nWihKM3TSKMAWLe44TADcIDW0QLSk3Q6OXkZ2EjzD81pG8L6uScPggHj8ncwig_Yt5slk1MHIFD7HCxqL3uTr6vEPhr7vpGnMMhqoqpVcp19dd6nucqvujQQuHcz0LikcM9QytwmSJKVZFuVAXKaI_XkLZT8c050i_yucSHs8dfytwKo6amFpCiFH1jK_GK0zROYx9FuaeXKOwmTovkynyyA40wQdhxm5C2m4Jma-42B7ThfXS2WFFbtkyZx1S5ceNGMYSL-ZAgKxUFKLjt0lFukfpdIaCbvEIqklMRKB_TPRxU8TYacRSqnN_xotd2Ma2SSJ0cR6lzhcAYIyZTCmYQuK0LRmyrmq07O_U-YGipnh4Gf4Kvu4AnYGu0M2QaVtAngX3EPsimv4-PGIr1ThyAObpkjPfkRu8K9bnTpNWDF8F3U5JlWHsAixM8eF591IGiQolmQwYK5YbnC5EW9XUAsApM0cuspHNKZb_Qnx5Un4UwmXejEidoy8iIPG5k1Y5ov-p-ig9pEtYu_o_6iCyfQyc0_ylo8kzWmtkh-0b0FLJZSvZLECFQnVSipCbydW55h-zgbw7UF_6H0uozxSFlxt462WcGdZXpf9oJnZTgaHrQ_nszJ-NsHEbyseB2MDAUMEUKwpEANJOSb0YcdwaiWv7CbTrscId7745fkjVQ=w270-h339-no?authuser=0\" data-link=\"https:\/\/photos.google.com\/share\/AF1QipPEgYs8_aLw38AgGQoe7OORf5Q-XAMf_4n_E21F1mLtEGMnDF0mMBiWpLxhgA1wmw\/photo\/AF1QipP0Kwq_XwqXteYj7TsrmoOhfpzIyr4dCuXxLkDw?key=WGZxWDRES3JBVWFoZnlxLTFtS1hsaDJMUEtFSVl3\" \/><br \/>\n<img decoding=\"async\" src=\"https:\/\/lh3.googleusercontent.com\/xqrnrTO78PR1jNlnPc_gS1IC2W0jjP_q63NYgkOJPbKgDyMEuc4CrVbPc5-eWKpYGc1AVvn3Mt7jdxOnvLdSfVTwao8YryVHFItTKrhh_xdAKAXtG59CRwsvVinQc1YHuunhJZCXvyQrSNKq_dV8zbW4HW_0BikB587R-gq1JvIF5PMxGdN1xr5p-6rluF0EWsbm3KvDmPr2ARblI_TKia7N97ATsz3byu9WPUGoBTFK1rt9TU_m84lZebBXnri5pTMDJsIffIPGMExn9x033O61rDMNtTe_LJma7EXyB7n36nHCMcdjwrMyVYWVnz0Eg-KzxbUjsdzNDAefj_faxppbsebw_FA8qFEd1FIDzYPyfymFDL16ATnZcbiCOmTN_K0syOCRrp5xI3o_l5Is_YO3fPXD3NOcLnF57G5_-P1FHvut6N7iD4fOcQPgIwp8e6I_UYylxrC06GLK0SuCbFUYzbwax2JrjbXWvCkvK7YuZRwIZpfpCNoitrT0vvVXPvB63ktXiE92seyuvkO9ta1kcxV_RIk8f1w_YCF9WW0G23eX3DQmrAvpFSJ53pXOZbB5xyb9zZjuEZ994zmYjCcMP7wXV0by3bhm5S8sRUNsrzGd4OhzjuLeJZzHAW_z1tI3Xcutwv1K2C2l2l8a3CpM3HomVtfd_mx0Hfr0niD2WJEtKwxyWxIJQoWuosMyHHYYd0Npwmi5wfBbjIG-jbo-UX_3gn6NUY1JOGZoi7oQ4jhLvR1oZJgmA0IHcGF2jZj8i976VyJdh-ExoA=w188-h339-no?authuser=0\" data-link=\"https:\/\/photos.google.com\/share\/AF1QipPEgYs8_aLw38AgGQoe7OORf5Q-XAMf_4n_E21F1mLtEGMnDF0mMBiWpLxhgA1wmw\/photo\/AF1QipOc6-p5U9Jy3UpcCgLYCu9Jjtcyfn62zKdpBzja?key=WGZxWDRES3JBVWFoZnlxLTFtS1hsaDJMUEtFSVl3\" \/><br \/>\n<img decoding=\"async\" src=\"https:\/\/lh3.googleusercontent.com\/G0YPMtgKuiVt1NejQFRGeTsjg0kWX9t0lQYW3UYAF615vR62mcX_RAs1ak7gEGjY_rJL26cLfD2gtMCIjmAiPp36BBO-dx1L7LDleSY43KxY62rBHhbksuJQUP8MsbGXbHHpiYc-MiW1mt6Gd2c-djM1-Mj9m770ZGqUdS5EuDK3zBxf4vWs19Su1hRhuSqfjljWpKQc7y2MPch9ogpeg3G05wVeedQD4R0SR1p4xyNRVouDrr1iO2k4uqkenQespYP2yGUR1pjdjLIdjl08Pd9rFs6-DwsNj3vrBTDj6nkBk6p2T0ZlQWbbQSRSYUAUH6hzvUwhBLr9x0o_MK3AOTByX3UCOmSJyQwoJ94lZbeDHTP70_Dvsg-9pfc4lRwurGEqQoQilK5wmN3fypsG3KQDqDpzAs7aUK6KbfTHMz7O6NI3uCgYDnvDEiffJqlB4RyG0CpzBtBCCpRT5RrESujWpUSb_kXXIjadwCiIKk6qiDguhR2CeSNmmppsOYh4k0VwQ7ul-ypHhvluHNPlY1du1vF7rAIBGWkU7rjaSaympmz1s1AD1MVdBXL7O-pNIJPOeccFZBRoZwuLzqUBPU-4xMGSAt33g5I23kaDL6Ae-8LrFMDpHZrLdBfItsU86XRpYt97DkBFrd4MetJ7qUI058l96QbAwbkFMcugRTwkJ4HD5H3MK-4oaLyXUD67Iqq96-sx57TPatpHwbJPCDcV9x_58v1QhNiZlS5dEU54sgh1tWpbACMx1IXpAF9XthpCkbGh74-bHhoHGA=w188-h339-no?authuser=0\" data-link=\"https:\/\/photos.google.com\/share\/AF1QipPEgYs8_aLw38AgGQoe7OORf5Q-XAMf_4n_E21F1mLtEGMnDF0mMBiWpLxhgA1wmw\/photo\/AF1QipOMvftLn1XBE6yPLmH-nri-UG9pKMOrMTyB2Tth?key=WGZxWDRES3JBVWFoZnlxLTFtS1hsaDJMUEtFSVl3\" \/><br \/>\n<img decoding=\"async\" src=\"https:\/\/lh3.googleusercontent.com\/WoZ3Xg9kponto5bNavYBov-TEBS_HusHWmP9yp2JAZlDO_nFs01ujU4nHsT8mq1hDg6ZFmpPqtvDKlKuQ9oolPwwBK0ark13_Z-zNF0lbDNKcyp4GPEL4xiMP27cPdsvGGVftp09Zn3AgQca0RO35WryMHMNVeqn8yhEwDD_pm5WPADOA5t6vwI8zlBOQ-2Fh2DgjX5Rych_Bji6HKfpgjurosyhfEwPYz9OecUoSKQDWvCfvVOGtNPitJJLHxMcaTInSRxZFoDKg9Rn7SQGxngGsmK6CXs_6h1c7r7QFxUA1jAf507xrgnS4N-yPae0_ncrC--kW7Gb0Kj13jFxGIEdfIsWtH46e9p1ZHVSXDmtkKWh58JMFBuIjjsoXRjCVtbVjojMLcYRvLqmHGyT69CkwsUwbfuEafBZKUCa2hrQ8cHoUNVWf-47vnvJ3TTl2KNpvJpRC0n3JskxW0z0Or0ax2oNdFJ74mgl0KxBI9WD_rK9qlptE8SeEWEppmf1MMl2Ng8Ye2OvO4jpbU71oExaL7TRNiXMUwItV4a-GEwu4oP74F7DnVU8krFBSBZ06kqAO0i8RC1-GDaVgvAEOKJtfaIxJ-nyNuukQolDkQUria2IZMeF_KqC1UFLHJTXRa4N3KTn2uVXyeuWOXiq-lsiMlxhEVpEqRMF-fMFavfrCSDB8Z90ksfQTMjGXUG7Hz4J5fJ52XpY2zCSCRvY_Gpst-UqkUATC-cQyrl2oq40rBDZA-SSa2vVumAfJX1VQj57aVcKxzfXwfGDcg=w188-h339-no?authuser=0\" data-link=\"https:\/\/photos.google.com\/share\/AF1QipPEgYs8_aLw38AgGQoe7OORf5Q-XAMf_4n_E21F1mLtEGMnDF0mMBiWpLxhgA1wmw\/photo\/AF1QipPAdWOtC7dF23F12cnl5M83IPBu9L1I0zNXXcMb?key=WGZxWDRES3JBVWFoZnlxLTFtS1hsaDJMUEtFSVl3\" \/><br \/>\n<img decoding=\"async\" src=\"https:\/\/lh3.googleusercontent.com\/Urrzi3mRSvUy011hOtFLgfMuuU0vU-FMIwgGhhtmDcPK5buZE__g7jw5PFsazFtlTeKtdixW3_GWvICN2XCAtJjkKDU5Vpprhx9gFvCYWHdzhXaVBAFMGM3ez_Hr5KzHcU6s2s4i6X2IzXl6KFJ8oVdtz8ZmVJIHmaIfOWMn6qVWtuzMh90mvKIKcV_hQ-KJWldLYEIUwRusuaxnBN8mWxI2bRywBawnaMmW6mS2YhPr5MiHaTojETMjubdL-ggSwLk2a5oUBahM1T4NgTo9EOZAJGTflyCsUFrvPAMlUEPfCPL-Vdyrh4eDQMm6R08DRPglu4qyhVmGf1fh__4SMFA2sl1aXWP-69kZloS5hwkPnk11OfeL2TgQwYWjlRqnJtLqm9y7jcgzw7-_igbtQdI9HErh8_P61DYsmFE--SyMwJTI6oXtZjPWE_koy6qaluqaVA7cKUEyVcbhgdOtWJVuTsT_ZBRfYpeQDBaO_ju_mzh9DEaj8yPNEqGaqjpO6AeItiktwx1UWCgS-1yIEwZ11K_FIn6mVys4NAqQ6yXj6bXhjmJq7E6jGtrOpHqoSbbBx8uewZyO_pHmc3Pb2s5V_MWKPmL7PwCn_RzsI5ave3O23nQ6cz5biozmc97LBg0Mg2X7kEd5vBUvub7pQ0lk_KfpxnkST0Z7NrUTtMMeoxHFDKvyI6r2agLkwqRBzf30sKS2ZUATLUraXmxu452MtGabPXyrIJZ-I8WxuEo5ryEvgOLxHDyU3n6ylV22PldNnqP5PcY6-8w88w=w222-h297-no?authuser=0\" data-link=\"https:\/\/photos.google.com\/share\/AF1QipPEgYs8_aLw38AgGQoe7OORf5Q-XAMf_4n_E21F1mLtEGMnDF0mMBiWpLxhgA1wmw\/photo\/AF1QipN2D3AIuI-n2suY0ySrT-eGXLR-Sc5rMm78toc5?key=WGZxWDRES3JBVWFoZnlxLTFtS1hsaDJMUEtFSVl3\" \/><br \/>\n<img decoding=\"async\" src=\"https:\/\/lh3.googleusercontent.com\/jaURYjSvxlnRbmy6yjagplteKP0B2rVwpdBd95c2KLa5t2luUGH7gIMGaXRXjjrNYCoySTz3yTvHLUMGZKMZJzpNNXH0VG-2T8Kmqxub_3Z9ymyH2EJVObiZPSCmoeHMk6cgoX0ppDTKHvjptHMcef5ptFaAWSzoZQB_ciyfEo3_Fv7loLXHhfthzACwsjUz22uIXlbxcVIdj-LUjUh85nugN8JmEBkEnE7BCJDy7o2HXAD43yy4o2uIB0io63w1-agTjf6srWR_ItMp9pWgb0nk85CE4xpelHN3_qkTXo5oAjX9LhOtauGWYBN8UZprsdkGDnsdwwStbsQHZ2XsFjbLJaIyl2l7zd5p6A33B-px1t4Q95yuRPok7gXSeelO-QZ8PzafyFZZXlSSMfg7qdHGyPPG8o409t6k165bCBVzIU78DE1nEvXujEiL9I2YrmXcVgCCKDkzLMii-7UdBxuNydARAdxfHh-2S8x6x-EvnRFgu2YxAQzXJ-TqbDqi-9ZEclwXn0XaqVGQpKaDkW9NOIJc17G1jm_NSqmfM8FOnr11M-uRLC9VyqGl0AVaT4YyTP6E67wFrg7Nte2kolwZHBWdU1oP3yfikE1gPXFlV8_PboueCoZg1Sn-U-9kFHy5xmKt0PRm-4orPE-vyWnN5jIe-KC50bYmqyNlAQQJmZLatajebeO4_F8qKl1DhV6-KyNJXSfing8uLKaq75z8ZD6BSxERK4sLN2001O3GQxCVY7qRySg3gBvmHclM8y-nw-76idnPSLbpRA=w222-h297-no?authuser=0\" data-link=\"https:\/\/photos.google.com\/share\/AF1QipPEgYs8_aLw38AgGQoe7OORf5Q-XAMf_4n_E21F1mLtEGMnDF0mMBiWpLxhgA1wmw\/photo\/AF1QipM1gQQm31f32OrRSZddL1JgLaJSyKmxVUbtcBDS?key=WGZxWDRES3JBVWFoZnlxLTFtS1hsaDJMUEtFSVl3\" \/><br \/>\n<img decoding=\"async\" src=\"https:\/\/lh3.googleusercontent.com\/5pO_CBJicWunGWl-3ZKd1HGrEJM9fVF0BYXik5i3UXERv8bQjVssKXThVJyEEaEhG3257r6--QWbb6lR6oe_R6joksUd2I9jxwr6QgUYFHwKAbRGgiRuTfpTGMhLn5fDcdCzGXwo8MHi4inOO8svCKxPNEQ9f-r1FsVcJgwa4M0pBhma91ZGWe28g0ST8SkfxNpX-vryQOydJ0qQshwz3OMRO6ywyT0cDySMWw_0o-D-MYGYWG2LP2W7JYefPD2Jpr3QU1fexXL1n572JO1ZjDjoOafeDyE7mjNUmX3QQQbOz3iAE3z46EmuoREItuN6llpg0IPBfrg27sHwdHBdnipJDu1octCniM0I7Z6xp839Uq86Rv1ckBzIOahP83iSC3Qon3jd94CspcyYiaVKs5wv8gHVBH5u6g3xxuaLP06VkbIMjHGv73uUAawJoOt8VM3yb88OAfc2w0O5vDxl1pfQ6ikrX7wCw0j3Pf1IoiHfYQfinynz0esUSUq94LVUDpgpUtg-pc-P1t2b0XDAiZRoxMtS2PC2NqxSKMlyY6WJrcH3soOoMfqLwwl61P35CXnrHqQRbJtZ-Gn-eY_9vaW9ibeyy6sNaXQTgYv3c13R61Xi2FQzbbWCmbyg-4UhbNHXcT7wdOSjONNKKzFY5g36qWNJLITm0CYUGAzk-gzBwIn3XH_iX_dkqGn0z5wLA5fPDMZbzC4yMvk6EljOerToF61WKXMimYuqZhJbRv1fG28dncT2K7Gfp06SHK2_tBf0Jcr9v9y9heknsw=w222-h297-no?authuser=0\" data-link=\"https:\/\/photos.google.com\/share\/AF1QipPEgYs8_aLw38AgGQoe7OORf5Q-XAMf_4n_E21F1mLtEGMnDF0mMBiWpLxhgA1wmw\/photo\/AF1QipOb3P5Fr2PCRLgnuCkSaWzX3tIET-L6Jj8_K8TG?key=WGZxWDRES3JBVWFoZnlxLTFtS1hsaDJMUEtFSVl3\" \/><br \/>\n<img decoding=\"async\" src=\"https:\/\/lh3.googleusercontent.com\/h-FKPyG1nOIAuQFu9kgpQr_HA5h2ueJKL0_qID0fHMhSsDFVeah1NWuq8u1wlAQ1zPF2HEfrkhhhH2obcI7frmUG38W3B9DuQkxgY7_U-3wT9xZBqKDujUYxx1xkHePaOidJBeF8IpABB-4QcGmTcQx57Ej5e9bz9NNwInKPrnVPiZuhAuc-LKOzuqfBlWjiv6RRnWinpuLmZ3K6JcpNJIjyKVkezpHg99UUDVWJJndbiILnbBORvoqo5oFL-FwFCmOaeVY6vz49sbLJ2bGq9Pd5plXMmqwvsOOsjWk59aZHCiZBm2NUgFwNYBUpzUgTNCG2O5n7Q5TFuXMTUJrNjdE_Vta_hNj79am_RGIjMBXsQxQCwSNuYGtbrS9vziTsuYPBpE5VdMuXF9zVS3b1guNsaU5ZpI4eaBdPnlNHsvFOYMm5AEF99mVUoCOhrvSOr8Z75CU1XOtVvLwhOI4ub7FwQ_6SHYgXN8YSQqqCj9gdJhDgQ8YHpAoiwYdxo5ElFaXYMhhudrooMLzAU089HhdUzk78w_9bQaEoFUOC8p8aCHm0iaeNDE2Om-lbvsJDoHoWU2yqm46grFIAIG3-2QxvC3ZmFp2I05-SvhLkhXfAN8Mr0oCR4ZgR6O0UV5qi4ASiI3U79EWiqc5uLzqTkazu9T72QOXtTpSW8DKf5t29PBlq0t2_UYEonMp2D5QpDC8ejZtj4QCB1h40_s8Ru4lOL6dXvpB03GMhbze4eYkZ6AYe2vXZUFKZVg6MVk7teunYbpnQS8wXWt9fiQ=w222-h297-no?authuser=0\" data-link=\"https:\/\/photos.google.com\/share\/AF1QipPEgYs8_aLw38AgGQoe7OORf5Q-XAMf_4n_E21F1mLtEGMnDF0mMBiWpLxhgA1wmw\/photo\/AF1QipOh-uyYqXqfU8bUdJv_t3l5JJXo_SKB6l1-9sW6?key=WGZxWDRES3JBVWFoZnlxLTFtS1hsaDJMUEtFSVl3\" \/><br \/>\n<img decoding=\"async\" src=\"https:\/\/lh3.googleusercontent.com\/ayobQ9dAoI-6NSLq0eMYrrBoHt5GQ70Y1z8tAdJfBjsW7cFnJ4Hrx24S3VP8dcZ6qni63idAfXLmW4K6uCXLT28WcvrRR6oBgI3nprp3DYbz_5v6oxYE8b1rwJI2R2RLtSK0t66QgKbrLpR3am62pYwEfghdinWht_NIpJUC28xNN3zPGW1drhLQBb7lAz7sUxmTvw1FymxeqCTly0orbynrrgItHU6ZXlh46efwamZnyg8VpEwyCF9YZ8acubWonyIhexjuF_DdEBGUMYf6PI_O73O9Y8JW5lLq8VZP4Q---sFVMDWRNrr7UN8JeIvMZY4Y2_Huv9DHb4xWbmKuqcMaqNIjO8qrtjzOdPFhvacYHhoctth0N5T3V5BJZmMOo40WHr5LxjifZhzBCt4knnLA7oy8ZKH1AqgL2JWoET43TkkFsXXKEuru47qF5HWjG_-IY2RBuKk1BBLBtc5Vd2AfwvGOKICX-oZEsNUVR6lQ2HuypOl4NDTCNI9NTbwWY_B2ZeyhNHgXH-vdNbYqmN8-SFOCY0hD4KCY3ZkASA5k55xVCXFBv5uMS0S1l5QjAoesVwsb835xuvDc_pl4TU4jnxJLOuVJargZPIbMmPQC4md1-f4G_9kUs0RAIGwAzvdlY3Yh-fVO4lEx-gHHNRb5H3sUtsClOr2nwwgsQZab-PRUp0vVDFgXtAPTwi1G11BNMzGRDVLXDXrLsGcHZ9SNF2bEClkbhSPvUEzqH5JsIyKO3EDkn5aWdvvfO57J8E6cHKfKOTJmRFdieQ=w396-h297-no?authuser=0\" data-link=\"https:\/\/photos.google.com\/share\/AF1QipPEgYs8_aLw38AgGQoe7OORf5Q-XAMf_4n_E21F1mLtEGMnDF0mMBiWpLxhgA1wmw\/photo\/AF1QipP8bF9q5vzREKN534fEtywJgw-mGqLDhw2c0cqU?key=WGZxWDRES3JBVWFoZnlxLTFtS1hsaDJMUEtFSVl3\" \/><br \/>\n<img decoding=\"async\" src=\"https:\/\/lh3.googleusercontent.com\/f_Zu_hRvwrdb3tCzWtH0LxFcDgYIQV_8L1OqYVqoi8PqsA9RQ59rRcynxPGANxCOQydlW4xY0x2eWVvRN4LcnS9xnzzBJnA3rybjQdIjGojS4maHQYn1PW9bbTLjyyJSrSe0P6h0Kg2PkeEiNLNdJL_rU4KFssw-OXOLfqNnGGvZ-jASHUhJEq6XFNxs1oTaN2B44Ks7CHhYKBBi84EeIsBQMTsKfSESMBM_3l-XKV-KbvptvQeUwY5RX9UdplD2FphRkkP3IU-9GdDlKNKTlMZFx-bj7WISRRZ7JOOPAQHVSohpCdVr8N-CaCQqs6YijEJ6vqNGoC6-LovWCDFC40ypTE8krDub941EmeYK1b_hZiPl98rjuVD7-ntfBSrFdHCw1RobC_eB7NFp_uKKcQUTohimhOVEducBqkcem1bfngHRhouPsI8faBgt6L7jvRUy6fVmd09xldZyjk5Nrjll1FPt680Jv_UA0wA-I3wUg3_ggMP3gaNYJ9mjmHrqG-AQoRf7NCHTwR_mg3Dja_4W-GGIGAL_oHHeIsCmFpBPGUcnXmYSMjw5HFTigyx3DC6sCefAdUWBHjKtn4ClxI9azfSB8f0s70rghoXM9kLNdppXtN2pa0macnU5ZRgCUSt2BVRVuSOJvNaRy4ZA_bLPpxYcPV2Smqbs2ZJb1N3VtY7gUGzdlceugqJJp-EoSH65b8q9bhjqJrv9U3PHOicWgTd4k-YXtlZK6Hl3_H9Ja5R8DfgsfxT8w0FJ9fyM64yVlhgLH-iLDySF_g=w215-h287-no?authuser=0\" data-link=\"https:\/\/photos.google.com\/share\/AF1QipPEgYs8_aLw38AgGQoe7OORf5Q-XAMf_4n_E21F1mLtEGMnDF0mMBiWpLxhgA1wmw\/photo\/AF1QipMvuuSMqENCcHCV0hY41aJL37jlvowhcL3Lsa7F?key=WGZxWDRES3JBVWFoZnlxLTFtS1hsaDJMUEtFSVl3\" \/><\/div>\n<ul>\n<li>Tel\u00e8fon: 607 71 23 79 (coordinadora del menjador, <strong>S\u00edlvia Forns)<\/strong><\/li>\n<li style=\"font-weight: 400;\">Instagram: tresmes_ecoactiva<\/li>\n<li style=\"font-weight: 400;\">Facebook: \/tresmesecoactiva<\/li>\n<\/ul>\n","protected":false},"excerpt":{"rendered":"<p>Disposem de cuina pr\u00f2pia amb men\u00fa ecol\u00f2gic i de proximitat. L&#8217;empresa que s&#8217;encarrega del menjador \u00e9s <a href=\"http:\/\/www.tresmes.com\/MMok.html\">Tresmes Ecoactiva<\/a>. A la seva web podeu consultar els men\u00fas actualitzats de cada mes.<br \/>\nClicant en els seg\u00fcents enlla\u00e7os\u00a0podeu accedir al butllet\u00ed informatiu del servei de menjador escolar.<br \/>\n<a href=\"https:\/\/agora.xtec.cat\/ceiplatorreta\/wp-content\/uploads\/usu967\/2025\/09\/4.LT-BUTLLETA-CURS-25-26.pdf\">4.LT-&hellip;  <a href=\"https:\/\/agora.xtec.cat\/ceiplatorreta\/serveis\/menjador-escolar\/\" title=\"Read Menjador escolar\">Llegeix m\u00e9s\u00bb<\/a><\/p>\n","protected":false},"author":1,"featured_media":0,"parent":66,"menu_order":30,"comment_status":"closed","ping_status":"closed","template":"page-templates\/side-menu.php","meta":{"_bbp_topic_count":0,"_bbp_reply_count":0,"_bbp_total_topic_count":0,"_bbp_total_reply_count":0,"_bbp_voice_count":0,"_bbp_anonymous_reply_count":0,"_bbp_topic_count_hidden":0,"_bbp_reply_count_hidden":0,"_bbp_forum_subforum_count":0,"footnotes":""},"class_list":["post-73","page","type-page","status-publish","hentry"],"post_mailing_queue_ids":[],"_links":{"self":[{"href":"https:\/\/agora.xtec.cat\/ceiplatorreta\/wp-json\/wp\/v2\/pages\/73","targetHints":{"allow":["GET"]}}],"collection":[{"href":"https:\/\/agora.xtec.cat\/ceiplatorreta\/wp-json\/wp\/v2\/pages"}],"about":[{"href":"https:\/\/agora.xtec.cat\/ceiplatorreta\/wp-json\/wp\/v2\/types\/page"}],"author":[{"embeddable":true,"href":"https:\/\/agora.xtec.cat\/ceiplatorreta\/wp-json\/wp\/v2\/users\/1"}],"replies":[{"embeddable":true,"href":"https:\/\/agora.xtec.cat\/ceiplatorreta\/wp-json\/wp\/v2\/comments?post=73"}],"version-history":[{"count":6,"href":"https:\/\/agora.xtec.cat\/ceiplatorreta\/wp-json\/wp\/v2\/pages\/73\/revisions"}],"predecessor-version":[{"id":14152,"href":"https:\/\/agora.xtec.cat\/ceiplatorreta\/wp-json\/wp\/v2\/pages\/73\/revisions\/14152"}],"up":[{"embeddable":true,"href":"https:\/\/agora.xtec.cat\/ceiplatorreta\/wp-json\/wp\/v2\/pages\/66"}],"wp:attachment":[{"href":"https:\/\/agora.xtec.cat\/ceiplatorreta\/wp-json\/wp\/v2\/media?parent=73"}],"curies":[{"name":"wp","href":"https:\/\/api.w.org\/{rel}","templated":true}]}}