{"id":6783,"date":"2021-06-04T09:55:15","date_gmt":"2021-06-04T07:55:15","guid":{"rendered":"http:\/\/agora.xtec.cat\/ceiplatorreta\/?page_id=6783"},"modified":"2024-02-21T13:31:45","modified_gmt":"2024-02-21T12:31:45","slug":"matriculacio","status":"publish","type":"page","link":"https:\/\/agora.xtec.cat\/ceiplatorreta\/lescola\/oferta-educativa\/matriculacio\/","title":{"rendered":"Matriculaci\u00f3"},"content":{"rendered":"<table style=\"background-color: #69f0dc;\">\n<tbody>\n<tr>\n<td>\n<h3><strong>MATRICULACI\u00d3<\/strong><\/h3>\n<p><strong>La matriculaci\u00f3 per infantil, prim\u00e0ria i secund\u00e0ria ser\u00e0 del 18 al 26 de juny.<\/strong><\/p>\n<p>Un cop publicades les llistes d\u2019assignaci\u00f3 i llistes d\u2019espera, podreu demanar cita pr\u00e8via per formalitzar la matr\u00edcula en aquest\u00a0<strong>ENLLA\u00c7<\/strong>.<\/td>\n<\/tr>\n<\/tbody>\n<\/table>\n","protected":false},"excerpt":{"rendered":"<p>MATRICULACI\u00d3<br \/>\nLa matriculaci\u00f3 per infantil, prim\u00e0ria i secund\u00e0ria ser\u00e0 del 18 al 26 de juny.<br \/>\nUn cop publicades les llistes d\u2019assignaci\u00f3 i llistes d\u2019espera, podreu demanar cita pr\u00e8via per formalitzar la matr\u00edcula en aquest\u00a0ENLLA\u00c7.<\/p>\n","protected":false},"author":1,"featured_media":0,"parent":34,"menu_order":3,"comment_status":"closed","ping_status":"closed","template":"page-templates\/side-menu.php","meta":{"_bbp_topic_count":0,"_bbp_reply_count":0,"_bbp_total_topic_count":0,"_bbp_total_reply_count":0,"_bbp_voice_count":0,"_bbp_anonymous_reply_count":0,"_bbp_topic_count_hidden":0,"_bbp_reply_count_hidden":0,"_bbp_forum_subforum_count":0,"footnotes":""},"class_list":["post-6783","page","type-page","status-publish","hentry"],"post_mailing_queue_ids":[],"_links":{"self":[{"href":"https:\/\/agora.xtec.cat\/ceiplatorreta\/wp-json\/wp\/v2\/pages\/6783","targetHints":{"allow":["GET"]}}],"collection":[{"href":"https:\/\/agora.xtec.cat\/ceiplatorreta\/wp-json\/wp\/v2\/pages"}],"about":[{"href":"https:\/\/agora.xtec.cat\/ceiplatorreta\/wp-json\/wp\/v2\/types\/page"}],"author":[{"embeddable":true,"href":"https:\/\/agora.xtec.cat\/ceiplatorreta\/wp-json\/wp\/v2\/users\/1"}],"replies":[{"embeddable":true,"href":"https:\/\/agora.xtec.cat\/ceiplatorreta\/wp-json\/wp\/v2\/comments?post=6783"}],"version-history":[{"count":4,"href":"https:\/\/agora.xtec.cat\/ceiplatorreta\/wp-json\/wp\/v2\/pages\/6783\/revisions"}],"predecessor-version":[{"id":11313,"href":"https:\/\/agora.xtec.cat\/ceiplatorreta\/wp-json\/wp\/v2\/pages\/6783\/revisions\/11313"}],"up":[{"embeddable":true,"href":"https:\/\/agora.xtec.cat\/ceiplatorreta\/wp-json\/wp\/v2\/pages\/34"}],"wp:attachment":[{"href":"https:\/\/agora.xtec.cat\/ceiplatorreta\/wp-json\/wp\/v2\/media?parent=6783"}],"curies":[{"name":"wp","href":"https:\/\/api.w.org\/{rel}","templated":true}]}}