{"id":6391,"date":"2021-04-14T13:16:19","date_gmt":"2021-04-14T11:16:19","guid":{"rendered":"http:\/\/agora.xtec.cat\/ceiplatorreta\/?page_id=6391"},"modified":"2026-03-12T13:49:58","modified_gmt":"2026-03-12T12:49:58","slug":"liquidacio-i-pressupost-anual","status":"publish","type":"page","link":"https:\/\/agora.xtec.cat\/ceiplatorreta\/projecte-educatiu\/liquidacio-i-pressupost-anual\/","title":{"rendered":"Liquidaci\u00f3 i pressupost anual"},"content":{"rendered":"<p>En refer\u00e8ncia a les dades econ\u00f2miques del centre, l&#8217;escola publica els seg\u00fcents documents que en fan refer\u00e8ncia:<\/p>\n<ul>\n<li><a href=\"https:\/\/drive.google.com\/file\/d\/1s2MNgC0ET40LHJaSKwMBsXpLklGGTUcu\/view?usp=sharing\">Liquidaci\u00f3 anual 2025<\/a><\/li>\n<li><a href=\"https:\/\/drive.google.com\/file\/d\/1CiiR5xu65AJIGIqd2oTgjxgVrOOQj-0G\/view?usp=sharing\">Pressupost anual 2026<\/a><\/li>\n<\/ul>\n<p>&nbsp;<\/p>\n<ul>\n<li><a href=\"https:\/\/drive.google.com\/file\/d\/1WwP3CIFOn0q6cGY8V-dQ4TekeVAJ5lQ4\/view?usp=sharing\">Liquidaci\u00f3 anual 2024<\/a><\/li>\n<li><a href=\"https:\/\/drive.google.com\/file\/d\/1xzULYhvDj-VTwhr6OBjb8uMCdDAAV3E5\/view?usp=sharing\">Pressupost anual 2025<\/a><\/li>\n<\/ul>\n<p>&nbsp;<\/p>\n<ul>\n<li><a href=\"https:\/\/drive.google.com\/file\/d\/13UQY6wBqF9JemqWfAC--hMd5PPg3qRTX\/view?usp=sharing\">Liquidaci\u00f3 anual 2023<\/a><\/li>\n<li><a href=\"https:\/\/drive.google.com\/file\/d\/1mhCSxHsIazPB0stgJnTFH1d1STEW0aLt\/view?usp=sharing\">Pressupost anual 2024<\/a><\/li>\n<\/ul>\n<p>&nbsp;<\/p>\n<ul>\n<li><a href=\"https:\/\/drive.google.com\/file\/d\/1DnYVBqX6-15aVCQP3w6AQIa2QwjWa2iO\/view?usp=sharing\">Liquidaci\u00f3 anual 2022<\/a><\/li>\n<li><a href=\"https:\/\/drive.google.com\/file\/d\/1pEbH8yM79ImvuiXkrenSMPggDF-POlVK\/view?usp=sharing\">Pressupost anual 2023<\/a><\/li>\n<\/ul>\n<p>&nbsp;<\/p>\n<ul>\n<li><a href=\"https:\/\/drive.google.com\/drive\/u\/2\/folders\/1Kti5xyFp45xYAupwMNeETHwlqE-YZaxg\">Liquidaci\u00f3 anual 2021<\/a><\/li>\n<li><a href=\"https:\/\/drive.google.com\/drive\/u\/2\/folders\/1Kti5xyFp45xYAupwMNeETHwlqE-YZaxg\">Pressupost anual 2022<\/a><\/li>\n<\/ul>\n<p>&nbsp;<\/p>\n<ul>\n<li><a href=\"https:\/\/drive.google.com\/file\/d\/1HXPYrgfthJjqvZ6iLjK8BJ3l08FwlarJ\/view?usp=sharing\">Liquidaci\u00f3 anual 2020<\/a><\/li>\n<li><a href=\"https:\/\/drive.google.com\/file\/d\/1_-2Li9-aSUee5AnuXlwqrBTaMe5Rcv_X\/view?usp=sharing\">Pressupost anual 2021<\/a><\/li>\n<\/ul>\n<p>&nbsp;<\/p>\n<p>&nbsp;<\/p>\n","protected":false},"excerpt":{"rendered":"<p>En refer\u00e8ncia a les dades econ\u00f2miques del centre, l&#8217;escola publica els seg\u00fcents documents que en fan refer\u00e8ncia:<\/p>\n<ul>\n<li><a href=\"https:\/\/drive.google.com\/file\/d\/1s2MNgC0ET40LHJaSKwMBsXpLklGGTUcu\/view?usp=sharing\">Liquidaci\u00f3 anual 2025<\/a><\/li>\n<li><a href=\"https:\/\/drive.google.com\/file\/d\/1CiiR5xu65AJIGIqd2oTgjxgVrOOQj-0G\/view?usp=sharing\">Pressupost anual 2026<\/a><\/li>\n<\/ul>\n<p>&nbsp;<\/p>\n<ul>\n<li><a href=\"https:\/\/drive.google.com\/file\/d\/1WwP3CIFOn0q6cGY8V-dQ4TekeVAJ5lQ4\/view?usp=sharing\">Liquidaci\u00f3 anual 2024<\/a><\/li>\n<li><a href=\"https:\/\/drive.google.com\/file\/d\/1xzULYhvDj-VTwhr6OBjb8uMCdDAAV3E5\/view?usp=sharing\">Pressupost anual 2025<\/a><\/li>\n<\/ul>\n<p>&nbsp;<\/p>\n<ul>\n<li><a href=\"https:\/\/drive.google.com\/file\/d\/13UQY6wBqF9JemqWfAC--hMd5PPg3qRTX\/view?usp=sharing\">Liquidaci\u00f3 anual 2023<\/a><\/li>\n<li><a href=\"https:\/\/drive.google.com\/file\/d\/1mhCSxHsIazPB0stgJnTFH1d1STEW0aLt\/view?usp=sharing\">Pressupost anual 2024<\/a><\/li>\n<\/ul>\n<p>&nbsp;<\/p>\n<ul>\n<li><a href=\"https:\/\/drive.google.com\/file\/d\/1DnYVBqX6-15aVCQP3w6AQIa2QwjWa2iO\/view?usp=sharing\">Liquidaci\u00f3 anual 2022<\/a><\/li>\n<li><a href=\"https:\/\/drive.google.com\/file\/d\/1pEbH8yM79ImvuiXkrenSMPggDF-POlVK\/view?usp=sharing\">Pressupost anual 2023<\/a><\/li>\n<\/ul>\n<p>&nbsp;<\/p>\n<ul>\n<li><a href=\"https:\/\/drive.google.com\/drive\/u\/2\/folders\/1Kti5xyFp45xYAupwMNeETHwlqE-YZaxg\">Liquidaci\u00f3 anual 2021<\/a><\/li>\n<li><a href=\"https:\/\/drive.google.com\/drive\/u\/2\/folders\/1Kti5xyFp45xYAupwMNeETHwlqE-YZaxg\">Pressupost&hellip;  <a href=\"https:\/\/agora.xtec.cat\/ceiplatorreta\/projecte-educatiu\/liquidacio-i-pressupost-anual\/\" title=\"Read Liquidaci\u00f3 i pressupost anual\">Llegeix m\u00e9s\u00bb<\/a><br \/>\n","protected":false},"author":3,"featured_media":0,"parent":64,"menu_order":12,"comment_status":"closed","ping_status":"closed","template":"page-templates\/side-menu.php","meta":{"_bbp_topic_count":0,"_bbp_reply_count":0,"_bbp_total_topic_count":0,"_bbp_total_reply_count":0,"_bbp_voice_count":0,"_bbp_anonymous_reply_count":0,"_bbp_topic_count_hidden":0,"_bbp_reply_count_hidden":0,"_bbp_forum_subforum_count":0,"footnotes":""},"class_list":["post-6391","page","type-page","status-publish","hentry"],"post_mailing_queue_ids":[],"_links":{"self":[{"href":"https:\/\/agora.xtec.cat\/ceiplatorreta\/wp-json\/wp\/v2\/pages\/6391","targetHints":{"allow":["GET"]}}],"collection":[{"href":"https:\/\/agora.xtec.cat\/ceiplatorreta\/wp-json\/wp\/v2\/pages"}],"about":[{"href":"https:\/\/agora.xtec.cat\/ceiplatorreta\/wp-json\/wp\/v2\/types\/page"}],"author":[{"embeddable":true,"href":"https:\/\/agora.xtec.cat\/ceiplatorreta\/wp-json\/wp\/v2\/users\/3"}],"replies":[{"embeddable":true,"href":"https:\/\/agora.xtec.cat\/ceiplatorreta\/wp-json\/wp\/v2\/comments?post=6391"}],"version-history":[{"count":6,"href":"https:\/\/agora.xtec.cat\/ceiplatorreta\/wp-json\/wp\/v2\/pages\/6391\/revisions"}],"predecessor-version":[{"id":14854,"href":"https:\/\/agora.xtec.cat\/ceiplatorreta\/wp-json\/wp\/v2\/pages\/6391\/revisions\/14854"}],"up":[{"embeddable":true,"href":"https:\/\/agora.xtec.cat\/ceiplatorreta\/wp-json\/wp\/v2\/pages\/64"}],"wp:attachment":[{"href":"https:\/\/agora.xtec.cat\/ceiplatorreta\/wp-json\/wp\/v2\/media?parent=6391"}],"curies":[{"name":"wp","href":"https:\/\/api.w.org\/{rel}","templated":true}]}}