{"id":6381,"date":"2021-04-14T13:05:50","date_gmt":"2021-04-14T11:05:50","guid":{"rendered":"http:\/\/agora.xtec.cat\/ceiplatorreta\/?page_id=6381"},"modified":"2025-01-30T16:20:32","modified_gmt":"2025-01-30T15:20:32","slug":"pla-tac","status":"publish","type":"page","link":"https:\/\/agora.xtec.cat\/ceiplatorreta\/projecte-educatiu\/pla-tac\/","title":{"rendered":"Estrat\u00e8gia Digital (EDC)"},"content":{"rendered":"<p>El curs 21-22 el centre actualitza l&#8217;\u00e0mbit digital gr\u00e0cies a la incorporaci\u00f3 de l&#8217;<a href=\"https:\/\/projectes.xtec.cat\/edc-suport\/\">Estrat\u00e8gia Digital de Centre,<\/a> d&#8217;acord amb l&#8217;actual<a href=\"http:\/\/educacio.gencat.cat\/ca\/departament\/publicacions\/monografies\/pla-educacio-digital\/\"> Pla d&#8217;educaci\u00f3 digital de Catalunya<\/a>.<\/p>\n<p>Per a fer-ho possible, el claustre participa en una Formaci\u00f3 Interna de Centre (FIC) mentoritzada que proporciona l&#8217;espai i les eines de reflexi\u00f3 necess\u00e0ries per a desenvolupar l&#8217;EDC.<\/p>\n<p>A continuaci\u00f3 podeu fer un cop d&#8217;ull a l&#8217;<strong>ecosistema digital<\/strong> del nostre centre. Per a consultar i ampliar informaci\u00f3 al respecte, podeu dirigir-vos a l&#8217;espai\u00a0 l<a href=\"https:\/\/sites.google.com\/alumnestorreta.cat\/edclatorreta\/inicio\"><span style=\"text-decoration: underline;\">&#8216;<\/span><\/a><a href=\"https:\/\/sites.google.com\/alumnestorreta.cat\/edclatorreta\/inicio\"><span style=\"text-decoration: underline;\"><strong>EDC del nostre centre.<\/strong><\/span><\/a> L&#8217;estrat\u00e8gia digital de centre es troba en continu desenvolupament i s&#8217;actualitza peri\u00f2dicament d&#8217;acord segons les necessitats.<\/p>\n<p><iframe class=\"wp-embedded-content\" sandbox=\"allow-scripts\" security=\"restricted\" title=\"EDC Escola La Torreta\" frameborder='0' width='1200' height='675' src='https:\/\/view.genially.com\/673f44d380954550df6a1333#?secret=3OEzC2vjKy' data-secret='3OEzC2vjKy' scrolling='yes'><\/iframe><\/p>\n<div style=\"width: 100%;\">\n<div style=\"position: relative; padding-bottom: 56.25%; padding-top: 0; height: 0;\"><\/div>\n<\/div>\n<p>&nbsp;<\/p>\n","protected":false},"excerpt":{"rendered":"<p>El curs 21-22 el centre actualitza l&#8217;\u00e0mbit digital gr\u00e0cies a la incorporaci\u00f3 de l&#8217;<a href=\"https:\/\/projectes.xtec.cat\/edc-suport\/\">Estrat\u00e8gia Digital de Centre,<\/a> d&#8217;acord amb l&#8217;actual<a href=\"http:\/\/educacio.gencat.cat\/ca\/departament\/publicacions\/monografies\/pla-educacio-digital\/\"> Pla d&#8217;educaci\u00f3 digital de Catalunya<\/a>.<br \/>\nPer a fer-ho possible, el claustre participa en una Formaci\u00f3 Interna de Centre (FIC) mentoritzada que proporciona l&#8217;espai i&hellip;  <a href=\"https:\/\/agora.xtec.cat\/ceiplatorreta\/projecte-educatiu\/pla-tac\/\" title=\"Read Estrat\u00e8gia Digital (EDC)\">Llegeix m\u00e9s\u00bb<\/a><\/p>\n","protected":false},"author":3,"featured_media":0,"parent":64,"menu_order":8,"comment_status":"closed","ping_status":"closed","template":"page-templates\/side-menu.php","meta":{"_bbp_topic_count":0,"_bbp_reply_count":0,"_bbp_total_topic_count":0,"_bbp_total_reply_count":0,"_bbp_voice_count":0,"_bbp_anonymous_reply_count":0,"_bbp_topic_count_hidden":0,"_bbp_reply_count_hidden":0,"_bbp_forum_subforum_count":0,"footnotes":""},"class_list":["post-6381","page","type-page","status-publish","hentry"],"post_mailing_queue_ids":[],"_links":{"self":[{"href":"https:\/\/agora.xtec.cat\/ceiplatorreta\/wp-json\/wp\/v2\/pages\/6381","targetHints":{"allow":["GET"]}}],"collection":[{"href":"https:\/\/agora.xtec.cat\/ceiplatorreta\/wp-json\/wp\/v2\/pages"}],"about":[{"href":"https:\/\/agora.xtec.cat\/ceiplatorreta\/wp-json\/wp\/v2\/types\/page"}],"author":[{"embeddable":true,"href":"https:\/\/agora.xtec.cat\/ceiplatorreta\/wp-json\/wp\/v2\/users\/3"}],"replies":[{"embeddable":true,"href":"https:\/\/agora.xtec.cat\/ceiplatorreta\/wp-json\/wp\/v2\/comments?post=6381"}],"version-history":[{"count":5,"href":"https:\/\/agora.xtec.cat\/ceiplatorreta\/wp-json\/wp\/v2\/pages\/6381\/revisions"}],"predecessor-version":[{"id":13199,"href":"https:\/\/agora.xtec.cat\/ceiplatorreta\/wp-json\/wp\/v2\/pages\/6381\/revisions\/13199"}],"up":[{"embeddable":true,"href":"https:\/\/agora.xtec.cat\/ceiplatorreta\/wp-json\/wp\/v2\/pages\/64"}],"wp:attachment":[{"href":"https:\/\/agora.xtec.cat\/ceiplatorreta\/wp-json\/wp\/v2\/media?parent=6381"}],"curies":[{"name":"wp","href":"https:\/\/api.w.org\/{rel}","templated":true}]}}