{"id":6350,"date":"2021-04-08T15:08:17","date_gmt":"2021-04-08T13:08:17","guid":{"rendered":"http:\/\/agora.xtec.cat\/ceiplatorreta\/?page_id=6350"},"modified":"2024-02-05T15:33:38","modified_gmt":"2024-02-05T14:33:38","slug":"erasmus-ka1","status":"publish","type":"page","link":"https:\/\/agora.xtec.cat\/ceiplatorreta\/projectes-descola\/erasmus-ka1\/","title":{"rendered":"Erasmus +Ka1"},"content":{"rendered":"<p>5Amb el t\u00edtol \u201c<strong>Active Leaders for Active Students in the 21st century<\/strong>\u201d,\u00a0<strong>se\u2019ns ha concedit un programa Erasmus+ Ka1<\/strong>\u00a0que hem presentat junt a altres centres educatius. El projecte l\u2019hem proposat com a membres d\u2019un consorci que engloba a quatre centres de prim\u00e0ria de diferents municipis de la nostra zona: l\u2019Escola Els Quatre Vents de Canovelles, l\u2019Escola Guerau de Liost de Les Franqueses del Vall\u00e8s, l\u2019Escola La Torreta de la Roca del Vall\u00e8s i l\u2019Escola Municipal Salvador Llobet. El consorci est\u00e0 coordinat pel nostre CRP (Centre de Recursos Pedag\u00f2gics).<a href=\"https:\/\/agora.xtec.cat\/ceiplatorreta\/wp-content\/uploads\/usu967\/2021\/04\/La-Torreta-2.jpg\"><img loading=\"lazy\" decoding=\"async\" class=\"size-medium wp-image-6355 alignright\" src=\"https:\/\/agora.xtec.cat\/ceiplatorreta\/wp-content\/uploads\/usu967\/2021\/04\/La-Torreta-2-300x225.jpg\" alt=\"\" width=\"300\" height=\"225\" srcset=\"https:\/\/agora.xtec.cat\/ceiplatorreta\/wp-content\/uploads\/usu967\/2021\/04\/La-Torreta-2-300x225.jpg 300w, https:\/\/agora.xtec.cat\/ceiplatorreta\/wp-content\/uploads\/usu967\/2021\/04\/La-Torreta-2-200x150.jpg 200w, https:\/\/agora.xtec.cat\/ceiplatorreta\/wp-content\/uploads\/usu967\/2021\/04\/La-Torreta-2.jpg 504w\" sizes=\"auto, (max-width: 300px) 100vw, 300px\" \/><\/a><\/p>\n<p>Aquest projecte es va elaborar i presentar el curs passat i se\u2019ns va concedir en el mes de juliol. <strong>El seu objectiu \u00e9s triple<\/strong>. D\u2019una banda, dotar d\u2019estrat\u00e8gies que possibiliten\u00a0<strong>la transformaci\u00f3 educativa dels centres en quant a lideratge, gesti\u00f3 i metodologies<\/strong>; d\u2019altra banda,\u00a0<strong>millorar la compet\u00e8ncia pluriling\u00fce dels docents i l\u2019alumnat<\/strong>\u00a0i, finalment,\u00a0<strong>aprendre a interactuar en un m\u00f3n globalitzat<\/strong>.<\/p>\n<p>Durant dos cursos escolars (que \u00e9s el temps de durada d\u2019aquest projecte) es realitzaran activitats de mobilitat de docents a l\u2019estranger per tal d\u2019afavorir la formaci\u00f3 i l\u2019observaci\u00f3 de bones pr\u00e0ctiques educatives en altres centres europeus. La transfer\u00e8ncia de coneixement entre els membres del consorci, aix\u00ed com amb altres centres de la zona, ha d\u2019afavorir la internacionalitzaci\u00f3 i l\u2019aprenentatge en xarxa dels centres educatius.<\/p>\n<p>Podeu seguir l&#8217;actualitat del projecte punxant\u00a0<a href=\"https:\/\/agora.xtec.cat\/ceiplatorreta\/categoria\/primaria\/erasmus\/\">aquest enlla\u00e7<\/a><\/p>\n<p>I en aquest <a href=\"https:\/\/sites.google.com\/xtec.cat\/eramus-ka101-alas\/presentation?authuser=0\">sites<\/a> teniu informaci\u00f3 global del projecte.<\/p>\n","protected":false},"excerpt":{"rendered":"<p>5Amb el t\u00edtol \u201cActive Leaders for Active Students in the 21st century\u201d,\u00a0se\u2019ns ha concedit un programa Erasmus+ Ka1\u00a0que hem presentat junt a altres centres educatius. El projecte l\u2019hem proposat com a membres d\u2019un consorci que engloba a quatre centres de prim\u00e0ria de diferents municipis de&hellip;  <a href=\"https:\/\/agora.xtec.cat\/ceiplatorreta\/projectes-descola\/erasmus-ka1\/\" title=\"Read Erasmus +Ka1\">Llegeix m\u00e9s\u00bb<\/a><\/p>\n","protected":false},"author":3,"featured_media":0,"parent":5926,"menu_order":5,"comment_status":"closed","ping_status":"closed","template":"page-templates\/side-menu.php","meta":{"_bbp_topic_count":0,"_bbp_reply_count":0,"_bbp_total_topic_count":0,"_bbp_total_reply_count":0,"_bbp_voice_count":0,"_bbp_anonymous_reply_count":0,"_bbp_topic_count_hidden":0,"_bbp_reply_count_hidden":0,"_bbp_forum_subforum_count":0,"footnotes":""},"class_list":["post-6350","page","type-page","status-publish","hentry"],"post_mailing_queue_ids":[],"_links":{"self":[{"href":"https:\/\/agora.xtec.cat\/ceiplatorreta\/wp-json\/wp\/v2\/pages\/6350","targetHints":{"allow":["GET"]}}],"collection":[{"href":"https:\/\/agora.xtec.cat\/ceiplatorreta\/wp-json\/wp\/v2\/pages"}],"about":[{"href":"https:\/\/agora.xtec.cat\/ceiplatorreta\/wp-json\/wp\/v2\/types\/page"}],"author":[{"embeddable":true,"href":"https:\/\/agora.xtec.cat\/ceiplatorreta\/wp-json\/wp\/v2\/users\/3"}],"replies":[{"embeddable":true,"href":"https:\/\/agora.xtec.cat\/ceiplatorreta\/wp-json\/wp\/v2\/comments?post=6350"}],"version-history":[{"count":4,"href":"https:\/\/agora.xtec.cat\/ceiplatorreta\/wp-json\/wp\/v2\/pages\/6350\/revisions"}],"predecessor-version":[{"id":11005,"href":"https:\/\/agora.xtec.cat\/ceiplatorreta\/wp-json\/wp\/v2\/pages\/6350\/revisions\/11005"}],"up":[{"embeddable":true,"href":"https:\/\/agora.xtec.cat\/ceiplatorreta\/wp-json\/wp\/v2\/pages\/5926"}],"wp:attachment":[{"href":"https:\/\/agora.xtec.cat\/ceiplatorreta\/wp-json\/wp\/v2\/media?parent=6350"}],"curies":[{"name":"wp","href":"https:\/\/api.w.org\/{rel}","templated":true}]}}