{"id":6314,"date":"2021-03-31T17:09:25","date_gmt":"2021-03-31T15:09:25","guid":{"rendered":"http:\/\/agora.xtec.cat\/ceiplatorreta\/?page_id=6314"},"modified":"2024-02-07T13:33:35","modified_gmt":"2024-02-07T12:33:35","slug":"equip-directiu","status":"publish","type":"page","link":"https:\/\/agora.xtec.cat\/ceiplatorreta\/lescola\/salut\/equip-directiu\/","title":{"rendered":"Equip Directiu"},"content":{"rendered":"<p>&nbsp;<\/p>\n<figure class=\"figure wp-caption alignleft\"><a href=\"https:\/\/agora.xtec.cat\/ceiplatorreta\/wp-content\/uploads\/usu967\/2014\/09\/Maribel-Lupia\u00f1ez.jpg\"><img loading=\"lazy\" decoding=\"async\" class=\"wp-image-1560 size-thumbnail\" src=\"https:\/\/agora.xtec.cat\/ceiplatorreta\/wp-content\/uploads\/usu967\/2014\/09\/Maribel-Lupia\u00f1ez-150x150.jpg\" alt=\"\" width=\"150\" height=\"150\" \/><\/a><figcaption class=\"wp-caption-text\"><strong>Maribel Lupi\u00e1\u00f1ez Fern\u00e1ndez<\/strong><\/figcaption><\/figure>\n<p>Directora de l\u2019Escola La Torreta. T\u00e9 una experi\u00e8ncia de 14 anys en la doc\u00e8ncia, dels quals 13 a l&#8217;escola. Al curs 2016-2017 es va iniciar en el c\u00e0rrec de Directora.<\/p>\n<p>&nbsp;<\/p>\n<p>&nbsp;<\/p>\n<p>&nbsp;<\/p>\n<p>&nbsp;<\/p>\n<figure class=\"figure wp-caption alignleft\"><a href=\"https:\/\/agora.xtec.cat\/ceiplatorreta\/wp-content\/uploads\/usu967\/2014\/09\/Anna-Ortega.jpg\"><img loading=\"lazy\" decoding=\"async\" class=\"wp-image-1561 size-thumbnail\" src=\"https:\/\/agora.xtec.cat\/ceiplatorreta\/wp-content\/uploads\/usu967\/2014\/09\/Anna-Ortega-150x150.jpg\" alt=\"\" width=\"150\" height=\"150\" \/><\/a><figcaption class=\"wp-caption-text\"><strong>Anna Ortega Alonso<\/strong><\/figcaption><\/figure>\n<p><span style=\"font-family: inherit; font-size: 1em;\">Cap d&#8217;Estudis de l\u2019Escola La Torreta. T\u00e9 una experi\u00e8ncia de 13 anys en la doc\u00e8ncia, dels quals 12 a l&#8217;escola. Al curs 2017-2018 es va iniciar en el c\u00e0rrec de Cap d&#8217;Estudis.<\/span><\/p>\n<p>&nbsp;<\/p>\n<p>&nbsp;<\/p>\n<p>&nbsp;<\/p>\n<p>&nbsp;<\/p>\n<p>&nbsp;<\/p>\n<figure class=\"figure wp-caption alignleft\"><a href=\"https:\/\/agora.xtec.cat\/ceiplatorreta\/wp-content\/uploads\/usu967\/2018\/11\/INGRID.jpg\"><img loading=\"lazy\" decoding=\"async\" class=\"wp-image-2282 size-thumbnail\" src=\"https:\/\/agora.xtec.cat\/ceiplatorreta\/wp-content\/uploads\/usu967\/2018\/11\/INGRID-150x150.jpg\" alt=\"\" width=\"150\" height=\"150\" \/><\/a><figcaption class=\"wp-caption-text\"><strong>Ingrid Cabestany Cirera<\/strong><\/figcaption><\/figure>\n<p>Secret\u00e0ria de l\u2019Escola La Torreta. T\u00e9 una experi\u00e8ncia de 13 anys en la doc\u00e8ncia, dels quals 4 a l&#8217;escola, exercint la secretaria des de l&#8217;any 2017.<\/p>\n","protected":false},"excerpt":{"rendered":"<p>&nbsp;<br \/>\n<a href=\"https:\/\/agora.xtec.cat\/ceiplatorreta\/wp-content\/uploads\/usu967\/2014\/09\/Maribel-Lupia\u00f1ez.jpg\"><\/a>Maribel Lupi\u00e1\u00f1ez Fern\u00e1ndez<br \/>\nDirectora de l\u2019Escola La Torreta. T\u00e9 una experi\u00e8ncia de 14 anys en la doc\u00e8ncia, dels quals 13 a l&#8217;escola. Al curs 2016-2017 es va iniciar en el c\u00e0rrec de Directora.<br \/>\n&nbsp;<br \/>\n&nbsp;<br \/>\n&nbsp;<br \/>\n&nbsp;<br \/>\n<a href=\"https:\/\/agora.xtec.cat\/ceiplatorreta\/wp-content\/uploads\/usu967\/2014\/09\/Anna-Ortega.jpg\"><\/a>Anna Ortega Alonso<br \/>\nCap d&#8217;Estudis de l\u2019Escola La Torreta. T\u00e9 una experi\u00e8ncia de&hellip;  <a href=\"https:\/\/agora.xtec.cat\/ceiplatorreta\/lescola\/salut\/equip-directiu\/\" title=\"Read Equip Directiu\">Llegeix m\u00e9s\u00bb<\/a><\/p>\n","protected":false},"author":3,"featured_media":0,"parent":38,"menu_order":0,"comment_status":"closed","ping_status":"closed","template":"page-templates\/side-menu.php","meta":{"_bbp_topic_count":0,"_bbp_reply_count":0,"_bbp_total_topic_count":0,"_bbp_total_reply_count":0,"_bbp_voice_count":0,"_bbp_anonymous_reply_count":0,"_bbp_topic_count_hidden":0,"_bbp_reply_count_hidden":0,"_bbp_forum_subforum_count":0,"footnotes":""},"class_list":["post-6314","page","type-page","status-publish","hentry"],"post_mailing_queue_ids":[],"_links":{"self":[{"href":"https:\/\/agora.xtec.cat\/ceiplatorreta\/wp-json\/wp\/v2\/pages\/6314","targetHints":{"allow":["GET"]}}],"collection":[{"href":"https:\/\/agora.xtec.cat\/ceiplatorreta\/wp-json\/wp\/v2\/pages"}],"about":[{"href":"https:\/\/agora.xtec.cat\/ceiplatorreta\/wp-json\/wp\/v2\/types\/page"}],"author":[{"embeddable":true,"href":"https:\/\/agora.xtec.cat\/ceiplatorreta\/wp-json\/wp\/v2\/users\/3"}],"replies":[{"embeddable":true,"href":"https:\/\/agora.xtec.cat\/ceiplatorreta\/wp-json\/wp\/v2\/comments?post=6314"}],"version-history":[{"count":2,"href":"https:\/\/agora.xtec.cat\/ceiplatorreta\/wp-json\/wp\/v2\/pages\/6314\/revisions"}],"predecessor-version":[{"id":6316,"href":"https:\/\/agora.xtec.cat\/ceiplatorreta\/wp-json\/wp\/v2\/pages\/6314\/revisions\/6316"}],"up":[{"embeddable":true,"href":"https:\/\/agora.xtec.cat\/ceiplatorreta\/wp-json\/wp\/v2\/pages\/38"}],"wp:attachment":[{"href":"https:\/\/agora.xtec.cat\/ceiplatorreta\/wp-json\/wp\/v2\/media?parent=6314"}],"curies":[{"name":"wp","href":"https:\/\/api.w.org\/{rel}","templated":true}]}}