{"id":6025,"date":"2021-02-13T08:57:49","date_gmt":"2021-02-13T07:57:49","guid":{"rendered":"http:\/\/agora.xtec.cat\/ceiplatorreta\/?page_id=6025"},"modified":"2025-09-24T16:25:38","modified_gmt":"2025-09-24T14:25:38","slug":"delegats-i-delegades-de-classe","status":"publish","type":"page","link":"https:\/\/agora.xtec.cat\/ceiplatorreta\/lescola\/delegats-i-delegades-de-classe\/","title":{"rendered":"Delegats i delegades de classe"},"content":{"rendered":"<h5><strong>Alumnat<\/strong><\/h5>\n<p><span style=\"font-weight: 400;\">Per tal d\u2019afavorir una bona conviv\u00e8ncia de centre i de grup, tenim la figura de l\u2019<strong>alumne\/a delegat o delegada<\/strong> de classe a Prim\u00e0ria. La seva funci\u00f3 \u00e9s representar als companys i companyes amb l\u2019equip de mestres, tant a les reunions de delegats i delegades amb l\u2019equip directiu com a les sessions de tutoria amb els tutors i les tutores de classe. Aquesta figura de classe s&#8217;escull per la resta de companys\/es a l\u2019inici de curs. \u00c9s una figura clau que pren protagonisme a les sessions de tutoria. Ha de ser molt responsable i capa\u00e7 de saber gestionar moltes situacions del dia a dia a l&#8217;aula, aix\u00ed com intervenir imparcialment davant de certs conflictes.<\/span><\/p>\n<p>Els infants delegats i delegades d&#8217;aquest curs s\u00f3n:<\/p>\n<p><img loading=\"lazy\" decoding=\"async\" class=\"aligncenter size-full wp-image-14137\" src=\"https:\/\/agora.xtec.cat\/ceiplatorreta\/wp-content\/uploads\/usu967\/2025\/09\/Graelles-web-1.png\" alt=\"\" width=\"1920\" height=\"1080\" srcset=\"https:\/\/agora.xtec.cat\/ceiplatorreta\/wp-content\/uploads\/usu967\/2025\/09\/Graelles-web-1.png 1920w, https:\/\/agora.xtec.cat\/ceiplatorreta\/wp-content\/uploads\/usu967\/2025\/09\/Graelles-web-1-300x169.png 300w, https:\/\/agora.xtec.cat\/ceiplatorreta\/wp-content\/uploads\/usu967\/2025\/09\/Graelles-web-1-1024x576.png 1024w, https:\/\/agora.xtec.cat\/ceiplatorreta\/wp-content\/uploads\/usu967\/2025\/09\/Graelles-web-1-768x432.png 768w, https:\/\/agora.xtec.cat\/ceiplatorreta\/wp-content\/uploads\/usu967\/2025\/09\/Graelles-web-1-1536x864.png 1536w\" sizes=\"auto, (max-width: 1920px) 100vw, 1920px\" \/><\/p>\n<h5><strong>Fam\u00edlies<\/strong><\/h5>\n<p><span style=\"font-weight: 400;\">A m\u00e9s a m\u00e9s d\u2019aix\u00f2, tamb\u00e9 comptem amb la figura de <strong>la mare o pare<\/strong> delegada i delegat de classe.<\/span><\/p>\n<p><span style=\"font-weight: 400;\">Representa les fam\u00edlies d\u2019un grup-classe d\u2019alumnes. Es presenta de forma volunt\u00e0ria i s&#8217;escull per la resta de fam\u00edlies al principi de curs. S&#8217;encarrega de gestionar el grup de missatgeria instant\u00e0nia i de representar les fam\u00edlies a les reunions amb la Direcci\u00f3 que s\u2019organitzen durant el curs. Ha de fer arribar l\u2019ordre del dia de les reunions per tal de recollir la veu de tots i totes i un cop finalitzada ha de fer el retorn de la reuni\u00f3.<\/span><\/p>\n<p><span style=\"font-weight: 400;\">Tamb\u00e9 \u00e9s responsable de gestionar els temes que es tracten per a que siguin <strong>\u00fanicament informatives<\/strong>.<\/span><\/p>\n<p>Els delegats i delegades d&#8217;aquest curs s\u00f3n:<\/p>\n<div>\n<div><img loading=\"lazy\" decoding=\"async\" class=\"aligncenter size-full wp-image-14040\" src=\"https:\/\/agora.xtec.cat\/ceiplatorreta\/wp-content\/uploads\/usu967\/2025\/09\/Graelles-web.png\" alt=\"\" width=\"1920\" height=\"1080\" srcset=\"https:\/\/agora.xtec.cat\/ceiplatorreta\/wp-content\/uploads\/usu967\/2025\/09\/Graelles-web.png 1920w, https:\/\/agora.xtec.cat\/ceiplatorreta\/wp-content\/uploads\/usu967\/2025\/09\/Graelles-web-300x169.png 300w, https:\/\/agora.xtec.cat\/ceiplatorreta\/wp-content\/uploads\/usu967\/2025\/09\/Graelles-web-1024x576.png 1024w, https:\/\/agora.xtec.cat\/ceiplatorreta\/wp-content\/uploads\/usu967\/2025\/09\/Graelles-web-768x432.png 768w, https:\/\/agora.xtec.cat\/ceiplatorreta\/wp-content\/uploads\/usu967\/2025\/09\/Graelles-web-1536x864.png 1536w\" sizes=\"auto, (max-width: 1920px) 100vw, 1920px\" \/><\/div>\n<\/div>\n<p><span style=\"font-weight: 400;\">Aquest c\u00e0rrec representatiu de vegades dona lloc a males interpretacions, pel que fa a les funcions. Aix\u00ed, \u00e9s important aclarir que, als pares i mares delegats de classe, <strong>no els correspon<\/strong>:<\/span><\/p>\n<ul>\n<li style=\"font-weight: 400;\" aria-level=\"1\"><span style=\"font-weight: 400;\">Intervenir en la relaci\u00f3 personal d&#8217;un alumne i\/o dels seus familiars amb el tutor o tutora i\/o la direcci\u00f3 del centre;<\/span><\/li>\n<li style=\"font-weight: 400;\" aria-level=\"1\"><span style=\"font-weight: 400;\">Fer de mediadors, en cas de conflicte, entre fam\u00edlies o entre fam\u00edlies i docents;<\/span><\/li>\n<li style=\"font-weight: 400;\" aria-level=\"1\"><span style=\"font-weight: 400;\">Posar en dubte q\u00fcestions pedag\u00f2giques del centre<\/span><\/li>\n<li style=\"font-weight: 400;\" aria-level=\"1\"><span style=\"font-weight: 400;\">Fiscalitzar la tasca dels professionals del centre.<\/span><\/li>\n<\/ul>\n","protected":false},"excerpt":{"rendered":"<p>Alumnat<br \/>\nPer tal d\u2019afavorir una bona conviv\u00e8ncia de centre i de grup, tenim la figura de l\u2019alumne\/a delegat o delegada de classe a Prim\u00e0ria. La seva funci\u00f3 \u00e9s representar als companys i companyes amb l\u2019equip de mestres, tant a les reunions de delegats i delegades amb&hellip;  <a href=\"https:\/\/agora.xtec.cat\/ceiplatorreta\/lescola\/delegats-i-delegades-de-classe\/\" title=\"Read Delegats i delegades de classe\">Llegeix m\u00e9s\u00bb<\/a><\/p>\n","protected":false},"author":3,"featured_media":0,"parent":22,"menu_order":5,"comment_status":"closed","ping_status":"closed","template":"page-templates\/side-menu.php","meta":{"_bbp_topic_count":0,"_bbp_reply_count":0,"_bbp_total_topic_count":0,"_bbp_total_reply_count":0,"_bbp_voice_count":0,"_bbp_anonymous_reply_count":0,"_bbp_topic_count_hidden":0,"_bbp_reply_count_hidden":0,"_bbp_forum_subforum_count":0,"footnotes":""},"class_list":["post-6025","page","type-page","status-publish","hentry"],"post_mailing_queue_ids":[],"_links":{"self":[{"href":"https:\/\/agora.xtec.cat\/ceiplatorreta\/wp-json\/wp\/v2\/pages\/6025","targetHints":{"allow":["GET"]}}],"collection":[{"href":"https:\/\/agora.xtec.cat\/ceiplatorreta\/wp-json\/wp\/v2\/pages"}],"about":[{"href":"https:\/\/agora.xtec.cat\/ceiplatorreta\/wp-json\/wp\/v2\/types\/page"}],"author":[{"embeddable":true,"href":"https:\/\/agora.xtec.cat\/ceiplatorreta\/wp-json\/wp\/v2\/users\/3"}],"replies":[{"embeddable":true,"href":"https:\/\/agora.xtec.cat\/ceiplatorreta\/wp-json\/wp\/v2\/comments?post=6025"}],"version-history":[{"count":8,"href":"https:\/\/agora.xtec.cat\/ceiplatorreta\/wp-json\/wp\/v2\/pages\/6025\/revisions"}],"predecessor-version":[{"id":14138,"href":"https:\/\/agora.xtec.cat\/ceiplatorreta\/wp-json\/wp\/v2\/pages\/6025\/revisions\/14138"}],"up":[{"embeddable":true,"href":"https:\/\/agora.xtec.cat\/ceiplatorreta\/wp-json\/wp\/v2\/pages\/22"}],"wp:attachment":[{"href":"https:\/\/agora.xtec.cat\/ceiplatorreta\/wp-json\/wp\/v2\/media?parent=6025"}],"curies":[{"name":"wp","href":"https:\/\/api.w.org\/{rel}","templated":true}]}}