{"id":5959,"date":"2021-02-10T23:58:20","date_gmt":"2021-02-10T22:58:20","guid":{"rendered":"http:\/\/agora.xtec.cat\/ceiplatorreta\/?page_id=5959"},"modified":"2025-10-08T14:54:09","modified_gmt":"2025-10-08T12:54:09","slug":"certificats","status":"publish","type":"page","link":"https:\/\/agora.xtec.cat\/ceiplatorreta\/lescola\/consell-escolar\/certificats\/","title":{"rendered":"Certificats"},"content":{"rendered":"<p>El Consell Escolar, un cop celebrades les reunions pertinents, emet un document anomenat Certificat d&#8217;Acords. Aquests documents s\u00f3n p\u00fablics i es poden consultar en els seg\u00fcents enlla\u00e7os:<\/p>\n<ul>\n<li><a href=\"https:\/\/drive.google.com\/drive\/folders\/106fr_ezaezBhfP_HqijelXqaR0nZZ-xB?usp=drive_link\">Certificats d&#8217;Acords &#8211; Curs 25-26<\/a><\/li>\n<li><a href=\"https:\/\/drive.google.com\/drive\/folders\/1bDFb3YkDktOY2A4tKScTtf1zS9pyNZjd?usp=drive_link\">Certificats d&#8217;Acords &#8211; Curs 24-25<\/a><\/li>\n<li><a href=\"https:\/\/drive.google.com\/drive\/folders\/1cobJhlXFqWKILT5US3nCWeXol8mVjLPn?usp=sharing\">Certificats d&#8217;Acords &#8211; Curs 23-24<\/a><\/li>\n<li><a href=\"https:\/\/drive.google.com\/drive\/folders\/1xmjnqpxfLc85JZdZydhH9xHaMXyCXu41?usp=sharing\">Certificats d&#8217;Acords &#8211; Curs 22-23<\/a><\/li>\n<li><a href=\"https:\/\/drive.google.com\/drive\/folders\/1IOIeAX-Mqr8LuLf9kHK5_6hXa5fiBjTl?usp=sharing\">Certificats d&#8217;Acords &#8211; Curs 21-22<\/a><\/li>\n<li><a href=\"https:\/\/drive.google.com\/drive\/folders\/1wTuEPPcY4CrYMI8PRq4KyoqFS5DukDC6?usp=sharing\">Certificats d&#8217;Acords &#8211; Curs 20-21<\/a><\/li>\n<li><a href=\"https:\/\/drive.google.com\/drive\/folders\/1x1W3tjqqsObx0QdHDsG1OBim8LVhSvEm?usp=sharing\">Certificats d&#8217;Acords &#8211; Curs 19-20<\/a><\/li>\n<\/ul>\n","protected":false},"excerpt":{"rendered":"<p>El Consell Escolar, un cop celebrades les reunions pertinents, emet un document anomenat Certificat d&#8217;Acords. Aquests documents s\u00f3n p\u00fablics i es poden consultar en els seg\u00fcents enlla\u00e7os:<\/p>\n<ul>\n<li><a href=\"https:\/\/drive.google.com\/drive\/folders\/106fr_ezaezBhfP_HqijelXqaR0nZZ-xB?usp=drive_link\">Certificats d&#8217;Acords &#8211; Curs 25-26<\/a><\/li>\n<li><a href=\"https:\/\/drive.google.com\/drive\/folders\/1bDFb3YkDktOY2A4tKScTtf1zS9pyNZjd?usp=drive_link\">Certificats d&#8217;Acords &#8211; Curs 24-25<\/a><\/li>\n<li><a href=\"https:\/\/drive.google.com\/drive\/folders\/1cobJhlXFqWKILT5US3nCWeXol8mVjLPn?usp=sharing\">Certificats d&#8217;Acords &#8211; Curs 23-24<\/a><\/li>\n<li><a href=\"https:\/\/drive.google.com\/drive\/folders\/1xmjnqpxfLc85JZdZydhH9xHaMXyCXu41?usp=sharing\">Certificats d&#8217;Acords &#8211;&hellip;  <a href=\"https:\/\/agora.xtec.cat\/ceiplatorreta\/lescola\/consell-escolar\/certificats\/\" title=\"Read Certificats\">Llegeix m\u00e9s\u00bb<\/a><br \/>\n","protected":false},"author":3,"featured_media":0,"parent":28,"menu_order":1,"comment_status":"closed","ping_status":"closed","template":"page-templates\/side-menu.php","meta":{"_bbp_topic_count":0,"_bbp_reply_count":0,"_bbp_total_topic_count":0,"_bbp_total_reply_count":0,"_bbp_voice_count":0,"_bbp_anonymous_reply_count":0,"_bbp_topic_count_hidden":0,"_bbp_reply_count_hidden":0,"_bbp_forum_subforum_count":0,"footnotes":""},"class_list":["post-5959","page","type-page","status-publish","hentry"],"post_mailing_queue_ids":[],"_links":{"self":[{"href":"https:\/\/agora.xtec.cat\/ceiplatorreta\/wp-json\/wp\/v2\/pages\/5959","targetHints":{"allow":["GET"]}}],"collection":[{"href":"https:\/\/agora.xtec.cat\/ceiplatorreta\/wp-json\/wp\/v2\/pages"}],"about":[{"href":"https:\/\/agora.xtec.cat\/ceiplatorreta\/wp-json\/wp\/v2\/types\/page"}],"author":[{"embeddable":true,"href":"https:\/\/agora.xtec.cat\/ceiplatorreta\/wp-json\/wp\/v2\/users\/3"}],"replies":[{"embeddable":true,"href":"https:\/\/agora.xtec.cat\/ceiplatorreta\/wp-json\/wp\/v2\/comments?post=5959"}],"version-history":[{"count":6,"href":"https:\/\/agora.xtec.cat\/ceiplatorreta\/wp-json\/wp\/v2\/pages\/5959\/revisions"}],"predecessor-version":[{"id":14209,"href":"https:\/\/agora.xtec.cat\/ceiplatorreta\/wp-json\/wp\/v2\/pages\/5959\/revisions\/14209"}],"up":[{"embeddable":true,"href":"https:\/\/agora.xtec.cat\/ceiplatorreta\/wp-json\/wp\/v2\/pages\/28"}],"wp:attachment":[{"href":"https:\/\/agora.xtec.cat\/ceiplatorreta\/wp-json\/wp\/v2\/media?parent=5959"}],"curies":[{"name":"wp","href":"https:\/\/api.w.org\/{rel}","templated":true}]}}