{"id":5952,"date":"2021-02-10T23:33:01","date_gmt":"2021-02-10T22:33:01","guid":{"rendered":"http:\/\/agora.xtec.cat\/ceiplatorreta\/?page_id=5952"},"modified":"2024-02-07T13:44:27","modified_gmt":"2024-02-07T12:44:27","slug":"families","status":"publish","type":"page","link":"https:\/\/agora.xtec.cat\/ceiplatorreta\/families\/","title":{"rendered":"Fam\u00edlies"},"content":{"rendered":"<p>Aquest espai est\u00e0 destinat a potenciar la bona comunicaci\u00f3 entre la fam\u00edlia i l&#8217;escola.<\/p>\n<p>Per una banda hi trobareu informaci\u00f3 sobre el funcionament de l&#8217;<a href=\"https:\/\/agora.xtec.cat\/ceiplatorreta\/ampa\/\"><strong>AMPA<\/strong><\/a>.\u00a0D&#8217;altra banda, posem a la vostra disposici\u00f3 un seguit de tutorials per facilitar-vos la feina a l&#8217;hora de connectar-vos a trav\u00e9s del <strong>correu corporatiu<\/strong> de centre, aix\u00ed com a fer \u00fas de<strong> Classroom<\/strong> des de casa o b\u00e9 a obtenir estrat\u00e8gies per fer un cop de m\u00e0 amb les matem\u00e0tiques.<\/p>\n<p>En l&#8217;\u00e0mbit digital, existeixen uns v\u00eddeos que poden ser d&#8217;ajuda davant l&#8217;\u00fas dels dispositius digitals de l&#8217;alumnat. Els v\u00eddeos s&#8217;han elaborat dins el projecte <a href=\"https:\/\/projectes.xtec.cat\/families-digitals\/\">Fam\u00edlies Digitals<\/a> que impulsa el Departament d&#8217;Ensenyament i poden visualitzar-se en una gran diversitat d&#8217;idiomes.<\/p>\n<p><iframe loading=\"lazy\" src=\"https:\/\/agora.xtec.cat\/nodes\/wp-admin\/admin-ajax.php?action=h5p_embed&amp;id=2\" width=\"729\" height=\"355\" frameborder=\"0\"><\/iframe><script src=\"https:\/\/agora.xtec.cat\/nodes\/wp-content\/plugins\/h5p\/h5p-php-library\/js\/h5p-resizer.js\" charset=\"UTF-8\"><\/script><\/p>\n<p>Si teniu qualsevol suggeriment sobre informaci\u00f3 que creieu necess\u00e0ria, no dubteu en contactar-nos a trav\u00e9s dels canals habituals de la nostra escola.<\/p>\n","protected":false},"excerpt":{"rendered":"<p>Aquest espai est\u00e0 destinat a potenciar la bona comunicaci\u00f3 entre la fam\u00edlia i l&#8217;escola.<br \/>\nPer una banda hi trobareu informaci\u00f3 sobre el funcionament de l&#8217;<a href=\"https:\/\/agora.xtec.cat\/ceiplatorreta\/ampa\/\">AMPA<\/a>.\u00a0D&#8217;altra banda, posem a la vostra disposici\u00f3 un seguit de tutorials per facilitar-vos la feina a l&#8217;hora de connectar-vos a trav\u00e9s&hellip;  <a href=\"https:\/\/agora.xtec.cat\/ceiplatorreta\/families\/\" title=\"Read Fam\u00edlies\">Llegeix m\u00e9s\u00bb<\/a><\/p>\n","protected":false},"author":3,"featured_media":0,"parent":0,"menu_order":0,"comment_status":"closed","ping_status":"closed","template":"page-templates\/side-menu.php","meta":{"_bbp_topic_count":0,"_bbp_reply_count":0,"_bbp_total_topic_count":0,"_bbp_total_reply_count":0,"_bbp_voice_count":0,"_bbp_anonymous_reply_count":0,"_bbp_topic_count_hidden":0,"_bbp_reply_count_hidden":0,"_bbp_forum_subforum_count":0,"footnotes":""},"class_list":["post-5952","page","type-page","status-publish","hentry"],"post_mailing_queue_ids":[],"_links":{"self":[{"href":"https:\/\/agora.xtec.cat\/ceiplatorreta\/wp-json\/wp\/v2\/pages\/5952","targetHints":{"allow":["GET"]}}],"collection":[{"href":"https:\/\/agora.xtec.cat\/ceiplatorreta\/wp-json\/wp\/v2\/pages"}],"about":[{"href":"https:\/\/agora.xtec.cat\/ceiplatorreta\/wp-json\/wp\/v2\/types\/page"}],"author":[{"embeddable":true,"href":"https:\/\/agora.xtec.cat\/ceiplatorreta\/wp-json\/wp\/v2\/users\/3"}],"replies":[{"embeddable":true,"href":"https:\/\/agora.xtec.cat\/ceiplatorreta\/wp-json\/wp\/v2\/comments?post=5952"}],"version-history":[{"count":3,"href":"https:\/\/agora.xtec.cat\/ceiplatorreta\/wp-json\/wp\/v2\/pages\/5952\/revisions"}],"predecessor-version":[{"id":6891,"href":"https:\/\/agora.xtec.cat\/ceiplatorreta\/wp-json\/wp\/v2\/pages\/5952\/revisions\/6891"}],"wp:attachment":[{"href":"https:\/\/agora.xtec.cat\/ceiplatorreta\/wp-json\/wp\/v2\/media?parent=5952"}],"curies":[{"name":"wp","href":"https:\/\/api.w.org\/{rel}","templated":true}]}}