{"id":5926,"date":"2021-02-10T23:12:29","date_gmt":"2021-02-10T22:12:29","guid":{"rendered":"http:\/\/agora.xtec.cat\/ceiplatorreta\/?page_id=5926"},"modified":"2024-02-05T20:04:52","modified_gmt":"2024-02-05T19:04:52","slug":"projectes-descola","status":"publish","type":"page","link":"https:\/\/agora.xtec.cat\/ceiplatorreta\/projectes-descola\/","title":{"rendered":"Projectes d&#8217;escola"},"content":{"rendered":"<p>En aquest espai hi trobareu informaci\u00f3 sobre els diferents projectes que ens distingeixen i es porten a terme a l&#8217;aula. En els darreres cursos, el centre est\u00e0 experimentant un canvi pedag\u00f2gic, d&#8217;acord amb el curr\u00edculum, amb projectes innovadors, competencials i significatius per a l&#8217;alumnat, des d&#8217;Infantil fins a Prim\u00e0ria.<\/p>\n<p>Aquests s\u00f3n:<\/p>\n<ul>\n<li>Les Situacions d&#8217;Aprenentatge a Infantil i a Prim\u00e0ria<\/li>\n<li>Els escenaris d&#8217;aprenentatge a Infantil i a Prim\u00e0ria<\/li>\n<li>Els racons a Infantil<\/li>\n<li>El GEP a Prim\u00e0ria<\/li>\n<li>L&#8217;Erasmus +Ka1 a Prim\u00e0ria<\/li>\n<li>Els projectes musicals a Prim\u00e0ria\n<ul>\n<li>Cantata a 2n<\/li>\n<li>Perkulele a 3r i 4t<\/li>\n<li>Cant\u00e0nia a 5\u00e8<\/li>\n<\/ul>\n<\/li>\n<li>Les Activitats Culturals i Tallers d&#8217;Art a Infantil i Prim\u00e0ria<\/li>\n<li>Les activitats complement\u00e0ries i d&#8217;entorn (PIC) a Infantil i Prim\u00e0ria<\/li>\n<li>Les sortides i col\u00f2nies<\/li>\n<li>Les celebracions escolars\n<ul>\n<li>Castanyada<\/li>\n<li>Nadal<\/li>\n<li>DENIP<\/li>\n<li>Carnaval<\/li>\n<li>Dia de la dona<\/li>\n<li>Dia de l&#8217;aigua<\/li>\n<li>Sant Jordi<\/li>\n<li>Final de curs<\/li>\n<\/ul>\n<\/li>\n<\/ul>\n","protected":false},"excerpt":{"rendered":"<p>En aquest espai hi trobareu informaci\u00f3 sobre els diferents projectes que ens distingeixen i es porten a terme a l&#8217;aula. En els darreres cursos, el centre est\u00e0 experimentant un canvi pedag\u00f2gic, d&#8217;acord amb el curr\u00edculum, amb projectes innovadors, competencials i significatius per a l&#8217;alumnat, des&hellip;  <a href=\"https:\/\/agora.xtec.cat\/ceiplatorreta\/projectes-descola\/\" title=\"Read Projectes d&#8217;escola\">Llegeix m\u00e9s\u00bb<\/a><\/p>\n","protected":false},"author":3,"featured_media":0,"parent":0,"menu_order":0,"comment_status":"closed","ping_status":"closed","template":"page-templates\/side-menu.php","meta":{"_bbp_topic_count":0,"_bbp_reply_count":0,"_bbp_total_topic_count":0,"_bbp_total_reply_count":0,"_bbp_voice_count":0,"_bbp_anonymous_reply_count":0,"_bbp_topic_count_hidden":0,"_bbp_reply_count_hidden":0,"_bbp_forum_subforum_count":0,"footnotes":""},"class_list":["post-5926","page","type-page","status-publish","hentry"],"post_mailing_queue_ids":[],"_links":{"self":[{"href":"https:\/\/agora.xtec.cat\/ceiplatorreta\/wp-json\/wp\/v2\/pages\/5926","targetHints":{"allow":["GET"]}}],"collection":[{"href":"https:\/\/agora.xtec.cat\/ceiplatorreta\/wp-json\/wp\/v2\/pages"}],"about":[{"href":"https:\/\/agora.xtec.cat\/ceiplatorreta\/wp-json\/wp\/v2\/types\/page"}],"author":[{"embeddable":true,"href":"https:\/\/agora.xtec.cat\/ceiplatorreta\/wp-json\/wp\/v2\/users\/3"}],"replies":[{"embeddable":true,"href":"https:\/\/agora.xtec.cat\/ceiplatorreta\/wp-json\/wp\/v2\/comments?post=5926"}],"version-history":[{"count":5,"href":"https:\/\/agora.xtec.cat\/ceiplatorreta\/wp-json\/wp\/v2\/pages\/5926\/revisions"}],"predecessor-version":[{"id":11041,"href":"https:\/\/agora.xtec.cat\/ceiplatorreta\/wp-json\/wp\/v2\/pages\/5926\/revisions\/11041"}],"wp:attachment":[{"href":"https:\/\/agora.xtec.cat\/ceiplatorreta\/wp-json\/wp\/v2\/media?parent=5926"}],"curies":[{"name":"wp","href":"https:\/\/api.w.org\/{rel}","templated":true}]}}