{"id":4571,"date":"2020-03-18T10:26:46","date_gmt":"2020-03-18T09:26:46","guid":{"rendered":"http:\/\/agora.xtec.cat\/ceiplatorreta\/?page_id=4571"},"modified":"2024-02-08T16:34:57","modified_gmt":"2024-02-08T15:34:57","slug":"racons","status":"publish","type":"page","link":"https:\/\/agora.xtec.cat\/ceiplatorreta\/projectes-descola\/racons\/","title":{"rendered":"Racons"},"content":{"rendered":"<p>El treball a l\u2019etapa d\u2019Educaci\u00f3 Infantil de la nostra escola s\u2019organitza per racons. Aquesta metodologia ens permet organitzar l&#8217;aula en petits grups, cadascun dels quals realitza una tasca determinada i diferent que poden ser de treball o de joc. Es tracta d\u2019oferir una gran varietat de propostes i materials, la majoria manipulatius, als quals els nens i les nenes poden accedir d\u2019una forma oberta.<\/p>\n<p>Organitzats en grups redu\u00efts, els infants aprenen a treballar de forma aut\u00f2noma, a col\u00b7laborar en equip potenciant les relacions amb els companys\/es i a compartir coneixements amb els altres. Els racons tamb\u00e9 potencien la seva iniciativa i el sentit de la responsabilitat, educant persones amb criteri propi. A m\u00e9s, afavoreix els ritmes de treball i l\u2019ordre. \u00c9s una metodologia molt creativa i flexible, i el rol de la mestra \u00e9s dinamitzar els aprenentatges i proporcionar oportunitats enriquidores i significatives.<\/p>\n<p>Treballar per racons, a m\u00e9s, ens permet dedicar una atenci\u00f3 m\u00e9s individualitzada a cada nen i nena, planificant activitats d&#8217;aprenentatge adaptades als seus coneixements previs.<\/p>\n<p>Aquesta metodologia dona resposta a les necessitats que presenten els infants d\u2019aquestes edats:<\/p>\n<ul>\n<li>Els ritmes maduratius, d\u2019aprenentatge i de treball s\u00f3n diferents.<\/li>\n<li>Durant aquest per\u00edode de la seva vida el proc\u00e9s de socialitzaci\u00f3 \u00e9s molt important.<\/li>\n<li>Els interessos dels nens s\u00f3n diferents.<\/li>\n<li>Tenen una capacita d\u2019atenci\u00f3 redu\u00efda.<\/li>\n<\/ul>\n<p><img loading=\"lazy\" decoding=\"async\" class=\"aligncenter wp-image-11119 size-full\" src=\"https:\/\/agora.xtec.cat\/ceiplatorreta\/wp-content\/uploads\/usu967\/2024\/02\/Racons.png\" alt=\"\" width=\"1920\" height=\"1080\" srcset=\"https:\/\/agora.xtec.cat\/ceiplatorreta\/wp-content\/uploads\/usu967\/2024\/02\/Racons.png 1920w, https:\/\/agora.xtec.cat\/ceiplatorreta\/wp-content\/uploads\/usu967\/2024\/02\/Racons-300x169.png 300w, https:\/\/agora.xtec.cat\/ceiplatorreta\/wp-content\/uploads\/usu967\/2024\/02\/Racons-1024x576.png 1024w, https:\/\/agora.xtec.cat\/ceiplatorreta\/wp-content\/uploads\/usu967\/2024\/02\/Racons-768x432.png 768w, https:\/\/agora.xtec.cat\/ceiplatorreta\/wp-content\/uploads\/usu967\/2024\/02\/Racons-1536x864.png 1536w\" sizes=\"auto, (max-width: 1920px) 100vw, 1920px\" \/><\/p>\n","protected":false},"excerpt":{"rendered":"<p>El treball a l\u2019etapa d\u2019Educaci\u00f3 Infantil de la nostra escola s\u2019organitza per racons. Aquesta metodologia ens permet organitzar l&#8217;aula en petits grups, cadascun dels quals realitza una tasca determinada i diferent que poden ser de treball o de joc. Es tracta d\u2019oferir una gran varietat&hellip;  <a href=\"https:\/\/agora.xtec.cat\/ceiplatorreta\/projectes-descola\/racons\/\" title=\"Read Racons\">Llegeix m\u00e9s\u00bb<\/a><\/p>\n","protected":false},"author":3,"featured_media":0,"parent":5926,"menu_order":3,"comment_status":"closed","ping_status":"closed","template":"page-templates\/side-menu.php","meta":{"_bbp_topic_count":0,"_bbp_reply_count":0,"_bbp_total_topic_count":0,"_bbp_total_reply_count":0,"_bbp_voice_count":0,"_bbp_anonymous_reply_count":0,"_bbp_topic_count_hidden":0,"_bbp_reply_count_hidden":0,"_bbp_forum_subforum_count":0,"footnotes":""},"class_list":["post-4571","page","type-page","status-publish","hentry"],"post_mailing_queue_ids":[],"_links":{"self":[{"href":"https:\/\/agora.xtec.cat\/ceiplatorreta\/wp-json\/wp\/v2\/pages\/4571","targetHints":{"allow":["GET"]}}],"collection":[{"href":"https:\/\/agora.xtec.cat\/ceiplatorreta\/wp-json\/wp\/v2\/pages"}],"about":[{"href":"https:\/\/agora.xtec.cat\/ceiplatorreta\/wp-json\/wp\/v2\/types\/page"}],"author":[{"embeddable":true,"href":"https:\/\/agora.xtec.cat\/ceiplatorreta\/wp-json\/wp\/v2\/users\/3"}],"replies":[{"embeddable":true,"href":"https:\/\/agora.xtec.cat\/ceiplatorreta\/wp-json\/wp\/v2\/comments?post=4571"}],"version-history":[{"count":6,"href":"https:\/\/agora.xtec.cat\/ceiplatorreta\/wp-json\/wp\/v2\/pages\/4571\/revisions"}],"predecessor-version":[{"id":11120,"href":"https:\/\/agora.xtec.cat\/ceiplatorreta\/wp-json\/wp\/v2\/pages\/4571\/revisions\/11120"}],"up":[{"embeddable":true,"href":"https:\/\/agora.xtec.cat\/ceiplatorreta\/wp-json\/wp\/v2\/pages\/5926"}],"wp:attachment":[{"href":"https:\/\/agora.xtec.cat\/ceiplatorreta\/wp-json\/wp\/v2\/media?parent=4571"}],"curies":[{"name":"wp","href":"https:\/\/api.w.org\/{rel}","templated":true}]}}