{"id":4565,"date":"2020-03-17T17:42:23","date_gmt":"2020-03-17T16:42:23","guid":{"rendered":"http:\/\/agora.xtec.cat\/ceiplatorreta\/?page_id=4565"},"modified":"2024-02-08T16:39:04","modified_gmt":"2024-02-08T15:39:04","slug":"gep","status":"publish","type":"page","link":"https:\/\/agora.xtec.cat\/ceiplatorreta\/projectes-descola\/gep\/","title":{"rendered":"GEP"},"content":{"rendered":"<p><b>GEneraci\u00f3 Pluriling\u00fce: GEP<br \/>\n<\/b><\/p>\n<p>La nostra escola \u00e9s un centre GEP des del curs 2017-18 que impulsa l\u2019aprenentatge de la llengua anglesa amb metodologia AICLE des de les \u00e0rees no ling\u00fc\u00edstiques d\u2019Art, Medi Natural i Social.<\/p>\n<p>L\u2019escola compta amb professorat especialitzat i format en aquesta metodologia per dur a terme els projectes fixats.<\/p>\n<p><b>ELS NOSTRES PROJECTES GEP<\/b><\/p>\n<p>\u00c0mbit de Coneixement del Medi Natural, Social i Cultural:<\/p>\n<p>Els projectes GEP de les \u00e0rees de Medi Natural i Medi Social s\u2019emmarquen dins de les Situacions d&#8217;Aprenentatge de 3r a 6\u00e8. Les activitats proposades s\u00f3n de caire cooperatiu, manipulatiu i competencial, on l\u2019alumne interactua en llengua anglesa \u00edntegrament i esdev\u00e9 protagonista del seu proc\u00e9s d\u2019aprenentatge. Per aconseguir-ho fem servir recursos digitals, dictagloss, jigsaw-reading, glossary, entre d\u2019altres, els quals fomenten din\u00e0miques engrescadores i significatives.<\/p>\n<p><img loading=\"lazy\" decoding=\"async\" class=\"aligncenter wp-image-11121 \" src=\"https:\/\/agora.xtec.cat\/ceiplatorreta\/wp-content\/uploads\/usu967\/2024\/02\/GEP-1024x576.png\" alt=\"\" width=\"571\" height=\"321\" srcset=\"https:\/\/agora.xtec.cat\/ceiplatorreta\/wp-content\/uploads\/usu967\/2024\/02\/GEP-1024x576.png 1024w, https:\/\/agora.xtec.cat\/ceiplatorreta\/wp-content\/uploads\/usu967\/2024\/02\/GEP-300x169.png 300w, https:\/\/agora.xtec.cat\/ceiplatorreta\/wp-content\/uploads\/usu967\/2024\/02\/GEP-768x432.png 768w, https:\/\/agora.xtec.cat\/ceiplatorreta\/wp-content\/uploads\/usu967\/2024\/02\/GEP-1536x864.png 1536w, https:\/\/agora.xtec.cat\/ceiplatorreta\/wp-content\/uploads\/usu967\/2024\/02\/GEP.png 1920w\" sizes=\"auto, (max-width: 571px) 100vw, 571px\" \/><\/p>\n<p><strong>\u00c0mbit Art\u00edstic<\/strong><\/p>\n<p>Les seq\u00fc\u00e8ncies did\u00e0ctiques de l\u2019\u00e0rea de Visual i Pl\u00e0stica (Art) desenvolupen les dimensions i les compet\u00e8ncies pr\u00f2pies de l\u2019\u00e0mbit art\u00edstic i ling\u00fc\u00edstic, de l\u2019\u00e0rea de llengua anglesa de 1r a 6\u00e8. Es treballa de forma integrada interrelacionant els continguts d\u2019ambdues \u00e0rees, impulsant la comunicaci\u00f3 oral de l\u2019alumnat i la seva imaginaci\u00f3 i creativitat. Per aconseguir-ho fem servir recursos digitals i materials i t\u00e8cniques art\u00edstiques diverses, els quals ofereixen propostes variades i motivadores.<\/p>\n","protected":false},"excerpt":{"rendered":"<p>GEneraci\u00f3 Pluriling\u00fce: GEP<\/p>\n<p>La nostra escola \u00e9s un centre GEP des del curs 2017-18 que impulsa l\u2019aprenentatge de la llengua anglesa amb metodologia AICLE des de les \u00e0rees no ling\u00fc\u00edstiques d\u2019Art, Medi Natural i Social.<br \/>\nL\u2019escola compta amb professorat especialitzat i format en aquesta metodologia per dur&hellip;  <a href=\"https:\/\/agora.xtec.cat\/ceiplatorreta\/projectes-descola\/gep\/\" title=\"Read GEP\">Llegeix m\u00e9s\u00bb<\/a><\/p>\n","protected":false},"author":3,"featured_media":0,"parent":5926,"menu_order":4,"comment_status":"closed","ping_status":"closed","template":"page-templates\/side-menu.php","meta":{"_bbp_topic_count":0,"_bbp_reply_count":0,"_bbp_total_topic_count":0,"_bbp_total_reply_count":0,"_bbp_voice_count":0,"_bbp_anonymous_reply_count":0,"_bbp_topic_count_hidden":0,"_bbp_reply_count_hidden":0,"_bbp_forum_subforum_count":0,"footnotes":""},"class_list":["post-4565","page","type-page","status-publish","hentry"],"post_mailing_queue_ids":[],"_links":{"self":[{"href":"https:\/\/agora.xtec.cat\/ceiplatorreta\/wp-json\/wp\/v2\/pages\/4565","targetHints":{"allow":["GET"]}}],"collection":[{"href":"https:\/\/agora.xtec.cat\/ceiplatorreta\/wp-json\/wp\/v2\/pages"}],"about":[{"href":"https:\/\/agora.xtec.cat\/ceiplatorreta\/wp-json\/wp\/v2\/types\/page"}],"author":[{"embeddable":true,"href":"https:\/\/agora.xtec.cat\/ceiplatorreta\/wp-json\/wp\/v2\/users\/3"}],"replies":[{"embeddable":true,"href":"https:\/\/agora.xtec.cat\/ceiplatorreta\/wp-json\/wp\/v2\/comments?post=4565"}],"version-history":[{"count":4,"href":"https:\/\/agora.xtec.cat\/ceiplatorreta\/wp-json\/wp\/v2\/pages\/4565\/revisions"}],"predecessor-version":[{"id":11122,"href":"https:\/\/agora.xtec.cat\/ceiplatorreta\/wp-json\/wp\/v2\/pages\/4565\/revisions\/11122"}],"up":[{"embeddable":true,"href":"https:\/\/agora.xtec.cat\/ceiplatorreta\/wp-json\/wp\/v2\/pages\/5926"}],"wp:attachment":[{"href":"https:\/\/agora.xtec.cat\/ceiplatorreta\/wp-json\/wp\/v2\/media?parent=4565"}],"curies":[{"name":"wp","href":"https:\/\/api.w.org\/{rel}","templated":true}]}}