{"id":4554,"date":"2020-03-13T19:42:30","date_gmt":"2020-03-13T18:42:30","guid":{"rendered":"http:\/\/agora.xtec.cat\/ceiplatorreta\/?page_id=4554"},"modified":"2024-02-05T19:49:15","modified_gmt":"2024-02-05T18:49:15","slug":"situacions-daprenentatge","status":"publish","type":"page","link":"https:\/\/agora.xtec.cat\/ceiplatorreta\/projectes-descola\/situacions-daprenentatge\/","title":{"rendered":"Situacions d&#8217;aprenentatge (SdA)"},"content":{"rendered":"<p>Les situacions d&#8217;aprenentatge (SdA) tenen com a base el treball globalitzat del curr\u00edculum partint d\u2019un <strong>context<\/strong> i plantejant un <strong>repte<\/strong> a l&#8217;alumnat. Cada SdA t\u00e9 una durada d&#8217;un mes i mig aproximadament, de manera que al llarg del curs cada nivell en desenvolupa sis, dues per trimestre. Es parteix dels sabers i de les compet\u00e8ncies espec\u00edfiques fixades al curr\u00edculum emprant metodologies significatives, vivencials, manipulatives i fent \u00fas de recursos digitals.<\/p>\n<p><b>LES NOSTRES SITUACIONS D&#8217;APRENENTATGE<\/b><\/p>\n<p>Les situacions d&#8217;aprenentatge (SdA) que es treballen a l&#8217;escola s\u00f3n les seg\u00fcents:<\/p>\n<p><img loading=\"lazy\" decoding=\"async\" class=\"aligncenter wp-image-10979 size-full\" src=\"https:\/\/agora.xtec.cat\/ceiplatorreta\/wp-content\/uploads\/usu967\/2024\/02\/Graelles-web.png\" alt=\"\" width=\"1920\" height=\"1080\" srcset=\"https:\/\/agora.xtec.cat\/ceiplatorreta\/wp-content\/uploads\/usu967\/2024\/02\/Graelles-web.png 1920w, https:\/\/agora.xtec.cat\/ceiplatorreta\/wp-content\/uploads\/usu967\/2024\/02\/Graelles-web-300x169.png 300w, https:\/\/agora.xtec.cat\/ceiplatorreta\/wp-content\/uploads\/usu967\/2024\/02\/Graelles-web-1024x576.png 1024w, https:\/\/agora.xtec.cat\/ceiplatorreta\/wp-content\/uploads\/usu967\/2024\/02\/Graelles-web-768x432.png 768w, https:\/\/agora.xtec.cat\/ceiplatorreta\/wp-content\/uploads\/usu967\/2024\/02\/Graelles-web-1536x864.png 1536w\" sizes=\"auto, (max-width: 1920px) 100vw, 1920px\" \/><\/p>\n<p><img loading=\"lazy\" decoding=\"async\" class=\"aligncenter wp-image-10981 size-full\" src=\"https:\/\/agora.xtec.cat\/ceiplatorreta\/wp-content\/uploads\/usu967\/2024\/02\/SdA-PRI-1.png\" alt=\"\" width=\"1920\" height=\"1080\" srcset=\"https:\/\/agora.xtec.cat\/ceiplatorreta\/wp-content\/uploads\/usu967\/2024\/02\/SdA-PRI-1.png 1920w, https:\/\/agora.xtec.cat\/ceiplatorreta\/wp-content\/uploads\/usu967\/2024\/02\/SdA-PRI-1-300x169.png 300w, https:\/\/agora.xtec.cat\/ceiplatorreta\/wp-content\/uploads\/usu967\/2024\/02\/SdA-PRI-1-1024x576.png 1024w, https:\/\/agora.xtec.cat\/ceiplatorreta\/wp-content\/uploads\/usu967\/2024\/02\/SdA-PRI-1-768x432.png 768w, https:\/\/agora.xtec.cat\/ceiplatorreta\/wp-content\/uploads\/usu967\/2024\/02\/SdA-PRI-1-1536x864.png 1536w\" sizes=\"auto, (max-width: 1920px) 100vw, 1920px\" \/><\/p>\n<p><img loading=\"lazy\" decoding=\"async\" class=\"aligncenter wp-image-10984 size-full\" src=\"https:\/\/agora.xtec.cat\/ceiplatorreta\/wp-content\/uploads\/usu967\/2024\/02\/SdA-PRI-2-1.png\" alt=\"\" width=\"1920\" height=\"1080\" srcset=\"https:\/\/agora.xtec.cat\/ceiplatorreta\/wp-content\/uploads\/usu967\/2024\/02\/SdA-PRI-2-1.png 1920w, https:\/\/agora.xtec.cat\/ceiplatorreta\/wp-content\/uploads\/usu967\/2024\/02\/SdA-PRI-2-1-300x169.png 300w, https:\/\/agora.xtec.cat\/ceiplatorreta\/wp-content\/uploads\/usu967\/2024\/02\/SdA-PRI-2-1-1024x576.png 1024w, https:\/\/agora.xtec.cat\/ceiplatorreta\/wp-content\/uploads\/usu967\/2024\/02\/SdA-PRI-2-1-768x432.png 768w, https:\/\/agora.xtec.cat\/ceiplatorreta\/wp-content\/uploads\/usu967\/2024\/02\/SdA-PRI-2-1-1536x864.png 1536w\" sizes=\"auto, (max-width: 1920px) 100vw, 1920px\" \/><\/p>\n<p>&nbsp;<\/p>\n","protected":false},"excerpt":{"rendered":"<p>Les situacions d&#8217;aprenentatge (SdA) tenen com a base el treball globalitzat del curr\u00edculum partint d\u2019un context i plantejant un repte a l&#8217;alumnat. Cada SdA t\u00e9 una durada d&#8217;un mes i mig aproximadament, de manera que al llarg del curs cada nivell en desenvolupa sis, dues&hellip;  <a href=\"https:\/\/agora.xtec.cat\/ceiplatorreta\/projectes-descola\/situacions-daprenentatge\/\" title=\"Read Situacions d&#8217;aprenentatge (SdA)\">Llegeix m\u00e9s\u00bb<\/a><\/p>\n","protected":false},"author":3,"featured_media":0,"parent":5926,"menu_order":1,"comment_status":"closed","ping_status":"closed","template":"page-templates\/side-menu.php","meta":{"_bbp_topic_count":0,"_bbp_reply_count":0,"_bbp_total_topic_count":0,"_bbp_total_reply_count":0,"_bbp_voice_count":0,"_bbp_anonymous_reply_count":0,"_bbp_topic_count_hidden":0,"_bbp_reply_count_hidden":0,"_bbp_forum_subforum_count":0,"footnotes":""},"class_list":["post-4554","page","type-page","status-publish","hentry"],"post_mailing_queue_ids":[],"_links":{"self":[{"href":"https:\/\/agora.xtec.cat\/ceiplatorreta\/wp-json\/wp\/v2\/pages\/4554","targetHints":{"allow":["GET"]}}],"collection":[{"href":"https:\/\/agora.xtec.cat\/ceiplatorreta\/wp-json\/wp\/v2\/pages"}],"about":[{"href":"https:\/\/agora.xtec.cat\/ceiplatorreta\/wp-json\/wp\/v2\/types\/page"}],"author":[{"embeddable":true,"href":"https:\/\/agora.xtec.cat\/ceiplatorreta\/wp-json\/wp\/v2\/users\/3"}],"replies":[{"embeddable":true,"href":"https:\/\/agora.xtec.cat\/ceiplatorreta\/wp-json\/wp\/v2\/comments?post=4554"}],"version-history":[{"count":7,"href":"https:\/\/agora.xtec.cat\/ceiplatorreta\/wp-json\/wp\/v2\/pages\/4554\/revisions"}],"predecessor-version":[{"id":10985,"href":"https:\/\/agora.xtec.cat\/ceiplatorreta\/wp-json\/wp\/v2\/pages\/4554\/revisions\/10985"}],"up":[{"embeddable":true,"href":"https:\/\/agora.xtec.cat\/ceiplatorreta\/wp-json\/wp\/v2\/pages\/5926"}],"wp:attachment":[{"href":"https:\/\/agora.xtec.cat\/ceiplatorreta\/wp-json\/wp\/v2\/media?parent=4554"}],"curies":[{"name":"wp","href":"https:\/\/api.w.org\/{rel}","templated":true}]}}