{"id":4468,"date":"2020-03-01T16:32:05","date_gmt":"2020-03-01T15:32:05","guid":{"rendered":"http:\/\/agora.xtec.cat\/ceiplatorreta\/?page_id=4468"},"modified":"2026-01-09T11:14:34","modified_gmt":"2026-01-09T10:14:34","slug":"nofc","status":"publish","type":"page","link":"https:\/\/agora.xtec.cat\/ceiplatorreta\/projecte-educatiu\/nofc\/","title":{"rendered":"Normes d&#8217;Organitzaci\u00f3 i Funcionament del Centre (NOFC)"},"content":{"rendered":"<p>En un centre educatiu totes i cadascuna de les activitats que es desenvolupen han de complir amb les Normes d&#8217;Organitzaci\u00f3 i Funcionament del Centre. De la mateixa manera, tothom que en vulgui formar part i estigui vinculat a la nostra escola, les ha de con\u00e8ixer i respectar-les.<\/p>\n<p>L&#8217;aprovaci\u00f3 d&#8217;aquest document dep\u00e8n en \u00faltima inst\u00e0ncia, del Consell Escolar. Si voleu llegir el document, podeu consultar-lo al seg\u00fcent <strong><a href=\"https:\/\/drive.google.com\/file\/d\/1IlD5t-3zqHb0NmUfhNRMrsIl_s-vyRlg\/view?usp=sharing\">enlla\u00e7<\/a>.<\/strong><\/p>\n","protected":false},"excerpt":{"rendered":"<p>En un centre educatiu totes i cadascuna de les activitats que es desenvolupen han de complir amb les Normes d&#8217;Organitzaci\u00f3 i Funcionament del Centre. De la mateixa manera, tothom que en vulgui formar part i estigui vinculat a la nostra escola, les ha de con\u00e8ixer&hellip;  <a href=\"https:\/\/agora.xtec.cat\/ceiplatorreta\/projecte-educatiu\/nofc\/\" title=\"Read Normes d&#8217;Organitzaci\u00f3 i Funcionament del Centre (NOFC)\">Llegeix m\u00e9s\u00bb<\/a><\/p>\n","protected":false},"author":3,"featured_media":0,"parent":64,"menu_order":2,"comment_status":"closed","ping_status":"closed","template":"page-templates\/side-menu.php","meta":{"_bbp_topic_count":0,"_bbp_reply_count":0,"_bbp_total_topic_count":0,"_bbp_total_reply_count":0,"_bbp_voice_count":0,"_bbp_anonymous_reply_count":0,"_bbp_topic_count_hidden":0,"_bbp_reply_count_hidden":0,"_bbp_forum_subforum_count":0,"footnotes":""},"class_list":["post-4468","page","type-page","status-publish","hentry"],"post_mailing_queue_ids":[],"_links":{"self":[{"href":"https:\/\/agora.xtec.cat\/ceiplatorreta\/wp-json\/wp\/v2\/pages\/4468","targetHints":{"allow":["GET"]}}],"collection":[{"href":"https:\/\/agora.xtec.cat\/ceiplatorreta\/wp-json\/wp\/v2\/pages"}],"about":[{"href":"https:\/\/agora.xtec.cat\/ceiplatorreta\/wp-json\/wp\/v2\/types\/page"}],"author":[{"embeddable":true,"href":"https:\/\/agora.xtec.cat\/ceiplatorreta\/wp-json\/wp\/v2\/users\/3"}],"replies":[{"embeddable":true,"href":"https:\/\/agora.xtec.cat\/ceiplatorreta\/wp-json\/wp\/v2\/comments?post=4468"}],"version-history":[{"count":6,"href":"https:\/\/agora.xtec.cat\/ceiplatorreta\/wp-json\/wp\/v2\/pages\/4468\/revisions"}],"predecessor-version":[{"id":14527,"href":"https:\/\/agora.xtec.cat\/ceiplatorreta\/wp-json\/wp\/v2\/pages\/4468\/revisions\/14527"}],"up":[{"embeddable":true,"href":"https:\/\/agora.xtec.cat\/ceiplatorreta\/wp-json\/wp\/v2\/pages\/64"}],"wp:attachment":[{"href":"https:\/\/agora.xtec.cat\/ceiplatorreta\/wp-json\/wp\/v2\/media?parent=4468"}],"curies":[{"name":"wp","href":"https:\/\/api.w.org\/{rel}","templated":true}]}}