{"id":4418,"date":"2020-02-26T15:57:36","date_gmt":"2020-02-26T14:57:36","guid":{"rendered":"http:\/\/agora.xtec.cat\/ceiplatorreta\/?page_id=4418"},"modified":"2024-02-05T20:13:15","modified_gmt":"2024-02-05T19:13:15","slug":"celebracions","status":"publish","type":"page","link":"https:\/\/agora.xtec.cat\/ceiplatorreta\/projectes-descola\/celebracions\/","title":{"rendered":"Celebracions"},"content":{"rendered":"<p>A l&#8217;escola ens agrada formar part del nostre entorn i gaudir de les tradicions. \u00c9s per aix\u00f2 que la preparaci\u00f3 de les festes al centre est\u00e0 integrada al nostre Projecte Educatiu. L&#8217;alumnat participa activament a cadascuna d&#8217;elles.<\/p>\n<p>Aquestes celebracions les compartim amb tota la comunitat educativa del centre. Les fam\u00edlies volunt\u00e0riament col\u00b7laboren amb la preparaci\u00f3, d&#8217;altres vegades s\u00f3n convidades a participar com a p\u00fablic i per descomptat l&#8217;AFA de l&#8217;Escola La Torreta recolza cadascuna de les festivitats que realitzem cada curs.<\/p>\n<p>Podeu consultar els detalls de les nostres celebracions fent \u00fas del men\u00fa esquerra d&#8217;aquest mateix espai.<\/p>\n","protected":false},"excerpt":{"rendered":"<p>A l&#8217;escola ens agrada formar part del nostre entorn i gaudir de les tradicions. \u00c9s per aix\u00f2 que la preparaci\u00f3 de les festes al centre est\u00e0 integrada al nostre Projecte Educatiu. L&#8217;alumnat participa activament a cadascuna d&#8217;elles.<br \/>\nAquestes celebracions les compartim amb tota la comunitat educativa&hellip;  <a href=\"https:\/\/agora.xtec.cat\/ceiplatorreta\/projectes-descola\/celebracions\/\" title=\"Read Celebracions\">Llegeix m\u00e9s\u00bb<\/a><\/p>\n","protected":false},"author":3,"featured_media":0,"parent":5926,"menu_order":10,"comment_status":"closed","ping_status":"closed","template":"page-templates\/side-menu.php","meta":{"_bbp_topic_count":0,"_bbp_reply_count":0,"_bbp_total_topic_count":0,"_bbp_total_reply_count":0,"_bbp_voice_count":0,"_bbp_anonymous_reply_count":0,"_bbp_topic_count_hidden":0,"_bbp_reply_count_hidden":0,"_bbp_forum_subforum_count":0,"footnotes":""},"class_list":["post-4418","page","type-page","status-publish","hentry"],"post_mailing_queue_ids":[],"_links":{"self":[{"href":"https:\/\/agora.xtec.cat\/ceiplatorreta\/wp-json\/wp\/v2\/pages\/4418","targetHints":{"allow":["GET"]}}],"collection":[{"href":"https:\/\/agora.xtec.cat\/ceiplatorreta\/wp-json\/wp\/v2\/pages"}],"about":[{"href":"https:\/\/agora.xtec.cat\/ceiplatorreta\/wp-json\/wp\/v2\/types\/page"}],"author":[{"embeddable":true,"href":"https:\/\/agora.xtec.cat\/ceiplatorreta\/wp-json\/wp\/v2\/users\/3"}],"replies":[{"embeddable":true,"href":"https:\/\/agora.xtec.cat\/ceiplatorreta\/wp-json\/wp\/v2\/comments?post=4418"}],"version-history":[{"count":3,"href":"https:\/\/agora.xtec.cat\/ceiplatorreta\/wp-json\/wp\/v2\/pages\/4418\/revisions"}],"predecessor-version":[{"id":11051,"href":"https:\/\/agora.xtec.cat\/ceiplatorreta\/wp-json\/wp\/v2\/pages\/4418\/revisions\/11051"}],"up":[{"embeddable":true,"href":"https:\/\/agora.xtec.cat\/ceiplatorreta\/wp-json\/wp\/v2\/pages\/5926"}],"wp:attachment":[{"href":"https:\/\/agora.xtec.cat\/ceiplatorreta\/wp-json\/wp\/v2\/media?parent=4418"}],"curies":[{"name":"wp","href":"https:\/\/api.w.org\/{rel}","templated":true}]}}