{"id":4376,"date":"2020-02-21T22:57:32","date_gmt":"2020-02-21T21:57:32","guid":{"rendered":"http:\/\/agora.xtec.cat\/ceiplatorreta\/?page_id=4376"},"modified":"2024-02-07T13:28:24","modified_gmt":"2024-02-07T12:28:24","slug":"castanyada","status":"publish","type":"page","link":"https:\/\/agora.xtec.cat\/ceiplatorreta\/projectes-descola\/celebracions\/castanyada\/","title":{"rendered":"Castanyada"},"content":{"rendered":"<p>Quan arriba la tardor arriba la Castanyada i tot i que molts llocs han perdut la tradici\u00f3, a la nostra escola ens agrada celebrar una festa ballant i menjant castanyes que ens regalen l\u2019AMPA.<\/p>\n<p>A m\u00e9s, des de l\u2019any 2015-16 fem un concurs de m\u00f2bils de tardor on tots els alumnes i les seves fam\u00edlies hi poden participar. Es tracta de crear un m\u00f2bil amb elements propis de la tardor que serviran per decorar l\u2019entrada de l\u2019escola. Despr\u00e9s obrim les portes de l\u2019escola per a que tothom els pugui veure i votar el que m\u00e9s agradi.<\/p>\n<p>Els alumnes de 5\u00e8 s\u00f3n els encarregats de presentar la festa i anunciar el guanyador o guanyadora del concurs al qual se li fa entrega d\u2019un cistell amb fruites de tardor.<\/p>\n<p>\u00c9s una festa tancada a les fam\u00edlies per\u00f2 sempre es fa un article a la p\u00e0gina web per a qu\u00e8 tothom pugui veure com gaudim a la festa.<\/p>\n\r\n\t<div class=\"slideshow_container slideshow_container_style-light\" style=\" \" data-slideshow-id=\"3124\" data-style-name=\"style-light\" data-style-version=\"2.3.1\" data-settings=\"{&quot;animation&quot;:&quot;slide&quot;,&quot;slideSpeed&quot;:&quot;1&quot;,&quot;descriptionSpeed&quot;:&quot;0.4&quot;,&quot;intervalSpeed&quot;:&quot;8&quot;,&quot;slidesPerView&quot;:&quot;1&quot;,&quot;maxWidth&quot;:&quot;0&quot;,&quot;aspectRatio&quot;:&quot;3:1&quot;,&quot;height&quot;:&quot;300&quot;,&quot;imageBehaviour&quot;:&quot;natural&quot;,&quot;showDescription&quot;:&quot;true&quot;,&quot;hideDescription&quot;:&quot;true&quot;,&quot;preserveSlideshowDimensions&quot;:&quot;true&quot;,&quot;enableResponsiveness&quot;:&quot;true&quot;,&quot;play&quot;:&quot;false&quot;,&quot;loop&quot;:&quot;true&quot;,&quot;pauseOnHover&quot;:&quot;true&quot;,&quot;controllable&quot;:&quot;true&quot;,&quot;hideNavigationButtons&quot;:&quot;true&quot;,&quot;showPagination&quot;:&quot;true&quot;,&quot;hidePagination&quot;:&quot;true&quot;,&quot;controlPanel&quot;:&quot;true&quot;,&quot;hideControlPanel&quot;:&quot;true&quot;,&quot;waitUntilLoaded&quot;:&quot;true&quot;,&quot;showLoadingIcon&quot;:&quot;true&quot;,&quot;random&quot;:&quot;true&quot;,&quot;avoidFilter&quot;:&quot;true&quot;}\">\r\n\r\n\t\t\t\t\t<div class=\"slideshow_loading_icon\"><\/div>\r\n\t\t\r\n\t\t<div class=\"slideshow_content\" style=\"display: none;\">\r\n\r\n\t\t\t<div class=\"slideshow_view\"><div class=\"slideshow_slide slideshow_slide_image\">\n        <a href=\"https:\/\/photos.google.com\/u\/1\/album\/AF1QipP1rZD1LChPOJP8PRVR_oWXilOolxyC61VtYz5n\/photo\/AF1QipPrTkk6WghK9mBoEqfPS45DqJ33qnZ6xuHy93hI\" target=\"_blank\">        <img src=\"https:\/\/lh3.googleusercontent.com\/JlvIYyTMhlLJYJNuVh7-u3ROmLNDvSlBPpE_Y-0M8T8Glj5Ktzjt8-An174o8qXN_XC2TlYjFr6fIXInJ0a6YaqDyvNfLTleN3vK4hsrBV-_diOaKkv2GrLLEkAPigfS68HNnZT3cqksW0i4Tb7dnxaqQIej1XzmfPJffvnC0cFbbUD2KvNmQcBPPJyLh9Xpb7f8AkBTqollq1ZNmL3GoWEDjlYk5nX78xjAI5-OTVb4ABig2M7zH9mAfxFBWRwAc32rgQZqL3yp3XDhYWYx7aAkPouxM2amkU87O4XJ3woKhJSoZ2yCi0yLnWowURc9WeYDoNDSX8Gj7Zwrtui7ga-WZUy1RF6uE8tXLudzpgqeQexJwJaosTkhC3GR1OBgOu0tCPNezgi_8lbYNmCmIgIpOJuVkhLAazTOE4bKKQTMqAqwz47-PEZ8z2l2xumWqgOZytaFGXU4fG7dxWng4EYKMnX7Bpsd2T23auq_e-CnwvP9F6dc6cR_SghALxNSNs1zB-0Y5Fvtn1SPMMbYpldsdBEY6OsVDaplrNYcCKwu2c-osaFv7pwdO4LmmXGzBuRTRvcdQNENyg_ritkuLK30__23QZZRVncs3J1_HoT8K84YX8GzCXN7C3Xo1eNiAgDtC2AFwkAw9MRkkKigF6Y5BokB4DY=w800-h600-no\" alt=\"\"   \/>\n        <\/a>        <div class=\"slideshow_description_box slideshow_transparent\">\n                                        <\/div>\n<\/div>\n\t\n<div style=\"clear: both;\"><\/div><\/div><div class=\"slideshow_view\"><div class=\"slideshow_slide slideshow_slide_image\">\n        <a href=\"https:\/\/photos.google.com\/u\/1\/album\/AF1QipP1rZD1LChPOJP8PRVR_oWXilOolxyC61VtYz5n\/photo\/AF1QipO1ESedqdcsGZ59BBfcZl_BGNG01geYFFOLWW1U\" target=\"_blank\">        <img src=\"https:\/\/lh3.googleusercontent.com\/ZFeivT_sjpAdPP0JIPMOcdtajKJ7PP9A6W1VEUVOMPD-Y2G9xlcw2NW3sT3cUsCnD7JxaRweSyBdx2TToAFjXZ6SIhpOjLODYCIzuHrl2wDjrZlimfdCvCnoX4ykTj8vdS5yURcUGj8ZVnMPTKGMps1nbU1abZNJE2v9N4H3h4pt7bOayLfB3zNAcX3B2LbnkeGP5rpFU2JP3J8Snv5lCcKhgyKmU00e_199zyG7mRD5x8uJzyPvBvEEbO2y5wRIcCaU_vz2J8L9AB0OkiiQ3Ox7NbS0799-NWXN-KaTBDCsnHdsxBaWrQg46AbuEIjZT4WcLa2klFObq65AQeZu4h-SU2kbo7nYkyilS0qZMPrA0kvhQtp0XmqLjSolF7gMG_Agsigxoyy3YXwY-6syzy0_5M8jNrVVeIm-E8siQfPWlZR-AuGpra5CXQ4FZU_BLNqgTu7coFNrdVZz9l_5MV2Mw2xFvUVuIDXgGZSgGZZTfOlDmeoT2nxEleLI7kFFaDSXV5OZ2FWiF6swfHtV9C-QEdsval6OS-wWAsl0b9xtHSm-Iydq58qf2qtmQquVVSvvs2fOxz07W29DsGTK3nS4DjsE5HnJ9_JKjR8sVozgKJWfbzyCpSQDLM68JoknGCt8YdTdTNrmRodzRJOa_E_BOQbV9d8=w800-h600-no\" alt=\"\"   \/>\n        <\/a>        <div class=\"slideshow_description_box slideshow_transparent\">\n                                        <\/div>\n<\/div>\n\t\n<div style=\"clear: both;\"><\/div><\/div><div class=\"slideshow_view\"><div class=\"slideshow_slide slideshow_slide_image\">\n        <a href=\"https:\/\/photos.google.com\/u\/1\/album\/AF1QipP1rZD1LChPOJP8PRVR_oWXilOolxyC61VtYz5n\/photo\/AF1QipNZvSStVXMxme3LEknc2uos4OERkdXV8H1_FkTb\" target=\"_blank\">        <img src=\"https:\/\/lh3.googleusercontent.com\/3Rw1UnRt-Wy4pi1cXFqBBECbhrY9ly43i7_W0vL-ax09kf4Hyk-gXRsamR4PJtESbWUIjzVdHbNLt50x56ef6-oOs_IsH0r4j1nKmQ38DtmSdD_T1n2sR7I2auz-_irjC5I9B1lg6MwfChFR4k_ZzAE3AwX0LGPDeOkphdHmNMrvk4u75kXeuRYZr2A7CCnGAXgjeFjP7SPNMxne531rPTTiADm_v6PxTQn92TpZvMfWa7eFMUK2XgAmGLW8MWE2UtwujgaaHH4Pshwg1Iwgi3kh3sJxwV4vkGTZf7LXaM7bpiNUdRjkh2z_kgz0VyfWVYRKL3bmGQoQF4-bbBcUQpolz29x4bBOIdhZtlMVgF-fuEJso52nVuT6tNkoAtJfF8-osCygBp-TVTDcZ9ClRap5PRbWi6hZPuPilPXZ60QXRfiLgW0-QEWsoBcN-zbWP-VTwYtf7vMaEInVGxYnkM9Vo7d96ufABwX9mjzmH_vTPtmDxN4G5Ko24R8nujxzsozyEX3QYLl3lPeJJ4Gwcnfzofsl1B40hFntrU4BeNKFUV1gaNJ-rTFUOAvV_G_yzHeuSX9Q40gQjwb-21j6jsEd6vSDgJHxih9Rnst2zuX7tw0ZDy7hj3cMxJsg-FY15cPLoSEXGJC5z-luBbYy90Xg_wrcR6g=w800-h600-no\" alt=\"\"   \/>\n        <\/a>        <div class=\"slideshow_description_box slideshow_transparent\">\n                                        <\/div>\n<\/div>\n\t\n<div style=\"clear: both;\"><\/div><\/div><div class=\"slideshow_view\"><div class=\"slideshow_slide slideshow_slide_image\">\n        <a href=\"https:\/\/photos.google.com\/u\/1\/album\/AF1QipP1rZD1LChPOJP8PRVR_oWXilOolxyC61VtYz5n\/photo\/AF1QipPms1_EuX1SVPFQ5fToap1KN3oCdIsr2p-DP6ro\" target=\"_blank\">        <img src=\"https:\/\/lh3.googleusercontent.com\/smOyx0lPuTajPFbg_C8W0Lxh4db1oF2aouz35rQx3eQZWNat1UeH9FJy0E_Ab7vkz6ISJLyO8JwaKmjglpFObDN97E24Qw93edB5dRtytUgyo8wauCFsAh-ylWuTYAXUwTMzAs5EuvThv07yJaAr_nAwvVI7rjZSZvGDQp-JT4xpPZU4JWd230worbslmjKnX4NUWhqgVWAWb24fBqmMQa-7IbCkya8ifBwd76zHElL21VS5v0T9L3LU-ILeVCVizJirssVAilXN0WS_FvL0X2nILNXBwKJNcz7Xx0hjIG6Hmb3r_bBLN-wfbFjstScXcSRoiN2ibOm7ixmizrOAky7spTPxrBQvfMfZFQ6eIaSIotQw7MSD2Ajcw0ilMz5pg19HF_--YYyx_kEa5gjR7WkKAYiUWMntDUYp_h5PL-bk-XnLr7k8HS_Qs1lBEvvWqlxALrIWOKXGD50rnkuQAnARYd5yStryUZUrX8gQ-GA9aUnaRnrjFS9dsWbs9apjfGfgZRUkDJwGSavHmdxtR_uUnfb4_aeX6UeePJOshHtTNe5CSzmu5-1I17lcGPbZG6us7UVkol-kbcvbHgZo8cxg8Xn8tuOLV3sDaW0nYNTPtpHbYdG8y6e7glz_LdnmSkccQOTRMyWzWY32Jp_tkVnKJbLDF8k=w800-h600-no\" alt=\"\"   \/>\n        <\/a>        <div class=\"slideshow_description_box slideshow_transparent\">\n                                        <\/div>\n<\/div>\n\t\n<div style=\"clear: both;\"><\/div><\/div><div class=\"slideshow_view\"><div class=\"slideshow_slide slideshow_slide_image\">\n        <a href=\"https:\/\/photos.google.com\/u\/1\/album\/AF1QipP1rZD1LChPOJP8PRVR_oWXilOolxyC61VtYz5n\/photo\/AF1QipMDFuQUr-0T6j-AJc5PnbCwWCSunx0vBDC_q4AZ\" target=\"_blank\">        <img src=\"https:\/\/lh3.googleusercontent.com\/wFQkfS5uaYe3XDo5SK7ki1BQNmfx4sDl_2N_yvehTozd3kke_qkMkNst4V21mY07MBcgDQIg3VN-6cFh1Iuu8-lp68VhsIo3qiO7DST1Ygqw5f5jujV3xuqi4L5nnhKWP_lszk16A71rPHpiAictdTQWvnuIshq4W-2CFJ8X7Biq5pw1IiICmxBhMJ37aA_Th_Wh0K-NBCieiOQVUNIuyK03P7MItdpXMOzwulii3OCCOBn4Lwv9WteK_KJG3TYqLtD2_DN1mV4cLVDPK6Et-nzgdJJTmUobimBAoWrFztQfirV3NfVi3xgndQCkvr5P_CN0Lg_rBAU1sJRWRjnMxccSPUiuVsr8UmsqvkNRl7v6gdpWqRYQOA2tUqyHgTULkjPyL1rcylY7WK5zmpIALMUUAgPcImsDUDBiUA0DyjP4-srBd0hILFYK-yYelRm8DQNU5qpKrzYa8g8J6B6AfKorHBquVob4rVYVFwZyerMf4o8DuzwRPqCFkLYZ_Ezo8HrPIyyFUqOPqgpkS7DjImPpmGI9_afZJPGQeYxDxDwFhW2T37V9K0ExMdAlaQny8A0LiklNb9HNxLTTgeGWuUiVbVuZaLnYpa8xLTuV_-NMKR-AiXGr88HmqPlK6XuidX2O9MhGKgtnIlB--0zg4Tn38TA5NJQ=w800-h600-no\" alt=\"\"   \/>\n        <\/a>        <div class=\"slideshow_description_box slideshow_transparent\">\n                                        <\/div>\n<\/div>\n\t\n<div style=\"clear: both;\"><\/div><\/div><div class=\"slideshow_view\"><div class=\"slideshow_slide slideshow_slide_image\">\n        <a href=\"https:\/\/photos.google.com\/u\/1\/album\/AF1QipP1rZD1LChPOJP8PRVR_oWXilOolxyC61VtYz5n\/photo\/AF1QipP8UTioCHZs3F1dMA7H6S4Yzvhlz2T3GILnUKzh\" target=\"_blank\">        <img src=\"https:\/\/lh3.googleusercontent.com\/IljSgQ80rtp4ArTlriPzmtv463QHmKuDasEo4BqmJoddlYRD8uux0gFBj26aEPDWIXgjeYnzvFrkGAz5ZanljSaexXTnKZZOhG0ocsBggdR9y9SD3o8sFdvSErdgAmgLNdLz1NBVEAVVjSGNKYqHGvHmGDwlgvG7aGAiYTi2pkyE8jNhPWjCEaYW3WoJk5-3GaHIhrSKwcGNlFrW9XXP42rFUQzeSf8Peb2bZtUQYOgd7OwCipEq43LaYChZxwkWAM2BPvHRudbx9hPf6zIp1OBLleh57HLO7D_FSnX6BYXd7zuU6kvvGEpgbChFsFZx5FWyaGkRhDsNdBy7nyIvWLKRVmEw5u7i-5m7zRRWVQqaWNmTR05hKO8-QJqwKYSv7dTVF259mMDOgdmpzf-YRKRoGxaw0QovLnP3gTNFmbVERuVNq8EAcL1Qsr0zyggLeMK1yAs7qvJx7uzKSKw1bTbowNzX2uYQc8PomrE4hIjzpZWP5Rp11eYU4aRxF3JWUjrRQvZZGRamcepsbC9lfwYUbGPL2CuCdb2sdEreC-xW_SFo0bviuy0bJ7UHvvWuVqE_uy2b16yI83gwN5JVIO9Va8If6hwertlPFWAUY19ynW4KD_LdKqeCczSzEArzmcgyvPh3sKeteWadFIwfroS_KNzADmc=w800-h600-no\" alt=\"\"   \/>\n        <\/a>        <div class=\"slideshow_description_box slideshow_transparent\">\n                                        <\/div>\n<\/div>\n\t\n<div style=\"clear: both;\"><\/div><\/div><div class=\"slideshow_view\"><div class=\"slideshow_slide slideshow_slide_image\">\n        <a href=\"https:\/\/photos.google.com\/u\/1\/album\/AF1QipP1rZD1LChPOJP8PRVR_oWXilOolxyC61VtYz5n\/photo\/AF1QipMf_WnKMmMH-3Blnf8UBlU1HR2ic9coCw17hhmJ\" target=\"_blank\">        <img src=\"https:\/\/lh3.googleusercontent.com\/1_1lo8bsMyjhLTiHDq_-0oY0LqilqUd1Pd6JQsggoGIOfZh6lq016pecWKBSZttiIqzkWy6F-Vdv7Wa09nE-KtbQ10LZBjDPKC2o9L43KJKHs_x78XCzHfykqCMyqf8lwzBp4bqQe69QsVkYh3x4U-eyXeYlKZFMY2crz3H4QBu92M_sWZvwE6kzqxdD0mEh5qTpkYRHXFEHN30jDs7GjV19YFhiUFe8NvG-Y375KYsSRxsWkBdKkv8yL1tlXS3kUKyBlj3qx1-3NhzZD5ASrlAxo6v_cFwCkVjBuo9amo1Y33pKN6G2b7WmQaquK9Q0TzaIpqLKg1QEULhgiuYFeVFdrvcfY1rM1oRLa0knm5pfFWf0ulPaAkzor41ieyw7xKusbbz-tkyIEAW7NGFMh9hYx2OMAIuR-fN0ozcfRFq0qpF9e_mrMWnPI-mKIIfVK1N__BeZEajhToEn0D6a-J6xs3WP7BGWzNuy9Nuwky_9H_wvtGB24NUUBJ7t7giONDaRXs4QUDPYQDCXs4k2hMHPnFnLrgUC3fEBuQHY4zGqlW53PEA-RWy_-ANxX2DOSHLtsiyg9ywkdoRVCB37Lq0Lnsw-biHOOuwTPjHBLCtRFRf9FxoqgpYo1w-VZ79tVdtGrn1rgDgRdPeJ5BYVAYqTfe15HKU=w800-h600-no\" alt=\"\"   \/>\n        <\/a>        <div class=\"slideshow_description_box slideshow_transparent\">\n                                        <\/div>\n<\/div>\n\t\n<div style=\"clear: both;\"><\/div><\/div><div class=\"slideshow_view\"><div class=\"slideshow_slide slideshow_slide_image\">\n        <a href=\"https:\/\/photos.google.com\/u\/1\/album\/AF1QipP1rZD1LChPOJP8PRVR_oWXilOolxyC61VtYz5n\/photo\/AF1QipOxw4PxEWYxXjUh4W_yLXiIFvfigLdpfNysdCsG\" target=\"_blank\">        <img src=\"https:\/\/lh3.googleusercontent.com\/fIGGuyPq4MpK8Abk_Z19v_hS0DI-vcMzwEDjpbzpnIJiXJ0sQyxdTxF_SiL_TgNX0n0mgvW_MDHlE1kY1f9uNiE-a0tVm-qmCeDjdnl-LXVkhGqduFCxi7ub1QlRyQbZ5ZvqQbVS3TG7Xn405f34AcdavQzaDDWV_JBtJX3gsHHGlS7QmTBr0N7zGZYAbZKDoEoF97zO_xdp2I8_bzhTa_TX-pYJjdaEAZr60h_8Jh3tneb17g-V4-nGh5zHumL3knCaKUcHsYkRvHBWHDTNUkIEm_seovxMGcQ7asBeY8ZIj0k1wpOCOxvvIA70Ly1V5cEzveFj2iRR03EhdskIJVB7vRp0y8nQIWu7WTOhkoqGGN9MZ579gxRhlSMNUyarLOshlAdyxjGFb6roWkGtru71T4Kjj0opwogpHTVWludSCNrT-u9OxpZGYwuHdYrqpg6404iiO9gRXcPJ2HXwvelf6_6kWDg0ld5gKmNLS67DvrAYeCZnm8-LXilk5fGSnz0kEtgE52a65_3HT6epVoGCWXsWQYJTEAwLtGAk8G06fvz9dzh7YnVeapJYSjgxlDBLzr2wXee0Wvz1FfENfiM2aLgrGUQ_Q_xmjyn8NVVVQ3HOSBJNK7nfVcham6T5mWdNBYKaFmOS-JS5tnt6G74z8Tu-3NY=w800-h600-no\" alt=\"\"   \/>\n        <\/a>        <div class=\"slideshow_description_box slideshow_transparent\">\n                                        <\/div>\n<\/div>\n\t\n<div style=\"clear: both;\"><\/div><\/div>\r\n\t\t<\/div>\r\n\r\n\t\t<div class=\"slideshow_controlPanel slideshow_transparent\" style=\"display: none;\"><ul><li class=\"slideshow_togglePlay\" data-play-text=\"Visualitza\" data-pause-text=\"Pausa\"><\/li><\/ul><\/div>\r\n\r\n\t\t<div class=\"slideshow_button slideshow_previous slideshow_transparent\" role=\"button\" data-previous-text=\"Anterior\" style=\"display: none;\"><\/div>\r\n\t\t<div class=\"slideshow_button slideshow_next slideshow_transparent\" role=\"button\" data-next-text=\"Seg\u00fcent\" style=\"display: none;\"><\/div>\r\n\r\n\t\t<div class=\"slideshow_pagination\" style=\"display: none;\" data-go-to-text=\"V\u00e9s a la diapositiva\"><div class=\"slideshow_pagination_center\"><\/div><\/div>\r\n\r\n\t\t<!-- WordPress Slideshow Version 2.3.1 -->\r\n\r\n\t\t\t<\/div>\r\n\r\n\n","protected":false},"excerpt":{"rendered":"<p>Quan arriba la tardor arriba la Castanyada i tot i que molts llocs han perdut la tradici\u00f3, a la nostra escola ens agrada celebrar una festa ballant i menjant castanyes que ens regalen l\u2019AMPA.<br \/>\nA m\u00e9s, des de l\u2019any 2015-16 fem un concurs de m\u00f2bils de&hellip;  <a href=\"https:\/\/agora.xtec.cat\/ceiplatorreta\/projectes-descola\/celebracions\/castanyada\/\" title=\"Read Castanyada\">Llegeix m\u00e9s\u00bb<\/a><\/p>\n","protected":false},"author":3,"featured_media":0,"parent":4418,"menu_order":1,"comment_status":"closed","ping_status":"closed","template":"page-templates\/side-menu.php","meta":{"_bbp_topic_count":0,"_bbp_reply_count":0,"_bbp_total_topic_count":0,"_bbp_total_reply_count":0,"_bbp_voice_count":0,"_bbp_anonymous_reply_count":0,"_bbp_topic_count_hidden":0,"_bbp_reply_count_hidden":0,"_bbp_forum_subforum_count":0,"footnotes":""},"class_list":["post-4376","page","type-page","status-publish","hentry"],"post_mailing_queue_ids":[],"_links":{"self":[{"href":"https:\/\/agora.xtec.cat\/ceiplatorreta\/wp-json\/wp\/v2\/pages\/4376","targetHints":{"allow":["GET"]}}],"collection":[{"href":"https:\/\/agora.xtec.cat\/ceiplatorreta\/wp-json\/wp\/v2\/pages"}],"about":[{"href":"https:\/\/agora.xtec.cat\/ceiplatorreta\/wp-json\/wp\/v2\/types\/page"}],"author":[{"embeddable":true,"href":"https:\/\/agora.xtec.cat\/ceiplatorreta\/wp-json\/wp\/v2\/users\/3"}],"replies":[{"embeddable":true,"href":"https:\/\/agora.xtec.cat\/ceiplatorreta\/wp-json\/wp\/v2\/comments?post=4376"}],"version-history":[{"count":1,"href":"https:\/\/agora.xtec.cat\/ceiplatorreta\/wp-json\/wp\/v2\/pages\/4376\/revisions"}],"predecessor-version":[{"id":4383,"href":"https:\/\/agora.xtec.cat\/ceiplatorreta\/wp-json\/wp\/v2\/pages\/4376\/revisions\/4383"}],"up":[{"embeddable":true,"href":"https:\/\/agora.xtec.cat\/ceiplatorreta\/wp-json\/wp\/v2\/pages\/4418"}],"wp:attachment":[{"href":"https:\/\/agora.xtec.cat\/ceiplatorreta\/wp-json\/wp\/v2\/media?parent=4376"}],"curies":[{"name":"wp","href":"https:\/\/api.w.org\/{rel}","templated":true}]}}