{"id":4373,"date":"2020-02-21T22:43:59","date_gmt":"2020-02-21T21:43:59","guid":{"rendered":"http:\/\/agora.xtec.cat\/ceiplatorreta\/?page_id=4373"},"modified":"2024-02-07T13:30:06","modified_gmt":"2024-02-07T12:30:06","slug":"final-de-curs","status":"publish","type":"page","link":"https:\/\/agora.xtec.cat\/ceiplatorreta\/projectes-descola\/celebracions\/final-de-curs\/","title":{"rendered":"Final de curs"},"content":{"rendered":"<p>Despr\u00e9s de tot un curs de treball carregat de multitud d\u2019aprenentatges i quan la calor ja no dona treva, arriba la festa de final de curs. L\u2019acte gira entorn l&#8217;alumnat de 6\u00e8, at\u00e8s que \u00e9s el moment d\u2019acomiadar-los. Han finalitzat una etapa molt important i despr\u00e9s de tants anys a l\u2019escola els volem deixar el m\u00e9s bonic dels records al mateix temps que els volem desitjar molta sort en el seu pas a l\u2019Institut. Cada infant de l\u2019escola prepara un detall per cada un i aquell dia se\u2019ls fa entrega al gimn\u00e0s de l\u2019escola.<\/p>\n<p>Despr\u00e9s d\u2019aquests moments tan emotius, la festa continua amb una gimcana de proves refrescants i finalment acabem tots al pati tirant-nos aigua amb tota mena d\u2019utensilis. El m\u00e9s important \u00e9s que ning\u00fa quedi sec!<\/p>\n<p>Com cada festa, l\u2019AMPA ens convida i en aquest ocasi\u00f3 ens ofereix un gelat per combatre la calor.<\/p>\n","protected":false},"excerpt":{"rendered":"<p>Despr\u00e9s de tot un curs de treball carregat de multitud d\u2019aprenentatges i quan la calor ja no dona treva, arriba la festa de final de curs. L\u2019acte gira entorn l&#8217;alumnat de 6\u00e8, at\u00e8s que \u00e9s el moment d\u2019acomiadar-los. Han finalitzat una etapa molt important i&hellip;  <a href=\"https:\/\/agora.xtec.cat\/ceiplatorreta\/projectes-descola\/celebracions\/final-de-curs\/\" title=\"Read Final de curs\">Llegeix m\u00e9s\u00bb<\/a><\/p>\n","protected":false},"author":3,"featured_media":0,"parent":4418,"menu_order":8,"comment_status":"closed","ping_status":"closed","template":"page-templates\/side-menu.php","meta":{"_bbp_topic_count":0,"_bbp_reply_count":0,"_bbp_total_topic_count":0,"_bbp_total_reply_count":0,"_bbp_voice_count":0,"_bbp_anonymous_reply_count":0,"_bbp_topic_count_hidden":0,"_bbp_reply_count_hidden":0,"_bbp_forum_subforum_count":0,"footnotes":""},"class_list":["post-4373","page","type-page","status-publish","hentry"],"post_mailing_queue_ids":[],"_links":{"self":[{"href":"https:\/\/agora.xtec.cat\/ceiplatorreta\/wp-json\/wp\/v2\/pages\/4373","targetHints":{"allow":["GET"]}}],"collection":[{"href":"https:\/\/agora.xtec.cat\/ceiplatorreta\/wp-json\/wp\/v2\/pages"}],"about":[{"href":"https:\/\/agora.xtec.cat\/ceiplatorreta\/wp-json\/wp\/v2\/types\/page"}],"author":[{"embeddable":true,"href":"https:\/\/agora.xtec.cat\/ceiplatorreta\/wp-json\/wp\/v2\/users\/3"}],"replies":[{"embeddable":true,"href":"https:\/\/agora.xtec.cat\/ceiplatorreta\/wp-json\/wp\/v2\/comments?post=4373"}],"version-history":[{"count":1,"href":"https:\/\/agora.xtec.cat\/ceiplatorreta\/wp-json\/wp\/v2\/pages\/4373\/revisions"}],"predecessor-version":[{"id":4374,"href":"https:\/\/agora.xtec.cat\/ceiplatorreta\/wp-json\/wp\/v2\/pages\/4373\/revisions\/4374"}],"up":[{"embeddable":true,"href":"https:\/\/agora.xtec.cat\/ceiplatorreta\/wp-json\/wp\/v2\/pages\/4418"}],"wp:attachment":[{"href":"https:\/\/agora.xtec.cat\/ceiplatorreta\/wp-json\/wp\/v2\/media?parent=4373"}],"curies":[{"name":"wp","href":"https:\/\/api.w.org\/{rel}","templated":true}]}}