{"id":4371,"date":"2020-02-21T22:41:00","date_gmt":"2020-02-21T21:41:00","guid":{"rendered":"http:\/\/agora.xtec.cat\/ceiplatorreta\/?page_id=4371"},"modified":"2024-02-07T13:29:49","modified_gmt":"2024-02-07T12:29:49","slug":"sant-jordi","status":"publish","type":"page","link":"https:\/\/agora.xtec.cat\/ceiplatorreta\/projectes-descola\/celebracions\/sant-jordi\/","title":{"rendered":"Sant Jordi"},"content":{"rendered":"<p>La celebraci\u00f3 a l\u2019escola de la Diada de Sant Jordi avarca diferents activitats.<\/p>\n<p>Per una banda organitzem els Jocs Florals presentats pels alumnes i les alumnes de 2n. Tot l\u2019alumnat des de 1r a 6\u00e8 participa en la modalitat d\u2019il\u00b7lustraci\u00f3 i de text. Cada nivell t\u00e9 assignada una tipologia textual com ara llegendes, rodolins i contes, entre d\u2019altres.<\/p>\n<p>Els i les alumnes de P3 i P4 participen a nivell de classe ja que preparen un conte conjuntament. L&#8217;alumnat de P5 tenen un gran pes a la jornada ja que representen la seva versi\u00f3 de la Llegenda de Sant Jordi.<\/p>\n<p>Els Jocs Florals \u00e9s un acte obert a les fam\u00edlies per tal gaudir de la representaci\u00f3 i de la lectura dels textos dels guanyadors i guanyadores.<\/p>\n<p>Per\u00f2 la diada de Sant Jordi \u00e9s una celebraci\u00f3 important i la literatura t\u00e9 un paper fonamental. Per aix\u00f2, tamb\u00e9 ens visita una conta-contes, per explicar hist\u00f2ries carregades de m\u00e0gia i dels valors fonamentals per esdevindre persones amb bons ideals en una societat tan plural.<\/p>\n","protected":false},"excerpt":{"rendered":"<p>La celebraci\u00f3 a l\u2019escola de la Diada de Sant Jordi avarca diferents activitats.<br \/>\nPer una banda organitzem els Jocs Florals presentats pels alumnes i les alumnes de 2n. Tot l\u2019alumnat des de 1r a 6\u00e8 participa en la modalitat d\u2019il\u00b7lustraci\u00f3 i de text. Cada nivell t\u00e9&hellip;  <a href=\"https:\/\/agora.xtec.cat\/ceiplatorreta\/projectes-descola\/celebracions\/sant-jordi\/\" title=\"Read Sant Jordi\">Llegeix m\u00e9s\u00bb<\/a><\/p>\n","protected":false},"author":3,"featured_media":0,"parent":4418,"menu_order":7,"comment_status":"closed","ping_status":"closed","template":"page-templates\/side-menu.php","meta":{"_bbp_topic_count":0,"_bbp_reply_count":0,"_bbp_total_topic_count":0,"_bbp_total_reply_count":0,"_bbp_voice_count":0,"_bbp_anonymous_reply_count":0,"_bbp_topic_count_hidden":0,"_bbp_reply_count_hidden":0,"_bbp_forum_subforum_count":0,"footnotes":""},"class_list":["post-4371","page","type-page","status-publish","hentry"],"post_mailing_queue_ids":[],"_links":{"self":[{"href":"https:\/\/agora.xtec.cat\/ceiplatorreta\/wp-json\/wp\/v2\/pages\/4371","targetHints":{"allow":["GET"]}}],"collection":[{"href":"https:\/\/agora.xtec.cat\/ceiplatorreta\/wp-json\/wp\/v2\/pages"}],"about":[{"href":"https:\/\/agora.xtec.cat\/ceiplatorreta\/wp-json\/wp\/v2\/types\/page"}],"author":[{"embeddable":true,"href":"https:\/\/agora.xtec.cat\/ceiplatorreta\/wp-json\/wp\/v2\/users\/3"}],"replies":[{"embeddable":true,"href":"https:\/\/agora.xtec.cat\/ceiplatorreta\/wp-json\/wp\/v2\/comments?post=4371"}],"version-history":[{"count":1,"href":"https:\/\/agora.xtec.cat\/ceiplatorreta\/wp-json\/wp\/v2\/pages\/4371\/revisions"}],"predecessor-version":[{"id":4372,"href":"https:\/\/agora.xtec.cat\/ceiplatorreta\/wp-json\/wp\/v2\/pages\/4371\/revisions\/4372"}],"up":[{"embeddable":true,"href":"https:\/\/agora.xtec.cat\/ceiplatorreta\/wp-json\/wp\/v2\/pages\/4418"}],"wp:attachment":[{"href":"https:\/\/agora.xtec.cat\/ceiplatorreta\/wp-json\/wp\/v2\/media?parent=4371"}],"curies":[{"name":"wp","href":"https:\/\/api.w.org\/{rel}","templated":true}]}}