{"id":4368,"date":"2020-02-21T22:39:06","date_gmt":"2020-02-21T21:39:06","guid":{"rendered":"http:\/\/agora.xtec.cat\/ceiplatorreta\/?page_id=4368"},"modified":"2024-02-07T13:29:05","modified_gmt":"2024-02-07T12:29:05","slug":"carnaval","status":"publish","type":"page","link":"https:\/\/agora.xtec.cat\/ceiplatorreta\/projectes-descola\/celebracions\/carnaval\/","title":{"rendered":"Carnaval"},"content":{"rendered":"<p>\u00c9s una de les festes m\u00e9s esperades. La gresca comen\u00e7a una setmana abans amb l\u2019arribada de Sa Majestat el Rei Carnestoltes que ordena l&#8217;alumnat de 4t reunir a la resta de grups al pati de Prim\u00e0ria. Aquell mat\u00ed ells i elles s\u00f3n els i les responsables de llegir el preg\u00f3 i les consignes que han preparat amb il\u00b7lusi\u00f3 per a qu\u00e8 tots complim durant la seg\u00fcent setmana. S\u00f3n ordres ben esbojarrades que ens asseguren uns dies de disbauxa i diversi\u00f3.<\/p>\n<p>La festa de carnaval es celebra de nou al pati de l\u2019escola presentada tamb\u00e9 pels alumnes de 4t. Cada grup, vestits amb les seves disfresses personals, s\u2019ha preparat una petita coreografia i la mostren a la resta de companys i companyes i dels familiars que poden assistir. \u00c9s la tarda m\u00e9s original de l\u2019any ja que podem trobar des de princeses fins a mamuts ballant els <em>hits<\/em> de l\u2019any.<\/p>\n<p>Com sempre l\u2019AMPA ens convida a berenar i acabem jugant i ballant fins a l\u2019hora de marxar.<\/p>\n","protected":false},"excerpt":{"rendered":"<p>\u00c9s una de les festes m\u00e9s esperades. La gresca comen\u00e7a una setmana abans amb l\u2019arribada de Sa Majestat el Rei Carnestoltes que ordena l&#8217;alumnat de 4t reunir a la resta de grups al pati de Prim\u00e0ria. Aquell mat\u00ed ells i elles s\u00f3n els i les&hellip;  <a href=\"https:\/\/agora.xtec.cat\/ceiplatorreta\/projectes-descola\/celebracions\/carnaval\/\" title=\"Read Carnaval\">Llegeix m\u00e9s\u00bb<\/a><\/p>\n","protected":false},"author":3,"featured_media":0,"parent":4418,"menu_order":4,"comment_status":"closed","ping_status":"closed","template":"page-templates\/side-menu.php","meta":{"_bbp_topic_count":0,"_bbp_reply_count":0,"_bbp_total_topic_count":0,"_bbp_total_reply_count":0,"_bbp_voice_count":0,"_bbp_anonymous_reply_count":0,"_bbp_topic_count_hidden":0,"_bbp_reply_count_hidden":0,"_bbp_forum_subforum_count":0,"footnotes":""},"class_list":["post-4368","page","type-page","status-publish","hentry"],"post_mailing_queue_ids":[],"_links":{"self":[{"href":"https:\/\/agora.xtec.cat\/ceiplatorreta\/wp-json\/wp\/v2\/pages\/4368","targetHints":{"allow":["GET"]}}],"collection":[{"href":"https:\/\/agora.xtec.cat\/ceiplatorreta\/wp-json\/wp\/v2\/pages"}],"about":[{"href":"https:\/\/agora.xtec.cat\/ceiplatorreta\/wp-json\/wp\/v2\/types\/page"}],"author":[{"embeddable":true,"href":"https:\/\/agora.xtec.cat\/ceiplatorreta\/wp-json\/wp\/v2\/users\/3"}],"replies":[{"embeddable":true,"href":"https:\/\/agora.xtec.cat\/ceiplatorreta\/wp-json\/wp\/v2\/comments?post=4368"}],"version-history":[{"count":2,"href":"https:\/\/agora.xtec.cat\/ceiplatorreta\/wp-json\/wp\/v2\/pages\/4368\/revisions"}],"predecessor-version":[{"id":5895,"href":"https:\/\/agora.xtec.cat\/ceiplatorreta\/wp-json\/wp\/v2\/pages\/4368\/revisions\/5895"}],"up":[{"embeddable":true,"href":"https:\/\/agora.xtec.cat\/ceiplatorreta\/wp-json\/wp\/v2\/pages\/4418"}],"wp:attachment":[{"href":"https:\/\/agora.xtec.cat\/ceiplatorreta\/wp-json\/wp\/v2\/media?parent=4368"}],"curies":[{"name":"wp","href":"https:\/\/api.w.org\/{rel}","templated":true}]}}