{"id":4332,"date":"2020-02-19T23:06:00","date_gmt":"2020-02-19T22:06:00","guid":{"rendered":"http:\/\/agora.xtec.cat\/ceiplatorreta\/?page_id=4332"},"modified":"2024-02-13T15:43:43","modified_gmt":"2024-02-13T14:43:43","slug":"escenaris","status":"publish","type":"page","link":"https:\/\/agora.xtec.cat\/ceiplatorreta\/projectes-descola\/escenaris\/","title":{"rendered":"Escenaris"},"content":{"rendered":"<p>Els \u00faltims anys l\u2019equip de mestres hem pensat i repensat conjuntament el sentit de les nostres actuacions, la coher\u00e8ncia de les propostes que oferim als infants de l\u2019etapa d\u2019Educaci\u00f3 Infantil i Prim\u00e0ria i l\u2019adequaci\u00f3 de les metodologies emprades. Hem reflexionat a partir de la nostra pr\u00e0ctica, quins aprenentatges s\u00f3n realment valuosos per als nostres infants. Com aprenen, juguen, investiguen, atorguen significat a all\u00f2 que fan, com ho relacionen, descobreixen, comparteixen i es desenvolupen&#8230;tot pensat per impulsar la millor manera d\u2019oferir oportunitats pel desenvolupament i l\u2019aprenentatge que necessiten els nostres infants.<\/p>\n<p>Arribem a la conclusi\u00f3 que cal desvetllar en l\u2019infant el seu inter\u00e8s per aprendre, l\u2019h\u00e0bit de fer-se preguntes sobre el m\u00f3n que l\u2019envolta, l\u2019habilitat de trobar respostes als reptes que se li plantegen, la capacitat per relacionar-se, comunicar-se i aprendre de forma conjunta.<\/p>\n<p>Despr\u00e9s de reflexionar i definir aquests aspectes de l\u2019educaci\u00f3 v\u00e0rem decidir iniciar un nou projecte metodol\u00f2gic i organitzatiu: els escenaris d&#8217;aprenentatge.<\/p>\n<p>Els <strong>escenaris d&#8217;aprenentatge<\/strong> s\u00f3n diferents espais d\u2019aprenentatge que faciliten la relaci\u00f3, la comunicaci\u00f3 i el joc a partir de diferents propostes on els infants poden actuar, observar, experimentar, construir, inventar, imaginar, compartir, relacionar-se i interactuar amb els altres generant aprenentatges significatius i potenciant la seva autonomia. Tanmateix \u00e9s una manera de poder donar resposta als seus interessos i necessitats aix\u00ed com respectar els diferents ritmes d\u2019aprenentatge. Les capacitats que pretenem desenvolupar s\u00f3n:<\/p>\n<p><img loading=\"lazy\" decoding=\"async\" class=\"aligncenter wp-image-11114 size-full\" src=\"https:\/\/agora.xtec.cat\/ceiplatorreta\/wp-content\/uploads\/usu967\/2024\/02\/Escenaris.png\" alt=\"\" width=\"1920\" height=\"1080\" srcset=\"https:\/\/agora.xtec.cat\/ceiplatorreta\/wp-content\/uploads\/usu967\/2024\/02\/Escenaris.png 1920w, https:\/\/agora.xtec.cat\/ceiplatorreta\/wp-content\/uploads\/usu967\/2024\/02\/Escenaris-300x169.png 300w, https:\/\/agora.xtec.cat\/ceiplatorreta\/wp-content\/uploads\/usu967\/2024\/02\/Escenaris-1024x576.png 1024w, https:\/\/agora.xtec.cat\/ceiplatorreta\/wp-content\/uploads\/usu967\/2024\/02\/Escenaris-768x432.png 768w, https:\/\/agora.xtec.cat\/ceiplatorreta\/wp-content\/uploads\/usu967\/2024\/02\/Escenaris-1536x864.png 1536w\" sizes=\"auto, (max-width: 1920px) 100vw, 1920px\" \/><\/p>\n<h4><\/h4>\n<h5><span style=\"color: #993300;\"><b>ESCENARIS D&#8217;EDUCACI\u00d3 INFANTIL<\/b><\/span><\/h5>\n<p><img loading=\"lazy\" decoding=\"async\" class=\"aligncenter wp-image-11117 size-full\" src=\"https:\/\/agora.xtec.cat\/ceiplatorreta\/wp-content\/uploads\/usu967\/2024\/02\/Escenaris-INF-1.png\" alt=\"\" width=\"1920\" height=\"1080\" srcset=\"https:\/\/agora.xtec.cat\/ceiplatorreta\/wp-content\/uploads\/usu967\/2024\/02\/Escenaris-INF-1.png 1920w, https:\/\/agora.xtec.cat\/ceiplatorreta\/wp-content\/uploads\/usu967\/2024\/02\/Escenaris-INF-1-300x169.png 300w, https:\/\/agora.xtec.cat\/ceiplatorreta\/wp-content\/uploads\/usu967\/2024\/02\/Escenaris-INF-1-1024x576.png 1024w, https:\/\/agora.xtec.cat\/ceiplatorreta\/wp-content\/uploads\/usu967\/2024\/02\/Escenaris-INF-1-768x432.png 768w, https:\/\/agora.xtec.cat\/ceiplatorreta\/wp-content\/uploads\/usu967\/2024\/02\/Escenaris-INF-1-1536x864.png 1536w\" sizes=\"auto, (max-width: 1920px) 100vw, 1920px\" \/><\/p>\n<p>&nbsp;<\/p>\n<h5><span style=\"color: #993300;\"><b>ESCENARIS D&#8217;EDUCACI\u00d3 PRIM\u00c0RIA<\/b><\/span><\/h5>\n<p><a href=\"https:\/\/agora.xtec.cat\/ceiplatorreta\/wp-content\/uploads\/usu967\/2024\/02\/Graelles-web-1-1.png\"><img loading=\"lazy\" decoding=\"async\" class=\"alignnone size-full wp-image-11198\" src=\"https:\/\/agora.xtec.cat\/ceiplatorreta\/wp-content\/uploads\/usu967\/2024\/02\/Graelles-web-1-1.png\" alt=\"\" width=\"1920\" height=\"1080\" srcset=\"https:\/\/agora.xtec.cat\/ceiplatorreta\/wp-content\/uploads\/usu967\/2024\/02\/Graelles-web-1-1.png 1920w, https:\/\/agora.xtec.cat\/ceiplatorreta\/wp-content\/uploads\/usu967\/2024\/02\/Graelles-web-1-1-300x169.png 300w, https:\/\/agora.xtec.cat\/ceiplatorreta\/wp-content\/uploads\/usu967\/2024\/02\/Graelles-web-1-1-1024x576.png 1024w, https:\/\/agora.xtec.cat\/ceiplatorreta\/wp-content\/uploads\/usu967\/2024\/02\/Graelles-web-1-1-768x432.png 768w, https:\/\/agora.xtec.cat\/ceiplatorreta\/wp-content\/uploads\/usu967\/2024\/02\/Graelles-web-1-1-1536x864.png 1536w\" sizes=\"auto, (max-width: 1920px) 100vw, 1920px\" \/><\/a><\/p>\n<p>&nbsp;<\/p>\n","protected":false},"excerpt":{"rendered":"<p>Els \u00faltims anys l\u2019equip de mestres hem pensat i repensat conjuntament el sentit de les nostres actuacions, la coher\u00e8ncia de les propostes que oferim als infants de l\u2019etapa d\u2019Educaci\u00f3 Infantil i Prim\u00e0ria i l\u2019adequaci\u00f3 de les metodologies emprades. Hem reflexionat a partir de la nostra&hellip;  <a href=\"https:\/\/agora.xtec.cat\/ceiplatorreta\/projectes-descola\/escenaris\/\" title=\"Read Escenaris\">Llegeix m\u00e9s\u00bb<\/a><\/p>\n","protected":false},"author":3,"featured_media":0,"parent":5926,"menu_order":2,"comment_status":"closed","ping_status":"closed","template":"page-templates\/side-menu.php","meta":{"_bbp_topic_count":0,"_bbp_reply_count":0,"_bbp_total_topic_count":0,"_bbp_total_reply_count":0,"_bbp_voice_count":0,"_bbp_anonymous_reply_count":0,"_bbp_topic_count_hidden":0,"_bbp_reply_count_hidden":0,"_bbp_forum_subforum_count":0,"footnotes":""},"class_list":["post-4332","page","type-page","status-publish","hentry"],"post_mailing_queue_ids":[],"_links":{"self":[{"href":"https:\/\/agora.xtec.cat\/ceiplatorreta\/wp-json\/wp\/v2\/pages\/4332","targetHints":{"allow":["GET"]}}],"collection":[{"href":"https:\/\/agora.xtec.cat\/ceiplatorreta\/wp-json\/wp\/v2\/pages"}],"about":[{"href":"https:\/\/agora.xtec.cat\/ceiplatorreta\/wp-json\/wp\/v2\/types\/page"}],"author":[{"embeddable":true,"href":"https:\/\/agora.xtec.cat\/ceiplatorreta\/wp-json\/wp\/v2\/users\/3"}],"replies":[{"embeddable":true,"href":"https:\/\/agora.xtec.cat\/ceiplatorreta\/wp-json\/wp\/v2\/comments?post=4332"}],"version-history":[{"count":7,"href":"https:\/\/agora.xtec.cat\/ceiplatorreta\/wp-json\/wp\/v2\/pages\/4332\/revisions"}],"predecessor-version":[{"id":11199,"href":"https:\/\/agora.xtec.cat\/ceiplatorreta\/wp-json\/wp\/v2\/pages\/4332\/revisions\/11199"}],"up":[{"embeddable":true,"href":"https:\/\/agora.xtec.cat\/ceiplatorreta\/wp-json\/wp\/v2\/pages\/5926"}],"wp:attachment":[{"href":"https:\/\/agora.xtec.cat\/ceiplatorreta\/wp-json\/wp\/v2\/media?parent=4332"}],"curies":[{"name":"wp","href":"https:\/\/api.w.org\/{rel}","templated":true}]}}