{"id":34,"date":"2014-09-18T12:32:18","date_gmt":"2014-09-18T11:32:18","guid":{"rendered":"http:\/\/agora.xtec.cat\/ceiplatorreta\/?page_id=34"},"modified":"2023-03-04T11:21:08","modified_gmt":"2023-03-04T10:21:08","slug":"oferta-educativa","status":"publish","type":"page","link":"https:\/\/agora.xtec.cat\/ceiplatorreta\/lescola\/oferta-educativa\/","title":{"rendered":"Oferta educativa"},"content":{"rendered":"<p><strong>PROJECTE EDUCATIU<\/strong><\/p>\n<p>L\u2019Escola La Torreta \u00e9s una escola p\u00fablica, catalana, de qualitat, activa, plural i integradora. Els nivells educatius que imparteix s\u00f3n el segon cicle d\u2019Educaci\u00f3 Infantil i tota l\u2019Educaci\u00f3 Prim\u00e0ria.<\/p>\n<p>Cliqueu a la seg\u00fcent imatge per a descobrir la nostra oferta educativa.<a href=\"https:\/\/drive.google.com\/file\/d\/1jPgiO6Z4iV-GZIFfgwdSwgDRkFgUa4x0\/view?usp=sharing\"><br \/>\n<img loading=\"lazy\" decoding=\"async\" class=\"wp-image-1644 aligncenter\" src=\"http:\/\/agora.xtec.cat\/ceiplatorreta\/wp-content\/uploads\/usu967\/2014\/09\/Escola-1024x553.jpg\" alt=\"\" width=\"488\" height=\"264\" srcset=\"https:\/\/agora.xtec.cat\/ceiplatorreta\/wp-content\/uploads\/usu967\/2014\/09\/Escola-1024x553.jpg 1024w, https:\/\/agora.xtec.cat\/ceiplatorreta\/wp-content\/uploads\/usu967\/2014\/09\/Escola-300x162.jpg 300w, https:\/\/agora.xtec.cat\/ceiplatorreta\/wp-content\/uploads\/usu967\/2014\/09\/Escola-768x414.jpg 768w, https:\/\/agora.xtec.cat\/ceiplatorreta\/wp-content\/uploads\/usu967\/2014\/09\/Escola.jpg 1036w\" sizes=\"auto, (max-width: 488px) 100vw, 488px\" \/><\/a><\/p>\n<p>&nbsp;<\/p>\n","protected":false},"excerpt":{"rendered":"<p>PROJECTE EDUCATIU<br \/>\nL\u2019Escola La Torreta \u00e9s una escola p\u00fablica, catalana, de qualitat, activa, plural i integradora. Els nivells educatius que imparteix s\u00f3n el segon cicle d\u2019Educaci\u00f3 Infantil i tota l\u2019Educaci\u00f3 Prim\u00e0ria.<br \/>\nCliqueu a la seg\u00fcent imatge per a descobrir la nostra oferta educativa.<a href=\"https:\/\/drive.google.com\/file\/d\/1jPgiO6Z4iV-GZIFfgwdSwgDRkFgUa4x0\/view?usp=sharing\"><br \/>\n<\/a><br \/>\n&nbsp;<\/p>\n","protected":false},"author":1,"featured_media":0,"parent":22,"menu_order":6,"comment_status":"closed","ping_status":"closed","template":"page-templates\/side-menu.php","meta":{"_bbp_topic_count":0,"_bbp_reply_count":0,"_bbp_total_topic_count":0,"_bbp_total_reply_count":0,"_bbp_voice_count":0,"_bbp_anonymous_reply_count":0,"_bbp_topic_count_hidden":0,"_bbp_reply_count_hidden":0,"_bbp_forum_subforum_count":0,"footnotes":""},"class_list":["post-34","page","type-page","status-publish","hentry"],"post_mailing_queue_ids":[],"_links":{"self":[{"href":"https:\/\/agora.xtec.cat\/ceiplatorreta\/wp-json\/wp\/v2\/pages\/34","targetHints":{"allow":["GET"]}}],"collection":[{"href":"https:\/\/agora.xtec.cat\/ceiplatorreta\/wp-json\/wp\/v2\/pages"}],"about":[{"href":"https:\/\/agora.xtec.cat\/ceiplatorreta\/wp-json\/wp\/v2\/types\/page"}],"author":[{"embeddable":true,"href":"https:\/\/agora.xtec.cat\/ceiplatorreta\/wp-json\/wp\/v2\/users\/1"}],"replies":[{"embeddable":true,"href":"https:\/\/agora.xtec.cat\/ceiplatorreta\/wp-json\/wp\/v2\/comments?post=34"}],"version-history":[{"count":5,"href":"https:\/\/agora.xtec.cat\/ceiplatorreta\/wp-json\/wp\/v2\/pages\/34\/revisions"}],"predecessor-version":[{"id":9309,"href":"https:\/\/agora.xtec.cat\/ceiplatorreta\/wp-json\/wp\/v2\/pages\/34\/revisions\/9309"}],"up":[{"embeddable":true,"href":"https:\/\/agora.xtec.cat\/ceiplatorreta\/wp-json\/wp\/v2\/pages\/22"}],"wp:attachment":[{"href":"https:\/\/agora.xtec.cat\/ceiplatorreta\/wp-json\/wp\/v2\/media?parent=34"}],"curies":[{"name":"wp","href":"https:\/\/api.w.org\/{rel}","templated":true}]}}