{"id":28,"date":"2014-09-18T12:29:35","date_gmt":"2014-09-18T11:29:35","guid":{"rendered":"http:\/\/agora.xtec.cat\/ceiplatorreta\/?page_id=28"},"modified":"2025-11-25T19:22:07","modified_gmt":"2025-11-25T18:22:07","slug":"consell-escolar","status":"publish","type":"page","link":"https:\/\/agora.xtec.cat\/ceiplatorreta\/lescola\/consell-escolar\/","title":{"rendered":"Consell escolar"},"content":{"rendered":"<h3 data-fontsize=\"17\" data-lineheight=\"23\"><strong>Qu\u00e8 \u00e9s el Consell Escolar del Centre?<\/strong><\/h3>\n<dl>\n<dt><\/dt>\n<\/dl>\n<p>\u00c9s l&#8217;\u00f2rgan de govern del centre educatiu. Est\u00e0 compost per representants del personal docent, del personal d&#8217;administraci\u00f3 i serveis, dels pares i mares, de l&#8217;associaci\u00f3 de pares i mares, i un representant de l&#8217;Ajuntament. Els representants surten elegits per votaci\u00f3.<\/p>\n<p>S&#8217;organitzen tres comissions entre els membres del Consell Escolar: la Comissi\u00f3 Econ\u00f2mica, la Comissi\u00f3 Permanent i la Comissi\u00f3 de Conviv\u00e8ncia.<\/p>\n<h3 data-fontsize=\"17\" data-lineheight=\"23\"><strong>Composici\u00f3 del CEC<\/strong><\/h3>\n<p>El <strong>Conse<\/strong><span style=\"font-family: inherit; font-size: 1em;\"><strong>ll Escolar<\/strong> a l&#8217;Escola La Torreta est\u00e0 format per:<\/span><\/p>\n<table style=\"height: 267px; border-color: #c48806; width: 49.1954%;\">\n<tbody>\n<tr style=\"height: 31px;\">\n<td style=\"height: 31px; width: 310px; background-color: #6ca811; border-color: #d68e11;\"><strong>Equip Directiu<\/strong><\/td>\n<td style=\"height: 31px; width: 357.778px; border-color: #d68e11;\">\n<ul>\n<li>Maribel Lupi\u00e1\u00f1ez<\/li>\n<li>Anna Ortega<\/li>\n<li>\u00cdngrid Cabestany<\/li>\n<\/ul>\n<\/td>\n<\/tr>\n<tr style=\"height: 31px;\">\n<td style=\"height: 31px; width: 310px; background-color: #6ca811; border-color: #d68e11;\"><strong>Representant d&#8217;Administraci\u00f3 i Serveis<\/strong><\/td>\n<td style=\"height: 31px; width: 357.778px; border-color: #d68e11;\">Elvira Mancha<\/td>\n<\/tr>\n<tr style=\"height: 31px;\">\n<td style=\"height: 31px; width: 310px; background-color: #6ca811; border-color: #d68e11;\"><strong>Representant AFA<\/strong><\/td>\n<td style=\"height: 31px; width: 357.778px; border-color: #d68e11;\">Maribel P\u00e1ez<\/td>\n<\/tr>\n<tr style=\"height: 31px;\">\n<td style=\"height: 31px; width: 310px; background-color: #6ca811; border-color: #d68e11;\"><strong>Representant Ajuntament de La Roca del Vall\u00e8s<\/strong><\/td>\n<td style=\"height: 31px; width: 357.778px; border-color: #d68e11;\">Raquel Vilardeb\u00f3<\/td>\n<\/tr>\n<tr style=\"height: 168px;\">\n<td style=\"width: 310px; background-color: #6ca811; border-color: #d68e11; height: 86px;\"><strong>Sector mestres<\/strong><\/td>\n<td style=\"width: 357.778px; border-color: #d68e11; height: 86px;\">\n<ul>\n<li>Alba Andrade<\/li>\n<li>Laura Almansa<\/li>\n<li>Aida Gonz\u00e1lez<\/li>\n<li>Marc Puebla<\/li>\n<li>Paz Heredia<\/li>\n<\/ul>\n<\/td>\n<\/tr>\n<tr style=\"height: 146px;\">\n<td style=\"width: 310px; background-color: #6ca811; border-color: #d68e11; height: 57px;\"><strong>Sector fam\u00edlies<\/strong><\/td>\n<td style=\"width: 357.778px; border-color: #d68e11; height: 57px;\">\n<ul>\n<li>Montse Sala<\/li>\n<li>Sara Saco<\/li>\n<li>Cristina Portero<\/li>\n<li>Cristina S\u00e1nchez<\/li>\n<\/ul>\n<\/td>\n<\/tr>\n<\/tbody>\n<\/table>\n<p>&nbsp;<\/p>\n<p>La<strong> Comissi\u00f3 Econ\u00f2mica <\/strong>del Conse<span style=\"font-family: inherit; font-size: 1em;\">ll Escolar a l&#8217;Escola La Torreta est\u00e0 formada per:<\/span><\/p>\n<table style=\"border-color: #c48806; height: 165px;\">\n<tbody>\n<tr style=\"height: 33px;\">\n<td style=\"height: 33px; width: 250px; background-color: #89bf5a;\"><strong>Presidenta<\/strong><\/td>\n<td style=\"height: 33px; width: 126.667px;\">Maribel Lupi\u00e1\u00f1ez<\/td>\n<\/tr>\n<tr style=\"height: 33px;\">\n<td style=\"height: 33px; width: 250px; background-color: #89bf5a;\"><strong>Representant sector mestres<\/strong><\/td>\n<td style=\"height: 33px; width: 126.667px;\">Aida Gonz\u00e1lez<\/td>\n<\/tr>\n<tr style=\"height: 33px;\">\n<td style=\"height: 33px; width: 250px; background-color: #89bf5a;\"><strong>Representant sector pares i mares<\/strong><\/td>\n<td style=\"height: 33px; width: 126.667px;\">Maribel P\u00e1ez<\/td>\n<\/tr>\n<tr style=\"height: 33px;\">\n<td style=\"height: 33px; width: 250px; background-color: #89bf5a;\"><strong>Representant Ajuntament<\/strong><\/td>\n<td style=\"height: 33px; width: 126.667px;\">Raquel Vilardeb\u00f3<\/td>\n<\/tr>\n<tr style=\"height: 33px;\">\n<td style=\"height: 33px; width: 250px; background-color: #89bf5a;\"><strong>Secret\u00e0ria<\/strong><\/td>\n<td style=\"height: 33px; width: 126.667px;\">Ingrid Cabestany<\/td>\n<\/tr>\n<\/tbody>\n<\/table>\n<p>&nbsp;<\/p>\n<p>La<strong> Comissi\u00f3 Permanent <\/strong>del Conse<span style=\"font-family: inherit; font-size: 1em;\">ll Escolar a l&#8217;Escola La Torreta est\u00e0 formada per:<\/span><\/p>\n<table style=\"border-color: #c48806;\">\n<tbody>\n<tr>\n<td style=\"background-color: #89bf5a;\"><strong>Presidenta<\/strong><\/td>\n<td>Maribel Lupi\u00e1\u00f1ez<\/td>\n<\/tr>\n<tr>\n<td style=\"background-color: #89bf5a;\"><strong>Representant sector mestres<\/strong><\/td>\n<td>Paz Heredia<\/td>\n<\/tr>\n<tr>\n<td style=\"background-color: #89bf5a;\"><strong>Representant sector pares i mares<\/strong><\/td>\n<td>Cristina Portero<\/td>\n<\/tr>\n<tr>\n<td style=\"background-color: #89bf5a;\"><strong>Secret\u00e0ria<\/strong><\/td>\n<td>Ingrid Cabestany<\/td>\n<\/tr>\n<\/tbody>\n<\/table>\n<p>&nbsp;<\/p>\n<p>La<strong> Comissi\u00f3 de Conviv\u00e8ncia <\/strong>del Conse<span style=\"font-family: inherit; font-size: 1em;\">ll Escolar a l&#8217;Escola La Torreta est\u00e0 formada per:<\/span><\/p>\n<table style=\"border-color: #c48806;\">\n<tbody>\n<tr>\n<td style=\"background-color: #89bf5a;\"><strong>Presidenta<\/strong><\/td>\n<td>Maribel Lupi\u00e1\u00f1ez<\/td>\n<\/tr>\n<tr>\n<td style=\"background-color: #89bf5a;\"><strong>Representant sector mestres<\/strong><\/td>\n<td>Laura Almansa<\/td>\n<\/tr>\n<tr>\n<td style=\"background-color: #89bf5a;\"><strong>Representant sector pares i mares<\/strong><\/td>\n<td>Cristina S\u00e1nchez<\/td>\n<\/tr>\n<tr>\n<td style=\"background-color: #89bf5a;\"><strong>Secret\u00e0ria<\/strong><\/td>\n<td>Ingrid Cabestany<\/td>\n<\/tr>\n<\/tbody>\n<\/table>\n<p>La <strong>referent de coeducaci\u00f3 <\/strong>del Conse<span style=\"font-family: inherit; font-size: 1em;\">ll Escolar a l&#8217;Escola La Torreta \u00e9s la Laura Almansa.<\/span><\/p>\n<p>El <strong>representant de mestres<\/strong> del Consell Escolar Municipal \u00e9s el Marc Puebla.<\/p>\n","protected":false},"excerpt":{"rendered":"<p>Qu\u00e8 \u00e9s el Consell Escolar del Centre?<\/p>\n<p>\u00c9s l&#8217;\u00f2rgan de govern del centre educatiu. Est\u00e0 compost per representants del personal docent, del personal d&#8217;administraci\u00f3 i serveis, dels pares i mares, de l&#8217;associaci\u00f3 de pares i mares, i un representant de l&#8217;Ajuntament. Els representants surten elegits per&hellip;  <a href=\"https:\/\/agora.xtec.cat\/ceiplatorreta\/lescola\/consell-escolar\/\" title=\"Read Consell escolar\">Llegeix m\u00e9s\u00bb<\/a><\/p>\n","protected":false},"author":1,"featured_media":0,"parent":22,"menu_order":3,"comment_status":"closed","ping_status":"closed","template":"page-templates\/side-menu.php","meta":{"_bbp_topic_count":0,"_bbp_reply_count":0,"_bbp_total_topic_count":0,"_bbp_total_reply_count":0,"_bbp_voice_count":0,"_bbp_anonymous_reply_count":0,"_bbp_topic_count_hidden":0,"_bbp_reply_count_hidden":0,"_bbp_forum_subforum_count":0,"footnotes":""},"class_list":["post-28","page","type-page","status-publish","hentry"],"post_mailing_queue_ids":[],"_links":{"self":[{"href":"https:\/\/agora.xtec.cat\/ceiplatorreta\/wp-json\/wp\/v2\/pages\/28","targetHints":{"allow":["GET"]}}],"collection":[{"href":"https:\/\/agora.xtec.cat\/ceiplatorreta\/wp-json\/wp\/v2\/pages"}],"about":[{"href":"https:\/\/agora.xtec.cat\/ceiplatorreta\/wp-json\/wp\/v2\/types\/page"}],"author":[{"embeddable":true,"href":"https:\/\/agora.xtec.cat\/ceiplatorreta\/wp-json\/wp\/v2\/users\/1"}],"replies":[{"embeddable":true,"href":"https:\/\/agora.xtec.cat\/ceiplatorreta\/wp-json\/wp\/v2\/comments?post=28"}],"version-history":[{"count":7,"href":"https:\/\/agora.xtec.cat\/ceiplatorreta\/wp-json\/wp\/v2\/pages\/28\/revisions"}],"predecessor-version":[{"id":14402,"href":"https:\/\/agora.xtec.cat\/ceiplatorreta\/wp-json\/wp\/v2\/pages\/28\/revisions\/14402"}],"up":[{"embeddable":true,"href":"https:\/\/agora.xtec.cat\/ceiplatorreta\/wp-json\/wp\/v2\/pages\/22"}],"wp:attachment":[{"href":"https:\/\/agora.xtec.cat\/ceiplatorreta\/wp-json\/wp\/v2\/media?parent=28"}],"curies":[{"name":"wp","href":"https:\/\/api.w.org\/{rel}","templated":true}]}}